{"id":7148,"date":"2022-10-05T09:13:31","date_gmt":"2022-10-05T07:13:31","guid":{"rendered":"https:\/\/www.alivitpharm.com\/?page_id=7148"},"modified":"2025-12-18T12:42:40","modified_gmt":"2025-12-18T10:42:40","slug":"menthe","status":"publish","type":"page","link":"https:\/\/www.alivitpharm.com\/fr\/peppermint\/","title":{"rendered":"Menthe"},"content":{"rendered":"<div data-elementor-type=\"wp-page\" data-elementor-id=\"7148\" class=\"elementor elementor-7148\">\n\t\t\t\t\t\t<section class=\"elementor-section elementor-top-section elementor-element elementor-element-5bf9ae6 elementor-section-content-middle elementor-section-boxed elementor-section-height-default elementor-section-height-default\" data-id=\"5bf9ae6\" data-element_type=\"section\" data-e-type=\"section\" data-settings=\"{&quot;background_background&quot;:&quot;classic&quot;}\">\n\t\t\t\t\t\t\t<div class=\"elementor-background-overlay\"><\/div>\n\t\t\t\t\t\t\t<div class=\"elementor-container elementor-column-gap-default\">\n\t\t\t\t\t<div class=\"elementor-column elementor-col-100 elementor-top-column elementor-element elementor-element-fecd48f\" data-id=\"fecd48f\" data-element_type=\"column\" data-e-type=\"column\">\n\t\t\t<div class=\"elementor-widget-wrap elementor-element-populated\">\n\t\t\t\t\t\t<div class=\"elementor-element elementor-element-7ba9bbb elementor-widget elementor-widget-heading\" data-id=\"7ba9bbb\" data-element_type=\"widget\" data-e-type=\"widget\" data-widget_type=\"heading.default\">\n\t\t\t\t<div class=\"elementor-widget-container\">\n\t\t\t\t\t<h1 class=\"elementor-heading-title elementor-size-default\">Menthe<\/h1>\t\t\t\t<\/div>\n\t\t\t\t<\/div>\n\t\t\t\t<div class=\"elementor-element elementor-element-a7a4624 elementor-widget elementor-widget-image\" data-id=\"a7a4624\" data-element_type=\"widget\" data-e-type=\"widget\" data-widget_type=\"image.default\">\n\t\t\t\t<div class=\"elementor-widget-container\">\n\t\t\t\t\t\t\t\t\t\t\t\t\t\t\t<img decoding=\"async\" width=\"75\" height=\"33\" src=\"https:\/\/www.alivitpharm.com\/wp-content\/uploads\/2019\/07\/logo-leaf-new.png\" class=\"attachment-large size-large wp-image-2518\" alt=\"\" \/>\t\t\t\t\t\t\t\t\t\t\t\t\t\t\t<\/div>\n\t\t\t\t<\/div>\n\t\t\t\t<div class=\"elementor-element elementor-element-f08bd25 elementor-widget elementor-widget-text-editor\" data-id=\"f08bd25\" data-element_type=\"widget\" data-e-type=\"widget\" data-widget_type=\"text-editor.default\">\n\t\t\t\t<div class=\"elementor-widget-container\">\n\t\t\t\t\t\t\t\t\t<p><em>Mentha piperita L. &#8211; Lamiaceae<\/em><\/p>\t\t\t\t\t\t\t\t<\/div>\n\t\t\t\t<\/div>\n\t\t\t\t\t<\/div>\n\t\t<\/div>\n\t\t\t\t\t<\/div>\n\t\t<\/section>\n\t\t\t\t<section class=\"elementor-section elementor-top-section elementor-element elementor-element-19f1d91 elementor-section-boxed elementor-section-height-default elementor-section-height-default\" data-id=\"19f1d91\" data-element_type=\"section\" data-e-type=\"section\" data-settings=\"{&quot;background_background&quot;:&quot;classic&quot;}\">\n\t\t\t\t\t\t<div class=\"elementor-container elementor-column-gap-default\">\n\t\t\t\t\t<div class=\"elementor-column elementor-col-100 elementor-top-column elementor-element elementor-element-6cfe14b\" data-id=\"6cfe14b\" data-element_type=\"column\" data-e-type=\"column\">\n\t\t\t<div class=\"elementor-widget-wrap elementor-element-populated\">\n\t\t\t\t\t\t<div class=\"elementor-element elementor-element-860561e elementor-widget elementor-widget-image\" data-id=\"860561e\" data-element_type=\"widget\" data-e-type=\"widget\" data-widget_type=\"image.default\">\n\t\t\t\t<div class=\"elementor-widget-container\">\n\t\t\t\t\t\t\t\t\t\t\t\t\t\t\t<img decoding=\"async\" src=\"https:\/\/www.alivitpharm.com\/wp-content\/uploads\/2022\/10\/mentha.png\" title=\"mentha\" alt=\"Mentha\" loading=\"lazy\" \/>\t\t\t\t\t\t\t\t\t\t\t\t\t\t\t<\/div>\n\t\t\t\t<\/div>\n\t\t\t\t<div class=\"elementor-element elementor-element-ef92360 elementor-widget elementor-widget-text-editor\" data-id=\"ef92360\" data-element_type=\"widget\" data-e-type=\"widget\" data-widget_type=\"text-editor.default\">\n\t\t\t\t<div class=\"elementor-widget-container\">\n\t\t\t\t\t\t\t\t\t<p><span class=\"JLqJ4b ChMk0b\"><span class=\"Q4iAWc\"><strong>Menthe<\/strong>\u00a0est une plante vivace herbac\u00e9e.<\/span><\/span> <span class=\"JLqJ4b ChMk0b\"><span class=\"Q4iAWc\">Les plus grands producteurs mondiaux de feuilles et d'huile essentielle de cette plante sont les \u00c9tats-Unis, la France, l'Italie, l'Angleterre et l'Allemagne.<\/span><\/span><\/p><p><span class=\"JLqJ4b ChMk0b\"><span class=\"Q4iAWc\">La partie m\u00e9dicinale de la plante est la feuille s\u00e9ch\u00e9e, r\u00e9colt\u00e9e pendant la floraison de la plante.<\/span><\/span> <span class=\"JLqJ4b ChMk0b\"><span class=\"Q4iAWc\">La menthe poivr\u00e9e est riche en huiles essentielles et en tanins caract\u00e9ristiques des plantes de la <em>Lamiaceae<\/em> famille, qui lui conf\u00e8rent ses effets b\u00e9n\u00e9fiques. <\/span><\/span><span class=\"JLqJ4b ChMk0b\"><span class=\"Q4iAWc\">Les feuilles de menthe poivr\u00e9e contiennent de 1 \u00e0 3 % d'huile essentielle, riche en monoterp\u00e8nes.<\/span><\/span> <span class=\"JLqJ4b ChMk0b\"><span class=\"Q4iAWc\">Le principal composant de l'huile essentielle est le menthol, un alcool monocyclique monoterp\u00e9nique.<\/span><\/span> <span class=\"JLqJ4b ChMk0b\"><span class=\"Q4iAWc\">L'odeur caract\u00e9ristique et le go\u00fbt sucr\u00e9 de l'huile essentielle de menthe proviennent du monoterp\u00e8ne c\u00e9tone, le jasmon.<\/span><\/span><\/p><p>En plus des composants actifs mentionn\u00e9s, les feuilles de menthe sont riches en flavono\u00efdes h\u00e9t\u00e9rosides, acides ph\u00e9nylpropaniques, tanins et carot\u00e9no\u00efdes.<\/p>\t\t\t\t\t\t\t\t<\/div>\n\t\t\t\t<\/div>\n\t\t\t\t<div class=\"elementor-element elementor-element-7fbd022 elementor-widget elementor-widget-image\" data-id=\"7fbd022\" data-element_type=\"widget\" data-e-type=\"widget\" data-widget_type=\"image.default\">\n\t\t\t\t<div class=\"elementor-widget-container\">\n\t\t\t\t\t\t\t\t\t\t\t\t\t\t\t<img decoding=\"async\" src=\"https:\/\/www.alivitpharm.com\/wp-content\/uploads\/2022\/09\/leaves.png\" title=\"leaves\" alt=\"Leaves\" loading=\"lazy\" \/>\t\t\t\t\t\t\t\t\t\t\t\t\t\t\t<\/div>\n\t\t\t\t<\/div>\n\t\t\t\t<div class=\"elementor-element elementor-element-e7f2c0e elementor-widget elementor-widget-text-editor\" data-id=\"e7f2c0e\" data-element_type=\"widget\" data-e-type=\"widget\" data-widget_type=\"text-editor.default\">\n\t\t\t\t<div class=\"elementor-widget-container\">\n\t\t\t\t\t\t\t\t\t<p><span class=\"JLqJ4b ChMk0b\"><span class=\"Q4iAWc\">De nombreux bienfaits pour la sant\u00e9 de cette plante proviennent de son huile essentielle.<\/span><\/span> <span class=\"JLqJ4b ChMk0b\"><span class=\"Q4iAWc\">La menthe poivr\u00e9e poss\u00e8de des propri\u00e9t\u00e9s spasmolytiques (relaxe les muscles lisses), antimicrobiennes (contre les champignons et les bact\u00e9ries), anti-inflammatoires (r\u00e9duit la r\u00e9action inflammatoire), carminatives (neutralise les gaz), chol\u00e9r\u00e9tiques (stimule la production de bile), cholagogues (stimule l'\u00e9coulement de la bile des voies biliaires<\/span><\/span> <span class=\"JLqJ4b ChMk0b\"><span class=\"Q4iAWc\">vers le duod\u00e9num), et elle peut \u00e9galement \u00eatre utilis\u00e9e comme antidiare\u00efque (pour traiter la diarrh\u00e9e) et comme antioxydant (neutralise les radicaux libres).<\/span><\/span><\/p><p><span class=\"JLqJ4b ChMk0b\"><span class=\"Q4iAWc\">Les feuilles de menthe poivr\u00e9e peuvent \u00eatre utilis\u00e9es seules ou en combinaison avec d'autres plantes pour pr\u00e9venir et soulager les troubles du syst\u00e8me digestif.<\/span><\/span> <span class=\"JLqJ4b ChMk0b\"><span class=\"Q4iAWc\">L'extrait huileux des feuilles de menthe, en combinaison avec d'autres extraits v\u00e9g\u00e9taux pr\u00e9sents dans la composition du pr\u00e9paration <strong>Black Garlic Digestiv<\/strong>\u00a0offre un effet tr\u00e8s b\u00e9n\u00e9fique sur la sant\u00e9 du syst\u00e8me gastro-intestinal.<\/span><\/span><\/p>\t\t\t\t\t\t\t\t<\/div>\n\t\t\t\t<\/div>\n\t\t\t\t<div class=\"elementor-element elementor-element-ba07bc4 elementor-widget elementor-widget-heading\" data-id=\"ba07bc4\" data-element_type=\"widget\" data-e-type=\"widget\" data-widget_type=\"heading.default\">\n\t\t\t\t<div class=\"elementor-widget-container\">\n\t\t\t\t\t<h4 class=\"elementor-heading-title elementor-size-default\">R\u00e9f\u00e9rences<\/h4>\t\t\t\t<\/div>\n\t\t\t\t<\/div>\n\t\t\t\t<div class=\"elementor-element elementor-element-6a50746 elementor-widget elementor-widget-text-editor\" data-id=\"6a50746\" data-element_type=\"widget\" data-e-type=\"widget\" data-widget_type=\"text-editor.default\">\n\t\t\t\t<div class=\"elementor-widget-container\">\n\t\t\t\t\t\t\t\t\t<ul>\n \t<li><a class=\"reference-link\" href=\"https:\/\/www.tandfonline.com\/doi\/abs\/10.1080\/10412905.2012.703513\" target=\"_blank\" rel=\"noopener\">Antibacterial activity of eugenol and peppermint oil in model food systems<\/a><\/li>\n \t<li><a class=\"reference-link\" href=\"https:\/\/academicjournals.org\/journal\/JMPR\/article-full-text-pdf\/AF463D225786\" target=\"_blank\" rel=\"noopener\">Spasmolytic activity of p-menthane esters<\/a><\/li>\n \t<li><a class=\"reference-link\" href=\"https:\/\/www.sciencedirect.com\/science\/article\/pii\/S156757691400469X\" target=\"_blank\" rel=\"noopener\">Research on choleretic effect of menthol, menthone, pluegone, isomenthone, and limonene in DanShu capsule<\/a><\/li>\n \t<li><a class=\"reference-link\" href=\"https:\/\/www.sciencedirect.com\/science\/article\/abs\/pii\/S0753332217355713\" target=\"_blank\" rel=\"noopener\">Evidence based traditional anti-diarrheal medicinal plants and their phytocompounds<\/a><\/li>\n<\/ul>\t\t\t\t\t\t\t\t<\/div>\n\t\t\t\t<\/div>\n\t\t\t\t\t<\/div>\n\t\t<\/div>\n\t\t\t\t\t<\/div>\n\t\t<\/section>\n\t\t\t\t<\/div>","protected":false},"excerpt":{"rendered":"<p>Peppermint Mentha piperita L. &#8211; Lamiaceae Peppermint\u00a0is a perennial, herbaceous plant. The world&#8217;s largest producers of leaves and essential oil of this plant are the USA, France, Italy, England and Germany. The medicinal part of the plant is the dried leaf, which is collected during the flowering of the plant. Peppermint is rich in essential &hellip;<\/p>\n<p class=\"read-more\"> <a class=\"\" href=\"https:\/\/www.alivitpharm.com\/fr\/peppermint\/\"> <span class=\"screen-reader-text\">Menthe<\/span> Lire la suite\u00a0\u00bb<\/a><\/p>","protected":false},"author":9,"featured_media":0,"parent":0,"menu_order":0,"comment_status":"closed","ping_status":"closed","template":"","meta":{"site-sidebar-layout":"no-sidebar","site-content-layout":"page-builder","ast-global-header-display":"","ast-main-header-display":"","ast-hfb-above-header-display":"","ast-hfb-below-header-display":"","ast-hfb-mobile-header-display":"","site-post-title":"disabled","ast-breadcrumbs-content":"","ast-featured-img":"disabled","footer-sml-layout":"","theme-transparent-header-meta":"","adv-header-id-meta":"","stick-header-meta":"","header-above-stick-meta":"","header-main-stick-meta":"","header-below-stick-meta":"","footnotes":""},"class_list":["post-7148","page","type-page","status-publish","hentry"],"_links":{"self":[{"href":"https:\/\/www.alivitpharm.com\/fr\/wp-json\/wp\/v2\/pages\/7148","targetHints":{"allow":["GET"]}}],"collection":[{"href":"https:\/\/www.alivitpharm.com\/fr\/wp-json\/wp\/v2\/pages"}],"about":[{"href":"https:\/\/www.alivitpharm.com\/fr\/wp-json\/wp\/v2\/types\/page"}],"author":[{"embeddable":true,"href":"https:\/\/www.alivitpharm.com\/fr\/wp-json\/wp\/v2\/users\/9"}],"replies":[{"embeddable":true,"href":"https:\/\/www.alivitpharm.com\/fr\/wp-json\/wp\/v2\/comments?post=7148"}],"version-history":[{"count":3,"href":"https:\/\/www.alivitpharm.com\/fr\/wp-json\/wp\/v2\/pages\/7148\/revisions"}],"predecessor-version":[{"id":13722,"href":"https:\/\/www.alivitpharm.com\/fr\/wp-json\/wp\/v2\/pages\/7148\/revisions\/13722"}],"wp:attachment":[{"href":"https:\/\/www.alivitpharm.com\/fr\/wp-json\/wp\/v2\/media?parent=7148"}],"curies":[{"name":"wp","href":"https:\/\/api.w.org\/{rel}","templated":true}]}}