{"id":7227,"date":"2022-10-06T08:48:52","date_gmt":"2022-10-06T06:48:52","guid":{"rendered":"https:\/\/www.alivitpharm.com\/?page_id=7227"},"modified":"2025-12-18T13:43:52","modified_gmt":"2025-12-18T11:43:52","slug":"cumin","status":"publish","type":"page","link":"https:\/\/www.alivitpharm.com\/fr\/caraway\/","title":{"rendered":"Cumin"},"content":{"rendered":"<div data-elementor-type=\"wp-page\" data-elementor-id=\"7227\" class=\"elementor elementor-7227\">\n\t\t\t\t\t\t<section class=\"elementor-section elementor-top-section elementor-element elementor-element-29c8225 elementor-section-content-middle elementor-section-boxed elementor-section-height-default elementor-section-height-default\" data-id=\"29c8225\" data-element_type=\"section\" data-e-type=\"section\" data-settings=\"{&quot;background_background&quot;:&quot;classic&quot;}\">\n\t\t\t\t\t\t\t<div class=\"elementor-background-overlay\"><\/div>\n\t\t\t\t\t\t\t<div class=\"elementor-container elementor-column-gap-default\">\n\t\t\t\t\t<div class=\"elementor-column elementor-col-100 elementor-top-column elementor-element elementor-element-3c344f1\" data-id=\"3c344f1\" data-element_type=\"column\" data-e-type=\"column\">\n\t\t\t<div class=\"elementor-widget-wrap elementor-element-populated\">\n\t\t\t\t\t\t<div class=\"elementor-element elementor-element-c721a1a elementor-widget elementor-widget-heading\" data-id=\"c721a1a\" data-element_type=\"widget\" data-e-type=\"widget\" data-widget_type=\"heading.default\">\n\t\t\t\t<div class=\"elementor-widget-container\">\n\t\t\t\t\t<h1 class=\"elementor-heading-title elementor-size-default\">Cumin<\/h1>\t\t\t\t<\/div>\n\t\t\t\t<\/div>\n\t\t\t\t<div class=\"elementor-element elementor-element-798e650 elementor-widget elementor-widget-image\" data-id=\"798e650\" data-element_type=\"widget\" data-e-type=\"widget\" data-widget_type=\"image.default\">\n\t\t\t\t<div class=\"elementor-widget-container\">\n\t\t\t\t\t\t\t\t\t\t\t\t\t\t\t<img decoding=\"async\" width=\"75\" height=\"33\" src=\"https:\/\/www.alivitpharm.com\/wp-content\/uploads\/2019\/07\/logo-leaf-new.png\" class=\"attachment-large size-large wp-image-2518\" alt=\"\" \/>\t\t\t\t\t\t\t\t\t\t\t\t\t\t\t<\/div>\n\t\t\t\t<\/div>\n\t\t\t\t<div class=\"elementor-element elementor-element-36bf1d1 elementor-widget elementor-widget-text-editor\" data-id=\"36bf1d1\" data-element_type=\"widget\" data-e-type=\"widget\" data-widget_type=\"text-editor.default\">\n\t\t\t\t<div class=\"elementor-widget-container\">\n\t\t\t\t\t\t\t\t\t<p><em>Carum carvi L. &#8211; Apiaceae<\/em><\/p>\t\t\t\t\t\t\t\t<\/div>\n\t\t\t\t<\/div>\n\t\t\t\t\t<\/div>\n\t\t<\/div>\n\t\t\t\t\t<\/div>\n\t\t<\/section>\n\t\t\t\t<section class=\"elementor-section elementor-top-section elementor-element elementor-element-115fa3b elementor-section-boxed elementor-section-height-default elementor-section-height-default\" data-id=\"115fa3b\" data-element_type=\"section\" data-e-type=\"section\" data-settings=\"{&quot;background_background&quot;:&quot;classic&quot;}\">\n\t\t\t\t\t\t<div class=\"elementor-container elementor-column-gap-default\">\n\t\t\t\t\t<div class=\"elementor-column elementor-col-100 elementor-top-column elementor-element elementor-element-d7afd67\" data-id=\"d7afd67\" data-element_type=\"column\" data-e-type=\"column\">\n\t\t\t<div class=\"elementor-widget-wrap elementor-element-populated\">\n\t\t\t\t\t\t<div class=\"elementor-element elementor-element-e8b6385 elementor-widget elementor-widget-image\" data-id=\"e8b6385\" data-element_type=\"widget\" data-e-type=\"widget\" data-widget_type=\"image.default\">\n\t\t\t\t<div class=\"elementor-widget-container\">\n\t\t\t\t\t\t\t\t\t\t\t\t\t\t\t<img decoding=\"async\" src=\"https:\/\/www.alivitpharm.com\/wp-content\/uploads\/2022\/10\/caraway.jpg\" title=\"caraway\" alt=\"Cumin\" loading=\"lazy\" \/>\t\t\t\t\t\t\t\t\t\t\t\t\t\t\t<\/div>\n\t\t\t\t<\/div>\n\t\t\t\t<div class=\"elementor-element elementor-element-ae69072 elementor-widget elementor-widget-text-editor\" data-id=\"ae69072\" data-element_type=\"widget\" data-e-type=\"widget\" data-widget_type=\"text-editor.default\">\n\t\t\t\t<div class=\"elementor-widget-container\">\n\t\t\t\t\t\t\t\t\t<p><span class=\"JLqJ4b ChMk0b\"><span class=\"Q4iAWc\"><strong>Cumin<\/strong> est une plante qui pousse en Asie, mais aussi en Europe et en Afrique du Nord. Il est cultiv\u00e9 en Sib\u00e9rie, au Caucase, en Mongolie et au Maroc. <\/span><\/span><span class=\"JLqJ4b ChMk0b\"><span class=\"Q4iAWc\">La partie m\u00e9dicinale de la plante est le fruit s\u00e9ch\u00e9.<\/span><\/span><\/p><p><span class=\"JLqJ4b ChMk0b\"><span class=\"Q4iAWc\">Le fruit du cumin contient de 2 \u00e0 7 % d'huile essentielle, dont les principaux composants sont le c\u00e9tone carvon et l'hydrocarbure d-limon\u00e8ne.<\/span><\/span> <span class=\"JLqJ4b ChMk0b\"><span class=\"Q4iAWc\">En plus de l'huile essentielle, le fruit du cumin contient des h\u00e9t\u00e9rosides flavono\u00efdes, des coumarines, des prot\u00e9ines et des glucides.<\/span><\/span><\/p>\t\t\t\t\t\t\t\t<\/div>\n\t\t\t\t<\/div>\n\t\t\t\t<div class=\"elementor-element elementor-element-55a92a2 elementor-widget elementor-widget-image\" data-id=\"55a92a2\" data-element_type=\"widget\" data-e-type=\"widget\" data-widget_type=\"image.default\">\n\t\t\t\t<div class=\"elementor-widget-container\">\n\t\t\t\t\t\t\t\t\t\t\t\t\t\t\t<img decoding=\"async\" src=\"https:\/\/www.alivitpharm.com\/wp-content\/uploads\/2022\/09\/leaves.png\" title=\"leaves\" alt=\"Leaves\" loading=\"lazy\" \/>\t\t\t\t\t\t\t\t\t\t\t\t\t\t\t<\/div>\n\t\t\t\t<\/div>\n\t\t\t\t<div class=\"elementor-element elementor-element-5a72c94 elementor-widget elementor-widget-text-editor\" data-id=\"5a72c94\" data-element_type=\"widget\" data-e-type=\"widget\" data-widget_type=\"text-editor.default\">\n\t\t\t\t<div class=\"elementor-widget-container\">\n\t\t\t\t\t\t\t\t\t<p>L'extrait huileux du fruit du cumin dans notre pr\u00e9parat <strong>Black Garlic Digestiv<\/strong>\u00a0agit comme un spasmolytique (relaxe les muscles lisses du tractus gastro-intestinal), un carminatif (neutralise les gaz), poss\u00e8de des propri\u00e9t\u00e9s antimicrobiennes (emp\u00eache la croissance des bact\u00e9ries et des champignons) et agit comme un antioxydant (neutralise les radicaux libres).<\/p>\t\t\t\t\t\t\t\t<\/div>\n\t\t\t\t<\/div>\n\t\t\t\t<div class=\"elementor-element elementor-element-df35b5a elementor-widget elementor-widget-heading\" data-id=\"df35b5a\" data-element_type=\"widget\" data-e-type=\"widget\" data-widget_type=\"heading.default\">\n\t\t\t\t<div class=\"elementor-widget-container\">\n\t\t\t\t\t<h4 class=\"elementor-heading-title elementor-size-default\">R\u00e9f\u00e9rences<\/h4>\t\t\t\t<\/div>\n\t\t\t\t<\/div>\n\t\t\t\t<div class=\"elementor-element elementor-element-7fdf1df elementor-widget elementor-widget-text-editor\" data-id=\"7fdf1df\" data-element_type=\"widget\" data-e-type=\"widget\" data-widget_type=\"text-editor.default\">\n\t\t\t\t<div class=\"elementor-widget-container\">\n\t\t\t\t\t\t\t\t\t<ul><li><a class=\"reference-link\" href=\"https:\/\/www.scielo.br\/j\/asagr\/a\/pJkJkBSRXTsbQ9Y9tJgCKWy\/?format=pdf&amp;lang=en#:~:text=ABSTRACT.,of%20many%20bacteria%20and%20fungi.\" target=\"_blank\" rel=\"noopener\">Microbiological activity of caraway (Carum carvi L.) essential oil obtained from different origin <\/a><\/li><li><a class=\"reference-link\" href=\"https:\/\/www.ncbi.nlm.nih.gov\/pmc\/articles\/PMC6328425\/\" target=\"_blank\" rel=\"noopener\">Caraway as Important Medicinal Plants in Management of Diseases<\/a><\/li><\/ul>\t\t\t\t\t\t\t\t<\/div>\n\t\t\t\t<\/div>\n\t\t\t\t\t<\/div>\n\t\t<\/div>\n\t\t\t\t\t<\/div>\n\t\t<\/section>\n\t\t\t\t<\/div>","protected":false},"excerpt":{"rendered":"<p>Caraway Carum carvi L. &#8211; Apiaceae Caraway is a plant species that grows in Asia, but also in Europe and North Africa. It is grown in Siberia, the Caucasus, Mongolia and Morocco. The medicinal part of the plant is the dried fruit. Caraway seeds contain 2-7% essential oil, the main components of which are the &hellip;<\/p>\n<p class=\"read-more\"> <a class=\"\" href=\"https:\/\/www.alivitpharm.com\/fr\/caraway\/\"> <span class=\"screen-reader-text\">Cumin<\/span> Lire la suite\u00a0\u00bb<\/a><\/p>","protected":false},"author":9,"featured_media":0,"parent":0,"menu_order":0,"comment_status":"closed","ping_status":"closed","template":"","meta":{"site-sidebar-layout":"no-sidebar","site-content-layout":"page-builder","ast-global-header-display":"","ast-main-header-display":"","ast-hfb-above-header-display":"","ast-hfb-below-header-display":"","ast-hfb-mobile-header-display":"","site-post-title":"disabled","ast-breadcrumbs-content":"","ast-featured-img":"disabled","footer-sml-layout":"","theme-transparent-header-meta":"","adv-header-id-meta":"","stick-header-meta":"","header-above-stick-meta":"","header-main-stick-meta":"","header-below-stick-meta":"","footnotes":""},"class_list":["post-7227","page","type-page","status-publish","hentry"],"_links":{"self":[{"href":"https:\/\/www.alivitpharm.com\/fr\/wp-json\/wp\/v2\/pages\/7227","targetHints":{"allow":["GET"]}}],"collection":[{"href":"https:\/\/www.alivitpharm.com\/fr\/wp-json\/wp\/v2\/pages"}],"about":[{"href":"https:\/\/www.alivitpharm.com\/fr\/wp-json\/wp\/v2\/types\/page"}],"author":[{"embeddable":true,"href":"https:\/\/www.alivitpharm.com\/fr\/wp-json\/wp\/v2\/users\/9"}],"replies":[{"embeddable":true,"href":"https:\/\/www.alivitpharm.com\/fr\/wp-json\/wp\/v2\/comments?post=7227"}],"version-history":[{"count":3,"href":"https:\/\/www.alivitpharm.com\/fr\/wp-json\/wp\/v2\/pages\/7227\/revisions"}],"predecessor-version":[{"id":13725,"href":"https:\/\/www.alivitpharm.com\/fr\/wp-json\/wp\/v2\/pages\/7227\/revisions\/13725"}],"wp:attachment":[{"href":"https:\/\/www.alivitpharm.com\/fr\/wp-json\/wp\/v2\/media?parent=7227"}],"curies":[{"name":"wp","href":"https:\/\/api.w.org\/{rel}","templated":true}]}}