{"id":7272,"date":"2022-10-06T10:56:59","date_gmt":"2022-10-06T08:56:59","guid":{"rendered":"https:\/\/www.alivitpharm.com\/?page_id=7272"},"modified":"2022-10-06T12:10:43","modified_gmt":"2022-10-06T10:10:43","slug":"angelique","status":"publish","type":"page","link":"https:\/\/www.alivitpharm.com\/fr\/angelica-archangelica\/","title":{"rendered":"Angelique"},"content":{"rendered":"<div data-elementor-type=\"wp-page\" data-elementor-id=\"7272\" class=\"elementor elementor-7272\">\n\t\t\t\t\t\t<section class=\"elementor-section elementor-top-section elementor-element elementor-element-904d081 elementor-section-content-middle elementor-section-boxed elementor-section-height-default elementor-section-height-default\" data-id=\"904d081\" data-element_type=\"section\" data-e-type=\"section\" data-settings=\"{&quot;background_background&quot;:&quot;classic&quot;}\">\n\t\t\t\t\t\t\t<div class=\"elementor-background-overlay\"><\/div>\n\t\t\t\t\t\t\t<div class=\"elementor-container elementor-column-gap-default\">\n\t\t\t\t\t<div class=\"elementor-column elementor-col-100 elementor-top-column elementor-element elementor-element-fdabb88\" data-id=\"fdabb88\" data-element_type=\"column\" data-e-type=\"column\">\n\t\t\t<div class=\"elementor-widget-wrap elementor-element-populated\">\n\t\t\t\t\t\t<div class=\"elementor-element elementor-element-6b16e40 elementor-widget elementor-widget-heading\" data-id=\"6b16e40\" data-element_type=\"widget\" data-e-type=\"widget\" data-widget_type=\"heading.default\">\n\t\t\t\t<div class=\"elementor-widget-container\">\n\t\t\t\t\t<h1 class=\"elementor-heading-title elementor-size-default\">Angelique<\/h1>\t\t\t\t<\/div>\n\t\t\t\t<\/div>\n\t\t\t\t<div class=\"elementor-element elementor-element-18ab2f1 elementor-widget elementor-widget-image\" data-id=\"18ab2f1\" data-element_type=\"widget\" data-e-type=\"widget\" data-widget_type=\"image.default\">\n\t\t\t\t<div class=\"elementor-widget-container\">\n\t\t\t\t\t\t\t\t\t\t\t\t\t\t\t<img decoding=\"async\" width=\"75\" height=\"33\" src=\"https:\/\/www.alivitpharm.com\/wp-content\/uploads\/2019\/07\/logo-leaf-new.png\" class=\"attachment-large size-large wp-image-2518\" alt=\"\" \/>\t\t\t\t\t\t\t\t\t\t\t\t\t\t\t<\/div>\n\t\t\t\t<\/div>\n\t\t\t\t<div class=\"elementor-element elementor-element-83283fe elementor-widget elementor-widget-text-editor\" data-id=\"83283fe\" data-element_type=\"widget\" data-e-type=\"widget\" data-widget_type=\"text-editor.default\">\n\t\t\t\t<div class=\"elementor-widget-container\">\n\t\t\t\t\t\t\t\t\t<p><em>Angelica archangelica L. &#8211; Apiaceae<\/em><\/p>\t\t\t\t\t\t\t\t<\/div>\n\t\t\t\t<\/div>\n\t\t\t\t\t<\/div>\n\t\t<\/div>\n\t\t\t\t\t<\/div>\n\t\t<\/section>\n\t\t\t\t<section class=\"elementor-section elementor-top-section elementor-element elementor-element-ac456a4 elementor-section-boxed elementor-section-height-default elementor-section-height-default\" data-id=\"ac456a4\" data-element_type=\"section\" data-e-type=\"section\" data-settings=\"{&quot;background_background&quot;:&quot;classic&quot;}\">\n\t\t\t\t\t\t<div class=\"elementor-container elementor-column-gap-default\">\n\t\t\t\t\t<div class=\"elementor-column elementor-col-100 elementor-top-column elementor-element elementor-element-3210e33\" data-id=\"3210e33\" data-element_type=\"column\" data-e-type=\"column\">\n\t\t\t<div class=\"elementor-widget-wrap elementor-element-populated\">\n\t\t\t\t\t\t<div class=\"elementor-element elementor-element-e4e9a0f elementor-widget elementor-widget-image\" data-id=\"e4e9a0f\" data-element_type=\"widget\" data-e-type=\"widget\" data-widget_type=\"image.default\">\n\t\t\t\t<div class=\"elementor-widget-container\">\n\t\t\t\t\t\t\t\t\t\t\t\t\t\t\t<img decoding=\"async\" src=\"https:\/\/www.alivitpharm.com\/wp-content\/uploads\/2022\/10\/angelica-archangelica.png\" title=\"angelica-archangelica\" alt=\"Angelique\" loading=\"lazy\" \/>\t\t\t\t\t\t\t\t\t\t\t\t\t\t\t<\/div>\n\t\t\t\t<\/div>\n\t\t\t\t<div class=\"elementor-element elementor-element-9e1e069 elementor-widget elementor-widget-text-editor\" data-id=\"9e1e069\" data-element_type=\"widget\" data-e-type=\"widget\" data-widget_type=\"text-editor.default\">\n\t\t\t\t<div class=\"elementor-widget-container\">\n\t\t\t\t\t\t\t\t\t<p><span class=\"JLqJ4b ChMk0b\"><span class=\"Q4iAWc\"><strong>Ang\u00e9lique<\/strong> est une plante aromatique bisannuelle, atteignant jusqu'\u00e0 2 m\u00e8tres de hauteur.<\/span><\/span> <span class=\"JLqJ4b ChMk0b\"><span class=\"Q4iAWc\">Ses tiges sont droites et rondes, ses feuilles grandes et d\u00e9coup\u00e9es, et ses fleurs sont regroup\u00e9es en ombelles, tandis que ses fruits sont aplatis.<\/span><\/span> <span class=\"JLqJ4b ChMk0b\"><span class=\"Q4iAWc\">Dans notre pr\u00e9paration, la partie m\u00e9dicinale utilis\u00e9e est la racine d'ang\u00e9lique.<\/span><\/span> <span class=\"JLqJ4b ChMk0b\"><span class=\"Q4iAWc\">La racine provient initialement d'Islande, mais on la trouve aujourd'hui \u00e9galement dans le nord et l'est de l'Europe, en Sib\u00e9rie et en Am\u00e9rique du Nord.<\/span><\/span><\/p><p><span class=\"JLqJ4b ChMk0b\"><span class=\"Q4iAWc\">L'une des composantes de la plante est l'huile essentielle.<\/span><\/span> <span class=\"JLqJ4b ChMk0b\"><span class=\"Q4iAWc\">En plus de l'huile essentielle, l'ang\u00e9lique contient du \u03b2-f\u00e9landrene, du d-3-car\u00e8ne, ainsi qu'une s\u00e9rie de lactones et une forte concentration de coumarines.<\/span><\/span> <span class=\"JLqJ4b ChMk0b\"><span class=\"Q4iAWc\">Les coumarines sont responsables de l'effet apaisant de cette plante sur le syst\u00e8me gastro-intestinal. Elle agit comme un stomahique (am\u00e9liore la digestion) et un spasmolytique (relaxe la musculature lisse du tractus digestif).<\/span><\/span> <span class=\"JLqJ4b ChMk0b\"><span class=\"Q4iAWc\">En plus de ces effets, le coumarine poss\u00e8de des propri\u00e9t\u00e9s de s\u00e9datif doux, facilitant le sommeil et r\u00e9duisant la sensation de tension.<\/span><\/span><\/p>\t\t\t\t\t\t\t\t<\/div>\n\t\t\t\t<\/div>\n\t\t\t\t<div class=\"elementor-element elementor-element-c9bb9d6 elementor-widget elementor-widget-image\" data-id=\"c9bb9d6\" data-element_type=\"widget\" data-e-type=\"widget\" data-widget_type=\"image.default\">\n\t\t\t\t<div class=\"elementor-widget-container\">\n\t\t\t\t\t\t\t\t\t\t\t\t\t\t\t<img decoding=\"async\" src=\"https:\/\/www.alivitpharm.com\/wp-content\/uploads\/2022\/09\/leaves.png\" title=\"leaves\" alt=\"Leaves\" loading=\"lazy\" \/>\t\t\t\t\t\t\t\t\t\t\t\t\t\t\t<\/div>\n\t\t\t\t<\/div>\n\t\t\t\t<div class=\"elementor-element elementor-element-55ec6e0 elementor-widget elementor-widget-text-editor\" data-id=\"55ec6e0\" data-element_type=\"widget\" data-e-type=\"widget\" data-widget_type=\"text-editor.default\">\n\t\t\t\t<div class=\"elementor-widget-container\">\n\t\t\t\t\t\t\t\t\t<p><span class=\"JLqJ4b ChMk0b\"><span class=\"Q4iAWc\">Le genre Angelica comprend environ 50 esp\u00e8ces.<\/span><\/span> <span class=\"JLqJ4b ChMk0b\"><span class=\"Q4iAWc\">Nos r\u00e9gions sont adapt\u00e9es \u00e0 la culture de deux esp\u00e8ces: l'ang\u00e9lique m\u00e9dicinale <em>(Angelica archangelica)<\/em> et l'ang\u00e9lique des bois <em>(Angelica sylvestris)<\/em>.<\/span><\/span> <span class=\"JLqJ4b ChMk0b\"><span class=\"Q4iAWc\">Elles poussent dans des sols humides, dans les for\u00eats claires, sur les prairies, le long des rivi\u00e8res et des ruisseaux.<\/span><\/span><\/p><p><span class=\"JLqJ4b ChMk0b\"><span class=\"Q4iAWc\">En tant que stimulant aromatique et amer, l'ang\u00e9lique joue un r\u00f4le important dans le soutien de la sant\u00e9 du syst\u00e8me digestif, neutralise les gaz et r\u00e9duit les ballonnements.<\/span><\/span> <span class=\"JLqJ4b ChMk0b\"><span class=\"Q4iAWc\">La racine La racine d'ang\u00e9lique a une action antibact\u00e9rienne (emp\u00eache la croissance des bact\u00e9ries,<em> Clostridium difficile<\/em>, <em>Clostridium perfringens<\/em>, <em>Enterococcus faecalis<\/em>) et antifongique (emp\u00eache la croissance des champignons, <em>Candida albicans<\/em>).<\/span><\/span> <span class=\"JLqJ4b ChMk0b\"><span class=\"Q4iAWc\">Elle est utilis\u00e9e comme un ingr\u00e9dient apaisant pour de nombreuses troubles digestifs, d\u00e9tend la musculature lisse du tractus gastro-intestinal et poss\u00e8de \u00e9galement des propri\u00e9t\u00e9s anti-inflammatoires (r\u00e9duit les r\u00e9actions inflammatoires) et antioxydantes (neutralise les radicaux libres).<\/span><\/span><\/p>\t\t\t\t\t\t\t\t<\/div>\n\t\t\t\t<\/div>\n\t\t\t\t<div class=\"elementor-element elementor-element-6102fff elementor-widget elementor-widget-heading\" data-id=\"6102fff\" data-element_type=\"widget\" data-e-type=\"widget\" data-widget_type=\"heading.default\">\n\t\t\t\t<div class=\"elementor-widget-container\">\n\t\t\t\t\t<h4 class=\"elementor-heading-title elementor-size-default\">R\u00e9f\u00e9rences<\/h4>\t\t\t\t<\/div>\n\t\t\t\t<\/div>\n\t\t\t\t<div class=\"elementor-element elementor-element-7ee82c9 elementor-widget elementor-widget-text-editor\" data-id=\"7ee82c9\" data-element_type=\"widget\" data-e-type=\"widget\" data-widget_type=\"text-editor.default\">\n\t\t\t\t<div class=\"elementor-widget-container\">\n\t\t\t\t\t\t\t\t\t<ul><li><a class=\"reference-link\" href=\"https:\/\/chemistry-europe.onlinelibrary.wiley.com\/doi\/abs\/10.1002\/slct.202102282\" target=\"_blank\" rel=\"noopener\">Determination of Angelica archangelica\u2019s Antioxidant Capacity and Mineral Content<\/a><\/li><li><a class=\"reference-link\" href=\"https:\/\/pubmed.ncbi.nlm.nih.gov\/30156459\/\" target=\"_blank\" rel=\"noopener\">The In Vitro Activity of Angelica archangelica L. Essential Oil on Inflammation<\/a><\/li><li><a class=\"reference-link\" href=\"https:\/\/pubmed.ncbi.nlm.nih.gov\/24788027\/\" target=\"_blank\" rel=\"noopener\">Essential oil composition and antimicrobial activity of Angelica archangelica L. (Apiaceae) roots<\/a><\/li><\/ul>\t\t\t\t\t\t\t\t<\/div>\n\t\t\t\t<\/div>\n\t\t\t\t\t<\/div>\n\t\t<\/div>\n\t\t\t\t\t<\/div>\n\t\t<\/section>\n\t\t\t\t<\/div>","protected":false},"excerpt":{"rendered":"<p>Angelica Archangelica Angelica archangelica L. &#8211; Apiaceae Angelica archangelica is an aromatic, biennial plant, up to 2m tall. The stems are upright, round, the leaves are large and incised, the flower is a shield, while the fruits are flat. In our preparation, we used angelica root as a medicinal part of the plant. Angelica root &hellip;<\/p>\n<p class=\"read-more\"> <a class=\"\" href=\"https:\/\/www.alivitpharm.com\/fr\/angelica-archangelica\/\"> <span class=\"screen-reader-text\">Angelique<\/span> Lire la suite\u00a0\u00bb<\/a><\/p>","protected":false},"author":9,"featured_media":0,"parent":0,"menu_order":0,"comment_status":"closed","ping_status":"closed","template":"","meta":{"site-sidebar-layout":"no-sidebar","site-content-layout":"page-builder","ast-global-header-display":"","ast-main-header-display":"","ast-hfb-above-header-display":"","ast-hfb-below-header-display":"","ast-hfb-mobile-header-display":"","site-post-title":"disabled","ast-breadcrumbs-content":"","ast-featured-img":"disabled","footer-sml-layout":"","theme-transparent-header-meta":"","adv-header-id-meta":"","stick-header-meta":"","header-above-stick-meta":"","header-main-stick-meta":"","header-below-stick-meta":"","footnotes":""},"class_list":["post-7272","page","type-page","status-publish","hentry"],"_links":{"self":[{"href":"https:\/\/www.alivitpharm.com\/fr\/wp-json\/wp\/v2\/pages\/7272","targetHints":{"allow":["GET"]}}],"collection":[{"href":"https:\/\/www.alivitpharm.com\/fr\/wp-json\/wp\/v2\/pages"}],"about":[{"href":"https:\/\/www.alivitpharm.com\/fr\/wp-json\/wp\/v2\/types\/page"}],"author":[{"embeddable":true,"href":"https:\/\/www.alivitpharm.com\/fr\/wp-json\/wp\/v2\/users\/9"}],"replies":[{"embeddable":true,"href":"https:\/\/www.alivitpharm.com\/fr\/wp-json\/wp\/v2\/comments?post=7272"}],"version-history":[{"count":0,"href":"https:\/\/www.alivitpharm.com\/fr\/wp-json\/wp\/v2\/pages\/7272\/revisions"}],"wp:attachment":[{"href":"https:\/\/www.alivitpharm.com\/fr\/wp-json\/wp\/v2\/media?parent=7272"}],"curies":[{"name":"wp","href":"https:\/\/api.w.org\/{rel}","templated":true}]}}