{"id":7304,"date":"2022-10-07T09:47:38","date_gmt":"2022-10-07T07:47:38","guid":{"rendered":"https:\/\/www.alivitpharm.com\/?page_id=7304"},"modified":"2023-05-19T11:53:09","modified_gmt":"2023-05-19T09:53:09","slug":"romarin","status":"publish","type":"page","link":"https:\/\/www.alivitpharm.com\/fr\/rosemary\/","title":{"rendered":"Romarin"},"content":{"rendered":"<div data-elementor-type=\"wp-page\" data-elementor-id=\"7304\" class=\"elementor elementor-7304\">\n\t\t\t\t\t\t<section class=\"elementor-section elementor-top-section elementor-element elementor-element-aec475c elementor-section-content-middle elementor-section-boxed elementor-section-height-default elementor-section-height-default\" data-id=\"aec475c\" data-element_type=\"section\" data-e-type=\"section\" data-settings=\"{&quot;background_background&quot;:&quot;classic&quot;}\">\n\t\t\t\t\t\t\t<div class=\"elementor-background-overlay\"><\/div>\n\t\t\t\t\t\t\t<div class=\"elementor-container elementor-column-gap-default\">\n\t\t\t\t\t<div class=\"elementor-column elementor-col-100 elementor-top-column elementor-element elementor-element-1935fed\" data-id=\"1935fed\" data-element_type=\"column\" data-e-type=\"column\">\n\t\t\t<div class=\"elementor-widget-wrap elementor-element-populated\">\n\t\t\t\t\t\t<div class=\"elementor-element elementor-element-f5d02e8 elementor-widget elementor-widget-heading\" data-id=\"f5d02e8\" data-element_type=\"widget\" data-e-type=\"widget\" data-widget_type=\"heading.default\">\n\t\t\t\t<div class=\"elementor-widget-container\">\n\t\t\t\t\t<h1 class=\"elementor-heading-title elementor-size-default\">Romarin<\/h1>\t\t\t\t<\/div>\n\t\t\t\t<\/div>\n\t\t\t\t<div class=\"elementor-element elementor-element-3638f5b elementor-widget elementor-widget-image\" data-id=\"3638f5b\" data-element_type=\"widget\" data-e-type=\"widget\" data-widget_type=\"image.default\">\n\t\t\t\t<div class=\"elementor-widget-container\">\n\t\t\t\t\t\t\t\t\t\t\t\t\t\t\t<img decoding=\"async\" width=\"75\" height=\"33\" src=\"https:\/\/www.alivitpharm.com\/wp-content\/uploads\/2019\/07\/logo-leaf-new.png\" class=\"attachment-large size-large wp-image-2518\" alt=\"\" \/>\t\t\t\t\t\t\t\t\t\t\t\t\t\t\t<\/div>\n\t\t\t\t<\/div>\n\t\t\t\t<div class=\"elementor-element elementor-element-1f657bb elementor-widget elementor-widget-text-editor\" data-id=\"1f657bb\" data-element_type=\"widget\" data-e-type=\"widget\" data-widget_type=\"text-editor.default\">\n\t\t\t\t<div class=\"elementor-widget-container\">\n\t\t\t\t\t\t\t\t\t<p><em>Salvia rosmarinus L. &#8211; Lamiaceae<\/em><\/p>\t\t\t\t\t\t\t\t<\/div>\n\t\t\t\t<\/div>\n\t\t\t\t\t<\/div>\n\t\t<\/div>\n\t\t\t\t\t<\/div>\n\t\t<\/section>\n\t\t\t\t<section class=\"elementor-section elementor-top-section elementor-element elementor-element-0529f2a elementor-section-boxed elementor-section-height-default elementor-section-height-default\" data-id=\"0529f2a\" data-element_type=\"section\" data-e-type=\"section\" data-settings=\"{&quot;background_background&quot;:&quot;classic&quot;}\">\n\t\t\t\t\t\t<div class=\"elementor-container elementor-column-gap-default\">\n\t\t\t\t\t<div class=\"elementor-column elementor-col-100 elementor-top-column elementor-element elementor-element-8010cfb\" data-id=\"8010cfb\" data-element_type=\"column\" data-e-type=\"column\">\n\t\t\t<div class=\"elementor-widget-wrap elementor-element-populated\">\n\t\t\t\t\t\t<div class=\"elementor-element elementor-element-8cf1e61 elementor-widget elementor-widget-image\" data-id=\"8cf1e61\" data-element_type=\"widget\" data-e-type=\"widget\" data-widget_type=\"image.default\">\n\t\t\t\t<div class=\"elementor-widget-container\">\n\t\t\t\t\t\t\t\t\t\t\t\t\t\t\t<img decoding=\"async\" src=\"https:\/\/www.alivitpharm.com\/wp-content\/uploads\/2022\/10\/image_2022-10-07_101729458.png\" title=\"rosemary\" alt=\"Romarin\" loading=\"lazy\" \/>\t\t\t\t\t\t\t\t\t\t\t\t\t\t\t<\/div>\n\t\t\t\t<\/div>\n\t\t\t\t<div class=\"elementor-element elementor-element-05bb101 elementor-widget elementor-widget-text-editor\" data-id=\"05bb101\" data-element_type=\"widget\" data-e-type=\"widget\" data-widget_type=\"text-editor.default\">\n\t\t\t\t<div class=\"elementor-widget-container\">\n\t\t\t\t\t\t\t\t\t<p><span class=\"JLqJ4b ChMk0b\"><span class=\"Q4iAWc\">Il y a des divergences d'opinions concernant l'origine du nom de la plante, mais l'opinion dominante est que le nom <em>Rosmarinus<\/em> vient du latin, signifiant ros\u00e9e de mer.<\/span><\/span> <span class=\"JLqJ4b ChMk0b\"><span class=\"Q4iAWc\">D'autres sources affirment que le nom provient du grec, signifiant \"buisson au parfum agr\u00e9able\".<\/span><\/span><\/p><p><span class=\"JLqJ4b ChMk0b\"><span class=\"Q4iAWc\">Les anciens Grecs croyaient que c'\u00e9tait une plante de beaut\u00e9 et la d\u00e9diaient \u00e0 Aphrodite (d\u00e9esse de l'amour, du d\u00e9sir, de la beaut\u00e9, du plaisir, de la passion et de la naissance).<\/span><\/span> <span class=\"JLqJ4b ChMk0b\"><span class=\"Q4iAWc\">Au Moyen \u00c2ge, on pensait que le romarin chassait les mauvais esprits, raison pour laquelle il \u00e9tait utilis\u00e9 dans les moments importants de la vie: les berceaux \u00e9taient d\u00e9cor\u00e9s de ses branches parfum\u00e9es, les jeunes filles portaient une couronne de romarin lors de leur mariage, et la coutume de d\u00e9corer les mari\u00e9s avec cette plante persiste<\/span><\/span> <span class=\"JLqJ4b ChMk0b\"><span class=\"Q4iAWc\">encore aujourd'hui, car le romarin symbolise l'amour et la fid\u00e9lit\u00e9.<\/span><\/span><\/p><p><span class=\"JLqJ4b ChMk0b\"><span class=\"Q4iAWc\">Le romarin est un arbuste aromatique \u00e0 feuillage persistant, avec des branches droites ou partiellement tombantes.<\/span><\/span> <span class=\"JLqJ4b ChMk0b\"><span class=\"Q4iAWc\">Il peut atteindre une hauteur de 1 \u00e0 3 m\u00e8tres.<\/span><\/span> <span class=\"JLqJ4b ChMk0b\"><span class=\"Q4iAWc\">Ses branches sont dens\u00e9ment couvertes de feuilles coriaces, longues et pointues, sans p\u00e9tiole.<\/span><\/span> <span class=\"JLqJ4b ChMk0b\"><span class=\"Q4iAWc\">La face sup\u00e9rieure des feuilles est d'un vert fonc\u00e9, tandis que la face inf\u00e9rieure est gris-blanche.<\/span><\/span> <span class=\"JLqJ4b ChMk0b\"><span class=\"Q4iAWc\">Les fleurs sont petites, bleu-violet, regroup\u00e9es en grappes.<\/span><\/span> <span class=\"JLqJ4b ChMk0b\"><span class=\"Q4iAWc\">La plante fleurit deux fois par an, en avril et en septembre.<\/span><\/span> <span class=\"JLqJ4b ChMk0b\"><span class=\"Q4iAWc\">Le parfum des fleurs et des sommets des branches est similaire au camphre, et leur go\u00fbt est piquant, aromatique et l\u00e9g\u00e8rement amer.<\/span><\/span> <span class=\"JLqJ4b ChMk0b\"><span class=\"Q4iAWc\">C'est un arbuste commun sur les c\u00f4t\u00e9s ensoleill\u00e9s et rocheux des r\u00e9gions c\u00f4ti\u00e8res, et comme plante ornementale, il est cultiv\u00e9 dans les jardins et parcs, m\u00eame dans les r\u00e9gions continentales.<\/span><\/span><\/p>\t\t\t\t\t\t\t\t<\/div>\n\t\t\t\t<\/div>\n\t\t\t\t<div class=\"elementor-element elementor-element-55fb1fb elementor-widget elementor-widget-image\" data-id=\"55fb1fb\" data-element_type=\"widget\" data-e-type=\"widget\" data-widget_type=\"image.default\">\n\t\t\t\t<div class=\"elementor-widget-container\">\n\t\t\t\t\t\t\t\t\t\t\t\t\t\t\t<img decoding=\"async\" src=\"https:\/\/www.alivitpharm.com\/wp-content\/uploads\/2022\/09\/leaves.png\" title=\"leaves\" alt=\"Leaves\" loading=\"lazy\" \/>\t\t\t\t\t\t\t\t\t\t\t\t\t\t\t<\/div>\n\t\t\t\t<\/div>\n\t\t\t\t<div class=\"elementor-element elementor-element-cb3fb13 elementor-widget elementor-widget-text-editor\" data-id=\"cb3fb13\" data-element_type=\"widget\" data-e-type=\"widget\" data-widget_type=\"text-editor.default\">\n\t\t\t\t<div class=\"elementor-widget-container\">\n\t\t\t\t\t\t\t\t\t<p><span class=\"JLqJ4b ChMk0b\"><span class=\"Q4iAWc\">Composition chimique : La feuille de romarin contient 1,0 \u00e0 2,5 % d'huile essentielle avec les principaux composants : 15-30 % de 1,8-cin\u00e9ole, 15-25 % de camphre, jusqu'\u00e0 25 % de \u03b1-pin\u00e8ne, environ 8 % de camph\u00e8ne, 10-<\/span><\/span><span class=\"JLqJ4b ChMk0b\"><span class=\"Q4iAWc\">20 % de (+) borneol avec 5-10 % de bornyl-ac\u00e9tate et de limon\u00e8ne, ainsi que d'autres monoterp\u00e8nes.<\/span><\/span> <span class=\"JLqJ4b ChMk0b\"><span class=\"Q4iAWc\">Elle contient \u00e9galement de l\u2019acide rosmarinique, des flavono\u00efdes (y compris le g\u00e9nkwanine, la lut\u00e9oline et le diosm\u00e9tine) et leurs glucosides (g\u00e9nkwanine-4'-O-glucoside), des acides triterp\u00e9niques (5 % de d\u00e9riv\u00e9s de l\u2019acide ursolique), des alcools triterp\u00e9niques (b\u00e9tuline, amyrine) et des st\u00e9ro\u00efdes.<\/span><\/span> <span class=\"JLqJ4b ChMk0b\"><span class=\"Q4iAWc\">Les lipides sont \u00e9galement pr\u00e9sents \u00e0 97 %, avec des n-alcanes, des isoalcanes et des alc\u00e8nes dans la r\u00e9sine des feuilles.<\/span><\/span><\/p><p>Le romarin montre une activit\u00e9 antimicrobienne contre les micro-organismes gram-n\u00e9gatifs (<em>Escherichia coli<\/em> et <em>Pseudomonas aeruginosa<\/em>) et les bact\u00e9ries gram-positives (<em>Staphylococcus aureus<\/em>, <em>S. epidermidis<\/em> et <em>Micrococcus luteus<\/em>).\u00a0<\/p><p><span class=\"JLqJ4b ChMk0b\"><span class=\"Q4iAWc\">Le romarin contient des composants capables d\u2019effectuer une neutralisation efficace des radicaux libres.<\/span><\/span> <span class=\"JLqJ4b ChMk0b\"><span class=\"Q4iAWc\">On consid\u00e8re que la carnosol acid est le principal responsable de cette activit\u00e9. Il s'agit d'un antioxydant lipophile et d'un excellent \"pi\u00e9geur\" de l'oxyg\u00e8ne singulet, des radicaux hydroxy et peroxyl qui affectent la d\u00e9gradation des membranes biologiques.<\/span><\/span> <span class=\"JLqJ4b ChMk0b\"><span class=\"Q4iAWc\">Des chercheurs comme Bracco et sar.<\/span><\/span> <span class=\"JLqJ4b ChMk0b\"><span class=\"Q4iAWc\">ont montr\u00e9 que parmi les 16 compos\u00e9s isol\u00e9s du romarin, l\u2019acide carnosolique et le carnosol contribuent le plus \u00e0 l\u2019activit\u00e9 antioxydante de l\u2019extrait.<\/span><\/span> <span class=\"JLqJ4b ChMk0b\"><span class=\"Q4iAWc\">Cette activit\u00e9 antioxydante est plus intense que celle de l\u2019\u03b1-tocoph\u00e9rol, du BHT et du BHA.<\/span><\/span> <span class=\"JLqJ4b ChMk0b\"><span class=\"Q4iAWc\">En raison de ses excellentes propri\u00e9t\u00e9s antioxydantes, les extraits de romarin sont aujourd\u2019hui largement utilis\u00e9s dans l'industrie alimentaire.<\/span><\/span><\/p><p><span class=\"JLqJ4b ChMk0b\"><span class=\"Q4iAWc\">Le romarin est un bon antiseptique, antispasmodique, astringent, carminatif, diaphor\u00e9tique, digestif et stomachique, et il est utilis\u00e9 avec succ\u00e8s dans le traitement de divers troubles du syst\u00e8me digestif.<\/span><\/span> <span class=\"JLqJ4b ChMk0b\"><span class=\"Q4iAWc\">Il est consid\u00e9r\u00e9 comme un bon antiseptique du tractus digestif, pr\u00e9vient et \u00e9limine les ballonnements.<\/span><\/span> <span class=\"JLqJ4b ChMk0b\"><span class=\"Q4iAWc\">Il est utilis\u00e9 pour traiter les troubles dyspeptiques, la lourdeur de l'estomac et la paresse des intestins.<\/span><\/span><\/p><p><span class=\"jCAhz ChMk0b\"><span class=\"ryNqvb\">Le romarin est une plante utilis\u00e9e depuis longtemps dans la m\u00e9decine traditionnelle dans de nombreux pays.<\/span><\/span> <span class=\"jCAhz ChMk0b\"><span class=\"ryNqvb\">Les composants actifs du romarin sont responsables de ses effets antioxydants, anti-inflammatoires et neuroprotecteurs.<\/span><\/span> <span class=\"jCAhz ChMk0b\"><span class=\"ryNqvb\">Les recherches ont prouv\u00e9 que cette plante est utilis\u00e9e en pr\u00e9vention ou en soutien dans le traitement de la maladie d'Alzheimer et de Parkinson.<\/span><\/span> <span class=\"jCAhz ChMk0b\"><span class=\"ryNqvb\">De plus, des \u00e9tudes ont montr\u00e9 que le romarin a un effet positif sur la fonction du syst\u00e8me nerveux central chez les patients ayant souffert du syndrome post-COVID-19.<\/span><\/span> <span class=\"jCAhz ChMk0b\"><span class=\"ryNqvb\">Outre ses bienfaits pour les maladies neurod\u00e9g\u00e9n\u00e9ratives telles que la maladie d'Alzheimer et de Parkinson, le romarin a \u00e9galement montr\u00e9 des effets positifs sur des troubles psychiatriques l\u00e9gers tels que le stress, l'anxi\u00e9t\u00e9 et la d\u00e9pression.<\/span><\/span><\/p>\t\t\t\t\t\t\t\t<\/div>\n\t\t\t\t<\/div>\n\t\t\t\t<div class=\"elementor-element elementor-element-5c4e5b8 elementor-widget elementor-widget-heading\" data-id=\"5c4e5b8\" data-element_type=\"widget\" data-e-type=\"widget\" data-widget_type=\"heading.default\">\n\t\t\t\t<div class=\"elementor-widget-container\">\n\t\t\t\t\t<h4 class=\"elementor-heading-title elementor-size-default\">R\u00e9f\u00e9rences<\/h4>\t\t\t\t<\/div>\n\t\t\t\t<\/div>\n\t\t\t\t<div class=\"elementor-element elementor-element-5d25c19 elementor-widget elementor-widget-text-editor\" data-id=\"5d25c19\" data-element_type=\"widget\" data-e-type=\"widget\" data-widget_type=\"text-editor.default\">\n\t\t\t\t<div class=\"elementor-widget-container\">\n\t\t\t\t\t\t\t\t\t<ul><li><a class=\"reference-link\" href=\"https:\/\/pubmed.ncbi.nlm.nih.gov\/30236693\/\" target=\"_blank\" rel=\"noopener\">Effects of in vitro gastrointestinal digestion and colonic fermentation on a rosemary (Rosmarinus officinalis L) extract rich in rosmarinic acid<\/a><\/li><li><a class=\"reference-link\" href=\"https:\/\/pubmed.ncbi.nlm.nih.gov\/20034774\/\" target=\"_blank\" rel=\"noopener\">Investigations into the specific effects of rosemary oil at the receptor level<\/a><\/li><li><a class=\"reference-link\" href=\"https:\/\/www.jstor.org\/stable\/26447491#metadata_info_tab_contents\" target=\"_blank\" rel=\"noopener\">Antispasmodic activity of Rosmarinus Officinalis and Ruscus Aculetus<\/a><\/li><li><a class=\"reference-link\" href=\"https:\/\/www.ema.europa.eu\/en\/documents\/herbal-report\/assessment-report-rosmarinus-officinalis-l-aetheroleum-rosmarinus-officinalis-l-folium_en.pdf\" target=\"_blank\" rel=\"noopener\">Assessment report on Rosmarinus officinalis L., aetheroleum and Rosmarinus officinalis L., folium<\/a><\/li><li><a class=\"reference-link\" href=\"https:\/\/pubmed.ncbi.nlm.nih.gov\/35052628\/\" target=\"_blank\" rel=\"noopener\">Potential Therapeutic Use of the Rosemary Diterpene Carnosic Acid for Alzheimer&#8217;s Disease, Parkinson&#8217;s Disease, and Long-COVID through NRF2 Activation to Counteract the NLRP3 Inflammasome<\/a><\/li><li><a class=\"reference-link\" href=\"https:\/\/pubmed.ncbi.nlm.nih.gov\/34279199\/\" target=\"_blank\" rel=\"noopener\">Effects of Spices (Saffron, Rosemary, Cinnamon, Turmeric and Ginger) in Alzheimer&#8217;s Disease<\/a><\/li><li><a class=\"reference-link\" href=\"https:\/\/pubmed.ncbi.nlm.nih.gov\/32725282\/\" target=\"_blank\" rel=\"noopener\">Effects of rosmarinic acid on nervous system disorders: an updated review<\/a><\/li><\/ul>\t\t\t\t\t\t\t\t<\/div>\n\t\t\t\t<\/div>\n\t\t\t\t\t<\/div>\n\t\t<\/div>\n\t\t\t\t\t<\/div>\n\t\t<\/section>\n\t\t\t\t<\/div>","protected":false},"excerpt":{"rendered":"<p>Rosemary Salvia rosmarinus L. &#8211; Lamiaceae Opinions are divided about the name of the plant, but the prevailing opinion is that the name Rosmarinus comes from Latin, which means sea dew. According to other sources, the name comes from the Greek language and means &#8220;bush with a pleasant smell&#8221;. The ancient Greeks believed that it &hellip;<\/p>\n<p class=\"read-more\"> <a class=\"\" href=\"https:\/\/www.alivitpharm.com\/fr\/rosemary\/\"> <span class=\"screen-reader-text\">Romarin<\/span> Lire la suite\u00a0\u00bb<\/a><\/p>","protected":false},"author":9,"featured_media":0,"parent":0,"menu_order":0,"comment_status":"closed","ping_status":"closed","template":"","meta":{"site-sidebar-layout":"no-sidebar","site-content-layout":"page-builder","ast-global-header-display":"","ast-main-header-display":"","ast-hfb-above-header-display":"","ast-hfb-below-header-display":"","ast-hfb-mobile-header-display":"","site-post-title":"disabled","ast-breadcrumbs-content":"","ast-featured-img":"disabled","footer-sml-layout":"","theme-transparent-header-meta":"","adv-header-id-meta":"","stick-header-meta":"","header-above-stick-meta":"","header-main-stick-meta":"","header-below-stick-meta":"","footnotes":""},"class_list":["post-7304","page","type-page","status-publish","hentry"],"_links":{"self":[{"href":"https:\/\/www.alivitpharm.com\/fr\/wp-json\/wp\/v2\/pages\/7304","targetHints":{"allow":["GET"]}}],"collection":[{"href":"https:\/\/www.alivitpharm.com\/fr\/wp-json\/wp\/v2\/pages"}],"about":[{"href":"https:\/\/www.alivitpharm.com\/fr\/wp-json\/wp\/v2\/types\/page"}],"author":[{"embeddable":true,"href":"https:\/\/www.alivitpharm.com\/fr\/wp-json\/wp\/v2\/users\/9"}],"replies":[{"embeddable":true,"href":"https:\/\/www.alivitpharm.com\/fr\/wp-json\/wp\/v2\/comments?post=7304"}],"version-history":[{"count":0,"href":"https:\/\/www.alivitpharm.com\/fr\/wp-json\/wp\/v2\/pages\/7304\/revisions"}],"wp:attachment":[{"href":"https:\/\/www.alivitpharm.com\/fr\/wp-json\/wp\/v2\/media?parent=7304"}],"curies":[{"name":"wp","href":"https:\/\/api.w.org\/{rel}","templated":true}]}}