{"id":7354,"date":"2022-10-13T09:23:19","date_gmt":"2022-10-13T07:23:19","guid":{"rendered":"https:\/\/www.alivitpharm.com\/?page_id=7354"},"modified":"2022-10-13T10:36:01","modified_gmt":"2022-10-13T08:36:01","slug":"rosier-des-chiens-cynorrhodon","status":"publish","type":"page","link":"https:\/\/www.alivitpharm.com\/fr\/wild-rose-rosehip\/","title":{"rendered":"Rosier des chiens (cynorrhodon)"},"content":{"rendered":"<div data-elementor-type=\"wp-page\" data-elementor-id=\"7354\" class=\"elementor elementor-7354\">\n\t\t\t\t\t\t<section class=\"elementor-section elementor-top-section elementor-element elementor-element-affa04b elementor-section-content-middle elementor-section-boxed elementor-section-height-default elementor-section-height-default\" data-id=\"affa04b\" data-element_type=\"section\" data-e-type=\"section\" data-settings=\"{&quot;background_background&quot;:&quot;classic&quot;}\">\n\t\t\t\t\t\t\t<div class=\"elementor-background-overlay\"><\/div>\n\t\t\t\t\t\t\t<div class=\"elementor-container elementor-column-gap-default\">\n\t\t\t\t\t<div class=\"elementor-column elementor-col-100 elementor-top-column elementor-element elementor-element-30ad5ed\" data-id=\"30ad5ed\" data-element_type=\"column\" data-e-type=\"column\">\n\t\t\t<div class=\"elementor-widget-wrap elementor-element-populated\">\n\t\t\t\t\t\t<div class=\"elementor-element elementor-element-8cfe462 elementor-widget elementor-widget-heading\" data-id=\"8cfe462\" data-element_type=\"widget\" data-e-type=\"widget\" data-widget_type=\"heading.default\">\n\t\t\t\t<div class=\"elementor-widget-container\">\n\t\t\t\t\t<h1 class=\"elementor-heading-title elementor-size-default\">Rosier des chiens (cynorrhodon)<\/h1>\t\t\t\t<\/div>\n\t\t\t\t<\/div>\n\t\t\t\t<div class=\"elementor-element elementor-element-93b51e5 elementor-widget elementor-widget-image\" data-id=\"93b51e5\" data-element_type=\"widget\" data-e-type=\"widget\" data-widget_type=\"image.default\">\n\t\t\t\t<div class=\"elementor-widget-container\">\n\t\t\t\t\t\t\t\t\t\t\t\t\t\t\t<img decoding=\"async\" width=\"75\" height=\"33\" src=\"https:\/\/www.alivitpharm.com\/wp-content\/uploads\/2019\/07\/logo-leaf-new.png\" class=\"attachment-large size-large wp-image-2518\" alt=\"\" \/>\t\t\t\t\t\t\t\t\t\t\t\t\t\t\t<\/div>\n\t\t\t\t<\/div>\n\t\t\t\t<div class=\"elementor-element elementor-element-98d0c10 elementor-widget elementor-widget-text-editor\" data-id=\"98d0c10\" data-element_type=\"widget\" data-e-type=\"widget\" data-widget_type=\"text-editor.default\">\n\t\t\t\t<div class=\"elementor-widget-container\">\n\t\t\t\t\t\t\t\t\t<p><em>Rosa canina L. &#8211; Rosaceae<\/em><\/p>\t\t\t\t\t\t\t\t<\/div>\n\t\t\t\t<\/div>\n\t\t\t\t\t<\/div>\n\t\t<\/div>\n\t\t\t\t\t<\/div>\n\t\t<\/section>\n\t\t\t\t<section class=\"elementor-section elementor-top-section elementor-element elementor-element-be0ff22 elementor-section-boxed elementor-section-height-default elementor-section-height-default\" data-id=\"be0ff22\" data-element_type=\"section\" data-e-type=\"section\" data-settings=\"{&quot;background_background&quot;:&quot;classic&quot;}\">\n\t\t\t\t\t\t<div class=\"elementor-container elementor-column-gap-default\">\n\t\t\t\t\t<div class=\"elementor-column elementor-col-100 elementor-top-column elementor-element elementor-element-e465b7e\" data-id=\"e465b7e\" data-element_type=\"column\" data-e-type=\"column\">\n\t\t\t<div class=\"elementor-widget-wrap elementor-element-populated\">\n\t\t\t\t\t\t<div class=\"elementor-element elementor-element-1e45b88 elementor-widget elementor-widget-image\" data-id=\"1e45b88\" data-element_type=\"widget\" data-e-type=\"widget\" data-widget_type=\"image.default\">\n\t\t\t\t<div class=\"elementor-widget-container\">\n\t\t\t\t\t\t\t\t\t\t\t\t\t\t\t<img decoding=\"async\" src=\"https:\/\/www.alivitpharm.com\/wp-content\/uploads\/2022\/10\/wild-rose-rosehip.png\" title=\"wild-rose-rosehip\" alt=\"Wild Rose \/ Rosehip\" loading=\"lazy\" \/>\t\t\t\t\t\t\t\t\t\t\t\t\t\t\t<\/div>\n\t\t\t\t<\/div>\n\t\t\t\t<div class=\"elementor-element elementor-element-dac2fe4 elementor-widget elementor-widget-text-editor\" data-id=\"dac2fe4\" data-element_type=\"widget\" data-e-type=\"widget\" data-widget_type=\"text-editor.default\">\n\t\t\t\t<div class=\"elementor-widget-container\">\n\t\t\t\t\t\t\t\t\t<p><span class=\"jCAhz ChMk0b\"><span class=\"ryNqvb\"><strong>Rosier des chiens<\/strong> est un buisson pouvant atteindre 3 m\u00e8tres de hauteur.<\/span><\/span> <span class=\"jCAhz ChMk0b\"><span class=\"ryNqvb\">L'ensemble du buisson est recouvert de fines \u00e9pines ac\u00e9r\u00e9es.<\/span><\/span> <span class=\"jCAhz ChMk0b\"><span class=\"ryNqvb\">Les feuilles sont imparipenn\u00e9es, avec des folioles de forme ovale et finement dent\u00e9es.<\/span><\/span> <span class=\"jCAhz ChMk0b\"><span class=\"ryNqvb\">Les fleurs sont de couleur blanc-ros\u00e9, d'un parfum agr\u00e9able, et les fruits sont de forme ovale, d'un rouge clair, connus sous le nom de <strong>cynorrhodon<\/strong>, et contiennent un grand nombre de graines.<\/span><\/span> <span class=\"jCAhz ChMk0b\"><span class=\"ryNqvb\">La p\u00e9riode de floraison commence en mai, et les fruits sont g\u00e9n\u00e9ralement r\u00e9colt\u00e9s en septembre et octobre. <\/span><\/span><span class=\"jCAhz ChMk0b\"><span class=\"ryNqvb\">Le cynorrhodon est r\u00e9pandu dans toute l'Europe, ainsi qu'en Asie occidentale et en Afrique du Nord-Ouest.<\/span><\/span> <span class=\"jCAhz ChMk0b\"><span class=\"ryNqvb\">Il est tr\u00e8s pr\u00e9sent dans nos r\u00e9gions, et pousse au bord des for\u00eats.<\/span><\/span><\/p><p><span class=\"jCAhz ChMk0b\"><span class=\"ryNqvb\">La partie m\u00e9dicinale de la plante est le fruit s\u00e9ch\u00e9.<\/span><\/span> <span class=\"jCAhz ChMk0b\"><span class=\"ryNqvb\">Il est riche en vitamine C, en acides organiques (acide malique, acide citrique, acide succinique, acide phosphorique), en sucres, en lignine, en pectine, en tanins, en flavono\u00efdes, en carot\u00e9no\u00efdes, en acide silicique, et en sels de fer et d'aluminium.<\/span><\/span><\/p>\t\t\t\t\t\t\t\t<\/div>\n\t\t\t\t<\/div>\n\t\t\t\t<div class=\"elementor-element elementor-element-d6e8882 elementor-widget elementor-widget-image\" data-id=\"d6e8882\" data-element_type=\"widget\" data-e-type=\"widget\" data-widget_type=\"image.default\">\n\t\t\t\t<div class=\"elementor-widget-container\">\n\t\t\t\t\t\t\t\t\t\t\t\t\t\t\t<img decoding=\"async\" src=\"https:\/\/www.alivitpharm.com\/wp-content\/uploads\/2022\/09\/leaves.png\" title=\"leaves\" alt=\"Leaves\" loading=\"lazy\" \/>\t\t\t\t\t\t\t\t\t\t\t\t\t\t\t<\/div>\n\t\t\t\t<\/div>\n\t\t\t\t<div class=\"elementor-element elementor-element-4e32d08 elementor-widget elementor-widget-text-editor\" data-id=\"4e32d08\" data-element_type=\"widget\" data-e-type=\"widget\" data-widget_type=\"text-editor.default\">\n\t\t\t\t<div class=\"elementor-widget-container\">\n\t\t\t\t\t\t\t\t\t<p><span class=\"jCAhz ChMk0b\"><span class=\"ryNqvb\">Traditionnellement, le fruit du cynorrhodon, en raison de sa forte teneur en vitamine C, est recommand\u00e9 pour renforcer le syst\u00e8me immunitaire, lutter contre la fatigue printani\u00e8re et l'\u00e9puisement.<\/span><\/span> <span class=\"jCAhz ChMk0b\"><span class=\"ryNqvb\">Le fruit de la rose sauvage a des activit\u00e9s prophylactiques et th\u00e9rapeutiques contre de nombreuses maladies (arthrite rhumato\u00efde, goutte, maladies infectieuses, maladies biliaires, maladies r\u00e9nales), gr\u00e2ce \u00e0 ses effets antioxydants, anti-inflammatoires et antimicrobiens.<\/span><\/span><\/p><p><span class=\"jCAhz ChMk0b\"><span class=\"ryNqvb\">Les r\u00e9sultats de certaines \u00e9tudes montrent que le rosier des chiens a des effets cytotoxiques sur les cellules des cancers du poumon et de la prostate (les d\u00e9truisant).<\/span><\/span> <span class=\"jCAhz ChMk0b\"><span class=\"ryNqvb\">De plus, l'utilisation de cette plante est recommand\u00e9e en cas d'inflammation chronique des voies urinaires, pour renforcer les poumons et rafra\u00eechir l'organisme.<\/span><\/span> <span class=\"jCAhz ChMk0b\"><span class=\"ryNqvb\">Les tanins pr\u00e9sents dans le fruit du rosier des chiens arr\u00eatent la diarrh\u00e9e, et \u00e9tant \u00e9galement riche en fer, son utilisation est tout \u00e0 fait justifi\u00e9e en cas d'an\u00e9mie ferriprive.<\/span><\/span><\/p>\t\t\t\t\t\t\t\t<\/div>\n\t\t\t\t<\/div>\n\t\t\t\t<div class=\"elementor-element elementor-element-1e52350 elementor-widget elementor-widget-heading\" data-id=\"1e52350\" data-element_type=\"widget\" data-e-type=\"widget\" data-widget_type=\"heading.default\">\n\t\t\t\t<div class=\"elementor-widget-container\">\n\t\t\t\t\t<h4 class=\"elementor-heading-title elementor-size-default\">R\u00e9f\u00e9rences<\/h4>\t\t\t\t<\/div>\n\t\t\t\t<\/div>\n\t\t\t\t<div class=\"elementor-element elementor-element-8cdaa5b elementor-widget elementor-widget-text-editor\" data-id=\"8cdaa5b\" data-element_type=\"widget\" data-e-type=\"widget\" data-widget_type=\"text-editor.default\">\n\t\t\t\t<div class=\"elementor-widget-container\">\n\t\t\t\t\t\t\t\t\t<ul><li><a class=\"reference-link\" href=\"https:\/\/www.ncbi.nlm.nih.gov\/pmc\/articles\/PMC3648971\/\" target=\"_blank\" rel=\"noopener\">Rosa canina L. Fruit Hydro-Alcoholic Extract Effects on Some Immunological and Biochemical Parameters in Rats<\/a><\/li><li><a class=\"reference-link\" href=\"https:\/\/pubmed.ncbi.nlm.nih.gov\/18384191\/\" target=\"_blank\" rel=\"noopener\">A systematic review on the Rosa canina effect and efficacy profiles<\/a><\/li><li><a class=\"reference-link\" href=\"https:\/\/pubmed.ncbi.nlm.nih.gov\/31184219\/\" target=\"_blank\" rel=\"noopener\">Rosa canina Extract has Antiproliferative and Proapoptotic Effects on Human Lung and Prostate Cancer Cells<\/a><\/li><\/ul>\t\t\t\t\t\t\t\t<\/div>\n\t\t\t\t<\/div>\n\t\t\t\t\t<\/div>\n\t\t<\/div>\n\t\t\t\t\t<\/div>\n\t\t<\/section>\n\t\t\t\t<\/div>","protected":false},"excerpt":{"rendered":"<p>Wild Rose (Rosehip) Rosa canina L. &#8211; Rosaceae Wild rose (dog rose) is a shrub up to 3m tall. The entire bush is overgrown with sharp thorns. The leaves are oddly pinnate, and the leaflets are egg-shaped and sharply toothed. The flowers are white-pink in color with a pleasant smell, the fruits are egg-shaped, light &hellip;<\/p>\n<p class=\"read-more\"> <a class=\"\" href=\"https:\/\/www.alivitpharm.com\/fr\/wild-rose-rosehip\/\"> <span class=\"screen-reader-text\">Rosier des chiens (cynorrhodon)<\/span> Lire la suite\u00a0\u00bb<\/a><\/p>","protected":false},"author":9,"featured_media":0,"parent":0,"menu_order":0,"comment_status":"closed","ping_status":"closed","template":"","meta":{"site-sidebar-layout":"no-sidebar","site-content-layout":"page-builder","ast-global-header-display":"","ast-main-header-display":"","ast-hfb-above-header-display":"","ast-hfb-below-header-display":"","ast-hfb-mobile-header-display":"","site-post-title":"disabled","ast-breadcrumbs-content":"","ast-featured-img":"disabled","footer-sml-layout":"","theme-transparent-header-meta":"","adv-header-id-meta":"","stick-header-meta":"","header-above-stick-meta":"","header-main-stick-meta":"","header-below-stick-meta":"","footnotes":""},"class_list":["post-7354","page","type-page","status-publish","hentry"],"_links":{"self":[{"href":"https:\/\/www.alivitpharm.com\/fr\/wp-json\/wp\/v2\/pages\/7354","targetHints":{"allow":["GET"]}}],"collection":[{"href":"https:\/\/www.alivitpharm.com\/fr\/wp-json\/wp\/v2\/pages"}],"about":[{"href":"https:\/\/www.alivitpharm.com\/fr\/wp-json\/wp\/v2\/types\/page"}],"author":[{"embeddable":true,"href":"https:\/\/www.alivitpharm.com\/fr\/wp-json\/wp\/v2\/users\/9"}],"replies":[{"embeddable":true,"href":"https:\/\/www.alivitpharm.com\/fr\/wp-json\/wp\/v2\/comments?post=7354"}],"version-history":[{"count":0,"href":"https:\/\/www.alivitpharm.com\/fr\/wp-json\/wp\/v2\/pages\/7354\/revisions"}],"wp:attachment":[{"href":"https:\/\/www.alivitpharm.com\/fr\/wp-json\/wp\/v2\/media?parent=7354"}],"curies":[{"name":"wp","href":"https:\/\/api.w.org\/{rel}","templated":true}]}}