{"id":7399,"date":"2022-10-13T10:56:47","date_gmt":"2022-10-13T08:56:47","guid":{"rendered":"https:\/\/www.alivitpharm.com\/?page_id=7399"},"modified":"2022-10-13T13:56:55","modified_gmt":"2022-10-13T11:56:55","slug":"gingembre","status":"publish","type":"page","link":"https:\/\/www.alivitpharm.com\/fr\/ginger\/","title":{"rendered":"Gingembre"},"content":{"rendered":"<div data-elementor-type=\"wp-page\" data-elementor-id=\"7399\" class=\"elementor elementor-7399\">\n\t\t\t\t\t\t<section class=\"elementor-section elementor-top-section elementor-element elementor-element-41e044f elementor-section-content-middle elementor-section-boxed elementor-section-height-default elementor-section-height-default\" data-id=\"41e044f\" data-element_type=\"section\" data-e-type=\"section\" data-settings=\"{&quot;background_background&quot;:&quot;classic&quot;}\">\n\t\t\t\t\t\t\t<div class=\"elementor-background-overlay\"><\/div>\n\t\t\t\t\t\t\t<div class=\"elementor-container elementor-column-gap-default\">\n\t\t\t\t\t<div class=\"elementor-column elementor-col-100 elementor-top-column elementor-element elementor-element-e7f2b06\" data-id=\"e7f2b06\" data-element_type=\"column\" data-e-type=\"column\">\n\t\t\t<div class=\"elementor-widget-wrap elementor-element-populated\">\n\t\t\t\t\t\t<div class=\"elementor-element elementor-element-fd5baab elementor-widget elementor-widget-heading\" data-id=\"fd5baab\" data-element_type=\"widget\" data-e-type=\"widget\" data-widget_type=\"heading.default\">\n\t\t\t\t<div class=\"elementor-widget-container\">\n\t\t\t\t\t<h1 class=\"elementor-heading-title elementor-size-default\">Gingembre<\/h1>\t\t\t\t<\/div>\n\t\t\t\t<\/div>\n\t\t\t\t<div class=\"elementor-element elementor-element-db56678 elementor-widget elementor-widget-image\" data-id=\"db56678\" data-element_type=\"widget\" data-e-type=\"widget\" data-widget_type=\"image.default\">\n\t\t\t\t<div class=\"elementor-widget-container\">\n\t\t\t\t\t\t\t\t\t\t\t\t\t\t\t<img decoding=\"async\" width=\"75\" height=\"33\" src=\"https:\/\/www.alivitpharm.com\/wp-content\/uploads\/2019\/07\/logo-leaf-new.png\" class=\"attachment-large size-large wp-image-2518\" alt=\"\" \/>\t\t\t\t\t\t\t\t\t\t\t\t\t\t\t<\/div>\n\t\t\t\t<\/div>\n\t\t\t\t<div class=\"elementor-element elementor-element-66976e8 elementor-widget elementor-widget-text-editor\" data-id=\"66976e8\" data-element_type=\"widget\" data-e-type=\"widget\" data-widget_type=\"text-editor.default\">\n\t\t\t\t<div class=\"elementor-widget-container\">\n\t\t\t\t\t\t\t\t\t<p><em>Zingiber officinale L. &#8211; Zingiberaceae<\/em><\/p>\t\t\t\t\t\t\t\t<\/div>\n\t\t\t\t<\/div>\n\t\t\t\t\t<\/div>\n\t\t<\/div>\n\t\t\t\t\t<\/div>\n\t\t<\/section>\n\t\t\t\t<section class=\"elementor-section elementor-top-section elementor-element elementor-element-926f13c elementor-section-boxed elementor-section-height-default elementor-section-height-default\" data-id=\"926f13c\" data-element_type=\"section\" data-e-type=\"section\" data-settings=\"{&quot;background_background&quot;:&quot;classic&quot;}\">\n\t\t\t\t\t\t<div class=\"elementor-container elementor-column-gap-default\">\n\t\t\t\t\t<div class=\"elementor-column elementor-col-100 elementor-top-column elementor-element elementor-element-caaedbd\" data-id=\"caaedbd\" data-element_type=\"column\" data-e-type=\"column\">\n\t\t\t<div class=\"elementor-widget-wrap elementor-element-populated\">\n\t\t\t\t\t\t<div class=\"elementor-element elementor-element-27ad26f elementor-widget elementor-widget-image\" data-id=\"27ad26f\" data-element_type=\"widget\" data-e-type=\"widget\" data-widget_type=\"image.default\">\n\t\t\t\t<div class=\"elementor-widget-container\">\n\t\t\t\t\t\t\t\t\t\t\t\t\t\t\t<img decoding=\"async\" src=\"https:\/\/www.alivitpharm.com\/wp-content\/uploads\/2022\/10\/ginger.png\" title=\"ginger\" alt=\"Gingembre\" loading=\"lazy\" \/>\t\t\t\t\t\t\t\t\t\t\t\t\t\t\t<\/div>\n\t\t\t\t<\/div>\n\t\t\t\t<div class=\"elementor-element elementor-element-23ed6b9 elementor-widget elementor-widget-text-editor\" data-id=\"23ed6b9\" data-element_type=\"widget\" data-e-type=\"widget\" data-widget_type=\"text-editor.default\">\n\t\t\t\t<div class=\"elementor-widget-container\">\n\t\t\t\t\t\t\t\t\t<p><span class=\"jCAhz ChMk0b\"><span class=\"ryNqvb\"><strong>Gingembre<\/strong> est une plante herbac\u00e9e vivace cultiv\u00e9e dans les r\u00e9gions tropicales et subtropicales.<\/span><\/span> <span class=\"jCAhz ChMk0b\"><span class=\"ryNqvb\">Son origine se trouve en Asie du Sud-Est, puis son utilisation s'est \u00e9tendue \u00e0 travers le monde. Il \u00e9tait principalement utilis\u00e9 comme \u00e9pice en raison de sa saveur sp\u00e9cifique, et plus tard, il a trouv\u00e9 des applications en m\u00e9decine traditionnelle gr\u00e2ce \u00e0 ses propri\u00e9t\u00e9s m\u00e9dicinales.<\/span><\/span><\/p><p><span class=\"jCAhz ChMk0b\"><span class=\"ryNqvb\">La partie m\u00e9dicinale de la plante est le rhizome.<\/span><\/span> <span class=\"jCAhz ChMk0b\"><span class=\"ryNqvb\">Ce dernier contient des compos\u00e9s ph\u00e9noliques    (ph\u00e9nylalkano\u00efdes-shogaols, diarylheptanoid).<\/span><\/span> <span class=\"jCAhz ChMk0b\"><span class=\"ryNqvb\">Le rhizome renferme \u00e9galement une huile essentielle dans laquelle se trouvent des d\u00e9riv\u00e9s sesquiterp\u00e9niques (zingib\u00e9r\u00e8ne, zingib\u00e9rol, curcum\u00e8ne, bisabolol, farn\u00e9s\u00e8ne) et des monoterp\u00e8nes (camphre, \u03b2-ph\u00e9llandr\u00e8ne, g\u00e9raniol, n\u00e9ral).<\/span><\/span> <span class=\"jCAhz ChMk0b\"><span class=\"ryNqvb\">Les plus grands producteurs d'huile essentielle de gingembre sont l'Australie, le Vietnam, le Japon et le Ceylan.<\/span><\/span><\/p><p>Les propri\u00e9t\u00e9s m\u00e9dicinales du gingembre sont attribu\u00e9es aux compos\u00e9s mentionn\u00e9s ci-dessus. En raison de son effet anti-inflammatoire (r\u00e9duit les r\u00e9actions inflammatoires) et antioxydant (neutralise les radicaux libres), l'extrait huileux du rhizome de gingembre joue un r\u00f4le important dans le renforcement des capacit\u00e9s d\u00e9fensives de l'organisme. De nombreuses \u00e9tudes ont \u00e9galement prouv\u00e9 son action antimicrobienne, ce qui en fait un traitement recommand\u00e9 pour diverses infections virales et bact\u00e9riennes.<\/p>\t\t\t\t\t\t\t\t<\/div>\n\t\t\t\t<\/div>\n\t\t\t\t<div class=\"elementor-element elementor-element-2165524 elementor-widget elementor-widget-image\" data-id=\"2165524\" data-element_type=\"widget\" data-e-type=\"widget\" data-widget_type=\"image.default\">\n\t\t\t\t<div class=\"elementor-widget-container\">\n\t\t\t\t\t\t\t\t\t\t\t\t\t\t\t<img decoding=\"async\" src=\"https:\/\/www.alivitpharm.com\/wp-content\/uploads\/2022\/09\/leaves.png\" title=\"leaves\" alt=\"Leaves\" loading=\"lazy\" \/>\t\t\t\t\t\t\t\t\t\t\t\t\t\t\t<\/div>\n\t\t\t\t<\/div>\n\t\t\t\t<div class=\"elementor-element elementor-element-8c6ac91 elementor-widget elementor-widget-text-editor\" data-id=\"8c6ac91\" data-element_type=\"widget\" data-e-type=\"widget\" data-widget_type=\"text-editor.default\">\n\t\t\t\t<div class=\"elementor-widget-container\">\n\t\t\t\t\t\t\t\t\t<p><span class=\"jCAhz ChMk0b\"><span class=\"ryNqvb\">Cette plante a un grand potentiel dans le traitement des maladies d\u00e9g\u00e9n\u00e9ratives, comme l'arthrite rhumato\u00efde, gr\u00e2ce \u00e0 ses effets anti-inflammatoires.<\/span><\/span> <span class=\"jCAhz ChMk0b\"><span class=\"ryNqvb\">L'huile essentielle et les composants non volatils du gingembre renforcent le tonus et la p\u00e9ristaltisme des organes du tractus digestif.<\/span><\/span> <span class=\"jCAhz ChMk0b\"><span class=\"ryNqvb\">Ils augmentent la salivation et la s\u00e9cr\u00e9tion des sucs et enzymes dans l'estomac, jouant ainsi un r\u00f4le significatif dans le processus de digestion des aliments.<\/span><\/span> <span class=\"jCAhz ChMk0b\"><span class=\"ryNqvb\">En raison de la pr\u00e9sence de composants piquants, il est \u00e9galement utilis\u00e9 comme anti\u00e9m\u00e9tique (m\u00e9dicament contre les naus\u00e9es et les vomissements), notamment pour le mal des transports (traitement de la cin\u00e9tose).<\/span><\/span> <span class=\"jCAhz ChMk0b\"><span class=\"ryNqvb\">Le gingembre a \u00e9galement un effet inotrope positif sur le c\u0153ur, abaisse la pression art\u00e9rielle \u00e9lev\u00e9e et a un effet b\u00e9n\u00e9fique dans la pr\u00e9vention et le traitement de l'ath\u00e9roscl\u00e9rose.<\/span><\/span> <span class=\"jCAhz ChMk0b\"><span class=\"ryNqvb\">La consommation de gingembre avant l'entra\u00eenement peut r\u00e9duire la douleur musculaire, cons\u00e9quence de son effet anti-inflammatoire.<\/span><\/span><\/p><p><span class=\"jCAhz ChMk0b\"><span class=\"ryNqvb\">Malgr\u00e9 de nombreuses avanc\u00e9es m\u00e9dicales, le cancer reste la deuxi\u00e8me cause de mortalit\u00e9 dans le monde.<\/span><\/span> <span class=\"jCAhz ChMk0b\"><span class=\"ryNqvb\">Le traitement du cancer d\u00e9pend de la phase de la maladie et du type, ce qui comprend : la chirurgie, la radioth\u00e9rapie et la th\u00e9rapie syst\u00e9mique (chimioth\u00e9rapie et hormonoth\u00e9rapie).<\/span><\/span> <span class=\"jCAhz ChMk0b\"><span class=\"ryNqvb\">La radioth\u00e9rapie et la th\u00e9rapie syst\u00e9mique comportent divers effets secondaires, tels que naus\u00e9es, vomissements et affaiblissement du syst\u00e8me immunitaire.<\/span><\/span> <span class=\"jCAhz ChMk0b\"><span class=\"ryNqvb\">L'utilisation de la m\u00e9decine traditionnelle \u00e0 base de plantes chez ces patients est de plus en plus r\u00e9pandue, et le gingembre y trouve sa place.<\/span><\/span> <span class=\"jCAhz ChMk0b\"><span class=\"ryNqvb\">Des \u00e9tudes pr\u00e9cliniques ont prouv\u00e9 que le rhizome de gingembre pr\u00e9sente des propri\u00e9t\u00e9s antin\u00e9oplasiques (anti-tumorales) et est \u00e9galement utile pour soulager les naus\u00e9es et vomissements apr\u00e8s une radioth\u00e9rapie et une chimioth\u00e9rapie.<\/span><\/span><\/p><p>L'utilisation du gingembre est contre-indiqu\u00e9e en cas d'obstruction des voies biliaires, ainsi que pour les naus\u00e9es matinales pendant le premier trimestre de la grossesse.<\/p>\t\t\t\t\t\t\t\t<\/div>\n\t\t\t\t<\/div>\n\t\t\t\t<div class=\"elementor-element elementor-element-e8dac48 elementor-widget elementor-widget-heading\" data-id=\"e8dac48\" data-element_type=\"widget\" data-e-type=\"widget\" data-widget_type=\"heading.default\">\n\t\t\t\t<div class=\"elementor-widget-container\">\n\t\t\t\t\t<h4 class=\"elementor-heading-title elementor-size-default\">R\u00e9f\u00e9rences<\/h4>\t\t\t\t<\/div>\n\t\t\t\t<\/div>\n\t\t\t\t<div class=\"elementor-element elementor-element-2199e28 elementor-widget elementor-widget-text-editor\" data-id=\"2199e28\" data-element_type=\"widget\" data-e-type=\"widget\" data-widget_type=\"text-editor.default\">\n\t\t\t\t<div class=\"elementor-widget-container\">\n\t\t\t\t\t\t\t\t\t<ul><li><a class=\"reference-link\" href=\"https:\/\/www.ncbi.nlm.nih.gov\/pmc\/articles\/PMC3665023\/\" target=\"_blank\" rel=\"noopener\">Anti-Oxidative and Anti-Inflammatory Effects of Ginger in Health and Physical Activity: Review of Current Evidence<\/a><\/li><li><a class=\"reference-link\" href=\"https:\/\/pubmed.ncbi.nlm.nih.gov\/22540232\/\" target=\"_blank\" rel=\"noopener\">Inhibitory effect of Allium sativum and Zingiber officinale extracts on clinically important drug resistant pathogenic bacteria<\/a><\/li><li><a class=\"reference-link\" href=\"https:\/\/pubmed.ncbi.nlm.nih.gov\/22006742\/\" target=\"_blank\" rel=\"noopener\">Zingiber officinale Roscoe (ginger) as an adjuvant in cancer treatment: a review<\/a><\/li><\/ul>\t\t\t\t\t\t\t\t<\/div>\n\t\t\t\t<\/div>\n\t\t\t\t\t<\/div>\n\t\t<\/div>\n\t\t\t\t\t<\/div>\n\t\t<\/section>\n\t\t\t\t<\/div>","protected":false},"excerpt":{"rendered":"<p>Ginger Zingiber officinale L. &#8211; Zingiberaceae Ginger is a perennial, herbaceous plant that is grown in tropical and subtropical regions. Its origin is Southeast Asia, and then its application spread to the whole world. It was primarily used as a spice, due to its specific taste, and later found application in traditional medicine due to &hellip;<\/p>\n<p class=\"read-more\"> <a class=\"\" href=\"https:\/\/www.alivitpharm.com\/fr\/ginger\/\"> <span class=\"screen-reader-text\">Gingembre<\/span> Lire la suite\u00a0\u00bb<\/a><\/p>","protected":false},"author":9,"featured_media":0,"parent":0,"menu_order":0,"comment_status":"closed","ping_status":"closed","template":"","meta":{"site-sidebar-layout":"no-sidebar","site-content-layout":"page-builder","ast-global-header-display":"","ast-main-header-display":"","ast-hfb-above-header-display":"","ast-hfb-below-header-display":"","ast-hfb-mobile-header-display":"","site-post-title":"disabled","ast-breadcrumbs-content":"","ast-featured-img":"disabled","footer-sml-layout":"","theme-transparent-header-meta":"","adv-header-id-meta":"","stick-header-meta":"","header-above-stick-meta":"","header-main-stick-meta":"","header-below-stick-meta":"","footnotes":""},"class_list":["post-7399","page","type-page","status-publish","hentry"],"_links":{"self":[{"href":"https:\/\/www.alivitpharm.com\/fr\/wp-json\/wp\/v2\/pages\/7399","targetHints":{"allow":["GET"]}}],"collection":[{"href":"https:\/\/www.alivitpharm.com\/fr\/wp-json\/wp\/v2\/pages"}],"about":[{"href":"https:\/\/www.alivitpharm.com\/fr\/wp-json\/wp\/v2\/types\/page"}],"author":[{"embeddable":true,"href":"https:\/\/www.alivitpharm.com\/fr\/wp-json\/wp\/v2\/users\/9"}],"replies":[{"embeddable":true,"href":"https:\/\/www.alivitpharm.com\/fr\/wp-json\/wp\/v2\/comments?post=7399"}],"version-history":[{"count":0,"href":"https:\/\/www.alivitpharm.com\/fr\/wp-json\/wp\/v2\/pages\/7399\/revisions"}],"wp:attachment":[{"href":"https:\/\/www.alivitpharm.com\/fr\/wp-json\/wp\/v2\/media?parent=7399"}],"curies":[{"name":"wp","href":"https:\/\/api.w.org\/{rel}","templated":true}]}}