{"id":7432,"date":"2022-10-14T08:21:46","date_gmt":"2022-10-14T06:21:46","guid":{"rendered":"https:\/\/www.alivitpharm.com\/?page_id=7432"},"modified":"2022-10-14T10:08:45","modified_gmt":"2022-10-14T08:08:45","slug":"sureau-noir","status":"publish","type":"page","link":"https:\/\/www.alivitpharm.com\/fr\/black-elderberry\/","title":{"rendered":"Sureau noir"},"content":{"rendered":"<div data-elementor-type=\"wp-page\" data-elementor-id=\"7432\" class=\"elementor elementor-7432\">\n\t\t\t\t\t\t<section class=\"elementor-section elementor-top-section elementor-element elementor-element-4bb7924 elementor-section-content-middle elementor-section-boxed elementor-section-height-default elementor-section-height-default\" data-id=\"4bb7924\" data-element_type=\"section\" data-e-type=\"section\" data-settings=\"{&quot;background_background&quot;:&quot;classic&quot;}\">\n\t\t\t\t\t\t\t<div class=\"elementor-background-overlay\"><\/div>\n\t\t\t\t\t\t\t<div class=\"elementor-container elementor-column-gap-default\">\n\t\t\t\t\t<div class=\"elementor-column elementor-col-100 elementor-top-column elementor-element elementor-element-756ed26\" data-id=\"756ed26\" data-element_type=\"column\" data-e-type=\"column\">\n\t\t\t<div class=\"elementor-widget-wrap elementor-element-populated\">\n\t\t\t\t\t\t<div class=\"elementor-element elementor-element-477908f elementor-widget elementor-widget-heading\" data-id=\"477908f\" data-element_type=\"widget\" data-e-type=\"widget\" data-widget_type=\"heading.default\">\n\t\t\t\t<div class=\"elementor-widget-container\">\n\t\t\t\t\t<h1 class=\"elementor-heading-title elementor-size-default\">Sureau noir<\/h1>\t\t\t\t<\/div>\n\t\t\t\t<\/div>\n\t\t\t\t<div class=\"elementor-element elementor-element-fd62719 elementor-widget elementor-widget-image\" data-id=\"fd62719\" data-element_type=\"widget\" data-e-type=\"widget\" data-widget_type=\"image.default\">\n\t\t\t\t<div class=\"elementor-widget-container\">\n\t\t\t\t\t\t\t\t\t\t\t\t\t\t\t<img decoding=\"async\" width=\"75\" height=\"33\" src=\"https:\/\/www.alivitpharm.com\/wp-content\/uploads\/2019\/07\/logo-leaf-new.png\" class=\"attachment-large size-large wp-image-2518\" alt=\"\" \/>\t\t\t\t\t\t\t\t\t\t\t\t\t\t\t<\/div>\n\t\t\t\t<\/div>\n\t\t\t\t<div class=\"elementor-element elementor-element-bc87980 elementor-widget elementor-widget-text-editor\" data-id=\"bc87980\" data-element_type=\"widget\" data-e-type=\"widget\" data-widget_type=\"text-editor.default\">\n\t\t\t\t<div class=\"elementor-widget-container\">\n\t\t\t\t\t\t\t\t\t<p><em>Sambucus nigra L. &#8211; Adoxaceae<\/em><\/p>\t\t\t\t\t\t\t\t<\/div>\n\t\t\t\t<\/div>\n\t\t\t\t\t<\/div>\n\t\t<\/div>\n\t\t\t\t\t<\/div>\n\t\t<\/section>\n\t\t\t\t<section class=\"elementor-section elementor-top-section elementor-element elementor-element-b4f287e elementor-section-boxed elementor-section-height-default elementor-section-height-default\" data-id=\"b4f287e\" data-element_type=\"section\" data-e-type=\"section\" data-settings=\"{&quot;background_background&quot;:&quot;classic&quot;}\">\n\t\t\t\t\t\t<div class=\"elementor-container elementor-column-gap-default\">\n\t\t\t\t\t<div class=\"elementor-column elementor-col-100 elementor-top-column elementor-element elementor-element-820edd1\" data-id=\"820edd1\" data-element_type=\"column\" data-e-type=\"column\">\n\t\t\t<div class=\"elementor-widget-wrap elementor-element-populated\">\n\t\t\t\t\t\t<div class=\"elementor-element elementor-element-8520cb6 elementor-widget elementor-widget-image\" data-id=\"8520cb6\" data-element_type=\"widget\" data-e-type=\"widget\" data-widget_type=\"image.default\">\n\t\t\t\t<div class=\"elementor-widget-container\">\n\t\t\t\t\t\t\t\t\t\t\t\t\t\t\t<img decoding=\"async\" src=\"https:\/\/www.alivitpharm.com\/wp-content\/uploads\/2022\/10\/elderberry.jpg\" title=\"elderberry\" alt=\"Elderberry\" loading=\"lazy\" \/>\t\t\t\t\t\t\t\t\t\t\t\t\t\t\t<\/div>\n\t\t\t\t<\/div>\n\t\t\t\t<div class=\"elementor-element elementor-element-8ac23b1 elementor-widget elementor-widget-text-editor\" data-id=\"8ac23b1\" data-element_type=\"widget\" data-e-type=\"widget\" data-widget_type=\"text-editor.default\">\n\t\t\t\t<div class=\"elementor-widget-container\">\n\t\t\t\t\t\t\t\t\t<p><span class=\"jCAhz ChMk0b\"><span class=\"ryNqvb\">Le sureau est un buisson ou un petit arbre.<\/span><\/span> <span class=\"jCAhz ChMk0b\"><span class=\"ryNqvb\">L'\u00e9corce est fissur\u00e9e, de couleur grise, et les jeunes branches sont vertes avec de gros bourgeons ovo\u00efdes bien visibles.<\/span><\/span> <span class=\"jCAhz ChMk0b\"><span class=\"ryNqvb\">Les feuilles sont compos\u00e9es et imparipenn\u00e9es, les fleurs ont une couronne jaune-blanche, parfum\u00e9e, regroup\u00e9es en inflorescences denses.<\/span><\/span> <span class=\"jCAhz ChMk0b\"><span class=\"ryNqvb\">Le fruit est une drupes de couleur rouge-violet, contenant 3 graines. <\/span><\/span>Le sureau pousse dans des endroits lumineux et chauds et est assez r\u00e9pandu dans nos r\u00e9gions.<\/p><p><span class=\"jCAhz ChMk0b\"><span class=\"ryNqvb\"><strong>Sureau noir<\/strong> <em>(Sambucus nigra)<\/em> est, selon de nombreux mythes, une plante magique.<\/span><\/span> <span class=\"jCAhz ChMk0b\"><span class=\"ryNqvb\">En raison de ses propri\u00e9t\u00e9s m\u00e9dicinales, il a \u00e9t\u00e9 utilis\u00e9 dans l'\u00c9gypte ancienne et la Gr\u00e8ce antique, et Hippocrate, le p\u00e8re de la m\u00e9decine, a appel\u00e9 cette plante \"le coffre de la sant\u00e9\".<\/span><\/span><\/p><p><span class=\"jCAhz ChMk0b\"><span class=\"ryNqvb\">Le sureau noir contient du b\u00eata-carot\u00e8ne, des vitamines B et C, ainsi que des min\u00e9raux tels que le fer, le sodium et le calcium.<\/span><\/span> <span class=\"jCAhz ChMk0b\"><span class=\"ryNqvb\">De plus, dans le fruit du sureau noir, on trouve des anthocyanines (sambucine), des tanins, des phytost\u00e9rols, des mucilages et des acides amin\u00e9s.<\/span><\/span> <span class=\"jCAhz ChMk0b\"><span class=\"ryNqvb\">Il contient \u00e9galement des pigments organiques, de l'acide chlorog\u00e9nique, et est riche en flavono\u00efdes h\u00e9t\u00e9rosides (rutin, isoquercitrine, hyp\u00e9roside) qui sont d'excellents antioxydants.<\/span><\/span> <span class=\"jCAhz ChMk0b\"><span class=\"ryNqvb\">La substance active sambucol stimule le syst\u00e8me immunitaire par la production de cytokines et r\u00e9duit la dur\u00e9e de la grippe de 3 \u00e0 4 jours.<\/span><\/span> <span class=\"jCAhz ChMk0b\"><span class=\"ryNqvb\">L'huile essentielle est pr\u00e9sente en traces et contient principalement des acides gras.<\/span><\/span><\/p>\t\t\t\t\t\t\t\t<\/div>\n\t\t\t\t<\/div>\n\t\t\t\t<div class=\"elementor-element elementor-element-976c7f3 elementor-widget elementor-widget-image\" data-id=\"976c7f3\" data-element_type=\"widget\" data-e-type=\"widget\" data-widget_type=\"image.default\">\n\t\t\t\t<div class=\"elementor-widget-container\">\n\t\t\t\t\t\t\t\t\t\t\t\t\t\t\t<img decoding=\"async\" src=\"https:\/\/www.alivitpharm.com\/wp-content\/uploads\/2022\/09\/leaves.png\" title=\"leaves\" alt=\"Leaves\" loading=\"lazy\" \/>\t\t\t\t\t\t\t\t\t\t\t\t\t\t\t<\/div>\n\t\t\t\t<\/div>\n\t\t\t\t<div class=\"elementor-element elementor-element-a582557 elementor-widget elementor-widget-text-editor\" data-id=\"a582557\" data-element_type=\"widget\" data-e-type=\"widget\" data-widget_type=\"text-editor.default\">\n\t\t\t\t<div class=\"elementor-widget-container\">\n\t\t\t\t\t\t\t\t\t<p><span class=\"jCAhz ChMk0b\"><span class=\"ryNqvb\">En raison de ses propri\u00e9t\u00e9s antioxydantes (neutralise les radicaux libres dans l'organisme) et immunomodulatrices (stimule le syst\u00e8me immunitaire), il est recommand\u00e9 dans la pr\u00e9vention et le traitement des infections des voies respiratoires sup\u00e9rieures.<\/span><\/span> <span class=\"jCAhz ChMk0b\"><span class=\"ryNqvb\">Cette plante est consid\u00e9r\u00e9e comme un antivirale naturel, en particulier contre diff\u00e9rents types de virus de la grippe.<\/span><\/span> <span class=\"jCAhz ChMk0b\"><span class=\"ryNqvb\">Des recherches in vitro ont prouv\u00e9 que le sureau noir est efficace contre jusqu'\u00e0 10 souches du virus de la grippe.<\/span><\/span> <span class=\"jCAhz ChMk0b\"><span class=\"ryNqvb\">De plus, de nombreuses \u00e9tudes ont montr\u00e9 que le sureau peut \u00eatre utile pour activer la r\u00e9ponse immunitaire (activation des cytokines inflammatoires) chez des personnes en bonne sant\u00e9, mais aussi chez des personnes souffrant de certaines maladies, telles que diff\u00e9rents types de cancer et le sida. <\/span><\/span><span class=\"jCAhz ChMk0b\"><span class=\"ryNqvb\">Le sureau noir peut \u00eatre recommand\u00e9 aux patients diab\u00e9tiques pour renforcer leur syst\u00e8me immunitaire.<\/span><\/span> <span class=\"jCAhz ChMk0b\"><span class=\"ryNqvb\">Les polyph\u00e9nols extraits des fruits de cette plante modifient la r\u00e9ponse immunitaire chez les personnes atteintes de diab\u00e8te et r\u00e9duisent le risque de r\u00e9actions inflammatoires.<\/span><\/span><\/p>\t\t\t\t\t\t\t\t<\/div>\n\t\t\t\t<\/div>\n\t\t\t\t<div class=\"elementor-element elementor-element-9699294 elementor-widget elementor-widget-heading\" data-id=\"9699294\" data-element_type=\"widget\" data-e-type=\"widget\" data-widget_type=\"heading.default\">\n\t\t\t\t<div class=\"elementor-widget-container\">\n\t\t\t\t\t<h4 class=\"elementor-heading-title elementor-size-default\">R\u00e9f\u00e9rences<\/h4>\t\t\t\t<\/div>\n\t\t\t\t<\/div>\n\t\t\t\t<div class=\"elementor-element elementor-element-844d616 elementor-widget elementor-widget-text-editor\" data-id=\"844d616\" data-element_type=\"widget\" data-e-type=\"widget\" data-widget_type=\"text-editor.default\">\n\t\t\t\t<div class=\"elementor-widget-container\">\n\t\t\t\t\t\t\t\t\t<ul><li><a class=\"reference-link\" href=\"https:\/\/pubmed.ncbi.nlm.nih.gov\/30670267\/\" target=\"_blank\" rel=\"noopener\">Black elderberry (Sambucus nigra) supplementation effectively treats upper respiratory symptoms: A meta-analysis of randomized, controlled clinical trials<\/a><\/li><li><a class=\"reference-link\" href=\"https:\/\/pubmed.ncbi.nlm.nih.gov\/25327310\/\" target=\"_blank\" rel=\"noopener\">Effects of Sambucus nigra and Aronia melanocarpa extracts on immune system disorders within diabetes mellitus<\/a><\/li><li><a class=\"reference-link\" href=\"https:\/\/pubmed.ncbi.nlm.nih.gov\/11399518\/\" target=\"_blank\" rel=\"noopener\">The effect of Sambucol, a black elderberry-based, natural product, on the production of human cytokines: I. Inflammatory cytokines<\/a><\/li><li><a class=\"reference-link\" href=\"https:\/\/pubmed.ncbi.nlm.nih.gov\/32864330\/\" target=\"_blank\" rel=\"noopener\">The effects of Sambucus nigra berry on acute respiratory viral infections: A rapid review of clinical studies<\/a><\/li><\/ul>\t\t\t\t\t\t\t\t<\/div>\n\t\t\t\t<\/div>\n\t\t\t\t\t<\/div>\n\t\t<\/div>\n\t\t\t\t\t<\/div>\n\t\t<\/section>\n\t\t\t\t<\/div>","protected":false},"excerpt":{"rendered":"<p>Black Elderberry Sambucus nigra L. &#8211; Adoxaceae Elderberry is a shrub or low tree. The bark is cracked, gray in color, on young branches it is green with prominent large, egg-shaped buds. The leaves are oddly pinnate, the flowers are white-yellow, fragrant, collected in dense inflorescences. The fruit is a drupe, red-purple in color, containing &hellip;<\/p>\n<p class=\"read-more\"> <a class=\"\" href=\"https:\/\/www.alivitpharm.com\/fr\/black-elderberry\/\"> <span class=\"screen-reader-text\">Sureau noir<\/span> Lire la suite\u00a0\u00bb<\/a><\/p>","protected":false},"author":9,"featured_media":0,"parent":0,"menu_order":0,"comment_status":"closed","ping_status":"closed","template":"","meta":{"site-sidebar-layout":"no-sidebar","site-content-layout":"page-builder","ast-global-header-display":"","ast-main-header-display":"","ast-hfb-above-header-display":"","ast-hfb-below-header-display":"","ast-hfb-mobile-header-display":"","site-post-title":"disabled","ast-breadcrumbs-content":"","ast-featured-img":"disabled","footer-sml-layout":"","theme-transparent-header-meta":"","adv-header-id-meta":"","stick-header-meta":"","header-above-stick-meta":"","header-main-stick-meta":"","header-below-stick-meta":"","footnotes":""},"class_list":["post-7432","page","type-page","status-publish","hentry"],"_links":{"self":[{"href":"https:\/\/www.alivitpharm.com\/fr\/wp-json\/wp\/v2\/pages\/7432","targetHints":{"allow":["GET"]}}],"collection":[{"href":"https:\/\/www.alivitpharm.com\/fr\/wp-json\/wp\/v2\/pages"}],"about":[{"href":"https:\/\/www.alivitpharm.com\/fr\/wp-json\/wp\/v2\/types\/page"}],"author":[{"embeddable":true,"href":"https:\/\/www.alivitpharm.com\/fr\/wp-json\/wp\/v2\/users\/9"}],"replies":[{"embeddable":true,"href":"https:\/\/www.alivitpharm.com\/fr\/wp-json\/wp\/v2\/comments?post=7432"}],"version-history":[{"count":0,"href":"https:\/\/www.alivitpharm.com\/fr\/wp-json\/wp\/v2\/pages\/7432\/revisions"}],"wp:attachment":[{"href":"https:\/\/www.alivitpharm.com\/fr\/wp-json\/wp\/v2\/media?parent=7432"}],"curies":[{"name":"wp","href":"https:\/\/api.w.org\/{rel}","templated":true}]}}