{"id":7724,"date":"2022-10-21T09:24:27","date_gmt":"2022-10-21T07:24:27","guid":{"rendered":"https:\/\/www.alivitpharm.com\/?page_id=7724"},"modified":"2022-10-21T13:24:47","modified_gmt":"2022-10-21T11:24:47","slug":"ail-des-ours","status":"publish","type":"page","link":"https:\/\/www.alivitpharm.com\/fr\/wild-garlic\/","title":{"rendered":"Ail des ours"},"content":{"rendered":"<div data-elementor-type=\"wp-page\" data-elementor-id=\"7724\" class=\"elementor elementor-7724\">\n\t\t\t\t\t\t<section class=\"elementor-section elementor-top-section elementor-element elementor-element-d506db5 elementor-section-content-middle elementor-section-boxed elementor-section-height-default elementor-section-height-default\" data-id=\"d506db5\" data-element_type=\"section\" data-e-type=\"section\" data-settings=\"{&quot;background_background&quot;:&quot;classic&quot;}\">\n\t\t\t\t\t\t\t<div class=\"elementor-background-overlay\"><\/div>\n\t\t\t\t\t\t\t<div class=\"elementor-container elementor-column-gap-default\">\n\t\t\t\t\t<div class=\"elementor-column elementor-col-100 elementor-top-column elementor-element elementor-element-eff1f98\" data-id=\"eff1f98\" data-element_type=\"column\" data-e-type=\"column\">\n\t\t\t<div class=\"elementor-widget-wrap elementor-element-populated\">\n\t\t\t\t\t\t<div class=\"elementor-element elementor-element-9228915 elementor-widget elementor-widget-heading\" data-id=\"9228915\" data-element_type=\"widget\" data-e-type=\"widget\" data-widget_type=\"heading.default\">\n\t\t\t\t<div class=\"elementor-widget-container\">\n\t\t\t\t\t<h1 class=\"elementor-heading-title elementor-size-default\">Ail des ours<\/h1>\t\t\t\t<\/div>\n\t\t\t\t<\/div>\n\t\t\t\t<div class=\"elementor-element elementor-element-32c1769 elementor-widget elementor-widget-image\" data-id=\"32c1769\" data-element_type=\"widget\" data-e-type=\"widget\" data-widget_type=\"image.default\">\n\t\t\t\t<div class=\"elementor-widget-container\">\n\t\t\t\t\t\t\t\t\t\t\t\t\t\t\t<img decoding=\"async\" width=\"75\" height=\"33\" src=\"https:\/\/www.alivitpharm.com\/wp-content\/uploads\/2019\/07\/logo-leaf-new.png\" class=\"attachment-large size-large wp-image-2518\" alt=\"\" \/>\t\t\t\t\t\t\t\t\t\t\t\t\t\t\t<\/div>\n\t\t\t\t<\/div>\n\t\t\t\t<div class=\"elementor-element elementor-element-c9803ad elementor-widget elementor-widget-text-editor\" data-id=\"c9803ad\" data-element_type=\"widget\" data-e-type=\"widget\" data-widget_type=\"text-editor.default\">\n\t\t\t\t<div class=\"elementor-widget-container\">\n\t\t\t\t\t\t\t\t\t<p><em>Alli ursini folium \u2013 Feuille d'ail des ours<br \/>Allium ursinum \u2013 Allia ceae<\/em><\/p>\t\t\t\t\t\t\t\t<\/div>\n\t\t\t\t<\/div>\n\t\t\t\t\t<\/div>\n\t\t<\/div>\n\t\t\t\t\t<\/div>\n\t\t<\/section>\n\t\t\t\t<section class=\"elementor-section elementor-top-section elementor-element elementor-element-623f25e elementor-section-boxed elementor-section-height-default elementor-section-height-default\" data-id=\"623f25e\" data-element_type=\"section\" data-e-type=\"section\" data-settings=\"{&quot;background_background&quot;:&quot;classic&quot;}\">\n\t\t\t\t\t\t<div class=\"elementor-container elementor-column-gap-default\">\n\t\t\t\t\t<div class=\"elementor-column elementor-col-100 elementor-top-column elementor-element elementor-element-13b2f6a\" data-id=\"13b2f6a\" data-element_type=\"column\" data-e-type=\"column\">\n\t\t\t<div class=\"elementor-widget-wrap elementor-element-populated\">\n\t\t\t\t\t\t<div class=\"elementor-element elementor-element-ccdc037 elementor-widget elementor-widget-image\" data-id=\"ccdc037\" data-element_type=\"widget\" data-e-type=\"widget\" data-widget_type=\"image.default\">\n\t\t\t\t<div class=\"elementor-widget-container\">\n\t\t\t\t\t\t\t\t\t\t\t\t\t\t\t<img decoding=\"async\" src=\"https:\/\/www.alivitpharm.com\/wp-content\/uploads\/2022\/10\/wild-garlic.jpg\" title=\"wild-garlic\" alt=\"Ail des ours\" loading=\"lazy\" \/>\t\t\t\t\t\t\t\t\t\t\t\t\t\t\t<\/div>\n\t\t\t\t<\/div>\n\t\t\t\t<div class=\"elementor-element elementor-element-397d73c elementor-widget elementor-widget-text-editor\" data-id=\"397d73c\" data-element_type=\"widget\" data-e-type=\"widget\" data-widget_type=\"text-editor.default\">\n\t\t\t\t<div class=\"elementor-widget-container\">\n\t\t\t\t\t\t\t\t\t<p><span class=\"jCAhz ChMk0b\"><span class=\"ryNqvb\"><strong>L'ail des ours<\/strong>\u00a0est une plante herbac\u00e9e vivace.<\/span><\/span> <span class=\"jCAhz ChMk0b\"><span class=\"ryNqvb\">Elle se caract\u00e9rise par un organe souterrain modifi\u00e9 - un bulbe.<\/span><\/span> <span class=\"jCAhz ChMk0b\"><span class=\"ryNqvb\">Le bulbe est droit, mesure entre 2 et 5 cm, et est entour\u00e9 de petites \u00e9cailles blanches-jaun\u00e2tres.<\/span><\/span> <span class=\"jCAhz ChMk0b\"><span class=\"ryNqvb\">Deux feuilles partent du bulbe, elles sont de forme elliptique, pointues, et de couleur verte.<\/span><\/span> <span class=\"jCAhz ChMk0b\"><span class=\"ryNqvb\">\u00c0 la base de la feuille, celle-ci se r\u00e9tr\u00e9cit en une longue p\u00e9tioles.<\/span><\/span> <span class=\"jCAhz ChMk0b\"><span class=\"ryNqvb\">La tige est triangulaire en coupe transversale, et au sommet, se d\u00e9veloppent des fleurs blanches group\u00e9es en ombelles.<\/span><\/span> <span class=\"jCAhz ChMk0b\"><span class=\"ryNqvb\">Le fruit est une capsule, contenant des graines triangulaires rouges.<\/span><\/span><\/p><p><span class=\"jCAhz ChMk0b\"><span class=\"ryNqvb\">L'ail des ours est une plante sauvage comestible, semblable \u00e0 l'ail en termes d'odeur.<\/span><\/span> <span class=\"jCAhz ChMk0b\"><span class=\"ryNqvb\">Il est \u00e9galement connu sous d'autres noms tels que l'ail des bois, l'ail sauvage eurasiatique<b>, <\/b>ou l'ail de l'ours.<\/span><\/span> <span class=\"jCAhz ChMk0b\"><span class=\"ryNqvb\">Il pousse dans les for\u00eats feuillues humides d'Europe et dans certaines parties de l'Asie.<\/span><\/span> <span class=\"jCAhz ChMk0b\"><span class=\"ryNqvb\">Toutes les parties de la plante sont comestibles, et les feuilles sont r\u00e9colt\u00e9es avant la floraison pour la consommation.<\/span><\/span><\/p>\t\t\t\t\t\t\t\t<\/div>\n\t\t\t\t<\/div>\n\t\t\t\t<div class=\"elementor-element elementor-element-4302ff6 elementor-widget elementor-widget-image\" data-id=\"4302ff6\" data-element_type=\"widget\" data-e-type=\"widget\" data-widget_type=\"image.default\">\n\t\t\t\t<div class=\"elementor-widget-container\">\n\t\t\t\t\t\t\t\t\t\t\t\t\t\t\t<img decoding=\"async\" src=\"https:\/\/www.alivitpharm.com\/wp-content\/uploads\/2022\/09\/leaves.png\" title=\"leaves\" alt=\"Leaves\" loading=\"lazy\" \/>\t\t\t\t\t\t\t\t\t\t\t\t\t\t\t<\/div>\n\t\t\t\t<\/div>\n\t\t\t\t<div class=\"elementor-element elementor-element-caca516 elementor-widget elementor-widget-text-editor\" data-id=\"caca516\" data-element_type=\"widget\" data-e-type=\"widget\" data-widget_type=\"text-editor.default\">\n\t\t\t\t<div class=\"elementor-widget-container\">\n\t\t\t\t\t\t\t\t\t<p><span class=\"jCAhz ChMk0b\"><span class=\"ryNqvb\">L'ail des ours contient une grande quantit\u00e9 de soufre, ce qui en fait un ingr\u00e9dient important pour maintenir la sant\u00e9 du tractus digestif (il aide \u00e0 \u00e9quilibrer la microflore intestinale) et de l'ensemble de l'organisme, ainsi que pour l'\u00e9limination des m\u00e9taux lourds.<\/span><\/span> <span class=\"jCAhz ChMk0b\"><span class=\"ryNqvb\">Les principes actifs de l'ail des ours sont l'allicine et les thiosulfinate, qui sont responsables de la r\u00e9duction des lipides (r\u00e9duisent le taux de LDL-cholest\u00e9rol et augmentent le taux de bon cholest\u00e9rol, ou HDL), pr\u00e9viennent la coagulation sanguine et r\u00e9duisent la pression art\u00e9rielle.<\/span><\/span> <span class=\"jCAhz ChMk0b\"><span class=\"ryNqvb\">Dans ces effets, on retrouve l'action cardioprotectrice de l'ail des ours.<\/span><\/span><\/p><p><span class=\"jCAhz ChMk0b\"><span class=\"ryNqvb\">En plus des compos\u00e9s mentionn\u00e9s, l'ail des ours contient \u00e9galement de l'ajo\u00e8ne, une substance qui joue un r\u00f4le important dans le traitement des m\u00e9lanomes et de certains types de leuc\u00e9mie, ainsi que de l'ad\u00e9nosine qui a un effet tr\u00e8s b\u00e9n\u00e9fique sur le maintien des valeurs normales de la pression art\u00e9rielle.<\/span><\/span> <span class=\"jCAhz ChMk0b\"><span class=\"ryNqvb\">Il montre \u00e9galement une activit\u00e9 antioxydante (neutralise les radicaux libres), et poss\u00e8de une activit\u00e9 antimicrobienne marqu\u00e9e (contre les virus, bact\u00e9ries, champignons et parasites).<\/span><\/span> <span class=\"jCAhz ChMk0b\"><span class=\"ryNqvb\">Cette plante fait l'objet de nombreuses recherches m\u00e9dicales en raison de sa composition.<\/span><\/span><\/p>\t\t\t\t\t\t\t\t<\/div>\n\t\t\t\t<\/div>\n\t\t\t\t<div class=\"elementor-element elementor-element-dda13c9 elementor-widget elementor-widget-heading\" data-id=\"dda13c9\" data-element_type=\"widget\" data-e-type=\"widget\" data-widget_type=\"heading.default\">\n\t\t\t\t<div class=\"elementor-widget-container\">\n\t\t\t\t\t<h4 class=\"elementor-heading-title elementor-size-default\">R\u00e9f\u00e9rences<\/h4>\t\t\t\t<\/div>\n\t\t\t\t<\/div>\n\t\t\t\t<div class=\"elementor-element elementor-element-9418782 elementor-widget elementor-widget-text-editor\" data-id=\"9418782\" data-element_type=\"widget\" data-e-type=\"widget\" data-widget_type=\"text-editor.default\">\n\t\t\t\t<div class=\"elementor-widget-container\">\n\t\t\t\t\t\t\t\t\t<ul><li><a class=\"reference-link\" href=\"https:\/\/pubmed.ncbi.nlm.nih.gov\/25774103\/\" target=\"_blank\" rel=\"noopener\">Allium ursinum: botanical, phytochemical and pharmacological overview<\/a><\/li><li><a class=\"reference-link\" href=\"https:\/\/pubmed.ncbi.nlm.nih.gov\/33335521\/\" target=\"_blank\" rel=\"noopener\">Antioxidant and Antiproliferative Activity of Allium ursinum and Their Associated Microbiota During Simulated in vitro Digestion in the Presence of Food Matrix<\/a><\/li><li><a class=\"reference-link\" href=\"https:\/\/pubmed.ncbi.nlm.nih.gov\/28543032\/\" target=\"_blank\" rel=\"noopener\">Influence of different wild-garlic (Allium ursinum) extracts on the gastrointestinal system: spasmolytic, antimicrobial and antioxidant properties<\/a><\/li><li><a class=\"reference-link\" href=\"https:\/\/pubmed.ncbi.nlm.nih.gov\/22408399\/\" target=\"_blank\" rel=\"noopener\">Chemical composition and in vitro antifungal activity screening of the Allium ursinum L. (Liliaceae)<\/a><\/li><li><a class=\"reference-link\" href=\"https:\/\/pubmed.ncbi.nlm.nih.gov\/27517918\/\" target=\"_blank\" rel=\"noopener\">Anti-Atherogenic Properties of Allium ursinum Liophylisate: Impact on Lipoprotein Homeostasis and Cardiac Biomarkers in Hypercholesterolemic Rabbits<\/a><\/li><li><a class=\"reference-link\" href=\"https:\/\/pubmed.ncbi.nlm.nih.gov\/31297043\/\" target=\"_blank\" rel=\"noopener\">Ethanol extracts of Allium sp. regulate cyclooxygenase-2 and E-cadherin expression in gastric cancer MKN74 cell line and enhance doxorubicin toxicity<\/a><\/li><\/ul>\t\t\t\t\t\t\t\t<\/div>\n\t\t\t\t<\/div>\n\t\t\t\t\t<\/div>\n\t\t<\/div>\n\t\t\t\t\t<\/div>\n\t\t<\/section>\n\t\t\t\t<\/div>","protected":false},"excerpt":{"rendered":"<p>Wild Garlic Alli ursini folium \u2013 Leaf of wild garlicAllium ursinum \u2013 Allia ceae Wild garlic\u00a0is a perennial herbaceous plant. It is characterized by a metamorphosed underground shoot-bulb. The bulb is upright, 2-5 cm long, covered with white-yellow leaves. Two leaves emerge from the bulb, the leaf is elliptical, with a sharp tip, green in &hellip;<\/p>\n<p class=\"read-more\"> <a class=\"\" href=\"https:\/\/www.alivitpharm.com\/fr\/wild-garlic\/\"> <span class=\"screen-reader-text\">Ail des ours<\/span> Lire la suite\u00a0\u00bb<\/a><\/p>","protected":false},"author":9,"featured_media":0,"parent":0,"menu_order":0,"comment_status":"closed","ping_status":"closed","template":"","meta":{"site-sidebar-layout":"no-sidebar","site-content-layout":"page-builder","ast-global-header-display":"","ast-main-header-display":"","ast-hfb-above-header-display":"","ast-hfb-below-header-display":"","ast-hfb-mobile-header-display":"","site-post-title":"disabled","ast-breadcrumbs-content":"","ast-featured-img":"disabled","footer-sml-layout":"","theme-transparent-header-meta":"","adv-header-id-meta":"","stick-header-meta":"","header-above-stick-meta":"","header-main-stick-meta":"","header-below-stick-meta":"","footnotes":""},"class_list":["post-7724","page","type-page","status-publish","hentry"],"_links":{"self":[{"href":"https:\/\/www.alivitpharm.com\/fr\/wp-json\/wp\/v2\/pages\/7724","targetHints":{"allow":["GET"]}}],"collection":[{"href":"https:\/\/www.alivitpharm.com\/fr\/wp-json\/wp\/v2\/pages"}],"about":[{"href":"https:\/\/www.alivitpharm.com\/fr\/wp-json\/wp\/v2\/types\/page"}],"author":[{"embeddable":true,"href":"https:\/\/www.alivitpharm.com\/fr\/wp-json\/wp\/v2\/users\/9"}],"replies":[{"embeddable":true,"href":"https:\/\/www.alivitpharm.com\/fr\/wp-json\/wp\/v2\/comments?post=7724"}],"version-history":[{"count":0,"href":"https:\/\/www.alivitpharm.com\/fr\/wp-json\/wp\/v2\/pages\/7724\/revisions"}],"wp:attachment":[{"href":"https:\/\/www.alivitpharm.com\/fr\/wp-json\/wp\/v2\/media?parent=7724"}],"curies":[{"name":"wp","href":"https:\/\/api.w.org\/{rel}","templated":true}]}}