{"id":7769,"date":"2022-10-21T13:49:50","date_gmt":"2022-10-21T11:49:50","guid":{"rendered":"https:\/\/www.alivitpharm.com\/?page_id=7769"},"modified":"2022-10-24T10:19:49","modified_gmt":"2022-10-24T08:19:49","slug":"melisse-officinale","status":"publish","type":"page","link":"https:\/\/www.alivitpharm.com\/fr\/lemon-balm\/","title":{"rendered":"M\u00e9lisse officinale"},"content":{"rendered":"<div data-elementor-type=\"wp-page\" data-elementor-id=\"7769\" class=\"elementor elementor-7769\">\n\t\t\t\t\t\t<section class=\"elementor-section elementor-top-section elementor-element elementor-element-b0829ad elementor-section-content-middle elementor-section-boxed elementor-section-height-default elementor-section-height-default\" data-id=\"b0829ad\" data-element_type=\"section\" data-e-type=\"section\" data-settings=\"{&quot;background_background&quot;:&quot;classic&quot;}\">\n\t\t\t\t\t\t\t<div class=\"elementor-background-overlay\"><\/div>\n\t\t\t\t\t\t\t<div class=\"elementor-container elementor-column-gap-default\">\n\t\t\t\t\t<div class=\"elementor-column elementor-col-100 elementor-top-column elementor-element elementor-element-13fa661\" data-id=\"13fa661\" data-element_type=\"column\" data-e-type=\"column\">\n\t\t\t<div class=\"elementor-widget-wrap elementor-element-populated\">\n\t\t\t\t\t\t<div class=\"elementor-element elementor-element-400927c elementor-widget elementor-widget-heading\" data-id=\"400927c\" data-element_type=\"widget\" data-e-type=\"widget\" data-widget_type=\"heading.default\">\n\t\t\t\t<div class=\"elementor-widget-container\">\n\t\t\t\t\t<h1 class=\"elementor-heading-title elementor-size-default\">M\u00e9lisse officinale<\/h1>\t\t\t\t<\/div>\n\t\t\t\t<\/div>\n\t\t\t\t<div class=\"elementor-element elementor-element-7438924 elementor-widget elementor-widget-image\" data-id=\"7438924\" data-element_type=\"widget\" data-e-type=\"widget\" data-widget_type=\"image.default\">\n\t\t\t\t<div class=\"elementor-widget-container\">\n\t\t\t\t\t\t\t\t\t\t\t\t\t\t\t<img decoding=\"async\" width=\"75\" height=\"33\" src=\"https:\/\/www.alivitpharm.com\/wp-content\/uploads\/2019\/07\/logo-leaf-new.png\" class=\"attachment-large size-large wp-image-2518\" alt=\"\" \/>\t\t\t\t\t\t\t\t\t\t\t\t\t\t\t<\/div>\n\t\t\t\t<\/div>\n\t\t\t\t<div class=\"elementor-element elementor-element-206aee2 elementor-widget elementor-widget-text-editor\" data-id=\"206aee2\" data-element_type=\"widget\" data-e-type=\"widget\" data-widget_type=\"text-editor.default\">\n\t\t\t\t<div class=\"elementor-widget-container\">\n\t\t\t\t\t\t\t\t\t<p><em>Melissase folium \u2013 Feuille de m\u00e9lisse<br \/>Melissa officinalis L. \u2013 Lamiaceae<\/em><\/p>\t\t\t\t\t\t\t\t<\/div>\n\t\t\t\t<\/div>\n\t\t\t\t\t<\/div>\n\t\t<\/div>\n\t\t\t\t\t<\/div>\n\t\t<\/section>\n\t\t\t\t<section class=\"elementor-section elementor-top-section elementor-element elementor-element-e95e900 elementor-section-boxed elementor-section-height-default elementor-section-height-default\" data-id=\"e95e900\" data-element_type=\"section\" data-e-type=\"section\" data-settings=\"{&quot;background_background&quot;:&quot;classic&quot;}\">\n\t\t\t\t\t\t<div class=\"elementor-container elementor-column-gap-default\">\n\t\t\t\t\t<div class=\"elementor-column elementor-col-100 elementor-top-column elementor-element elementor-element-94001a7\" data-id=\"94001a7\" data-element_type=\"column\" data-e-type=\"column\">\n\t\t\t<div class=\"elementor-widget-wrap elementor-element-populated\">\n\t\t\t\t\t\t<div class=\"elementor-element elementor-element-001f5cf elementor-widget elementor-widget-image\" data-id=\"001f5cf\" data-element_type=\"widget\" data-e-type=\"widget\" data-widget_type=\"image.default\">\n\t\t\t\t<div class=\"elementor-widget-container\">\n\t\t\t\t\t\t\t\t\t\t\t\t\t\t\t<img decoding=\"async\" src=\"https:\/\/www.alivitpharm.com\/wp-content\/uploads\/2022\/10\/lemon-balm.jpg\" title=\"lemon-balm\" alt=\"M\u00e9lisse officinale\" loading=\"lazy\" \/>\t\t\t\t\t\t\t\t\t\t\t\t\t\t\t<\/div>\n\t\t\t\t<\/div>\n\t\t\t\t<div class=\"elementor-element elementor-element-b23e664 elementor-widget elementor-widget-text-editor\" data-id=\"b23e664\" data-element_type=\"widget\" data-e-type=\"widget\" data-widget_type=\"text-editor.default\">\n\t\t\t\t<div class=\"elementor-widget-container\">\n\t\t\t\t\t\t\t\t\t<p><span class=\"jCAhz ChMk0b\"><span class=\"ryNqvb\"><strong>Le m\u00e9lisse (Melissa officinalis)<\/strong> est une plante vivace herbac\u00e9e.<\/span><\/span> <span class=\"jCAhz ChMk0b\"><span class=\"ryNqvb\">Le rhizome est court, la tige est dress\u00e9e, recouverte de poils m\u00e9caniques et de glandes.<\/span><\/span> <span class=\"jCAhz ChMk0b\"><span class=\"ryNqvb\">Les feuilles sont oppos\u00e9es, de forme ovale \u00e0 rhombique, avec une nervation r\u00e9ticul\u00e9e, recouvertes de poils et de glandes.<\/span><\/span> <span class=\"jCAhz ChMk0b\"><span class=\"ryNqvb\">Les fleurs sont regroup\u00e9es en cyme, et les fruits sont allong\u00e9s, de forme ovale.<\/span><\/span> <span class=\"jCAhz ChMk0b\"><span class=\"ryNqvb\">La m\u00e9lisse pousse autour des villages, sur les bords des for\u00eats.<\/span><\/span> <span class=\"jCAhz ChMk0b\"><span class=\"ryNqvb\">Elle est sporadiquement distribu\u00e9e et cultiv\u00e9e dans les jardins.<\/span><\/span><\/p><p><span class=\"jCAhz ChMk0b\"><span class=\"ryNqvb\">La partie m\u00e9dicinale de la plante est la feuille de m\u00e9lisse s\u00e9ch\u00e9e, r\u00e9colt\u00e9e juste avant la floraison.<\/span><\/span> <span class=\"jCAhz ChMk0b\"><span class=\"ryNqvb\">La feuille est mince, fragile lorsqu'elle est s\u00e8che, de couleur vert fonc\u00e9, avec un go\u00fbt sucr\u00e9 puis l\u00e9g\u00e8rement amer, et une odeur tr\u00e8s caract\u00e9ristique de citron.<\/span><\/span><\/p><p><span class=\"jCAhz ChMk0b\"><span class=\"ryNqvb\">Les feuilles de m\u00e9lisse contiennent 0,05 \u00e0 0,3 % d'huile essentielle.<\/span><\/span> <span class=\"jCAhz ChMk0b\"><span class=\"ryNqvb\">L'huile essentielle de m\u00e9lisse est obtenue par distillation \u00e0 la vapeur d'eau des jeunes pousses de la plante.<\/span><\/span> <span class=\"jCAhz ChMk0b\"><span class=\"ryNqvb\">Les principaux composants de cette huile essentielle sont les ald\u00e9hydes monoterp\u00e9niques et les alcools, et les principaux compos\u00e9s sont les ald\u00e9hydes citrals (g\u00e9ranial et n\u00e9ral).<\/span><\/span> <span class=\"jCAhz ChMk0b\"><span class=\"ryNqvb\">Les feuilles de m\u00e9lisse contiennent \u00e9galement des sesquiterp\u00e8nes (\u03b2-caryophyll\u00e8ne et \u03b2-caryophyll\u00e8ne oxyde), des flavono\u00efdes h\u00e9t\u00e9rosides (quercitrine, ramnocitrine, d\u00e9riv\u00e9s d'apig\u00e9nine et de lut\u00e9oline), ainsi que des acides ph\u00e9noliques, des tanins cat\u00e9chins et des compos\u00e9s triterp\u00e9niques.<\/span><\/span> <span class=\"jCAhz ChMk0b\"><span class=\"ryNqvb\">De plus, les feuilles de m\u00e9lisse sont une riche source d\u2019acide depsidique et d\u2019acide rosmarinique.<\/span><\/span><\/p>\t\t\t\t\t\t\t\t<\/div>\n\t\t\t\t<\/div>\n\t\t\t\t<div class=\"elementor-element elementor-element-2e184f3 elementor-widget elementor-widget-image\" data-id=\"2e184f3\" data-element_type=\"widget\" data-e-type=\"widget\" data-widget_type=\"image.default\">\n\t\t\t\t<div class=\"elementor-widget-container\">\n\t\t\t\t\t\t\t\t\t\t\t\t\t\t\t<img decoding=\"async\" src=\"https:\/\/www.alivitpharm.com\/wp-content\/uploads\/2022\/09\/leaves.png\" title=\"leaves\" alt=\"Leaves\" loading=\"lazy\" \/>\t\t\t\t\t\t\t\t\t\t\t\t\t\t\t<\/div>\n\t\t\t\t<\/div>\n\t\t\t\t<div class=\"elementor-element elementor-element-703db3d elementor-widget elementor-widget-text-editor\" data-id=\"703db3d\" data-element_type=\"widget\" data-e-type=\"widget\" data-widget_type=\"text-editor.default\">\n\t\t\t\t<div class=\"elementor-widget-container\">\n\t\t\t\t\t\t\t\t\t<p>La m\u00e9lisse a des propri\u00e9t\u00e9s antimicrobiennes (tr\u00e8s importantes dans la lutte contre les virus et les bact\u00e9ries), spasmolytiques (d\u00e9tend les muscles lisses), s\u00e9datives (calmantes), et montre \u00e9galement une activit\u00e9 antithyro\u00efdienne. <span class=\"jCAhz ChMk0b\"><span class=\"ryNqvb\">Les pr\u00e9parations \u00e0 base de m\u00e9lisse sont utilis\u00e9es pour les insomnies l\u00e9g\u00e8res en raison de son effet s\u00e9datif.<\/span><\/span> <span class=\"jCAhz ChMk0b\"><span class=\"ryNqvb\">Cette plante peut am\u00e9liorer l\u2019humeur et r\u00e9duire l'intensit\u00e9 d'une crise d'anxi\u00e9t\u00e9.<\/span><\/span> <span class=\"jCAhz ChMk0b\"><span class=\"ryNqvb\">De plus, la m\u00e9lisse est utilis\u00e9e comme un moyen d'am\u00e9liorer les fonctions cognitives (m\u00e9moire), et est recommand\u00e9e comme traitement auxiliaire dans le traitement de la maladie d'Alzheimer.<\/span><\/span> <span class=\"jCAhz ChMk0b\"><span class=\"ryNqvb\">L'application de ces pr\u00e9parations est \u00e9galement recommand\u00e9e pour les troubles de la digestion, en raison de son effet spasmolytique.<\/span><\/span> <span class=\"jCAhz ChMk0b\"><span class=\"ryNqvb\">En plus de cet effet spasmolytique, les feuilles de m\u00e9lisse montrent une activit\u00e9 anti-inflammatoire et antioxydante. <\/span><\/span><span class=\"jCAhz ChMk0b\"><span class=\"ryNqvb\">En raison de son potentiel antiviral marqu\u00e9, les pr\u00e9parations \u00e0 base de feuilles de m\u00e9lisse sont utilis\u00e9es comme th\u00e9rapie compl\u00e9mentaire dans le traitement des infections virales caus\u00e9es par le virus Herp\u00e8s simplex.<\/span><\/span> <span class=\"jCAhz ChMk0b\"><span class=\"ryNqvb\">L\u2019activit\u00e9 antivirale de la m\u00e9lisse provient de la pr\u00e9sence d\u2019acide rosmarinique, et cette plante montre \u00e9galement une activit\u00e9 bact\u00e9riostatique (emp\u00eache la croissance des bact\u00e9ries).<\/span><\/span><\/p>\t\t\t\t\t\t\t\t<\/div>\n\t\t\t\t<\/div>\n\t\t\t\t<div class=\"elementor-element elementor-element-4385a63 elementor-widget elementor-widget-heading\" data-id=\"4385a63\" data-element_type=\"widget\" data-e-type=\"widget\" data-widget_type=\"heading.default\">\n\t\t\t\t<div class=\"elementor-widget-container\">\n\t\t\t\t\t<h4 class=\"elementor-heading-title elementor-size-default\">R\u00e9f\u00e9rences<\/h4>\t\t\t\t<\/div>\n\t\t\t\t<\/div>\n\t\t\t\t<div class=\"elementor-element elementor-element-056b126 elementor-widget elementor-widget-text-editor\" data-id=\"056b126\" data-element_type=\"widget\" data-e-type=\"widget\" data-widget_type=\"text-editor.default\">\n\t\t\t\t<div class=\"elementor-widget-container\">\n\t\t\t\t\t\t\t\t\t<ul><li><a class=\"reference-link\" href=\"https:\/\/zealjournals.com\/wjcps\/sites\/default\/files\/WJCPS-2022-0025.pdf\" target=\"_blank\" rel=\"noopener\">Medicinal benefits of lemon balm (Melissa officinalis) for human health<\/a><\/li><li><a class=\"reference-link\" href=\"https:\/\/jnnp.bmj.com\/content\/74\/7\/863.short\" target=\"_blank\" rel=\"noopener\">Melissa officinalis extract in the treatment of patients with mild to moderate Alzheimer\u2019s disease: a double blind, randomised, placebo controlled trial<\/a><\/li><li><a class=\"reference-link\" href=\"https:\/\/www.ncbi.nlm.nih.gov\/pmc\/articles\/PMC3813246\/\" target=\"_blank\" rel=\"noopener\">Comparison of Neuroprotective Effects of Melissa officinalis Total Extract and Its Acidic and Non-Acidic Fractions against A \u03b2-Induced Toxicity<\/a><\/li><li><a class=\"reference-link\" href=\"https:\/\/pubmed.ncbi.nlm.nih.gov\/22377592\/\" target=\"_blank\" rel=\"noopener\">Melissa officinalis extract inhibits attachment of herpes simplex virus in vitro<\/a><\/li><li><a class=\"reference-link\" href=\"https:\/\/pubmed.ncbi.nlm.nih.gov\/29908682\/\" target=\"_blank\" rel=\"noopener\">The effects of Melissa officinalis supplementation on depression, anxiety, stress, and sleep disorder in patients with chronic stable angina<\/a><\/li><\/ul>\t\t\t\t\t\t\t\t<\/div>\n\t\t\t\t<\/div>\n\t\t\t\t\t<\/div>\n\t\t<\/div>\n\t\t\t\t\t<\/div>\n\t\t<\/section>\n\t\t\t\t<\/div>","protected":false},"excerpt":{"rendered":"<p>Lemon Balm Melissase folium \u2013 Leaf of lemon balmMelissa officinalis L. \u2013 Lamiaceae Lemon balm is a perennial, herbaceous plant. The rhizome is short, the stem is upright, covered with mechanical hairs and glandular scales. The leaves are opposite, ovate to rhombic in shape, with net veins, covered with hairs and glands. The flowers are &hellip;<\/p>\n<p class=\"read-more\"> <a class=\"\" href=\"https:\/\/www.alivitpharm.com\/fr\/lemon-balm\/\"> <span class=\"screen-reader-text\">M\u00e9lisse officinale<\/span> Lire la suite\u00a0\u00bb<\/a><\/p>","protected":false},"author":9,"featured_media":0,"parent":0,"menu_order":0,"comment_status":"closed","ping_status":"closed","template":"","meta":{"site-sidebar-layout":"no-sidebar","site-content-layout":"page-builder","ast-global-header-display":"","ast-main-header-display":"","ast-hfb-above-header-display":"","ast-hfb-below-header-display":"","ast-hfb-mobile-header-display":"","site-post-title":"disabled","ast-breadcrumbs-content":"","ast-featured-img":"disabled","footer-sml-layout":"","theme-transparent-header-meta":"","adv-header-id-meta":"","stick-header-meta":"","header-above-stick-meta":"","header-main-stick-meta":"","header-below-stick-meta":"","footnotes":""},"class_list":["post-7769","page","type-page","status-publish","hentry"],"_links":{"self":[{"href":"https:\/\/www.alivitpharm.com\/fr\/wp-json\/wp\/v2\/pages\/7769","targetHints":{"allow":["GET"]}}],"collection":[{"href":"https:\/\/www.alivitpharm.com\/fr\/wp-json\/wp\/v2\/pages"}],"about":[{"href":"https:\/\/www.alivitpharm.com\/fr\/wp-json\/wp\/v2\/types\/page"}],"author":[{"embeddable":true,"href":"https:\/\/www.alivitpharm.com\/fr\/wp-json\/wp\/v2\/users\/9"}],"replies":[{"embeddable":true,"href":"https:\/\/www.alivitpharm.com\/fr\/wp-json\/wp\/v2\/comments?post=7769"}],"version-history":[{"count":0,"href":"https:\/\/www.alivitpharm.com\/fr\/wp-json\/wp\/v2\/pages\/7769\/revisions"}],"wp:attachment":[{"href":"https:\/\/www.alivitpharm.com\/fr\/wp-json\/wp\/v2\/media?parent=7769"}],"curies":[{"name":"wp","href":"https:\/\/api.w.org\/{rel}","templated":true}]}}