{"id":8033,"date":"2023-01-11T14:12:14","date_gmt":"2023-01-11T12:12:14","guid":{"rendered":"https:\/\/www.alivitpharm.com\/?page_id=8033"},"modified":"2025-01-27T15:15:57","modified_gmt":"2025-01-27T13:15:57","slug":"conditions-d-achat","status":"publish","type":"page","link":"https:\/\/www.alivitpharm.com\/fr\/terms-of-purchase\/","title":{"rendered":"Conditions d\u2019achat"},"content":{"rendered":"<p><br>Ces conditions d\u00e9finissent la proc\u00e9dure de commande, de paiement, de livraison et de r\u00e9clamation des produits propos\u00e9s sur ce site. Le site <strong>AlivitPharm.com<\/strong> peut \u00eatre utilis\u00e9 pour votre usage priv\u00e9 sans frais d'utilisation, conform\u00e9ment aux conditions et r\u00e8gles suivantes.<br>Le commer\u00e7ant est <strong>AlivitPharm (ex Farmavit d.o.o.)<\/strong> et l'acheteur est le visiteur de ce site qui remplit le bon de commande \u00e9lectronique, l'envoie au commer\u00e7ant et effectue le paiement par carte de cr\u00e9dit.<\/p>\n\n\n\n<h5 class=\"wp-block-heading\"><br>Commande<\/h5>\n\n\n\n<p>L'acheteur commande un ou plusieurs produits via le formulaire de commande \u00e9lectronique.<br>L'acheteur est toute personne qui commande \u00e9lectroniquement au moins un produit, remplit les informations requises et soumet la commande.<br>Tous les prix sont exprim\u00e9s en Marques Convertible, TVA incluse.<br>L'acheteur a \u00e9galement la possibilit\u00e9 d'afficher les prix en dollars am\u00e9ricains et en euros.<br>Les produits sont command\u00e9s sous forme \u00e9lectronique en cliquant sur un produit sp\u00e9cifique et en l'ajoutant au panier.<br>Les produits sont consid\u00e9r\u00e9s comme command\u00e9s au moment o\u00f9 l'acheteur s\u00e9lectionne et confirme la m\u00e9thode de paiement.<\/p>\n\n\n\n<h5 class=\"wp-block-heading\"><br>Paiement<\/h5>\n\n\n\n<p>Les produits command\u00e9s sont pay\u00e9s en ligne par l'une des cartes de cr\u00e9dit suivantes: Mastercard, Maestro ou Visa.<\/p>\n\n\n\n<h5 class=\"wp-block-heading\"><br>Livraison<\/h5>\n\n\n\n<p>Les produits command\u00e9s sont emball\u00e9s de mani\u00e8re \u00e0 ne pas \u00eatre endommag\u00e9s lors de la manipulation habituelle. Lors de la r\u00e9ception, l'acheteur doit v\u00e9rifier l'\u00e9tat de l'envoi et, en cas de dommage, doit imm\u00e9diatement signaler le produit endommag\u00e9 au livreur (employ\u00e9 de la soci\u00e9t\u00e9 de livraison). Le commer\u00e7ant d\u00e9cline toute responsabilit\u00e9 pour les dommages qui pourraient survenir pendant la livraison.<br>Si l'acheteur ne re\u00e7oit pas la marchandise ou l'avis de livraison apr\u00e8s l'exp\u00e9dition dans le d\u00e9lai pr\u00e9vu, l'acheteur a le droit d'en informer le vendeur afin que des mesures soient prises pour localiser l'envoi ou pour exp\u00e9dier un produit de remplacement.<br>Si l'acheteur refuse de recevoir la marchandise qu'il a command\u00e9e, le commer\u00e7ant a le droit de demander \u00e0 l'acheteur de rembourser tous les frais li\u00e9s \u00e0 la livraison.<br>Le commer\u00e7ant s'engage \u00e0 exp\u00e9dier la commande d\u00e8s qu'il re\u00e7oit la confirmation approuvant la transaction en ligne. Apr\u00e8s r\u00e9ception de cette confirmation, le commer\u00e7ant s'engage \u00e0 exp\u00e9dier la marchandise dans un d\u00e9lai de 5 (cinq) jours ouvrables.<br>Apr\u00e8s que le livreur (la soci\u00e9t\u00e9 de livraison) ait pris possession de l'envoi du commer\u00e7ant, ce dernier n'est plus responsable du suivi de la livraison et des \u00e9ventuels retards, ni des probl\u00e8mes pouvant survenir lors de la manipulation et de la livraison de la marchandise.<\/p>\n\n\n\n<h5 class=\"wp-block-heading\"><br>R\u00e9clamations<\/h5>\n\n\n\n<p>Le commer\u00e7ant s'engage \u00e0 livrer le produit qui correspond \u00e0 la description du produit mentionn\u00e9e sur AlivitPharm.com. L'image illustrant le produit sur le site Internet peut ne pas correspondre \u00e0 l'apparence r\u00e9elle du produit, et l'acheteur ne peut pas faire de r\u00e9clamation \u00e0 ce sujet.<br>Le commer\u00e7ant n'est pas responsable des dommages \u00e9ventuels et d'autres obligations relevant du transporteur (l'entreprise effectuant la livraison des produits).<br>Si l'acheteur ne peut pas recevoir le produit et que les probl\u00e8mes techniques ne sont pas dus au commer\u00e7ant, mais sont caus\u00e9s par l'acheteur, l'op\u00e9rateur ou un tiers, le commer\u00e7ant n'assume aucune responsabilit\u00e9 et n'est pas oblig\u00e9 de permettre \u00e0 l'acheteur de recevoir ou de livrer la marchandise sans frais.<br>L'acheteur doit  r\u00e9cup\u00e9rerle produit dans un d\u00e9lai de 5 (cinq) jours ouvrables, apr\u00e8s quoi il ne pourra plus, m\u00eame si le paiement a \u00e9t\u00e9 effectu\u00e9, r\u00e9cup\u00e9rer le produit. Dans ce cas, l'acheteur renonce \u00e0 toute r\u00e9clamation.<\/p>\n\n\n\n<h5 class=\"wp-block-heading\"><br>Protection des droits de la propri\u00e9t\u00e9 intellectuelle<\/h5>\n\n\n\n<p>Tous les droits sur les produits AlivitPharm sont r\u00e9serv\u00e9s. L'acheteur s'engage \u00e0 ne pas reproduire ou vendre les produits du commer\u00e7ant, ni aucune partie de ces produits, sans autorisation.<\/p>\n\n\n\n<h5 class=\"wp-block-heading\"><br>General<\/h5>\n\n\n\n<p>AlivitPharm (ex Farmavit d.o.o.) se r\u00e9serve le droit de modifier ces conditions et r\u00e8gles. Toutes les modifications s'appliqueront \u00e0 l'utilisation du site AlivitPharm.com. L'acheteur est responsable de l'exactitude et de l'exhaustivit\u00e9 des informations fournies lors de l'achat.<br>Les services fournis par la boutique en ligne AlivitPharm.com n'incluent pas les frais li\u00e9s \u00e0 l'utilisation du mat\u00e9riel informatique et des services d'acc\u00e8s \u00e0 nos pages. AlivitPharm n'est pas responsable des frais t\u00e9l\u00e9phoniques, du trafic Internet ou de tout autre frais pouvant survenir.<br>Bien que AlivitPharm s'efforce de vous offrir les meilleurs services possibles, AlivitPharm ne peut garantir que les services sur AlivitPharm.com r\u00e9pondront \u00e0 vos besoins. AlivitPharm ne peut \u00e9galement garantir que le service sera exempt d'erreurs. En cas d'erreur, veuillez la signaler \u00e0 notre Centre de contact ou par e-mail \u00e0 <strong><a href=\"mailto:office@alivitpharm.com\">office@alivitpharm.com<\/a><\/strong> so that we can eliminate it as quickly as possible.<\/p>","protected":false},"excerpt":{"rendered":"<p>These conditions determine the procedure for ordering, paying, delivering and complaining about the products offered on these pages. AlivitPharm.com internet pages can be used for your private use without any fees for use, and according to the following conditions and rules.The merchant is AlivitPharm (ex Farmavit d.o.o.) and the customer is a visitor to these &hellip;<\/p>\n<p class=\"read-more\"> <a class=\"\" href=\"https:\/\/www.alivitpharm.com\/fr\/terms-of-purchase\/\"> <span class=\"screen-reader-text\">Conditions d\u2019achat<\/span> Lire la suite\u00a0\u00bb<\/a><\/p>","protected":false},"author":9,"featured_media":0,"parent":0,"menu_order":0,"comment_status":"closed","ping_status":"closed","template":"","meta":{"site-sidebar-layout":"default","site-content-layout":"default","ast-global-header-display":"","ast-main-header-display":"","ast-hfb-above-header-display":"","ast-hfb-below-header-display":"","ast-hfb-mobile-header-display":"","site-post-title":"","ast-breadcrumbs-content":"","ast-featured-img":"","footer-sml-layout":"","theme-transparent-header-meta":"","adv-header-id-meta":"","stick-header-meta":"","header-above-stick-meta":"","header-main-stick-meta":"","header-below-stick-meta":"","footnotes":""},"class_list":["post-8033","page","type-page","status-publish","hentry"],"_links":{"self":[{"href":"https:\/\/www.alivitpharm.com\/fr\/wp-json\/wp\/v2\/pages\/8033","targetHints":{"allow":["GET"]}}],"collection":[{"href":"https:\/\/www.alivitpharm.com\/fr\/wp-json\/wp\/v2\/pages"}],"about":[{"href":"https:\/\/www.alivitpharm.com\/fr\/wp-json\/wp\/v2\/types\/page"}],"author":[{"embeddable":true,"href":"https:\/\/www.alivitpharm.com\/fr\/wp-json\/wp\/v2\/users\/9"}],"replies":[{"embeddable":true,"href":"https:\/\/www.alivitpharm.com\/fr\/wp-json\/wp\/v2\/comments?post=8033"}],"version-history":[{"count":3,"href":"https:\/\/www.alivitpharm.com\/fr\/wp-json\/wp\/v2\/pages\/8033\/revisions"}],"predecessor-version":[{"id":11358,"href":"https:\/\/www.alivitpharm.com\/fr\/wp-json\/wp\/v2\/pages\/8033\/revisions\/11358"}],"wp:attachment":[{"href":"https:\/\/www.alivitpharm.com\/fr\/wp-json\/wp\/v2\/media?parent=8033"}],"curies":[{"name":"wp","href":"https:\/\/api.w.org\/{rel}","templated":true}]}}