{"id":8206,"date":"2023-01-30T11:07:28","date_gmt":"2023-01-30T09:07:28","guid":{"rendered":"https:\/\/www.alivitpharm.com\/?page_id=8206"},"modified":"2023-01-30T12:05:10","modified_gmt":"2023-01-30T10:05:10","slug":"achillee-millefeuille","status":"publish","type":"page","link":"https:\/\/www.alivitpharm.com\/fr\/yarrow\/","title":{"rendered":"Achill\u00e9e millefeuille"},"content":{"rendered":"<div data-elementor-type=\"wp-page\" data-elementor-id=\"8206\" class=\"elementor elementor-8206\">\n\t\t\t\t\t\t<section class=\"elementor-section elementor-top-section elementor-element elementor-element-5611358 elementor-section-content-middle elementor-section-boxed elementor-section-height-default elementor-section-height-default\" data-id=\"5611358\" data-element_type=\"section\" data-e-type=\"section\" data-settings=\"{&quot;background_background&quot;:&quot;classic&quot;}\">\n\t\t\t\t\t\t\t<div class=\"elementor-background-overlay\"><\/div>\n\t\t\t\t\t\t\t<div class=\"elementor-container elementor-column-gap-default\">\n\t\t\t\t\t<div class=\"elementor-column elementor-col-100 elementor-top-column elementor-element elementor-element-661c2d3\" data-id=\"661c2d3\" data-element_type=\"column\" data-e-type=\"column\">\n\t\t\t<div class=\"elementor-widget-wrap elementor-element-populated\">\n\t\t\t\t\t\t<div class=\"elementor-element elementor-element-e56401a elementor-widget elementor-widget-heading\" data-id=\"e56401a\" data-element_type=\"widget\" data-e-type=\"widget\" data-widget_type=\"heading.default\">\n\t\t\t\t<div class=\"elementor-widget-container\">\n\t\t\t\t\t<h1 class=\"elementor-heading-title elementor-size-default\">Achill\u00e9e millefeuille<\/h1>\t\t\t\t<\/div>\n\t\t\t\t<\/div>\n\t\t\t\t<div class=\"elementor-element elementor-element-f21896e elementor-widget elementor-widget-image\" data-id=\"f21896e\" data-element_type=\"widget\" data-e-type=\"widget\" data-widget_type=\"image.default\">\n\t\t\t\t<div class=\"elementor-widget-container\">\n\t\t\t\t\t\t\t\t\t\t\t\t\t\t\t<img decoding=\"async\" width=\"75\" height=\"33\" src=\"https:\/\/www.alivitpharm.com\/wp-content\/uploads\/2019\/07\/logo-leaf-new.png\" class=\"attachment-large size-large wp-image-2518\" alt=\"\" \/>\t\t\t\t\t\t\t\t\t\t\t\t\t\t\t<\/div>\n\t\t\t\t<\/div>\n\t\t\t\t<div class=\"elementor-element elementor-element-3f13065 elementor-widget elementor-widget-text-editor\" data-id=\"3f13065\" data-element_type=\"widget\" data-e-type=\"widget\" data-widget_type=\"text-editor.default\">\n\t\t\t\t<div class=\"elementor-widget-container\">\n\t\t\t\t\t\t\t\t\t<p><em>Achillea millefolium L. &#8211; Asteraceae<\/em><\/p>\t\t\t\t\t\t\t\t<\/div>\n\t\t\t\t<\/div>\n\t\t\t\t\t<\/div>\n\t\t<\/div>\n\t\t\t\t\t<\/div>\n\t\t<\/section>\n\t\t\t\t<section class=\"elementor-section elementor-top-section elementor-element elementor-element-e2b8868 elementor-section-boxed elementor-section-height-default elementor-section-height-default\" data-id=\"e2b8868\" data-element_type=\"section\" data-e-type=\"section\" data-settings=\"{&quot;background_background&quot;:&quot;classic&quot;}\">\n\t\t\t\t\t\t<div class=\"elementor-container elementor-column-gap-default\">\n\t\t\t\t\t<div class=\"elementor-column elementor-col-100 elementor-top-column elementor-element elementor-element-e52c24f\" data-id=\"e52c24f\" data-element_type=\"column\" data-e-type=\"column\">\n\t\t\t<div class=\"elementor-widget-wrap elementor-element-populated\">\n\t\t\t\t\t\t<div class=\"elementor-element elementor-element-a167bf4 elementor-widget elementor-widget-image\" data-id=\"a167bf4\" data-element_type=\"widget\" data-e-type=\"widget\" data-widget_type=\"image.default\">\n\t\t\t\t<div class=\"elementor-widget-container\">\n\t\t\t\t\t\t\t\t\t\t\t\t\t\t\t<img decoding=\"async\" src=\"https:\/\/www.alivitpharm.com\/wp-content\/uploads\/2023\/01\/yarrow.jpg\" title=\"yarrow\" alt=\"Achill\u00e9e millefeuille\" loading=\"lazy\" \/>\t\t\t\t\t\t\t\t\t\t\t\t\t\t\t<\/div>\n\t\t\t\t<\/div>\n\t\t\t\t<div class=\"elementor-element elementor-element-b50f6be elementor-widget elementor-widget-text-editor\" data-id=\"b50f6be\" data-element_type=\"widget\" data-e-type=\"widget\" data-widget_type=\"text-editor.default\">\n\t\t\t\t<div class=\"elementor-widget-container\">\n\t\t\t\t\t\t\t\t\t<p><span class=\"jCAhz ChMk0b\"><span class=\"ryNqvb\"><strong>Achill\u00e9e millefeuille<\/strong> est une plante vivace, dont la tige est ronde, verd\u00e2tre, atteignant jusqu'\u00e0 80 cm de hauteur.<\/span><\/span> <span class=\"jCAhz ChMk0b\"><span class=\"ryNqvb\">Elle poss\u00e8de de nombreuses feuilles dispos\u00e9es de mani\u00e8re altern\u00e9e, avec des bords dentel\u00e9s, les feuilles inf\u00e9rieures ont un p\u00e9tiole, tandis que les feuilles sup\u00e9rieures entourent la tige.<\/span><\/span> <span class=\"jCAhz ChMk0b\"><span class=\"ryNqvb\">Toute la plante est velue et parfum\u00e9e.<\/span><\/span> <span class=\"jCAhz ChMk0b\"><span class=\"ryNqvb\">Les fleurs sont regroup\u00e9es en une inflorescence au sommet de la tige.<\/span><\/span> <span class=\"jCAhz ChMk0b\"><span class=\"ryNqvb\">Elle pousse dans la zone temp\u00e9r\u00e9e de l'h\u00e9misph\u00e8re nord, le long des chemins et dans les endroits secs.<\/span><\/span><\/p><p><span class=\"jCAhz ChMk0b\"><span class=\"ryNqvb\">La partie m\u00e9dicinale de la plante d\u2019 achill\u00e9e millefeuille est la partie a\u00e9rienne.<\/span><\/span> <span class=\"jCAhz ChMk0b\"><span class=\"ryNqvb\">Pendant la p\u00e9riode de floraison, la partie a\u00e9rienne de la plante contient de l'huile essentielle, des flavono\u00efdes, des alcalo\u00efdes, des germacranolides, des triterp\u00e8nes, de la vitamine K, des r\u00e9sines, des st\u00e9rols, des tanins, des acides organiques et des sucres.<\/span><\/span> <span class=\"jCAhz ChMk0b\"><span class=\"ryNqvb\">L'huile essentielle est obtenue par distillation \u00e0 la vapeur d'eau, et les principes actifs de l'huile essentielle sont: le pin\u00e8ne, le thujone, le camphre, le cin\u00e9ole, le borneol, le limon\u00e8ne.<\/span><\/span><\/p>\t\t\t\t\t\t\t\t<\/div>\n\t\t\t\t<\/div>\n\t\t\t\t<div class=\"elementor-element elementor-element-70ea92c elementor-widget elementor-widget-image\" data-id=\"70ea92c\" data-element_type=\"widget\" data-e-type=\"widget\" data-widget_type=\"image.default\">\n\t\t\t\t<div class=\"elementor-widget-container\">\n\t\t\t\t\t\t\t\t\t\t\t\t\t\t\t<img decoding=\"async\" src=\"https:\/\/www.alivitpharm.com\/wp-content\/uploads\/2022\/09\/leaves.png\" title=\"leaves\" alt=\"Leaves\" loading=\"lazy\" \/>\t\t\t\t\t\t\t\t\t\t\t\t\t\t\t<\/div>\n\t\t\t\t<\/div>\n\t\t\t\t<div class=\"elementor-element elementor-element-b471e6e elementor-widget elementor-widget-text-editor\" data-id=\"b471e6e\" data-element_type=\"widget\" data-e-type=\"widget\" data-widget_type=\"text-editor.default\">\n\t\t\t\t<div class=\"elementor-widget-container\">\n\t\t\t\t\t\t\t\t\t<p><span class=\"jCAhz ChMk0b\"><span class=\"ryNqvb\">La plante d\u2019 achill\u00e9e millefeuille est une plante m\u00e9dicinale avec un grand potentiel biologique.<\/span><\/span> <span class=\"jCAhz ChMk0b\"><span class=\"ryNqvb\">De nombreuses \u00e9tudes ont prouv\u00e9 qu'elle occupe une place importante comme moyen auxiliaire dans le traitement des inflammations du tractus gastro-intestinal et h\u00e9patobiliaire (effet anti-inflammatoire et h\u00e9patoprotecteur).<\/span><\/span> <span class=\"jCAhz ChMk0b\"><span class=\"ryNqvb\">La partie a\u00e9rienne de la plante est utilis\u00e9e pour traiter les troubles intestinaux et gastriques (comme agent \u00e9liminant les gaz et am\u00e9liorant l'app\u00e9tit).<\/span><\/span> <span class=\"jCAhz ChMk0b\"><span class=\"ryNqvb\">Elle est \u00e9galement fr\u00e9quemment recommand\u00e9e comme rem\u00e8de pour neutraliser les douleurs et les crampes dans le tractus gastro-intestinal, car elle agit sur la relaxation de la musculature lisse du tractus digestif. L'utilisation de la plante d\u2019achill\u00e9e millefeuille est \u00e9galement recommand\u00e9e pour soulager les douleurs menstruelles, ainsi que pour les cycles menstruels irr\u00e9guliers (appel\u00e9e<\/span><\/span> <span class=\"jCAhz ChMk0b\"><span class=\"ryNqvb\">am\u00e9norrh\u00e9e - absence de menstruations), et pour les saignements excessifs.<\/span><\/span><\/p><p>De plus, l'utilisation de la plante d\u2019 achill\u00e9e millefeuille est recommand\u00e9e pour les personnes atteintes de diab\u00e8te car elle r\u00e9duit le taux de glucose dans le sang, ainsi que pour l'arthrite rhumato\u00efde, la goutte, l'ost\u00e9oarthrite, les troubles h\u00e9morragiques, l'ecz\u00e9ma, le psoriasis et les ulc\u00e8res cutan\u00e9s.<\/p>\t\t\t\t\t\t\t\t<\/div>\n\t\t\t\t<\/div>\n\t\t\t\t<div class=\"elementor-element elementor-element-7419496 elementor-widget elementor-widget-heading\" data-id=\"7419496\" data-element_type=\"widget\" data-e-type=\"widget\" data-widget_type=\"heading.default\">\n\t\t\t\t<div class=\"elementor-widget-container\">\n\t\t\t\t\t<h4 class=\"elementor-heading-title elementor-size-default\">R\u00e9f\u00e9rences<\/h4>\t\t\t\t<\/div>\n\t\t\t\t<\/div>\n\t\t\t\t<div class=\"elementor-element elementor-element-ec90ae5 elementor-widget elementor-widget-text-editor\" data-id=\"ec90ae5\" data-element_type=\"widget\" data-e-type=\"widget\" data-widget_type=\"text-editor.default\">\n\t\t\t\t<div class=\"elementor-widget-container\">\n\t\t\t\t\t\t\t\t\t<ul><li><a class=\"reference-link\" href=\"https:\/\/pubmed.ncbi.nlm.nih.gov\/17704978\/\" target=\"_blank\" rel=\"noopener\">Achillea millefolium L. s.l. revisited: recent findings confirm the traditional use<\/a><\/li><li><a class=\"reference-link\" href=\"https:\/\/pubmed.ncbi.nlm.nih.gov\/23959026\/\" target=\"_blank\" rel=\"noopener\">Minireview on Achillea millefolium Linn<\/a><\/li><li><a class=\"reference-link\" href=\"https:\/\/pubmed.ncbi.nlm.nih.gov\/19075697\/\" target=\"_blank\" rel=\"noopener\">Biological activities of yarrow species (Achillea spp.)<\/a><\/li><\/ul>\t\t\t\t\t\t\t\t<\/div>\n\t\t\t\t<\/div>\n\t\t\t\t\t<\/div>\n\t\t<\/div>\n\t\t\t\t\t<\/div>\n\t\t<\/section>\n\t\t\t\t<\/div>","protected":false},"excerpt":{"rendered":"<p>Yarrow Achillea millefolium L. &#8211; Asteraceae Yarrow is a perennial plant, whose stem is round, greenish, up to 80 cm tall. It has many leaves that are alternate, with toothed edges, the lower leaves are petioled, and the upper leaves enclose the stem. The whole plant is hairy and fragrant. The flowers are gathered in &hellip;<\/p>\n<p class=\"read-more\"> <a class=\"\" href=\"https:\/\/www.alivitpharm.com\/fr\/yarrow\/\"> <span class=\"screen-reader-text\">Achill\u00e9e millefeuille<\/span> Lire la suite\u00a0\u00bb<\/a><\/p>","protected":false},"author":9,"featured_media":0,"parent":0,"menu_order":0,"comment_status":"closed","ping_status":"closed","template":"","meta":{"site-sidebar-layout":"no-sidebar","site-content-layout":"page-builder","ast-global-header-display":"","ast-main-header-display":"","ast-hfb-above-header-display":"","ast-hfb-below-header-display":"","ast-hfb-mobile-header-display":"","site-post-title":"disabled","ast-breadcrumbs-content":"","ast-featured-img":"disabled","footer-sml-layout":"","theme-transparent-header-meta":"","adv-header-id-meta":"","stick-header-meta":"","header-above-stick-meta":"","header-main-stick-meta":"","header-below-stick-meta":"","footnotes":""},"class_list":["post-8206","page","type-page","status-publish","hentry"],"_links":{"self":[{"href":"https:\/\/www.alivitpharm.com\/fr\/wp-json\/wp\/v2\/pages\/8206","targetHints":{"allow":["GET"]}}],"collection":[{"href":"https:\/\/www.alivitpharm.com\/fr\/wp-json\/wp\/v2\/pages"}],"about":[{"href":"https:\/\/www.alivitpharm.com\/fr\/wp-json\/wp\/v2\/types\/page"}],"author":[{"embeddable":true,"href":"https:\/\/www.alivitpharm.com\/fr\/wp-json\/wp\/v2\/users\/9"}],"replies":[{"embeddable":true,"href":"https:\/\/www.alivitpharm.com\/fr\/wp-json\/wp\/v2\/comments?post=8206"}],"version-history":[{"count":0,"href":"https:\/\/www.alivitpharm.com\/fr\/wp-json\/wp\/v2\/pages\/8206\/revisions"}],"wp:attachment":[{"href":"https:\/\/www.alivitpharm.com\/fr\/wp-json\/wp\/v2\/media?parent=8206"}],"curies":[{"name":"wp","href":"https:\/\/api.w.org\/{rel}","templated":true}]}}