{"id":8231,"date":"2023-01-30T13:00:38","date_gmt":"2023-01-30T11:00:38","guid":{"rendered":"https:\/\/www.alivitpharm.com\/?page_id=8231"},"modified":"2023-01-31T10:12:20","modified_gmt":"2023-01-31T08:12:20","slug":"immortelle-des-sables","status":"publish","type":"page","link":"https:\/\/www.alivitpharm.com\/fr\/immortelle\/","title":{"rendered":"Immortelle des sables"},"content":{"rendered":"<div data-elementor-type=\"wp-page\" data-elementor-id=\"8231\" class=\"elementor elementor-8231\">\n\t\t\t\t\t\t<section class=\"elementor-section elementor-top-section elementor-element elementor-element-d9dd501 elementor-section-content-middle elementor-section-boxed elementor-section-height-default elementor-section-height-default\" data-id=\"d9dd501\" data-element_type=\"section\" data-e-type=\"section\" data-settings=\"{&quot;background_background&quot;:&quot;classic&quot;}\">\n\t\t\t\t\t\t\t<div class=\"elementor-background-overlay\"><\/div>\n\t\t\t\t\t\t\t<div class=\"elementor-container elementor-column-gap-default\">\n\t\t\t\t\t<div class=\"elementor-column elementor-col-100 elementor-top-column elementor-element elementor-element-5482e0b\" data-id=\"5482e0b\" data-element_type=\"column\" data-e-type=\"column\">\n\t\t\t<div class=\"elementor-widget-wrap elementor-element-populated\">\n\t\t\t\t\t\t<div class=\"elementor-element elementor-element-95c4263 elementor-widget elementor-widget-heading\" data-id=\"95c4263\" data-element_type=\"widget\" data-e-type=\"widget\" data-widget_type=\"heading.default\">\n\t\t\t\t<div class=\"elementor-widget-container\">\n\t\t\t\t\t<h1 class=\"elementor-heading-title elementor-size-default\">Immortelle des sables<\/h1>\t\t\t\t<\/div>\n\t\t\t\t<\/div>\n\t\t\t\t<div class=\"elementor-element elementor-element-6f89795 elementor-widget elementor-widget-image\" data-id=\"6f89795\" data-element_type=\"widget\" data-e-type=\"widget\" data-widget_type=\"image.default\">\n\t\t\t\t<div class=\"elementor-widget-container\">\n\t\t\t\t\t\t\t\t\t\t\t\t\t\t\t<img decoding=\"async\" width=\"75\" height=\"33\" src=\"https:\/\/www.alivitpharm.com\/wp-content\/uploads\/2019\/07\/logo-leaf-new.png\" class=\"attachment-large size-large wp-image-2518\" alt=\"\" \/>\t\t\t\t\t\t\t\t\t\t\t\t\t\t\t<\/div>\n\t\t\t\t<\/div>\n\t\t\t\t<div class=\"elementor-element elementor-element-c012567 elementor-widget elementor-widget-text-editor\" data-id=\"c012567\" data-element_type=\"widget\" data-e-type=\"widget\" data-widget_type=\"text-editor.default\">\n\t\t\t\t<div class=\"elementor-widget-container\">\n\t\t\t\t\t\t\t\t\t<p><em>Helichrysum italicum L. &#8211; Asteraceae<\/em><\/p>\t\t\t\t\t\t\t\t<\/div>\n\t\t\t\t<\/div>\n\t\t\t\t\t<\/div>\n\t\t<\/div>\n\t\t\t\t\t<\/div>\n\t\t<\/section>\n\t\t\t\t<section class=\"elementor-section elementor-top-section elementor-element elementor-element-0c04425 elementor-section-boxed elementor-section-height-default elementor-section-height-default\" data-id=\"0c04425\" data-element_type=\"section\" data-e-type=\"section\" data-settings=\"{&quot;background_background&quot;:&quot;classic&quot;}\">\n\t\t\t\t\t\t<div class=\"elementor-container elementor-column-gap-default\">\n\t\t\t\t\t<div class=\"elementor-column elementor-col-100 elementor-top-column elementor-element elementor-element-768ad82\" data-id=\"768ad82\" data-element_type=\"column\" data-e-type=\"column\">\n\t\t\t<div class=\"elementor-widget-wrap elementor-element-populated\">\n\t\t\t\t\t\t<div class=\"elementor-element elementor-element-0468bcf elementor-widget elementor-widget-image\" data-id=\"0468bcf\" data-element_type=\"widget\" data-e-type=\"widget\" data-widget_type=\"image.default\">\n\t\t\t\t<div class=\"elementor-widget-container\">\n\t\t\t\t\t\t\t\t\t\t\t\t\t\t\t<img decoding=\"async\" src=\"https:\/\/www.alivitpharm.com\/wp-content\/uploads\/2023\/01\/immortelle.jpg\" title=\"immortelle\" alt=\"Immortelle des sables\" loading=\"lazy\" \/>\t\t\t\t\t\t\t\t\t\t\t\t\t\t\t<\/div>\n\t\t\t\t<\/div>\n\t\t\t\t<div class=\"elementor-element elementor-element-cafced7 elementor-widget elementor-widget-text-editor\" data-id=\"cafced7\" data-element_type=\"widget\" data-e-type=\"widget\" data-widget_type=\"text-editor.default\">\n\t\t\t\t<div class=\"elementor-widget-container\">\n\t\t\t\t\t\t\t\t\t<p><span class=\"jCAhz ChMk0b\"><span class=\"ryNqvb\"><strong>Immortelle des sables<\/strong> est une plante vivace herbac\u00e9e typique de la r\u00e9gion m\u00e9diterran\u00e9enne.<\/span><\/span> <span class=\"jCAhz ChMk0b\"><span class=\"ryNqvb\">C'est un sous-arbrisseau dont la tige est ramifi\u00e9e et peut atteindre jusqu'\u00e0 60 cm de hauteur.<\/span><\/span> <span class=\"jCAhz ChMk0b\"><span class=\"ryNqvb\">Les feuilles sont sessiles, allong\u00e9es et \u00e9troites, d'un vert clair.<\/span><\/span> <span class=\"jCAhz ChMk0b\"><span class=\"ryNqvb\">Les fleurs sont hermaphrodites, jaunes, rassembl\u00e9es en t\u00eates florales, qui sont regroup\u00e9es dans un inflorescence en ombelle au sommet de la tige.<\/span><\/span> <span class=\"jCAhz ChMk0b\"><span class=\"ryNqvb\">Le fruit est une petite capsule.<\/span><\/span><\/p><p><span class=\"jCAhz ChMk0b\"><span class=\"ryNqvb\">L\u2019immortelle des sables pousse spontan\u00e9ment dans le sud de l'Europe, le nord-ouest de l'Afrique et en Asie mineure, sur des sols secs, rocheux ou sableux.<\/span><\/span> <span class=\"jCAhz ChMk0b\"><span class=\"ryNqvb\">Chez nous, il pousse naturellement sur la c\u00f4te, mais on le trouve d\u00e9sormais plus fr\u00e9quemment cultiv\u00e9 pour certaines vari\u00e9t\u00e9s.<\/span><\/span><\/p>\t\t\t\t\t\t\t\t<\/div>\n\t\t\t\t<\/div>\n\t\t\t\t<div class=\"elementor-element elementor-element-4b86bd0 elementor-widget elementor-widget-image\" data-id=\"4b86bd0\" data-element_type=\"widget\" data-e-type=\"widget\" data-widget_type=\"image.default\">\n\t\t\t\t<div class=\"elementor-widget-container\">\n\t\t\t\t\t\t\t\t\t\t\t\t\t\t\t<img decoding=\"async\" src=\"https:\/\/www.alivitpharm.com\/wp-content\/uploads\/2022\/09\/leaves.png\" title=\"leaves\" alt=\"Leaves\" loading=\"lazy\" \/>\t\t\t\t\t\t\t\t\t\t\t\t\t\t\t<\/div>\n\t\t\t\t<\/div>\n\t\t\t\t<div class=\"elementor-element elementor-element-1065092 elementor-widget elementor-widget-text-editor\" data-id=\"1065092\" data-element_type=\"widget\" data-e-type=\"widget\" data-widget_type=\"text-editor.default\">\n\t\t\t\t<div class=\"elementor-widget-container\">\n\t\t\t\t\t\t\t\t\t<p>L'esp\u00e8ce <em>Heliccrysum italicum<\/em> n'est pas officinale dans aucune pharmacop\u00e9e, mais elle est largement utilis\u00e9e dans la m\u00e9decine traditionnelle de nombreux pays (Italie, Espagne, Portugal, Bosnie-Herz\u00e9govine).<\/p><p><span class=\"jCAhz ChMk0b\"><span class=\"ryNqvb\">Les compos\u00e9s actifs  les fleurs de l'immortelle des sables sont: les ac\u00e9toph\u00e9nones, les flavono\u00efdes et les d\u00e9riv\u00e9s du phoroglucinol.<\/span><\/span> <span class=\"jCAhz ChMk0b\"><span class=\"ryNqvb\">Une attention particuli\u00e8re doit \u00eatre port\u00e9e \u00e0 la pr\u00e9sence d'ac\u00e9toph\u00e9nones, de 4-hydroxy-3-(3-m\u00e9thyl-2-butyneyl) ac\u00e9toph\u00e9none et de 4-hydroxy-3-(2-hydroxy-3-isopent\u00e9nyl) ac\u00e9toph\u00e9none, de tiliroside, ac\u00e9tate de n\u00e9ryle , d'apig\u00e9nine et de lut\u00e9oline,<\/span><\/span> <span class=\"jCAhz ChMk0b\"><span class=\"ryNqvb\">ainsi que du pr\u00e9nyl\u00e9 alpha-pyrone-floroglucinol h\u00e9t\u00e9rodim\u00e8re d\u2019arzanol, en raison de leurs diverses et importantes propri\u00e9t\u00e9s.<\/span><\/span><\/p><p><span class=\"jCAhz ChMk0b\"><span class=\"ryNqvb\">Les fleurs et les feuilles de l'immortelle des sables sont utilis\u00e9es comme parties m\u00e9dicinales de la plante et sont couramment utilis\u00e9es pour traiter les affections cutan\u00e9es. <\/span><\/span><span class=\"jCAhz ChMk0b\"><span class=\"ryNqvb\">La litt\u00e9rature mentionne l'utilisation traditionnelle de l\u2019'immortelle des sables pour les troubles du tractus respiratoire et digestif, ainsi que pour diverses inflammations cutan\u00e9es.<\/span><\/span> <span class=\"jCAhz ChMk0b\"><span class=\"ryNqvb\">D'autres applications th\u00e9rapeutiques incluent des propri\u00e9t\u00e9s antimicrobiennes et analg\u00e9siques (douleur dentaire, maux de t\u00eate, douleurs abdominales), l'utilisation pour une cicatrisation plus rapide des plaies et pour les troubles du tractus biliaire. <\/span><\/span><span class=\"jCAhz ChMk0b\"><span class=\"ryNqvb\">L'immortelle des sables a \u00e9galement trouv\u00e9 une grande application en tant que soutien dans le traitement des maladies du foie et de la v\u00e9sicule biliaire, ainsi que pour les inflammations et infections (propri\u00e9t\u00e9s antimicrobiennes).<\/span><\/span> <span class=\"jCAhz ChMk0b\"><span class=\"ryNqvb\">Il est utilis\u00e9 pour l'insomnie, l'alop\u00e9cie et les infections parasitaires.<\/span><\/span> <span class=\"jCAhz ChMk0b\"><span class=\"ryNqvb\">En plus de ses effets anti-inflammatoires et antimicrobiens,  l'immortelle des sables montre \u00e9galement une activit\u00e9 antioxydante, neutralisant les radicaux libres et prot\u00e9geant contre le stress oxydatif.<\/span><\/span><\/p>\t\t\t\t\t\t\t\t<\/div>\n\t\t\t\t<\/div>\n\t\t\t\t<div class=\"elementor-element elementor-element-9aa9dd8 elementor-widget elementor-widget-heading\" data-id=\"9aa9dd8\" data-element_type=\"widget\" data-e-type=\"widget\" data-widget_type=\"heading.default\">\n\t\t\t\t<div class=\"elementor-widget-container\">\n\t\t\t\t\t<h4 class=\"elementor-heading-title elementor-size-default\">R\u00e9f\u00e9rences<\/h4>\t\t\t\t<\/div>\n\t\t\t\t<\/div>\n\t\t\t\t<div class=\"elementor-element elementor-element-7f8c8fe elementor-widget elementor-widget-text-editor\" data-id=\"7f8c8fe\" data-element_type=\"widget\" data-e-type=\"widget\" data-widget_type=\"text-editor.default\">\n\t\t\t\t<div class=\"elementor-widget-container\">\n\t\t\t\t\t\t\t\t\t<ul><li><a class=\"reference-link\" href=\"https:\/\/pubmed.ncbi.nlm.nih.gov\/24239849\/\" target=\"_blank\" rel=\"noopener\">Helichrysum italicum: from traditional use to scientific data<\/a><\/li><li><a class=\"reference-link\" href=\"https:\/\/pubmed.ncbi.nlm.nih.gov\/24140587\/\" target=\"_blank\" rel=\"noopener\">Intestinal antispasmodic effects of Helichrysum italicum (Roth) Don ssp. italicum and chemical identification of the active ingredients<\/a><\/li><\/ul>\t\t\t\t\t\t\t\t<\/div>\n\t\t\t\t<\/div>\n\t\t\t\t\t<\/div>\n\t\t<\/div>\n\t\t\t\t\t<\/div>\n\t\t<\/section>\n\t\t\t\t<\/div>","protected":false},"excerpt":{"rendered":"<p>Immortelle Helichrysum italicum L. &#8211; Asteraceae Immortelle is a perennial, herbaceous plant, characteristic of the Mediterranean area. It is a semi-shrub whose stem is branched, up to 60 cm high. The leaves are sessile, oblong and narrow, light green. The flowers are bisexual, yellow, collected in flower heads, and those heads are collected in a &hellip;<\/p>\n<p class=\"read-more\"> <a class=\"\" href=\"https:\/\/www.alivitpharm.com\/fr\/immortelle\/\"> <span class=\"screen-reader-text\">Immortelle des sables<\/span> Lire la suite\u00a0\u00bb<\/a><\/p>","protected":false},"author":9,"featured_media":0,"parent":0,"menu_order":0,"comment_status":"closed","ping_status":"closed","template":"","meta":{"site-sidebar-layout":"no-sidebar","site-content-layout":"page-builder","ast-global-header-display":"","ast-main-header-display":"","ast-hfb-above-header-display":"","ast-hfb-below-header-display":"","ast-hfb-mobile-header-display":"","site-post-title":"disabled","ast-breadcrumbs-content":"","ast-featured-img":"disabled","footer-sml-layout":"","theme-transparent-header-meta":"","adv-header-id-meta":"","stick-header-meta":"","header-above-stick-meta":"","header-main-stick-meta":"","header-below-stick-meta":"","footnotes":""},"class_list":["post-8231","page","type-page","status-publish","hentry"],"_links":{"self":[{"href":"https:\/\/www.alivitpharm.com\/fr\/wp-json\/wp\/v2\/pages\/8231","targetHints":{"allow":["GET"]}}],"collection":[{"href":"https:\/\/www.alivitpharm.com\/fr\/wp-json\/wp\/v2\/pages"}],"about":[{"href":"https:\/\/www.alivitpharm.com\/fr\/wp-json\/wp\/v2\/types\/page"}],"author":[{"embeddable":true,"href":"https:\/\/www.alivitpharm.com\/fr\/wp-json\/wp\/v2\/users\/9"}],"replies":[{"embeddable":true,"href":"https:\/\/www.alivitpharm.com\/fr\/wp-json\/wp\/v2\/comments?post=8231"}],"version-history":[{"count":0,"href":"https:\/\/www.alivitpharm.com\/fr\/wp-json\/wp\/v2\/pages\/8231\/revisions"}],"wp:attachment":[{"href":"https:\/\/www.alivitpharm.com\/fr\/wp-json\/wp\/v2\/media?parent=8231"}],"curies":[{"name":"wp","href":"https:\/\/api.w.org\/{rel}","templated":true}]}}