{"id":8465,"date":"2023-02-20T09:40:25","date_gmt":"2023-02-20T07:40:25","guid":{"rendered":"https:\/\/www.alivitpharm.com\/?page_id=8465"},"modified":"2023-06-01T09:37:53","modified_gmt":"2023-06-01T07:37:53","slug":"lavande","status":"publish","type":"page","link":"https:\/\/www.alivitpharm.com\/fr\/lavender\/","title":{"rendered":"Lavande"},"content":{"rendered":"<div data-elementor-type=\"wp-page\" data-elementor-id=\"8465\" class=\"elementor elementor-8465\">\n\t\t\t\t\t\t<section class=\"elementor-section elementor-top-section elementor-element elementor-element-01f54fe elementor-section-content-middle elementor-section-boxed elementor-section-height-default elementor-section-height-default\" data-id=\"01f54fe\" data-element_type=\"section\" data-e-type=\"section\" data-settings=\"{&quot;background_background&quot;:&quot;classic&quot;}\">\n\t\t\t\t\t\t\t<div class=\"elementor-background-overlay\"><\/div>\n\t\t\t\t\t\t\t<div class=\"elementor-container elementor-column-gap-default\">\n\t\t\t\t\t<div class=\"elementor-column elementor-col-100 elementor-top-column elementor-element elementor-element-9d91219\" data-id=\"9d91219\" data-element_type=\"column\" data-e-type=\"column\">\n\t\t\t<div class=\"elementor-widget-wrap elementor-element-populated\">\n\t\t\t\t\t\t<div class=\"elementor-element elementor-element-53c89f9 elementor-widget elementor-widget-heading\" data-id=\"53c89f9\" data-element_type=\"widget\" data-e-type=\"widget\" data-widget_type=\"heading.default\">\n\t\t\t\t<div class=\"elementor-widget-container\">\n\t\t\t\t\t<h1 class=\"elementor-heading-title elementor-size-default\">Lavande<\/h1>\t\t\t\t<\/div>\n\t\t\t\t<\/div>\n\t\t\t\t<div class=\"elementor-element elementor-element-237afdd elementor-widget elementor-widget-image\" data-id=\"237afdd\" data-element_type=\"widget\" data-e-type=\"widget\" data-widget_type=\"image.default\">\n\t\t\t\t<div class=\"elementor-widget-container\">\n\t\t\t\t\t\t\t\t\t\t\t\t\t\t\t<img decoding=\"async\" width=\"75\" height=\"33\" src=\"https:\/\/www.alivitpharm.com\/wp-content\/uploads\/2019\/07\/logo-leaf-new.png\" class=\"attachment-large size-large wp-image-2518\" alt=\"\" \/>\t\t\t\t\t\t\t\t\t\t\t\t\t\t\t<\/div>\n\t\t\t\t<\/div>\n\t\t\t\t<div class=\"elementor-element elementor-element-b0471b8 elementor-widget elementor-widget-text-editor\" data-id=\"b0471b8\" data-element_type=\"widget\" data-e-type=\"widget\" data-widget_type=\"text-editor.default\">\n\t\t\t\t<div class=\"elementor-widget-container\">\n\t\t\t\t\t\t\t\t\t<p><em>Lavandula angustifolia &#8211; Lamiaceae<\/em><\/p>\t\t\t\t\t\t\t\t<\/div>\n\t\t\t\t<\/div>\n\t\t\t\t\t<\/div>\n\t\t<\/div>\n\t\t\t\t\t<\/div>\n\t\t<\/section>\n\t\t\t\t<section class=\"elementor-section elementor-top-section elementor-element elementor-element-72d585c elementor-section-boxed elementor-section-height-default elementor-section-height-default\" data-id=\"72d585c\" data-element_type=\"section\" data-e-type=\"section\" data-settings=\"{&quot;background_background&quot;:&quot;classic&quot;}\">\n\t\t\t\t\t\t<div class=\"elementor-container elementor-column-gap-default\">\n\t\t\t\t\t<div class=\"elementor-column elementor-col-100 elementor-top-column elementor-element elementor-element-7f041e8\" data-id=\"7f041e8\" data-element_type=\"column\" data-e-type=\"column\">\n\t\t\t<div class=\"elementor-widget-wrap elementor-element-populated\">\n\t\t\t\t\t\t<div class=\"elementor-element elementor-element-2678765 elementor-widget elementor-widget-image\" data-id=\"2678765\" data-element_type=\"widget\" data-e-type=\"widget\" data-widget_type=\"image.default\">\n\t\t\t\t<div class=\"elementor-widget-container\">\n\t\t\t\t\t\t\t\t\t\t\t\t\t\t\t<img decoding=\"async\" src=\"https:\/\/www.alivitpharm.com\/wp-content\/uploads\/2023\/02\/lavender.png\" title=\"lavender\" alt=\"Lavande\" loading=\"lazy\" \/>\t\t\t\t\t\t\t\t\t\t\t\t\t\t\t<\/div>\n\t\t\t\t<\/div>\n\t\t\t\t<div class=\"elementor-element elementor-element-46c8523 elementor-widget elementor-widget-text-editor\" data-id=\"46c8523\" data-element_type=\"widget\" data-e-type=\"widget\" data-widget_type=\"text-editor.default\">\n\t\t\t\t<div class=\"elementor-widget-container\">\n\t\t\t\t\t\t\t\t\t<p><span class=\"jCAhz ChMk0b\"><span class=\"ryNqvb\"><strong>Lavande<\/strong> est une plante vivace herbac\u00e9e.<\/span><\/span> <span class=\"jCAhz ChMk0b\"><span class=\"ryNqvb\">Son tige est ramifi\u00e9e, les feuilles sont simples, lin\u00e9aires, recouvertes de poils m\u00e9caniques, de couleur vert-gris.<\/span><\/span> <span class=\"jCAhz ChMk0b\"><span class=\"ryNqvb\">Les fleurs sont rassembl\u00e9es en inflorescences, toutes les parties de la fleur sont recouvertes de \u00e9cailles glandulaires.<\/span><\/span> <span class=\"jCAhz ChMk0b\"><span class=\"ryNqvb\">Le fruit est un m\u00e9ricarpe compos\u00e9 de quatre noix.<\/span><\/span> <span class=\"jCAhz ChMk0b\"><span class=\"ryNqvb\">Elle est r\u00e9pandue dans la r\u00e9gion m\u00e9diterran\u00e9enne, sur des sols rocheux et calcaires.<\/span><\/span><\/p><p><span class=\"jCAhz ChMk0b\"><span class=\"ryNqvb\">La partie m\u00e9dicinale de la plante est la fleur s\u00e9ch\u00e9e, sous-d\u00e9velopp\u00e9e, de lavande sauvage ou cultiv\u00e9e.<\/span><\/span> <span class=\"jCAhz ChMk0b\"><span class=\"ryNqvb\">La fleur de lavande contient 1,5 \u00e0 3 % d'huile essentielle.<\/span><\/span> <span class=\"jCAhz ChMk0b\"><span class=\"ryNqvb\">Les principaux composants sont le linalol, ac\u00e9tate de linalyle,  le limon\u00e8ne, le cin\u00e9ol, le camphre.<\/span><\/span> <span class=\"jCAhz ChMk0b\"><span class=\"ryNqvb\">La lavande est \u00e9galement riche en tanins.<\/span><\/span><\/p>\t\t\t\t\t\t\t\t<\/div>\n\t\t\t\t<\/div>\n\t\t\t\t<div class=\"elementor-element elementor-element-b8176bb elementor-widget elementor-widget-image\" data-id=\"b8176bb\" data-element_type=\"widget\" data-e-type=\"widget\" data-widget_type=\"image.default\">\n\t\t\t\t<div class=\"elementor-widget-container\">\n\t\t\t\t\t\t\t\t\t\t\t\t\t\t\t<img decoding=\"async\" src=\"https:\/\/www.alivitpharm.com\/wp-content\/uploads\/2022\/09\/leaves.png\" title=\"leaves\" alt=\"Leaves\" loading=\"lazy\" \/>\t\t\t\t\t\t\t\t\t\t\t\t\t\t\t<\/div>\n\t\t\t\t<\/div>\n\t\t\t\t<div class=\"elementor-element elementor-element-3578b19 elementor-widget elementor-widget-text-editor\" data-id=\"3578b19\" data-element_type=\"widget\" data-e-type=\"widget\" data-widget_type=\"text-editor.default\">\n\t\t\t\t<div class=\"elementor-widget-container\">\n\t\t\t\t\t\t\t\t\t<p>L'huile essentielle de lavande est obtenue par distillation \u00e0 la vapeur d'eau des fleurs fra\u00eeches ou de l'inflorescence compl\u00e8te. L'huile essentielle de lavande est responsable de l'effet s\u00e9datif de la lavande. <span class=\"jCAhz ChMk0b\"><span class=\"ryNqvb\">La lavande est une plante qui peut \u00eatre utilis\u00e9e pour neutraliser les gaz et les ballonnements.<\/span><\/span> <span class=\"jCAhz ChMk0b\"><span class=\"ryNqvb\">Elle est recommand\u00e9e pour les troubles de l'humeur, la fatigue et l'insomnie.<\/span><\/span> <span class=\"jCAhz ChMk0b\"><span class=\"ryNqvb\">Il a \u00e9t\u00e9 prouv\u00e9 qu'elle est particuli\u00e8rement utile dans le traitement de l'insomnie chez les femmes apr\u00e8s l'accouchement.<\/span><\/span> <span class=\"jCAhz ChMk0b\"><span class=\"ryNqvb\">De plus, des effets b\u00e9n\u00e9fiques ont \u00e9t\u00e9 observ\u00e9s pour divers probl\u00e8mes digestifs, tels que les troubles de la digestion, les crampes et les ballonnements. La lavande peut \u00e9galement \u00eatre utilis\u00e9e pour fabriquer des produits \u00e0 usage local, comme des pr\u00e9parations pour les troubles de la circulation p\u00e9riph\u00e9rique, car la lavande est consid\u00e9r\u00e9e comme un l\u00e9ger rub\u00e9faciant. L'huile essentielle de lavande a trouv\u00e9 une grande application dans l'industrie cosm\u00e9tique, pour la fabrication de divers produits cosm\u00e9tiques (s\u00e9rums, parfums, cr\u00e8mes).<\/span><\/span><\/p><p><span class=\"jCAhz ChMk0b\"><span class=\"ryNqvb\">L'utilisation des huiles essentielles et de leurs composants est connue depuis l'Antiquit\u00e9 dans la m\u00e9decine traditionnelle et l'aromath\u00e9rapie.<\/span><\/span> <span class=\"jCAhz ChMk0b\"><span class=\"ryNqvb\">Les potentiels neuroprotecteurs et anti-\u00e2ge des huiles essentielles ont fait l'objet de nombreuses recherches scientifiques, parmi lesquelles l'huile essentielle de lavande, pour laquelle ces effets ont \u00e9t\u00e9 prouv\u00e9s.<\/span><\/span> <span class=\"jCAhz ChMk0b\"><span class=\"ryNqvb\">Il a \u00e9t\u00e9 d\u00e9montr\u00e9 que la lavande a un effet tr\u00e8s important dans la pr\u00e9vention et comme aide dans le traitement de la maladie d'Alzheimer et de la d\u00e9mence, mais aussi sur d'autres \u00e9tats pathophysiologiques tels que les troubles psychiatriques comme l'anxi\u00e9t\u00e9 et la d\u00e9pression, ainsi que les dysfonctionnements cognitifs.<\/span><\/span><\/p>\t\t\t\t\t\t\t\t<\/div>\n\t\t\t\t<\/div>\n\t\t\t\t<div class=\"elementor-element elementor-element-2c7ce54 elementor-widget elementor-widget-heading\" data-id=\"2c7ce54\" data-element_type=\"widget\" data-e-type=\"widget\" data-widget_type=\"heading.default\">\n\t\t\t\t<div class=\"elementor-widget-container\">\n\t\t\t\t\t<h4 class=\"elementor-heading-title elementor-size-default\">R\u00e9f\u00e9rences<\/h4>\t\t\t\t<\/div>\n\t\t\t\t<\/div>\n\t\t\t\t<div class=\"elementor-element elementor-element-ab765d6 elementor-widget elementor-widget-text-editor\" data-id=\"ab765d6\" data-element_type=\"widget\" data-e-type=\"widget\" data-widget_type=\"text-editor.default\">\n\t\t\t\t<div class=\"elementor-widget-container\">\n\t\t\t\t\t\t\t\t\t<ul><li><a class=\"reference-link\" href=\"https:\/\/pubmed.ncbi.nlm.nih.gov\/28611658\/\" target=\"_blank\" rel=\"noopener\">Neuroprotective and Anti-Aging Potentials of Essential Oils from Aromatic and Medicinal Plants<\/a><\/li><li><a class=\"reference-link\" href=\"https:\/\/pubmed.ncbi.nlm.nih.gov\/30360002\/\" target=\"_blank\" rel=\"noopener\">Essential Oils as Treatment Strategy for Alzheimer&#8217;s Disease: Current and Future Perspectives<\/a><\/li><li><a class=\"reference-link\" href=\"https:\/\/pubmed.ncbi.nlm.nih.gov\/26092515\/\" target=\"_blank\" rel=\"noopener\">Phytopharmaceutical treatment of anxiety, depression, and dementia in the elderly: evidence from randomized, controlled clinical trials<\/a><\/li><\/ul>\t\t\t\t\t\t\t\t<\/div>\n\t\t\t\t<\/div>\n\t\t\t\t\t<\/div>\n\t\t<\/div>\n\t\t\t\t\t<\/div>\n\t\t<\/section>\n\t\t\t\t<\/div>","protected":false},"excerpt":{"rendered":"<p>Lavender Lavandula angustifolia &#8211; Lamiaceae Lavender is a perennial, herbaceous plant. The tree is branched, the leaves are simple, linear, covered with mechanical hairs, gray-green in color. The flowers are collected in dichasium, all parts of the flower are covered with glandular scales. The fruit is a mericarp, composed of four nutlets. It is widespread &hellip;<\/p>\n<p class=\"read-more\"> <a class=\"\" href=\"https:\/\/www.alivitpharm.com\/fr\/lavender\/\"> <span class=\"screen-reader-text\">Lavande<\/span> Lire la suite\u00a0\u00bb<\/a><\/p>","protected":false},"author":9,"featured_media":0,"parent":0,"menu_order":0,"comment_status":"closed","ping_status":"closed","template":"","meta":{"site-sidebar-layout":"no-sidebar","site-content-layout":"page-builder","ast-global-header-display":"","ast-main-header-display":"","ast-hfb-above-header-display":"","ast-hfb-below-header-display":"","ast-hfb-mobile-header-display":"","site-post-title":"disabled","ast-breadcrumbs-content":"","ast-featured-img":"disabled","footer-sml-layout":"","theme-transparent-header-meta":"","adv-header-id-meta":"","stick-header-meta":"","header-above-stick-meta":"","header-main-stick-meta":"","header-below-stick-meta":"","footnotes":""},"class_list":["post-8465","page","type-page","status-publish","hentry"],"_links":{"self":[{"href":"https:\/\/www.alivitpharm.com\/fr\/wp-json\/wp\/v2\/pages\/8465","targetHints":{"allow":["GET"]}}],"collection":[{"href":"https:\/\/www.alivitpharm.com\/fr\/wp-json\/wp\/v2\/pages"}],"about":[{"href":"https:\/\/www.alivitpharm.com\/fr\/wp-json\/wp\/v2\/types\/page"}],"author":[{"embeddable":true,"href":"https:\/\/www.alivitpharm.com\/fr\/wp-json\/wp\/v2\/users\/9"}],"replies":[{"embeddable":true,"href":"https:\/\/www.alivitpharm.com\/fr\/wp-json\/wp\/v2\/comments?post=8465"}],"version-history":[{"count":0,"href":"https:\/\/www.alivitpharm.com\/fr\/wp-json\/wp\/v2\/pages\/8465\/revisions"}],"wp:attachment":[{"href":"https:\/\/www.alivitpharm.com\/fr\/wp-json\/wp\/v2\/media?parent=8465"}],"curies":[{"name":"wp","href":"https:\/\/api.w.org\/{rel}","templated":true}]}}