{"id":8491,"date":"2023-02-20T12:43:31","date_gmt":"2023-02-20T10:43:31","guid":{"rendered":"https:\/\/www.alivitpharm.com\/?page_id=8491"},"modified":"2023-05-18T08:44:01","modified_gmt":"2023-05-18T06:44:01","slug":"the-vert","status":"publish","type":"page","link":"https:\/\/www.alivitpharm.com\/fr\/green-tea\/","title":{"rendered":"Th\u00e9 vert"},"content":{"rendered":"<div data-elementor-type=\"wp-page\" data-elementor-id=\"8491\" class=\"elementor elementor-8491\">\n\t\t\t\t\t\t<section class=\"elementor-section elementor-top-section elementor-element elementor-element-0fae71d elementor-section-content-middle elementor-section-boxed elementor-section-height-default elementor-section-height-default\" data-id=\"0fae71d\" data-element_type=\"section\" data-e-type=\"section\" data-settings=\"{&quot;background_background&quot;:&quot;classic&quot;}\">\n\t\t\t\t\t\t\t<div class=\"elementor-background-overlay\"><\/div>\n\t\t\t\t\t\t\t<div class=\"elementor-container elementor-column-gap-default\">\n\t\t\t\t\t<div class=\"elementor-column elementor-col-100 elementor-top-column elementor-element elementor-element-00a75b2\" data-id=\"00a75b2\" data-element_type=\"column\" data-e-type=\"column\">\n\t\t\t<div class=\"elementor-widget-wrap elementor-element-populated\">\n\t\t\t\t\t\t<div class=\"elementor-element elementor-element-4ee1808 elementor-widget elementor-widget-heading\" data-id=\"4ee1808\" data-element_type=\"widget\" data-e-type=\"widget\" data-widget_type=\"heading.default\">\n\t\t\t\t<div class=\"elementor-widget-container\">\n\t\t\t\t\t<h1 class=\"elementor-heading-title elementor-size-default\">Th\u00e9 vert<\/h1>\t\t\t\t<\/div>\n\t\t\t\t<\/div>\n\t\t\t\t<div class=\"elementor-element elementor-element-79518a6 elementor-widget elementor-widget-image\" data-id=\"79518a6\" data-element_type=\"widget\" data-e-type=\"widget\" data-widget_type=\"image.default\">\n\t\t\t\t<div class=\"elementor-widget-container\">\n\t\t\t\t\t\t\t\t\t\t\t\t\t\t\t<img decoding=\"async\" width=\"75\" height=\"33\" src=\"https:\/\/www.alivitpharm.com\/wp-content\/uploads\/2019\/07\/logo-leaf-new.png\" class=\"attachment-large size-large wp-image-2518\" alt=\"\" \/>\t\t\t\t\t\t\t\t\t\t\t\t\t\t\t<\/div>\n\t\t\t\t<\/div>\n\t\t\t\t<div class=\"elementor-element elementor-element-f17cb18 elementor-widget elementor-widget-text-editor\" data-id=\"f17cb18\" data-element_type=\"widget\" data-e-type=\"widget\" data-widget_type=\"text-editor.default\">\n\t\t\t\t<div class=\"elementor-widget-container\">\n\t\t\t\t\t\t\t\t\t<p><em>Thea sinensis, L. &#8211; Theaceae<\/em><\/p>\t\t\t\t\t\t\t\t<\/div>\n\t\t\t\t<\/div>\n\t\t\t\t\t<\/div>\n\t\t<\/div>\n\t\t\t\t\t<\/div>\n\t\t<\/section>\n\t\t\t\t<section class=\"elementor-section elementor-top-section elementor-element elementor-element-c5c076a elementor-section-boxed elementor-section-height-default elementor-section-height-default\" data-id=\"c5c076a\" data-element_type=\"section\" data-e-type=\"section\" data-settings=\"{&quot;background_background&quot;:&quot;classic&quot;}\">\n\t\t\t\t\t\t<div class=\"elementor-container elementor-column-gap-default\">\n\t\t\t\t\t<div class=\"elementor-column elementor-col-100 elementor-top-column elementor-element elementor-element-dff8061\" data-id=\"dff8061\" data-element_type=\"column\" data-e-type=\"column\">\n\t\t\t<div class=\"elementor-widget-wrap elementor-element-populated\">\n\t\t\t\t\t\t<div class=\"elementor-element elementor-element-fb0c07c elementor-widget elementor-widget-image\" data-id=\"fb0c07c\" data-element_type=\"widget\" data-e-type=\"widget\" data-widget_type=\"image.default\">\n\t\t\t\t<div class=\"elementor-widget-container\">\n\t\t\t\t\t\t\t\t\t\t\t\t\t\t\t<img decoding=\"async\" src=\"https:\/\/www.alivitpharm.com\/wp-content\/uploads\/2023\/02\/green-tea.png\" title=\"green-tea\" alt=\"Th\u00e9 vert\" loading=\"lazy\" \/>\t\t\t\t\t\t\t\t\t\t\t\t\t\t\t<\/div>\n\t\t\t\t<\/div>\n\t\t\t\t<div class=\"elementor-element elementor-element-1e85b87 elementor-widget elementor-widget-text-editor\" data-id=\"1e85b87\" data-element_type=\"widget\" data-e-type=\"widget\" data-widget_type=\"text-editor.default\">\n\t\t\t\t<div class=\"elementor-widget-container\">\n\t\t\t\t\t\t\t\t\t<p><span class=\"jCAhz ChMk0b\"><span class=\"ryNqvb\">Le th\u00e9 vert est un buisson haut, avec des feuilles coriaces, elliptiques, dispos\u00e9es de mani\u00e8re oppos\u00e9e.<\/span><\/span> <span class=\"jCAhz ChMk0b\"><span class=\"ryNqvb\">Dans les aisselles des feuilles, se trouvent plusieurs fleurs blanches.<\/span><\/span> <span class=\"jCAhz ChMk0b\"><span class=\"ryNqvb\">Le fruit est une gousse contenant trois graines.<\/span><\/span> <span class=\"jCAhz ChMk0b\"><span class=\"ryNqvb\">Le th\u00e9 vert pousse dans les zones montagneuses et humides de la Chine, et aujourd'hui, cette plante est cultiv\u00e9e dans les r\u00e9gions tropicales et subtropicales d'Asie, d'Europe et d'Afrique.<\/span><\/span> <span class=\"jCAhz ChMk0b\"><span class=\"ryNqvb\">La partie m\u00e9dicinale de la plante est la feuille s\u00e9ch\u00e9e.<\/span><\/span><\/p><p><span class=\"jCAhz ChMk0b\"><span class=\"ryNqvb\">La feuille de th\u00e9 vert contient 2 \u00e0 4 % de caf\u00e9ine et une quantit\u00e9 moindre d'autres d\u00e9riv\u00e9s puriniques.<\/span><\/span> <span class=\"jCAhz ChMk0b\"><span class=\"ryNqvb\">En plus de la caf\u00e9ine, cette plante contient divers composants polyph\u00e9noliques, des acides ph\u00e9noliques (acide hydroxybenzo\u00efque, acide caf\u00e9ique et acide gallique), des gallotanins, ainsi que des d\u00e9riv\u00e9s flavono\u00efdes (O- et C-h\u00e9t\u00e9rosides de flavonols) et des compos\u00e9s de type flavonol (tanins cat\u00e9chins<\/span><\/span> <span class=\"jCAhz ChMk0b\"><span class=\"ryNqvb\">, procyanidins, gallate d\u2019\u00e9picat\u00e9chine).<\/span><\/span> <span class=\"jCAhz ChMk0b\"><span class=\"ryNqvb\">La feuille de cette plante contient \u00e9galement des h\u00e9t\u00e9rosides d'alcool aromatique terp\u00e9nique et aliphatiques, ce qui contribue \u00e0 son ar\u00f4me distinctif.<\/span><\/span> <span class=\"jCAhz ChMk0b\"><span class=\"ryNqvb\">La feuille non s\u00e9ch\u00e9e contient \u00e9galement une grande quantit\u00e9 de prot\u00e9ines, de sucres, de vitamine C et de vitamines du complexe B.<\/span><\/span><\/p>\t\t\t\t\t\t\t\t<\/div>\n\t\t\t\t<\/div>\n\t\t\t\t<div class=\"elementor-element elementor-element-bcbc36b elementor-widget elementor-widget-image\" data-id=\"bcbc36b\" data-element_type=\"widget\" data-e-type=\"widget\" data-widget_type=\"image.default\">\n\t\t\t\t<div class=\"elementor-widget-container\">\n\t\t\t\t\t\t\t\t\t\t\t\t\t\t\t<img decoding=\"async\" src=\"https:\/\/www.alivitpharm.com\/wp-content\/uploads\/2022\/09\/leaves.png\" title=\"leaves\" alt=\"Leaves\" loading=\"lazy\" \/>\t\t\t\t\t\t\t\t\t\t\t\t\t\t\t<\/div>\n\t\t\t\t<\/div>\n\t\t\t\t<div class=\"elementor-element elementor-element-89fff45 elementor-widget elementor-widget-text-editor\" data-id=\"89fff45\" data-element_type=\"widget\" data-e-type=\"widget\" data-widget_type=\"text-editor.default\">\n\t\t\t\t<div class=\"elementor-widget-container\">\n\t\t\t\t\t\t\t\t\t<p><span class=\"jCAhz ChMk0b\"><span class=\"ryNqvb\">L'utilisation du th\u00e9 vert comme boisson est tr\u00e8s courante dans la vie quotidienne.<\/span><\/span> <span class=\"jCAhz ChMk0b\"><span class=\"ryNqvb\">De nombreuses \u00e9tudes ont prouv\u00e9 que le th\u00e9 vert a un effet b\u00e9n\u00e9fique sur la circulation coronaire (effet angioprotecteur).<\/span><\/span> <span class=\"jCAhz ChMk0b\"><span class=\"ryNqvb\">De plus, cette plante poss\u00e8de un potentiel antioxydant marqu\u00e9, en liant les radicaux libres d'oxyg\u00e8ne et en inhibant la peroxidation lipidique.<\/span><\/span> <span class=\"jCAhz ChMk0b\"><span class=\"ryNqvb\">Parce que le th\u00e9 vert est un antioxydant, cela explique son effet antimutag\u00e8ne et antitumoral.<\/span><\/span> <span class=\"jCAhz ChMk0b\"><span class=\"ryNqvb\">Il est suppos\u00e9 que le th\u00e9 vert a la capacit\u00e9 de lier le cholest\u00e9rol et d'inhiber son absorption par le tractus gastro-intestinal, mais cela n'a pas encore \u00e9t\u00e9 enti\u00e8rement confirm\u00e9.<\/span><\/span> <span class=\"jCAhz ChMk0b\"><span class=\"ryNqvb\">La pharmacop\u00e9e fran\u00e7aise prescrit l'utilisation du th\u00e9 vert pour les diarrh\u00e9es l\u00e9g\u00e8res, la perte de poids et comme diur\u00e9tique l\u00e9ger (un agent qui aide \u00e0 \u00e9liminer les liquides du corps).<\/span><\/span><\/p><p><span class=\"jCAhz ChMk0b\"><span class=\"ryNqvb\">Les troubles neurologiques repr\u00e9sentent un grand probl\u00e8me socio-\u00e9conomique \u00e0 travers le monde.<\/span><\/span> <span class=\"jCAhz ChMk0b\"><span class=\"ryNqvb\">Ces troubles ont \u00e9t\u00e9 largement \u00e9tudi\u00e9s au cours des derni\u00e8res d\u00e9cennies dans l'espoir de d\u00e9velopper une th\u00e9rapie ad\u00e9quate.<\/span><\/span> <span class=\"jCAhz ChMk0b\"><span class=\"ryNqvb\">Le th\u00e9 est l'une des boissons les plus populaires au monde, et en particulier le th\u00e9 vert <em>(Camellia Sinensis)<\/em> a \u00e9t\u00e9 le plus \u00e9tudi\u00e9 en raison de son large potentiel de sant\u00e9.<\/span><\/span> <span class=\"jCAhz ChMk0b\"><span class=\"ryNqvb\">Dans de nombreux travaux de recherche scientifique, il a \u00e9t\u00e9 d\u00e9montr\u00e9 que les polyph\u00e9nols du th\u00e9 vert poss\u00e8dent un effet neuroprotecteur, et sont utilis\u00e9s comme pr\u00e9vention ou aide dans le traitement des maladies neurod\u00e9g\u00e9n\u00e9ratives, telles que la maladie d'Alzheimer et la maladie de Parkinson.<\/span><\/span> <span class=\"jCAhz ChMk0b\"><span class=\"ryNqvb\">Les cat\u00e9chines sont \u00e9galement utiles dans la lutte contre les maladies neurod\u00e9g\u00e9n\u00e9ratives, gr\u00e2ce \u00e0 leurs effets antioxydants et anti-inflammatoires.<\/span><\/span><\/p><p><span class=\"jCAhz ChMk0b\"><span class=\"ryNqvb\">Un grand nombre d'\u00e9tudes se concentrent encore aujourd'hui sur les effets du th\u00e9 vert, et certaines conclusions indiquent que cette plante a des effets b\u00e9n\u00e9fiques sur des maladies telles que le cancer, l'ob\u00e9sit\u00e9, le diab\u00e8te sucr\u00e9, ainsi que sur de nombreuses maladies neurologiques, telles que les dysfonctions cognitives et la perte de m\u00e9moire.<\/span><\/span><\/p>\t\t\t\t\t\t\t\t<\/div>\n\t\t\t\t<\/div>\n\t\t\t\t<div class=\"elementor-element elementor-element-bf3d2f1 elementor-widget elementor-widget-heading\" data-id=\"bf3d2f1\" data-element_type=\"widget\" data-e-type=\"widget\" data-widget_type=\"heading.default\">\n\t\t\t\t<div class=\"elementor-widget-container\">\n\t\t\t\t\t<h4 class=\"elementor-heading-title elementor-size-default\">R\u00e9f\u00e9rences<\/h4>\t\t\t\t<\/div>\n\t\t\t\t<\/div>\n\t\t\t\t<div class=\"elementor-element elementor-element-129a3a4 elementor-widget elementor-widget-text-editor\" data-id=\"129a3a4\" data-element_type=\"widget\" data-e-type=\"widget\" data-widget_type=\"text-editor.default\">\n\t\t\t\t<div class=\"elementor-widget-container\">\n\t\t\t\t\t\t\t\t\t<ul><li><a class=\"reference-link\" href=\"https:\/\/pubmed.ncbi.nlm.nih.gov\/20364607\/\" target=\"_blank\" rel=\"noopener\">Review on the neuroprotective effects of green tea polyphenols for the treatment of neurodegenerative diseases<\/a><\/li><li><a class=\"reference-link\" href=\"https:\/\/pubmed.ncbi.nlm.nih.gov\/29468975\/\" target=\"_blank\" rel=\"noopener\">The Protective Effects of Green Tea Catechins in the Management of Neurodegenerative Diseases: A Review<\/a><\/li><li><a class=\"reference-link\" href=\"https:\/\/pubmed.ncbi.nlm.nih.gov\/29843466\/\" target=\"_blank\" rel=\"noopener\">Beneficial Effects of Green Tea Catechins on Neurodegenerative Diseases<\/a><\/li><li><a class=\"reference-link\" href=\"https:\/\/pubmed.ncbi.nlm.nih.gov\/36364431\/\" target=\"_blank\" rel=\"noopener\">Green Tea Catechins Attenuate Neurodegenerative Diseases and Cognitive Deficits<\/a><\/li><\/ul>\t\t\t\t\t\t\t\t<\/div>\n\t\t\t\t<\/div>\n\t\t\t\t\t<\/div>\n\t\t<\/div>\n\t\t\t\t\t<\/div>\n\t\t<\/section>\n\t\t\t\t<\/div>","protected":false},"excerpt":{"rendered":"<p>Green Tea Thea sinensis, L. &#8211; Theaceae The plant is a tall bush, the leaves are leathery, elliptical, oppositely arranged. There are several white flowers in the axils of the leaves. The fruit is a capsule with three seeds. Green tea grows in the hilly, humid regions of China, and today this plant is cultivated &hellip;<\/p>\n<p class=\"read-more\"> <a class=\"\" href=\"https:\/\/www.alivitpharm.com\/fr\/green-tea\/\"> <span class=\"screen-reader-text\">Th\u00e9 vert<\/span> Lire la suite\u00a0\u00bb<\/a><\/p>","protected":false},"author":9,"featured_media":0,"parent":0,"menu_order":0,"comment_status":"closed","ping_status":"closed","template":"","meta":{"site-sidebar-layout":"no-sidebar","site-content-layout":"page-builder","ast-global-header-display":"","ast-main-header-display":"","ast-hfb-above-header-display":"","ast-hfb-below-header-display":"","ast-hfb-mobile-header-display":"","site-post-title":"disabled","ast-breadcrumbs-content":"","ast-featured-img":"disabled","footer-sml-layout":"","theme-transparent-header-meta":"","adv-header-id-meta":"","stick-header-meta":"","header-above-stick-meta":"","header-main-stick-meta":"","header-below-stick-meta":"","footnotes":""},"class_list":["post-8491","page","type-page","status-publish","hentry"],"_links":{"self":[{"href":"https:\/\/www.alivitpharm.com\/fr\/wp-json\/wp\/v2\/pages\/8491","targetHints":{"allow":["GET"]}}],"collection":[{"href":"https:\/\/www.alivitpharm.com\/fr\/wp-json\/wp\/v2\/pages"}],"about":[{"href":"https:\/\/www.alivitpharm.com\/fr\/wp-json\/wp\/v2\/types\/page"}],"author":[{"embeddable":true,"href":"https:\/\/www.alivitpharm.com\/fr\/wp-json\/wp\/v2\/users\/9"}],"replies":[{"embeddable":true,"href":"https:\/\/www.alivitpharm.com\/fr\/wp-json\/wp\/v2\/comments?post=8491"}],"version-history":[{"count":0,"href":"https:\/\/www.alivitpharm.com\/fr\/wp-json\/wp\/v2\/pages\/8491\/revisions"}],"wp:attachment":[{"href":"https:\/\/www.alivitpharm.com\/fr\/wp-json\/wp\/v2\/media?parent=8491"}],"curies":[{"name":"wp","href":"https:\/\/api.w.org\/{rel}","templated":true}]}}