{"id":9022,"date":"2023-04-27T10:26:19","date_gmt":"2023-04-27T08:26:19","guid":{"rendered":"https:\/\/www.alivitpharm.com\/?page_id=9022"},"modified":"2023-04-28T11:43:22","modified_gmt":"2023-04-28T09:43:22","slug":"poivre-noir","status":"publish","type":"page","link":"https:\/\/www.alivitpharm.com\/fr\/black-pepper\/","title":{"rendered":"Poivre noir"},"content":{"rendered":"<div data-elementor-type=\"wp-page\" data-elementor-id=\"9022\" class=\"elementor elementor-9022\">\n\t\t\t\t\t\t<section class=\"elementor-section elementor-top-section elementor-element elementor-element-6235dad elementor-section-content-middle elementor-section-boxed elementor-section-height-default elementor-section-height-default\" data-id=\"6235dad\" data-element_type=\"section\" data-e-type=\"section\" data-settings=\"{&quot;background_background&quot;:&quot;classic&quot;}\">\n\t\t\t\t\t\t\t<div class=\"elementor-background-overlay\"><\/div>\n\t\t\t\t\t\t\t<div class=\"elementor-container elementor-column-gap-default\">\n\t\t\t\t\t<div class=\"elementor-column elementor-col-100 elementor-top-column elementor-element elementor-element-f7147c1\" data-id=\"f7147c1\" data-element_type=\"column\" data-e-type=\"column\">\n\t\t\t<div class=\"elementor-widget-wrap elementor-element-populated\">\n\t\t\t\t\t\t<div class=\"elementor-element elementor-element-f4f088c elementor-widget elementor-widget-heading\" data-id=\"f4f088c\" data-element_type=\"widget\" data-e-type=\"widget\" data-widget_type=\"heading.default\">\n\t\t\t\t<div class=\"elementor-widget-container\">\n\t\t\t\t\t<h1 class=\"elementor-heading-title elementor-size-default\">Poivre noir<\/h1>\t\t\t\t<\/div>\n\t\t\t\t<\/div>\n\t\t\t\t<div class=\"elementor-element elementor-element-d50f9ba elementor-widget elementor-widget-image\" data-id=\"d50f9ba\" data-element_type=\"widget\" data-e-type=\"widget\" data-widget_type=\"image.default\">\n\t\t\t\t<div class=\"elementor-widget-container\">\n\t\t\t\t\t\t\t\t\t\t\t\t\t\t\t<img decoding=\"async\" width=\"75\" height=\"33\" src=\"https:\/\/www.alivitpharm.com\/wp-content\/uploads\/2019\/07\/logo-leaf-new.png\" class=\"attachment-large size-large wp-image-2518\" alt=\"\" \/>\t\t\t\t\t\t\t\t\t\t\t\t\t\t\t<\/div>\n\t\t\t\t<\/div>\n\t\t\t\t<div class=\"elementor-element elementor-element-d3eed3e elementor-widget elementor-widget-text-editor\" data-id=\"d3eed3e\" data-element_type=\"widget\" data-e-type=\"widget\" data-widget_type=\"text-editor.default\">\n\t\t\t\t<div class=\"elementor-widget-container\">\n\t\t\t\t\t\t\t\t\t<p><em>Piper nigrum L. &#8211; Piperaceae<\/em><\/p>\t\t\t\t\t\t\t\t<\/div>\n\t\t\t\t<\/div>\n\t\t\t\t\t<\/div>\n\t\t<\/div>\n\t\t\t\t\t<\/div>\n\t\t<\/section>\n\t\t\t\t<section class=\"elementor-section elementor-top-section elementor-element elementor-element-55c5dfd elementor-section-boxed elementor-section-height-default elementor-section-height-default\" data-id=\"55c5dfd\" data-element_type=\"section\" data-e-type=\"section\" data-settings=\"{&quot;background_background&quot;:&quot;classic&quot;}\">\n\t\t\t\t\t\t<div class=\"elementor-container elementor-column-gap-default\">\n\t\t\t\t\t<div class=\"elementor-column elementor-col-100 elementor-top-column elementor-element elementor-element-a1cadcb\" data-id=\"a1cadcb\" data-element_type=\"column\" data-e-type=\"column\">\n\t\t\t<div class=\"elementor-widget-wrap elementor-element-populated\">\n\t\t\t\t\t\t<div class=\"elementor-element elementor-element-d545444 elementor-widget elementor-widget-image\" data-id=\"d545444\" data-element_type=\"widget\" data-e-type=\"widget\" data-widget_type=\"image.default\">\n\t\t\t\t<div class=\"elementor-widget-container\">\n\t\t\t\t\t\t\t\t\t\t\t\t\t\t\t<img decoding=\"async\" src=\"https:\/\/www.alivitpharm.com\/wp-content\/uploads\/2023\/04\/black-pepper.png\" title=\"black-pepper\" alt=\"Poivre noir\" loading=\"lazy\" \/>\t\t\t\t\t\t\t\t\t\t\t\t\t\t\t<\/div>\n\t\t\t\t<\/div>\n\t\t\t\t<div class=\"elementor-element elementor-element-2324d8a elementor-widget elementor-widget-text-editor\" data-id=\"2324d8a\" data-element_type=\"widget\" data-e-type=\"widget\" data-widget_type=\"text-editor.default\">\n\t\t\t\t<div class=\"elementor-widget-container\">\n\t\t\t\t\t\t\t\t\t<p><span class=\"jCAhz ChMk0b\"><span class=\"ryNqvb\"><strong>Poivre noir<\/strong> est une liane herbac\u00e9e vivace.<\/span><\/span> <span class=\"jCAhz ChMk0b\"><span class=\"ryNqvb\">Le fruit est une drupe, et pendant sa maturation, le fruit change de couleur du vert au rouge.<\/span><\/span> <span class=\"jCAhz ChMk0b\"><span class=\"ryNqvb\">Le poivre est originaire du sud-ouest de l'Inde, mais il est maintenant principalement cultiv\u00e9 en Inde, en Indon\u00e9sie, en Malaisie, \u00e0 Ceylan et au Br\u00e9sil.<\/span><\/span> <span class=\"jCAhz ChMk0b\"><span class=\"ryNqvb\">La partie m\u00e9dicinale de la plante est le fruit immature s\u00e9ch\u00e9 des plantes cultiv\u00e9es.<\/span><\/span><\/p><p><span class=\"jCAhz ChMk0b\"><span class=\"ryNqvb\">Les principaux composants du poivre sont des alcalo\u00efdes amides, pr\u00e9sents dans une concentration de 5 \u00e0 10%.<\/span><\/span> <span class=\"jCAhz ChMk0b\"><span class=\"ryNqvb\">Ce sont des amides de pip\u00e9ridine avec des acides st\u00e9r\u00e9o-isom\u00e8res, le pip\u00e9rine et le cavicine.<\/span><\/span> <span class=\"jCAhz ChMk0b\"><span class=\"ryNqvb\">Les alcalo\u00efdes les plus importants sont la pip\u00e9rine et la cavicine.<\/span><\/span> <span class=\"jCAhz ChMk0b\"><span class=\"ryNqvb\">Le fruit du poivre contient principalement de la pip\u00e9rine, tandis que le go\u00fbt piquant provient de la cavicine, qui a une consistance r\u00e9sineuse.<\/span><\/span> <span class=\"jCAhz ChMk0b\"><span class=\"ryNqvb\">Le poivre est une riche source de nombreuses substances biologiquement actives, telles que des monoterp\u00e8nes et des sesquiterp\u00e8nes, ainsi que d'autres compos\u00e9s volatils.<\/span><\/span> <span class=\"jCAhz ChMk0b\"><span class=\"ryNqvb\">Le fruit du poivre contient \u00e9galement de l'huile essentielle, qui varie de 1 \u00e0 3,5% et est principalement compos\u00e9e d'hydrocarbures monoterp\u00e9niques.<\/span><\/span><\/p>\t\t\t\t\t\t\t\t<\/div>\n\t\t\t\t<\/div>\n\t\t\t\t<div class=\"elementor-element elementor-element-bdad4e9 elementor-widget elementor-widget-image\" data-id=\"bdad4e9\" data-element_type=\"widget\" data-e-type=\"widget\" data-widget_type=\"image.default\">\n\t\t\t\t<div class=\"elementor-widget-container\">\n\t\t\t\t\t\t\t\t\t\t\t\t\t\t\t<img decoding=\"async\" src=\"https:\/\/www.alivitpharm.com\/wp-content\/uploads\/2022\/09\/leaves.png\" title=\"leaves\" alt=\"Leaves\" loading=\"lazy\" \/>\t\t\t\t\t\t\t\t\t\t\t\t\t\t\t<\/div>\n\t\t\t\t<\/div>\n\t\t\t\t<div class=\"elementor-element elementor-element-04df373 elementor-widget elementor-widget-text-editor\" data-id=\"04df373\" data-element_type=\"widget\" data-e-type=\"widget\" data-widget_type=\"text-editor.default\">\n\t\t\t\t<div class=\"elementor-widget-container\">\n\t\t\t\t\t\t\t\t\t<p><span class=\"jCAhz ChMk0b\"><span class=\"ryNqvb\">Le poivre noir est l'une des \u00e9pices les plus utilis\u00e9es au monde.<\/span><\/span> <span class=\"jCAhz ChMk0b\"><span class=\"ryNqvb\">Ses divers effets b\u00e9n\u00e9fiques sur la sant\u00e9 humaine ont \u00e9t\u00e9 prouv\u00e9s par de nombreuses \u00e9tudes, men\u00e9es sur des animaux et des humains.<\/span><\/span> <span class=\"jCAhz ChMk0b\"><span class=\"ryNqvb\">La pip\u00e9rine est le principal compos\u00e9 bioactif du poivre noir, responsable de ses effets immunomodulateurs, anticanc\u00e9reux, antiasthmatiques, h\u00e9patoprotecteurs, anti-inflammatoires et antimicrobiens.<\/span><\/span> <span class=\"jCAhz ChMk0b\"><span class=\"ryNqvb\">De plus, cette plante poss\u00e8de un puissant potentiel antioxydant et peut am\u00e9liorer l'absorption de certains m\u00e9dicaments, tels que la rifampicine, le sulfadiazine, les t\u00e9tracyclines et la ph\u00e9nyto\u00efne.<\/span><\/span> <span class=\"jCAhz ChMk0b\"><span class=\"ryNqvb\">Dans la m\u00e9decine indienne ancienne, le poivre noir est utilis\u00e9 pour contr\u00f4ler le diab\u00e8te, stimuler le syst\u00e8me nerveux central, comme tonique digestif, comme aphrodisiaque et antipyr\u00e9tique, et il a \u00e9galement un effet positif sur le bilan lipidique (normalisant le taux de cholest\u00e9rol sanguin).<\/span><\/span> <span class=\"jCAhz ChMk0b\"><span class=\"ryNqvb\">Cette plante est incluse dans de nombreuses autres formulations, car elle am\u00e9liore la biodisponibilit\u00e9 de nombreuses substances actives, dont le curcuma.<\/span><\/span> <span class=\"jCAhz ChMk0b\"><span class=\"ryNqvb\">Il est bien connu que le poivre a de nombreux avantages pour la sant\u00e9.<\/span><\/span> <span class=\"jCAhz ChMk0b\"><span class=\"ryNqvb\">Traditionnellement, il est utilis\u00e9 pour traiter les douleurs, les tremblements, le rhumatisme, la grippe, les douleurs musculaires, les rhumes, la fi\u00e8vre, l'\u00e9puisement, pour am\u00e9liorer la circulation, stimuler la production de salive, stimuler l'app\u00e9tit et favoriser la p\u00e9ristaltisme intestinale.<\/span><\/span> <span class=\"jCAhz ChMk0b\"><span class=\"ryNqvb\">Il poss\u00e8de \u00e9galement une activit\u00e9 antimicrobienne \u00e0 large spectre (effets antibact\u00e9riens et antifongiques) et peut \u00eatre utilis\u00e9 pour se gargariser en cas de gorge enflamm\u00e9e.<\/span><\/span> <span class=\"jCAhz ChMk0b\"><span class=\"ryNqvb\">De nos jours, les recherches se concentrent de plus en plus sur le r\u00f4le du poivre noir en tant qu'antioxydant pour la pr\u00e9vention des troubles d\u00e9g\u00e9n\u00e9ratifs et en tant que potentiateur de la biodisponibilit\u00e9 d'autres substances bioactives, y compris les m\u00e9dicaments \u00e0 base de plantes.<\/span><\/span><\/p>\t\t\t\t\t\t\t\t<\/div>\n\t\t\t\t<\/div>\n\t\t\t\t<div class=\"elementor-element elementor-element-b74b821 elementor-widget elementor-widget-heading\" data-id=\"b74b821\" data-element_type=\"widget\" data-e-type=\"widget\" data-widget_type=\"heading.default\">\n\t\t\t\t<div class=\"elementor-widget-container\">\n\t\t\t\t\t<h4 class=\"elementor-heading-title elementor-size-default\">R\u00e9f\u00e9rences<\/h4>\t\t\t\t<\/div>\n\t\t\t\t<\/div>\n\t\t\t\t<div class=\"elementor-element elementor-element-aaefe63 elementor-widget elementor-widget-text-editor\" data-id=\"aaefe63\" data-element_type=\"widget\" data-e-type=\"widget\" data-widget_type=\"text-editor.default\">\n\t\t\t\t<div class=\"elementor-widget-container\">\n\t\t\t\t\t\t\t\t\t<ul><li><a class=\"reference-link\" href=\"https:\/\/pubmed.ncbi.nlm.nih.gov\/35349239\/\" target=\"_blank\" rel=\"noopener\">Poivre noir<\/a><\/li><li><a class=\"reference-link\" href=\"https:\/\/pubmed.ncbi.nlm.nih.gov\/23625885\/\" target=\"_blank\" rel=\"noopener\">Piper nigrum and piperine: an update<\/a><\/li><\/ul>\t\t\t\t\t\t\t\t<\/div>\n\t\t\t\t<\/div>\n\t\t\t\t\t<\/div>\n\t\t<\/div>\n\t\t\t\t\t<\/div>\n\t\t<\/section>\n\t\t\t\t<\/div>","protected":false},"excerpt":{"rendered":"<p>Black Pepper Piper nigrum L. &#8211; Piperaceae Black pepper is a perennial, herbaceous liana. The fruit is a drupe and during ripening the fruit changes color from green to red. Pepper is native to southwestern India, and is now mostly grown in India, Indonesia, Malaysia, Ceylon and Brazil. The medicinal part of the plant is &hellip;<\/p>\n<p class=\"read-more\"> <a class=\"\" href=\"https:\/\/www.alivitpharm.com\/fr\/black-pepper\/\"> <span class=\"screen-reader-text\">Poivre noir<\/span> Lire la suite\u00a0\u00bb<\/a><\/p>","protected":false},"author":9,"featured_media":0,"parent":0,"menu_order":0,"comment_status":"closed","ping_status":"closed","template":"","meta":{"site-sidebar-layout":"no-sidebar","site-content-layout":"page-builder","ast-global-header-display":"","ast-main-header-display":"","ast-hfb-above-header-display":"","ast-hfb-below-header-display":"","ast-hfb-mobile-header-display":"","site-post-title":"disabled","ast-breadcrumbs-content":"","ast-featured-img":"disabled","footer-sml-layout":"","theme-transparent-header-meta":"","adv-header-id-meta":"","stick-header-meta":"","header-above-stick-meta":"","header-main-stick-meta":"","header-below-stick-meta":"","footnotes":""},"class_list":["post-9022","page","type-page","status-publish","hentry"],"_links":{"self":[{"href":"https:\/\/www.alivitpharm.com\/fr\/wp-json\/wp\/v2\/pages\/9022","targetHints":{"allow":["GET"]}}],"collection":[{"href":"https:\/\/www.alivitpharm.com\/fr\/wp-json\/wp\/v2\/pages"}],"about":[{"href":"https:\/\/www.alivitpharm.com\/fr\/wp-json\/wp\/v2\/types\/page"}],"author":[{"embeddable":true,"href":"https:\/\/www.alivitpharm.com\/fr\/wp-json\/wp\/v2\/users\/9"}],"replies":[{"embeddable":true,"href":"https:\/\/www.alivitpharm.com\/fr\/wp-json\/wp\/v2\/comments?post=9022"}],"version-history":[{"count":0,"href":"https:\/\/www.alivitpharm.com\/fr\/wp-json\/wp\/v2\/pages\/9022\/revisions"}],"wp:attachment":[{"href":"https:\/\/www.alivitpharm.com\/fr\/wp-json\/wp\/v2\/media?parent=9022"}],"curies":[{"name":"wp","href":"https:\/\/api.w.org\/{rel}","templated":true}]}}