{"id":9049,"date":"2023-05-03T14:14:14","date_gmt":"2023-05-03T12:14:14","guid":{"rendered":"https:\/\/www.alivitpharm.com\/?page_id=9049"},"modified":"2023-05-04T08:32:14","modified_gmt":"2023-05-04T06:32:14","slug":"ortie","status":"publish","type":"page","link":"https:\/\/www.alivitpharm.com\/fr\/nettle\/","title":{"rendered":"Ortie"},"content":{"rendered":"<div data-elementor-type=\"wp-page\" data-elementor-id=\"9049\" class=\"elementor elementor-9049\">\n\t\t\t\t\t\t<section class=\"elementor-section elementor-top-section elementor-element elementor-element-f45c3fe elementor-section-content-middle elementor-section-boxed elementor-section-height-default elementor-section-height-default\" data-id=\"f45c3fe\" data-element_type=\"section\" data-e-type=\"section\" data-settings=\"{&quot;background_background&quot;:&quot;classic&quot;}\">\n\t\t\t\t\t\t\t<div class=\"elementor-background-overlay\"><\/div>\n\t\t\t\t\t\t\t<div class=\"elementor-container elementor-column-gap-default\">\n\t\t\t\t\t<div class=\"elementor-column elementor-col-100 elementor-top-column elementor-element elementor-element-32e93a7\" data-id=\"32e93a7\" data-element_type=\"column\" data-e-type=\"column\">\n\t\t\t<div class=\"elementor-widget-wrap elementor-element-populated\">\n\t\t\t\t\t\t<div class=\"elementor-element elementor-element-7e0c237 elementor-widget elementor-widget-heading\" data-id=\"7e0c237\" data-element_type=\"widget\" data-e-type=\"widget\" data-widget_type=\"heading.default\">\n\t\t\t\t<div class=\"elementor-widget-container\">\n\t\t\t\t\t<h1 class=\"elementor-heading-title elementor-size-default\">Ortie<\/h1>\t\t\t\t<\/div>\n\t\t\t\t<\/div>\n\t\t\t\t<div class=\"elementor-element elementor-element-295dd0c elementor-widget elementor-widget-image\" data-id=\"295dd0c\" data-element_type=\"widget\" data-e-type=\"widget\" data-widget_type=\"image.default\">\n\t\t\t\t<div class=\"elementor-widget-container\">\n\t\t\t\t\t\t\t\t\t\t\t\t\t\t\t<img decoding=\"async\" width=\"75\" height=\"33\" src=\"https:\/\/www.alivitpharm.com\/wp-content\/uploads\/2019\/07\/logo-leaf-new.png\" class=\"attachment-large size-large wp-image-2518\" alt=\"\" \/>\t\t\t\t\t\t\t\t\t\t\t\t\t\t\t<\/div>\n\t\t\t\t<\/div>\n\t\t\t\t<div class=\"elementor-element elementor-element-4eaace3 elementor-widget elementor-widget-text-editor\" data-id=\"4eaace3\" data-element_type=\"widget\" data-e-type=\"widget\" data-widget_type=\"text-editor.default\">\n\t\t\t\t<div class=\"elementor-widget-container\">\n\t\t\t\t\t\t\t\t\t<p><em>Urtica dioica L. &#8211; Urticaceae<\/em><\/p>\t\t\t\t\t\t\t\t<\/div>\n\t\t\t\t<\/div>\n\t\t\t\t\t<\/div>\n\t\t<\/div>\n\t\t\t\t\t<\/div>\n\t\t<\/section>\n\t\t\t\t<section class=\"elementor-section elementor-top-section elementor-element elementor-element-b1420ef elementor-section-boxed elementor-section-height-default elementor-section-height-default\" data-id=\"b1420ef\" data-element_type=\"section\" data-e-type=\"section\" data-settings=\"{&quot;background_background&quot;:&quot;classic&quot;}\">\n\t\t\t\t\t\t<div class=\"elementor-container elementor-column-gap-default\">\n\t\t\t\t\t<div class=\"elementor-column elementor-col-100 elementor-top-column elementor-element elementor-element-fc7a4fc\" data-id=\"fc7a4fc\" data-element_type=\"column\" data-e-type=\"column\">\n\t\t\t<div class=\"elementor-widget-wrap elementor-element-populated\">\n\t\t\t\t\t\t<div class=\"elementor-element elementor-element-0a08528 elementor-widget elementor-widget-image\" data-id=\"0a08528\" data-element_type=\"widget\" data-e-type=\"widget\" data-widget_type=\"image.default\">\n\t\t\t\t<div class=\"elementor-widget-container\">\n\t\t\t\t\t\t\t\t\t\t\t\t\t\t\t<img decoding=\"async\" src=\"https:\/\/www.alivitpharm.com\/wp-content\/uploads\/2023\/05\/nettle.png\" title=\"nettle\" alt=\"Ortie\" loading=\"lazy\" \/>\t\t\t\t\t\t\t\t\t\t\t\t\t\t\t<\/div>\n\t\t\t\t<\/div>\n\t\t\t\t<div class=\"elementor-element elementor-element-8a79aef elementor-widget elementor-widget-text-editor\" data-id=\"8a79aef\" data-element_type=\"widget\" data-e-type=\"widget\" data-widget_type=\"text-editor.default\">\n\t\t\t\t<div class=\"elementor-widget-container\">\n\t\t\t\t\t\t\t\t\t<p><span class=\"jCAhz ChMk0b\"><span class=\"ryNqvb\"><strong>Ortie<\/strong> est une plante herbac\u00e9e vivace appartenant \u00e0 les <em>Urticaceae<\/em> famille.<\/span><\/span> <span class=\"jCAhz ChMk0b\"><span class=\"ryNqvb\">Sa tige est droite et anguleuse, les feuilles sont sur des p\u00e9tioles, oppos\u00e9es, et de forme lanc\u00e9ol\u00e9e.<\/span><\/span> <span class=\"jCAhz ChMk0b\"><span class=\"ryNqvb\">Les tiges et les feuilles sont couvertes de poils.<\/span><\/span> <span class=\"jCAhz ChMk0b\"><span class=\"ryNqvb\">Les fleurs sont verd\u00e2tres, r\u00e9unies en inflorescences, et le fruit est un ak\u00e8ne.<\/span><\/span> <span class=\"jCAhz ChMk0b\"><span class=\"ryNqvb\">Esp\u00e8ce cosmopolite, elle pousse autour des maisons, le long des routes et dans des habitats riches en nitrates. <\/span><\/span><span class=\"jCAhz ChMk0b\"><span class=\"ryNqvb\">Elle est pr\u00e9sente dans de nombreux pays d'Asie du Sud, sur le sous-continent indien, et est utilis\u00e9e depuis longtemps comme plante m\u00e9dicinale dans la m\u00e9decine traditionnelle.<\/span><\/span><\/p><p><span class=\"jCAhz ChMk0b\"><span class=\"ryNqvb\">Les parties m\u00e9dicinales de la plante sont les graines, les feuilles et la racine.<\/span><\/span> <span class=\"jCAhz ChMk0b\"><span class=\"ryNqvb\">Dans notre pr\u00e9paration, nous avons utilis\u00e9 un extrait d'un m\u00e9lange de feuilles et de racines d'ortie.<\/span><\/span> <span class=\"jCAhz ChMk0b\"><span class=\"ryNqvb\">L'ortie est utilis\u00e9e comme aide dans le traitement de diverses affections, telles que la n\u00e9phrite, l'h\u00e9maturie, l'ict\u00e8re (jaunisse), l'arthrite et le rhumatisme.<\/span><\/span> <span class=\"jCAhz ChMk0b\"><span class=\"ryNqvb\">Les feuilles d'ortie contiennent des acides organiques (acide formique et oxalique), des amines libres (ac\u00e9tylcholine, b\u00e9ta\u00efne, choline, histamine, s\u00e9rotonine), des flavono\u00efdes, des carot\u00e9no\u00efdes, des tanins et des coumarins, tandis que la racine d'ortie contient des polysaccharides, des lectins, des coumarins et des triterp\u00e8nes.<\/span><\/span>\u00a0<span class=\"jCAhz ChMk0b\"><span class=\"ryNqvb\">De plus, l'ortie est riche en fer et en vitamine C.<\/span><\/span><\/p>\t\t\t\t\t\t\t\t<\/div>\n\t\t\t\t<\/div>\n\t\t\t\t<div class=\"elementor-element elementor-element-10bc6f2 elementor-widget elementor-widget-image\" data-id=\"10bc6f2\" data-element_type=\"widget\" data-e-type=\"widget\" data-widget_type=\"image.default\">\n\t\t\t\t<div class=\"elementor-widget-container\">\n\t\t\t\t\t\t\t\t\t\t\t\t\t\t\t<img decoding=\"async\" src=\"https:\/\/www.alivitpharm.com\/wp-content\/uploads\/2022\/09\/leaves.png\" title=\"leaves\" alt=\"Leaves\" loading=\"lazy\" \/>\t\t\t\t\t\t\t\t\t\t\t\t\t\t\t<\/div>\n\t\t\t\t<\/div>\n\t\t\t\t<div class=\"elementor-element elementor-element-39d2f54 elementor-widget elementor-widget-text-editor\" data-id=\"39d2f54\" data-element_type=\"widget\" data-e-type=\"widget\" data-widget_type=\"text-editor.default\">\n\t\t\t\t<div class=\"elementor-widget-container\">\n\t\t\t\t\t\t\t\t\t<p>En raison du grand nombre de compos\u00e9s biologiquement actifs, l'ortie poss\u00e8de diverses activit\u00e9s pharmacologiques, telles que des activit\u00e9s antibact\u00e9riennes, antioxydantes, analg\u00e9siques, anti-inflammatoires, antivirales, immunomodulatrices, h\u00e9patoprotectrices, anticanc\u00e9reuses et antiallergiques. Les extraits des feuilles et des racines d'ortie ont \u00e9t\u00e9 l'objet de nombreuses \u00e9tudes, de sorte que ses activit\u00e9s pharmacologiques sont connues depuis longtemps. Les recherches ont d\u00e9montr\u00e9 que l'ortie est traditionnellement utilis\u00e9e dans le traitement des maladies cardiovasculaires, en particulier de l'hypertension. Il a \u00e9galement \u00e9t\u00e9 prouv\u00e9 que l'extrait de feuilles d'ortie influence positivement le taux de glucose dans le sang et qu'il est utilis\u00e9 comme m\u00e9dicament anti-inflammatoire dans le traitement de l'arthrite rhumato\u00efde. Un fait tr\u00e8s important est que l'extrait de cette plante a montr\u00e9 un effet significatif dans le traitement du cancer du sein, en particulier chez les patients recevant du paclitaxel, car l'ortie a augment\u00e9 la sensibilit\u00e9 des cellules canc\u00e9reuses au m\u00e9dicament paclitaxel. <span class=\"jCAhz ChMk0b\"><span class=\"ryNqvb\">L'ortie peut \u00eatre recommand\u00e9e en cas de r\u00e8gles abondantes, de saignements li\u00e9s aux h\u00e9morro\u00efdes, comme diur\u00e9tique (elle augmente l'\u00e9limination des fluides du corps, ce qui peut la rendre utile dans le cas d'infections urinaires de diff\u00e9rents types), et elle a \u00e9galement trouv\u00e9 une application comme aide dans le traitement de l'ad\u00e9nome b\u00e9nin ou malin de la prostate<\/span><\/span> <span class=\"jCAhz ChMk0b\"><span class=\"ryNqvb\">.<\/span><\/span><\/p>\t\t\t\t\t\t\t\t<\/div>\n\t\t\t\t<\/div>\n\t\t\t\t<div class=\"elementor-element elementor-element-98ec0d6 elementor-widget elementor-widget-heading\" data-id=\"98ec0d6\" data-element_type=\"widget\" data-e-type=\"widget\" data-widget_type=\"heading.default\">\n\t\t\t\t<div class=\"elementor-widget-container\">\n\t\t\t\t\t<h4 class=\"elementor-heading-title elementor-size-default\">R\u00e9f\u00e9rences<\/h4>\t\t\t\t<\/div>\n\t\t\t\t<\/div>\n\t\t\t\t<div class=\"elementor-element elementor-element-93dfb46 elementor-widget elementor-widget-text-editor\" data-id=\"93dfb46\" data-element_type=\"widget\" data-e-type=\"widget\" data-widget_type=\"text-editor.default\">\n\t\t\t\t<div class=\"elementor-widget-container\">\n\t\t\t\t\t\t\t\t\t<ul><li><a class=\"reference-link\" href=\"https:\/\/pubmed.ncbi.nlm.nih.gov\/32981268\/\" target=\"_blank\" rel=\"noopener\">Urtica Dioica Root Extract on Clinical and Biochemical Parameters in Patients with Benign Prostatic Hyperplasia, Randomized Controlled Trial<\/a><\/li><li><a class=\"reference-link\" href=\"http:\/\/www.greenpharmacy.info\/index.php\/ijgp\/article\/view\/414\" target=\"_blank\" rel=\"noopener\">PHARMACOGNOSTICAL REVIEW OF URTICA DIOICA L.<\/a><\/li><li><a class=\"reference-link\" href=\"https:\/\/www.sciencedirect.com\/science\/article\/abs\/pii\/S0079610719300987\" target=\"_blank\" rel=\"noopener\">Screening of pharmacological uses of Urtica dioica and others benefits<\/a><\/li><li><a class=\"reference-link\" href=\"https:\/\/www.scirp.org\/html\/4-8801106_22709.htm\" target=\"_blank\" rel=\"noopener\">Pharmacognostic Evaluation and Antioxidant Activity of Urtica dioica L.<\/a><\/li><\/ul>\t\t\t\t\t\t\t\t<\/div>\n\t\t\t\t<\/div>\n\t\t\t\t\t<\/div>\n\t\t<\/div>\n\t\t\t\t\t<\/div>\n\t\t<\/section>\n\t\t\t\t<\/div>","protected":false},"excerpt":{"rendered":"<p>Nettle Urtica dioica L. &#8211; Urticaceae Nettle is a herbaceous, perennial plant that belongs to the Urticaceae family. The tree is upright and square, the leaves are on petioles, opposite, ovate-lanceolate. Stems and leaves are covered with hairs. The flowers are greenish, collected in inflorescences, and the fruit is a nut. The cosmopolitan species grows &hellip;<\/p>\n<p class=\"read-more\"> <a class=\"\" href=\"https:\/\/www.alivitpharm.com\/fr\/nettle\/\"> <span class=\"screen-reader-text\">Ortie<\/span> Lire la suite\u00a0\u00bb<\/a><\/p>","protected":false},"author":9,"featured_media":0,"parent":0,"menu_order":0,"comment_status":"closed","ping_status":"closed","template":"","meta":{"site-sidebar-layout":"no-sidebar","site-content-layout":"page-builder","ast-global-header-display":"","ast-main-header-display":"","ast-hfb-above-header-display":"","ast-hfb-below-header-display":"","ast-hfb-mobile-header-display":"","site-post-title":"disabled","ast-breadcrumbs-content":"","ast-featured-img":"disabled","footer-sml-layout":"","theme-transparent-header-meta":"","adv-header-id-meta":"","stick-header-meta":"","header-above-stick-meta":"","header-main-stick-meta":"","header-below-stick-meta":"","footnotes":""},"class_list":["post-9049","page","type-page","status-publish","hentry"],"_links":{"self":[{"href":"https:\/\/www.alivitpharm.com\/fr\/wp-json\/wp\/v2\/pages\/9049","targetHints":{"allow":["GET"]}}],"collection":[{"href":"https:\/\/www.alivitpharm.com\/fr\/wp-json\/wp\/v2\/pages"}],"about":[{"href":"https:\/\/www.alivitpharm.com\/fr\/wp-json\/wp\/v2\/types\/page"}],"author":[{"embeddable":true,"href":"https:\/\/www.alivitpharm.com\/fr\/wp-json\/wp\/v2\/users\/9"}],"replies":[{"embeddable":true,"href":"https:\/\/www.alivitpharm.com\/fr\/wp-json\/wp\/v2\/comments?post=9049"}],"version-history":[{"count":0,"href":"https:\/\/www.alivitpharm.com\/fr\/wp-json\/wp\/v2\/pages\/9049\/revisions"}],"wp:attachment":[{"href":"https:\/\/www.alivitpharm.com\/fr\/wp-json\/wp\/v2\/media?parent=9049"}],"curies":[{"name":"wp","href":"https:\/\/api.w.org\/{rel}","templated":true}]}}