{"id":9896,"date":"2023-12-21T09:34:45","date_gmt":"2023-12-21T07:34:45","guid":{"rendered":"https:\/\/www.alivitpharm.com\/?page_id=9896"},"modified":"2023-12-22T09:09:35","modified_gmt":"2023-12-22T07:09:35","slug":"persil","status":"publish","type":"page","link":"https:\/\/www.alivitpharm.com\/fr\/parsley\/","title":{"rendered":"Persil"},"content":{"rendered":"<div data-elementor-type=\"wp-page\" data-elementor-id=\"9896\" class=\"elementor elementor-9896\">\n\t\t\t\t\t\t<section class=\"elementor-section elementor-top-section elementor-element elementor-element-442d962 elementor-section-content-middle elementor-section-boxed elementor-section-height-default elementor-section-height-default\" data-id=\"442d962\" data-element_type=\"section\" data-e-type=\"section\" data-settings=\"{&quot;background_background&quot;:&quot;classic&quot;}\">\n\t\t\t\t\t\t\t<div class=\"elementor-background-overlay\"><\/div>\n\t\t\t\t\t\t\t<div class=\"elementor-container elementor-column-gap-default\">\n\t\t\t\t\t<div class=\"elementor-column elementor-col-100 elementor-top-column elementor-element elementor-element-d0dcbed\" data-id=\"d0dcbed\" data-element_type=\"column\" data-e-type=\"column\">\n\t\t\t<div class=\"elementor-widget-wrap elementor-element-populated\">\n\t\t\t\t\t\t<div class=\"elementor-element elementor-element-50ce098 elementor-widget elementor-widget-heading\" data-id=\"50ce098\" data-element_type=\"widget\" data-e-type=\"widget\" data-widget_type=\"heading.default\">\n\t\t\t\t<div class=\"elementor-widget-container\">\n\t\t\t\t\t<h1 class=\"elementor-heading-title elementor-size-default\">Persil<\/h1>\t\t\t\t<\/div>\n\t\t\t\t<\/div>\n\t\t\t\t<div class=\"elementor-element elementor-element-fb6294f elementor-widget elementor-widget-image\" data-id=\"fb6294f\" data-element_type=\"widget\" data-e-type=\"widget\" data-widget_type=\"image.default\">\n\t\t\t\t<div class=\"elementor-widget-container\">\n\t\t\t\t\t\t\t\t\t\t\t\t\t\t\t<img decoding=\"async\" width=\"75\" height=\"33\" src=\"https:\/\/www.alivitpharm.com\/wp-content\/uploads\/2019\/07\/logo-leaf-new.png\" class=\"attachment-large size-large wp-image-2518\" alt=\"\" \/>\t\t\t\t\t\t\t\t\t\t\t\t\t\t\t<\/div>\n\t\t\t\t<\/div>\n\t\t\t\t<div class=\"elementor-element elementor-element-2d0cb70 elementor-widget elementor-widget-text-editor\" data-id=\"2d0cb70\" data-element_type=\"widget\" data-e-type=\"widget\" data-widget_type=\"text-editor.default\">\n\t\t\t\t<div class=\"elementor-widget-container\">\n\t\t\t\t\t\t\t\t\t<p><em>Petroselinum crispus L. &#8211; Apiaceae<\/em><\/p>\t\t\t\t\t\t\t\t<\/div>\n\t\t\t\t<\/div>\n\t\t\t\t\t<\/div>\n\t\t<\/div>\n\t\t\t\t\t<\/div>\n\t\t<\/section>\n\t\t\t\t<section class=\"elementor-section elementor-top-section elementor-element elementor-element-9e3776a elementor-section-boxed elementor-section-height-default elementor-section-height-default\" data-id=\"9e3776a\" data-element_type=\"section\" data-e-type=\"section\" data-settings=\"{&quot;background_background&quot;:&quot;classic&quot;}\">\n\t\t\t\t\t\t<div class=\"elementor-container elementor-column-gap-default\">\n\t\t\t\t\t<div class=\"elementor-column elementor-col-100 elementor-top-column elementor-element elementor-element-85c3258\" data-id=\"85c3258\" data-element_type=\"column\" data-e-type=\"column\">\n\t\t\t<div class=\"elementor-widget-wrap elementor-element-populated\">\n\t\t\t\t\t\t<div class=\"elementor-element elementor-element-209e9a7 elementor-widget elementor-widget-image\" data-id=\"209e9a7\" data-element_type=\"widget\" data-e-type=\"widget\" data-widget_type=\"image.default\">\n\t\t\t\t<div class=\"elementor-widget-container\">\n\t\t\t\t\t\t\t\t\t\t\t\t\t\t\t<img decoding=\"async\" src=\"https:\/\/www.alivitpharm.com\/wp-content\/uploads\/2023\/12\/parsley.png\" title=\"parsley\" alt=\"Persil\" loading=\"lazy\" \/>\t\t\t\t\t\t\t\t\t\t\t\t\t\t\t<\/div>\n\t\t\t\t<\/div>\n\t\t\t\t<div class=\"elementor-element elementor-element-ad3e4c1 elementor-widget elementor-widget-text-editor\" data-id=\"ad3e4c1\" data-element_type=\"widget\" data-e-type=\"widget\" data-widget_type=\"text-editor.default\">\n\t\t\t\t<div class=\"elementor-widget-container\">\n\t\t\t\t\t\t\t\t\t<p><span class=\"JLqJ4b ChMk0b\"><span class=\"Q4iAWc\"><strong>Persil<\/strong> i<span class=\"jCAhz ChMk0b\"><span class=\"ryNqvb\">est une plante bisannuelle cultiv\u00e9e.<\/span><\/span> <span class=\"jCAhz ChMk0b\"><span class=\"ryNqvb\">La racine est fusiforme.<\/span><\/span> <span class=\"jCAhz ChMk0b\"><span class=\"ryNqvb\">La premi\u00e8re ann\u00e9e, une rosette de feuilles profond\u00e9ment d\u00e9coup\u00e9es se d\u00e9veloppe, les feuilles sont de couleur vert clair.<\/span><\/span> <span class=\"jCAhz ChMk0b\"><span class=\"ryNqvb\">Les parties m\u00e9dicinales de la plante sont la racine s\u00e9ch\u00e9e et les feuilles.<\/span><\/span> <span class=\"jCAhz ChMk0b\"><span class=\"ryNqvb\">Cette plante est utilis\u00e9e \u00e0 la fois comme \u00e9pice et comme plante m\u00e9dicinale.<\/span><\/span> <span class=\"jCAhz ChMk0b\"><span class=\"ryNqvb\">Elle est cultiv\u00e9e depuis plus de 2000 ans en Europe du Sud-Est et en Asie de l'Ouest.<\/span><\/span> <span class=\"jCAhz ChMk0b\"><span class=\"ryNqvb\">Les premi\u00e8res mentions des propri\u00e9t\u00e9s m\u00e9dicinales du persil remontent \u00e0 la Gr\u00e8ce antique<\/span><\/span><\/span><\/span><span style=\"font-size: 16px;\">.<\/span><\/p><p><span class=\"jCAhz ChMk0b\"><span class=\"ryNqvb\">La racine contient de 0,1 \u00e0 0,5 % d'huile essentielle, et les principaux composants de cette huile sont les compos\u00e9s ph\u00e9nylpropaniques, apiol et myristicine.<\/span><\/span> <span class=\"jCAhz ChMk0b\"><span class=\"ryNqvb\">La racine de persil contient \u00e9galement des h\u00e9t\u00e9rosides flavono\u00efdes (apiine, apioside), des furanocoumarines, des polyac\u00e9tyl\u00e8nes, des sucres et des mucilages.<\/span><\/span> <span class=\"jCAhz ChMk0b\"><span class=\"ryNqvb\">Les feuilles de persil, en plus de l'huile essentielle, contiennent aussi des flavono\u00efdes, des vitamines A, B1, B2, ainsi que de la vitamine C. Le persil a un effet diur\u00e9tique (il stimule l'excr\u00e9tion de l'urine) et pr\u00e9sente \u00e9galement une l\u00e9g\u00e8re action spasmolytique (d\u00e9tend la musculature lisse du tractus urinaire), ce qui le rend utile<\/span><\/span> <span class=\"jCAhz ChMk0b\"><span class=\"ryNqvb\">pour soulager les crampes li\u00e9es aux maladies urinaires chez les hommes et les femmes.<\/span><\/span> <span class=\"jCAhz ChMk0b\"><span class=\"ryNqvb\">L'huile essentielle de persil montre un effet antioxydant et anti-inflammatoire, bloque les canaux calciques (dans le tractus intestinal et l'ut\u00e9rus), poss\u00e8de un effet antitumoral et peut \u00eatre recommand\u00e9e comme pr\u00e9vention du cancer.<\/span><\/span> <span class=\"jCAhz ChMk0b\"><span class=\"ryNqvb\">De plus, le persil a un effet immunomodulateur en modifiant l'activit\u00e9 des cellules du syst\u00e8me immunitaire.<\/span><\/span><\/p>\t\t\t\t\t\t\t\t<\/div>\n\t\t\t\t<\/div>\n\t\t\t\t<div class=\"elementor-element elementor-element-4535db9 elementor-widget elementor-widget-image\" data-id=\"4535db9\" data-element_type=\"widget\" data-e-type=\"widget\" data-widget_type=\"image.default\">\n\t\t\t\t<div class=\"elementor-widget-container\">\n\t\t\t\t\t\t\t\t\t\t\t\t\t\t\t<img decoding=\"async\" src=\"https:\/\/www.alivitpharm.com\/wp-content\/uploads\/2022\/09\/leaves.png\" title=\"leaves\" alt=\"Leaves\" loading=\"lazy\" \/>\t\t\t\t\t\t\t\t\t\t\t\t\t\t\t<\/div>\n\t\t\t\t<\/div>\n\t\t\t\t<div class=\"elementor-element elementor-element-101817f elementor-widget elementor-widget-text-editor\" data-id=\"101817f\" data-element_type=\"widget\" data-e-type=\"widget\" data-widget_type=\"text-editor.default\">\n\t\t\t\t<div class=\"elementor-widget-container\">\n\t\t\t\t\t\t\t\t\t<p><span class=\"jCAhz ChMk0b\"><span class=\"ryNqvb\">Les extraits de persil montrent une activit\u00e9 antimicrobienne \u00e0 large spectre contre un grand nombre de bact\u00e9ries, telles que: <em>B. subtilis<\/em>, <em>P. aeruginosa<\/em>, <em>S. epidermidis<\/em>, <em>S. aureus<\/em>, <em>E. coli<\/em>, <em>Klebsiella pneumoniae.<\/em> De plus, l'effet bact\u00e9ricide du persil a \u00e9t\u00e9 prouv\u00e9 contre l'infection bact\u00e9rienne caus\u00e9e par <em>Helicobacter pylori<\/em>, et en plus de son action antibact\u00e9rienne, cette plante poss\u00e8de \u00e9galement une action antifongique (elle est excellente contre les infections fongiques).<\/span><\/span>\u00a0<span class=\"jCAhz ChMk0b\"><span class=\"ryNqvb\">La consommation quotidienne de persil peut influencer de mani\u00e8re significative la r\u00e9duction de la concentration de glucose dans le sang, potentiellement par l'inhibition de la glucon\u00e9ogen\u00e8se et la stimulation directe de la glycolyse, et elle est \u00e9galement utilis\u00e9e pour am\u00e9liorer la digestion des aliments.<\/span><\/span><\/p><p><span class=\"jCAhz ChMk0b\"><span class=\"ryNqvb\">Sous forme de m\u00e9langes de tisanes, ainsi que dans certains phytopr\u00e9parations, le persil est utilis\u00e9 comme diur\u00e9tique dans les infections des voies urinaires et dans le traitement des calculs urinaires.<\/span><\/span> <span class=\"jCAhz ChMk0b\"><span class=\"ryNqvb\">En m\u00e9decine traditionnelle, le persil est utilis\u00e9 pour traiter les \u00e9nur\u00e9sies nocturnes chez les enfants et pour les menstruations irr\u00e9guli\u00e8res (dysm\u00e9norrh\u00e9e).<\/span><\/span> <span class=\"jCAhz ChMk0b\"><span class=\"ryNqvb\">Le persil est une plante phototoxique, donc lors de l'utilisation de pr\u00e9parations \u00e0 base de persil, il est n\u00e9cessaire de se prot\u00e9ger de la lumi\u00e8re du soleil, en utilisant des cr\u00e8mes solaires \u00e0 indice de protection \u00e9lev\u00e9 sur les parties du corps non couvertes par des v\u00eatements.<\/span><\/span> <span class=\"jCAhz ChMk0b\"><span class=\"ryNqvb\">L'utilisation du persil est contre-indiqu\u00e9e pendant la grossesse, ainsi que chez les personnes ayant une fonction r\u00e9nale alt\u00e9r\u00e9e.<\/span><\/span> <span class=\"jCAhz ChMk0b\"><span class=\"ryNqvb\">Des r\u00e9actions allergiques peuvent se produire avec le persil, et les furanocoumarines et les polyac\u00e9tyl\u00e8nes en sont responsables. Ainsi, les personnes sujettes aux allergies doivent utiliser les pr\u00e9parations de persil avec pr\u00e9caution.<\/span><\/span><\/p>\t\t\t\t\t\t\t\t<\/div>\n\t\t\t\t<\/div>\n\t\t\t\t<div class=\"elementor-element elementor-element-9877679 elementor-widget elementor-widget-heading\" data-id=\"9877679\" data-element_type=\"widget\" data-e-type=\"widget\" data-widget_type=\"heading.default\">\n\t\t\t\t<div class=\"elementor-widget-container\">\n\t\t\t\t\t<h4 class=\"elementor-heading-title elementor-size-default\">R\u00e9f\u00e9rences<\/h4>\t\t\t\t<\/div>\n\t\t\t\t<\/div>\n\t\t\t\t<div class=\"elementor-element elementor-element-28f2f34 elementor-widget elementor-widget-text-editor\" data-id=\"28f2f34\" data-element_type=\"widget\" data-e-type=\"widget\" data-widget_type=\"text-editor.default\">\n\t\t\t\t<div class=\"elementor-widget-container\">\n\t\t\t\t\t\t\t\t\t<ul><li><a class=\"reference-link\" href=\"https:\/\/www.sciencedirect.com\/topics\/agricultural-and-biological-sciences\/petroselinum-crispum\" target=\"_blank\" rel=\"noopener\">Petroselinum Crispum<\/a><\/li><\/ul>\t\t\t\t\t\t\t\t<\/div>\n\t\t\t\t<\/div>\n\t\t\t\t\t<\/div>\n\t\t<\/div>\n\t\t\t\t\t<\/div>\n\t\t<\/section>\n\t\t\t\t<\/div>","protected":false},"excerpt":{"rendered":"<p>Parsley Petroselinum crispus L. &#8211; Apiaceae Parsley is a biennial, cultivated plant. The root is spindle-shaped. In the first year, a leaf rosette is developed consisting of deeply divided leaves, the leaves are light green in color. Medicinal parts of the plant are the dried root and leaf. This plant is used both as a &hellip;<\/p>\n<p class=\"read-more\"> <a class=\"\" href=\"https:\/\/www.alivitpharm.com\/fr\/parsley\/\"> <span class=\"screen-reader-text\">Persil<\/span> Lire la suite\u00a0\u00bb<\/a><\/p>","protected":false},"author":9,"featured_media":0,"parent":0,"menu_order":0,"comment_status":"closed","ping_status":"closed","template":"","meta":{"site-sidebar-layout":"no-sidebar","site-content-layout":"page-builder","ast-global-header-display":"","ast-main-header-display":"","ast-hfb-above-header-display":"","ast-hfb-below-header-display":"","ast-hfb-mobile-header-display":"","site-post-title":"disabled","ast-breadcrumbs-content":"","ast-featured-img":"disabled","footer-sml-layout":"","theme-transparent-header-meta":"","adv-header-id-meta":"","stick-header-meta":"","header-above-stick-meta":"","header-main-stick-meta":"","header-below-stick-meta":"","footnotes":""},"class_list":["post-9896","page","type-page","status-publish","hentry"],"_links":{"self":[{"href":"https:\/\/www.alivitpharm.com\/fr\/wp-json\/wp\/v2\/pages\/9896","targetHints":{"allow":["GET"]}}],"collection":[{"href":"https:\/\/www.alivitpharm.com\/fr\/wp-json\/wp\/v2\/pages"}],"about":[{"href":"https:\/\/www.alivitpharm.com\/fr\/wp-json\/wp\/v2\/types\/page"}],"author":[{"embeddable":true,"href":"https:\/\/www.alivitpharm.com\/fr\/wp-json\/wp\/v2\/users\/9"}],"replies":[{"embeddable":true,"href":"https:\/\/www.alivitpharm.com\/fr\/wp-json\/wp\/v2\/comments?post=9896"}],"version-history":[{"count":0,"href":"https:\/\/www.alivitpharm.com\/fr\/wp-json\/wp\/v2\/pages\/9896\/revisions"}],"wp:attachment":[{"href":"https:\/\/www.alivitpharm.com\/fr\/wp-json\/wp\/v2\/media?parent=9896"}],"curies":[{"name":"wp","href":"https:\/\/api.w.org\/{rel}","templated":true}]}}