{"id":9934,"date":"2023-12-22T10:00:30","date_gmt":"2023-12-22T08:00:30","guid":{"rendered":"https:\/\/www.alivitpharm.com\/?page_id=9934"},"modified":"2023-12-22T11:52:11","modified_gmt":"2023-12-22T09:52:11","slug":"origan","status":"publish","type":"page","link":"https:\/\/www.alivitpharm.com\/fr\/oregano\/","title":{"rendered":"Origan"},"content":{"rendered":"<div data-elementor-type=\"wp-page\" data-elementor-id=\"9934\" class=\"elementor elementor-9934\">\n\t\t\t\t\t\t<section class=\"elementor-section elementor-top-section elementor-element elementor-element-1d79609 elementor-section-content-middle elementor-section-boxed elementor-section-height-default elementor-section-height-default\" data-id=\"1d79609\" data-element_type=\"section\" data-e-type=\"section\" data-settings=\"{&quot;background_background&quot;:&quot;classic&quot;}\">\n\t\t\t\t\t\t\t<div class=\"elementor-background-overlay\"><\/div>\n\t\t\t\t\t\t\t<div class=\"elementor-container elementor-column-gap-default\">\n\t\t\t\t\t<div class=\"elementor-column elementor-col-100 elementor-top-column elementor-element elementor-element-51555a7\" data-id=\"51555a7\" data-element_type=\"column\" data-e-type=\"column\">\n\t\t\t<div class=\"elementor-widget-wrap elementor-element-populated\">\n\t\t\t\t\t\t<div class=\"elementor-element elementor-element-5f833c2 elementor-widget elementor-widget-heading\" data-id=\"5f833c2\" data-element_type=\"widget\" data-e-type=\"widget\" data-widget_type=\"heading.default\">\n\t\t\t\t<div class=\"elementor-widget-container\">\n\t\t\t\t\t<h1 class=\"elementor-heading-title elementor-size-default\">Origan<\/h1>\t\t\t\t<\/div>\n\t\t\t\t<\/div>\n\t\t\t\t<div class=\"elementor-element elementor-element-79b864e elementor-widget elementor-widget-image\" data-id=\"79b864e\" data-element_type=\"widget\" data-e-type=\"widget\" data-widget_type=\"image.default\">\n\t\t\t\t<div class=\"elementor-widget-container\">\n\t\t\t\t\t\t\t\t\t\t\t\t\t\t\t<img decoding=\"async\" width=\"75\" height=\"33\" src=\"https:\/\/www.alivitpharm.com\/wp-content\/uploads\/2019\/07\/logo-leaf-new.png\" class=\"attachment-large size-large wp-image-2518\" alt=\"\" \/>\t\t\t\t\t\t\t\t\t\t\t\t\t\t\t<\/div>\n\t\t\t\t<\/div>\n\t\t\t\t<div class=\"elementor-element elementor-element-466850c elementor-widget elementor-widget-text-editor\" data-id=\"466850c\" data-element_type=\"widget\" data-e-type=\"widget\" data-widget_type=\"text-editor.default\">\n\t\t\t\t<div class=\"elementor-widget-container\">\n\t\t\t\t\t\t\t\t\t<p><em>Origanum vulgare L. &#8211; Lamiaceae<\/em><\/p>\t\t\t\t\t\t\t\t<\/div>\n\t\t\t\t<\/div>\n\t\t\t\t\t<\/div>\n\t\t<\/div>\n\t\t\t\t\t<\/div>\n\t\t<\/section>\n\t\t\t\t<section class=\"elementor-section elementor-top-section elementor-element elementor-element-42e8fec elementor-section-boxed elementor-section-height-default elementor-section-height-default\" data-id=\"42e8fec\" data-element_type=\"section\" data-e-type=\"section\" data-settings=\"{&quot;background_background&quot;:&quot;classic&quot;}\">\n\t\t\t\t\t\t<div class=\"elementor-container elementor-column-gap-default\">\n\t\t\t\t\t<div class=\"elementor-column elementor-col-100 elementor-top-column elementor-element elementor-element-8383d77\" data-id=\"8383d77\" data-element_type=\"column\" data-e-type=\"column\">\n\t\t\t<div class=\"elementor-widget-wrap elementor-element-populated\">\n\t\t\t\t\t\t<div class=\"elementor-element elementor-element-8102028 elementor-widget elementor-widget-image\" data-id=\"8102028\" data-element_type=\"widget\" data-e-type=\"widget\" data-widget_type=\"image.default\">\n\t\t\t\t<div class=\"elementor-widget-container\">\n\t\t\t\t\t\t\t\t\t\t\t\t\t\t\t<img decoding=\"async\" src=\"https:\/\/www.alivitpharm.com\/wp-content\/uploads\/2023\/12\/oregano.png\" title=\"oregano\" alt=\"Origan\" loading=\"lazy\" \/>\t\t\t\t\t\t\t\t\t\t\t\t\t\t\t<\/div>\n\t\t\t\t<\/div>\n\t\t\t\t<div class=\"elementor-element elementor-element-5ce9c8b elementor-widget elementor-widget-text-editor\" data-id=\"5ce9c8b\" data-element_type=\"widget\" data-e-type=\"widget\" data-widget_type=\"text-editor.default\">\n\t\t\t\t<div class=\"elementor-widget-container\">\n\t\t\t\t\t\t\t\t\t<p><span class=\"JLqJ4b ChMk0b\"><span class=\"Q4iAWc\"><strong>Origan<\/strong> <span class=\"jCAhz ChMk0b\"><span class=\"ryNqvb\">est une plante vivace et buissonnante.<\/span><\/span> <span class=\"jCAhz ChMk0b\"><span class=\"ryNqvb\">Il est largement utilis\u00e9 comme \u00e9pice en cuisine, mais en raison de ses puissantes propri\u00e9t\u00e9s, il est \u00e9galement largement utilis\u00e9 en m\u00e9decine.<\/span><\/span> <span class=\"jCAhz ChMk0b\"><span class=\"ryNqvb\">Il pousse dans les r\u00e9gions montagneuses du sud de la Turquie.<\/span><\/span> <span class=\"jCAhz ChMk0b\"><span class=\"ryNqvb\">Il poss\u00e8de une odeur tr\u00e8s caract\u00e9ristique et un go\u00fbt amer. La partie de la plante utilis\u00e9e \u00e0 des fins m\u00e9dicinales est la partie a\u00e9rienne s\u00e9ch\u00e9e ou l'huile essentielle.<\/span><\/span> <span class=\"jCAhz ChMk0b\"><span class=\"ryNqvb\">L'origan contient de 0,5 \u00e0 1,2 % d'huile essentielle, qui comprend les principes actifs suivants: carvacrol, gamma-terpin\u00e8ne, p-cym\u00e8ne, alpha-pin\u00e8ne, myrc\u00e8ne, thymol, estragole, alpha-terpin\u00e9ol, eug\u00e9nol... En plus de l'huile essentielle, l'origan est riche en flavono\u00efdes, acide rosmarinique, esters ph\u00e9noliques et tanins.<\/span><\/span><\/span><\/span><\/p><p><span class=\"jCAhz ChMk0b\"><span class=\"ryNqvb\">L'EMA (Agence europ\u00e9enne des m\u00e9dicaments) a approuv\u00e9 deux indications officielles pour l'utilisation de l'origan, \u00e0 savoir:<br \/><\/span><\/span><span class=\"jCAhz ChMk0b\"><span class=\"ryNqvb\"><strong>1.<\/strong> L'origan est utilis\u00e9 comme rem\u00e8de traditionnel pour soulager les crampes l\u00e9g\u00e8res et les ballonnements du tractus gastro-intestinal. Il exerce un effet spasmolytique (relaxation de la musculature lisse du tractus digestif).<br \/><\/span><\/span><span class=\"jCAhz ChMk0b\"><span class=\"ryNqvb\"><strong>2.<\/strong> L'origan est utilis\u00e9 comme rem\u00e8de traditionnel pour soulager les sympt\u00f4mes d\u00e9sagr\u00e9ables li\u00e9s \u00e0 la peau irrit\u00e9e et endommag\u00e9e autour des narines.<\/span><\/span><\/p>\t\t\t\t\t\t\t\t<\/div>\n\t\t\t\t<\/div>\n\t\t\t\t<div class=\"elementor-element elementor-element-20b67df elementor-widget elementor-widget-image\" data-id=\"20b67df\" data-element_type=\"widget\" data-e-type=\"widget\" data-widget_type=\"image.default\">\n\t\t\t\t<div class=\"elementor-widget-container\">\n\t\t\t\t\t\t\t\t\t\t\t\t\t\t\t<img decoding=\"async\" src=\"https:\/\/www.alivitpharm.com\/wp-content\/uploads\/2022\/09\/leaves.png\" title=\"leaves\" alt=\"Leaves\" loading=\"lazy\" \/>\t\t\t\t\t\t\t\t\t\t\t\t\t\t\t<\/div>\n\t\t\t\t<\/div>\n\t\t\t\t<div class=\"elementor-element elementor-element-a40899b elementor-widget elementor-widget-text-editor\" data-id=\"a40899b\" data-element_type=\"widget\" data-e-type=\"widget\" data-widget_type=\"text-editor.default\">\n\t\t\t\t<div class=\"elementor-widget-container\">\n\t\t\t\t\t\t\t\t\t<p><span class=\"jCAhz ChMk0b\"><span class=\"ryNqvb\">Ainsi, l'origan peut \u00e9galement \u00eatre utilis\u00e9 comme rem\u00e8de traditionnel pour traiter la toux (expectorant - facilite l'expectoration) et pour r\u00e9duire l'inflammation de la muqueuse bronchique.<\/span><\/span> <span class=\"jCAhz ChMk0b\"><span class=\"ryNqvb\">Cependant, de nombreuses \u00e9tudes ont confirm\u00e9 ses propri\u00e9t\u00e9s antimicrobiennes (antifongiques et antibact\u00e9riennes), anti-inflammatoires, antioxydantes, hypoglyc\u00e9miantes et antimutag\u00e8nes.<\/span><\/span> <span class=\"jCAhz ChMk0b\"><span class=\"ryNqvb\">Une \u00e9tude a d\u00e9montr\u00e9 que l'origan exerce un effet synergique avec les antimycotiques (m\u00e9dicaments antifongiques) tels que le nystatine et le fluconazole, contribuant ainsi \u00e0 une efficacit\u00e9 th\u00e9rapeutique \u00e9lev\u00e9e dans le traitement des infections fongiques caus\u00e9es par <em>Candida spp<\/em>.<\/span><\/span><\/p><p><span class=\"jCAhz ChMk0b\"><span class=\"ryNqvb\">L'EFSA (Autorit\u00e9 europ\u00e9enne de s\u00e9curit\u00e9 des aliments) a \u00e9mis des d\u00e9clarations qui sont actuellement en statut \"on-hold\", selon lesquelles cette plante contribue \u00e0 la sant\u00e9 du syst\u00e8me immunitaire, cardiovasculaire et respiratoire, \u00e0 la sant\u00e9 du foie et de la bile, et favorise la digestion tout en stimulant l'activit\u00e9 mentale. Les produits \u00e0 base d'origan sont recommand\u00e9s pour les personnes \u00e2g\u00e9es de plus de 18 ans. En ce qui concerne les effets ind\u00e9sirables, il est n\u00e9cessaire d'\u00e9viter le contact avec les yeux, car cela peut provoquer une irritation.<\/span><\/span> <span class=\"jCAhz ChMk0b\"><span class=\"ryNqvb\">En ce qui concerne les interactions m\u00e9dicamenteuses, aucune interaction n'a \u00e9t\u00e9 signal\u00e9e ni document\u00e9e \u00e0 ce jour, ce qui fait de l'origan une plante consid\u00e9r\u00e9e comme s\u00fbre lorsqu'elle est utilis\u00e9e en combinaison avec une th\u00e9rapie pharmacologique.<\/span><\/span> <span class=\"jCAhz ChMk0b\"><span class=\"ryNqvb\">La s\u00e9curit\u00e9 pendant la grossesse et l'allaitement n'ayant pas \u00e9t\u00e9 \u00e9tablie, l'utilisation de l'origan pendant la grossesse et l'allaitement n'est pas recommand\u00e9e en l'absence de donn\u00e9es probantes.<\/span><\/span><\/p>\t\t\t\t\t\t\t\t<\/div>\n\t\t\t\t<\/div>\n\t\t\t\t<div class=\"elementor-element elementor-element-73bdb1e elementor-widget elementor-widget-heading\" data-id=\"73bdb1e\" data-element_type=\"widget\" data-e-type=\"widget\" data-widget_type=\"heading.default\">\n\t\t\t\t<div class=\"elementor-widget-container\">\n\t\t\t\t\t<h4 class=\"elementor-heading-title elementor-size-default\">R\u00e9f\u00e9rences<\/h4>\t\t\t\t<\/div>\n\t\t\t\t<\/div>\n\t\t\t\t<div class=\"elementor-element elementor-element-9844969 elementor-widget elementor-widget-text-editor\" data-id=\"9844969\" data-element_type=\"widget\" data-e-type=\"widget\" data-widget_type=\"text-editor.default\">\n\t\t\t\t<div class=\"elementor-widget-container\">\n\t\t\t\t\t\t\t\t\t<ul><li><a class=\"reference-link\" href=\"https:\/\/www.ncbi.nlm.nih.gov\/pmc\/articles\/PMC4400296\/\" target=\"_blank\" rel=\"noopener\">Antimicrobial activity of essential oils of cultivated oregano (Origanum vulgare), sage (Salvia officinalis), and thyme (Thymus vulgaris) against clinical isolates of Escherichia coli, Klebsiella oxytoca, and Klebsiella pneumoniae<\/a><\/li><li><a class=\"reference-link\" href=\"https:\/\/www.ema.europa.eu\/en\/documents\/herbal-monograph\/draft-european-union-herbal-monograph-origanum-majorana-l-herba_en.pdf\" target=\"_blank\" rel=\"noopener\">European Union herbal monograph on Origanum majorana L., herba<\/a><\/li><li><a class=\"reference-link\" href=\"https:\/\/www.efsa.europa.eu\/sites\/default\/files\/2021-06\/questions-on-hold-botanical-claims.xlsx\" target=\"_blank\" rel=\"noopener\">Questions On Hold Botanical Claims Excel<\/a><\/li><li><a class=\"reference-link\" href=\"https:\/\/pubmed.ncbi.nlm.nih.gov\/35751165\/\" target=\"_blank\" rel=\"noopener\">Nanoencapsulation of Origanum vulgare essential oil into liposomes with anticancer potential<\/a><\/li><li><a class=\"reference-link\" href=\"https:\/\/pubmed.ncbi.nlm.nih.gov\/33629672\/\" target=\"_blank\" rel=\"noopener\">Hypoglycemic activity of Origanum vulgare L. and its main chemical constituents identified with HPLC-ESI-QTOF-MS<\/a><\/li><li><a class=\"reference-link\" href=\"https:\/\/pubmed.ncbi.nlm.nih.gov\/35139827\/\" target=\"_blank\" rel=\"noopener\">Origanum vulgare L. essential oil inhibits virulence patterns of Candida spp. and potentiates the effects of fluconazole and nystatin in vitro<\/a><\/li><\/ul>\t\t\t\t\t\t\t\t<\/div>\n\t\t\t\t<\/div>\n\t\t\t\t\t<\/div>\n\t\t<\/div>\n\t\t\t\t\t<\/div>\n\t\t<\/section>\n\t\t\t\t<\/div>","protected":false},"excerpt":{"rendered":"<p>Oregano Origanum vulgare L. &#8211; Lamiaceae Oregano is a perennial, bushy plant. It is widely used as a spice in cooking, but due to its rich effects, it has also found wide application in medicine. It grows in the mountainous regions of southern Turkey. It has a very characteristic smell and a bitter taste, and &hellip;<\/p>\n<p class=\"read-more\"> <a class=\"\" href=\"https:\/\/www.alivitpharm.com\/fr\/oregano\/\"> <span class=\"screen-reader-text\">Origan<\/span> Lire la suite\u00a0\u00bb<\/a><\/p>","protected":false},"author":9,"featured_media":0,"parent":0,"menu_order":0,"comment_status":"closed","ping_status":"closed","template":"","meta":{"site-sidebar-layout":"no-sidebar","site-content-layout":"page-builder","ast-global-header-display":"","ast-main-header-display":"","ast-hfb-above-header-display":"","ast-hfb-below-header-display":"","ast-hfb-mobile-header-display":"","site-post-title":"disabled","ast-breadcrumbs-content":"","ast-featured-img":"disabled","footer-sml-layout":"","theme-transparent-header-meta":"","adv-header-id-meta":"","stick-header-meta":"","header-above-stick-meta":"","header-main-stick-meta":"","header-below-stick-meta":"","footnotes":""},"class_list":["post-9934","page","type-page","status-publish","hentry"],"_links":{"self":[{"href":"https:\/\/www.alivitpharm.com\/fr\/wp-json\/wp\/v2\/pages\/9934","targetHints":{"allow":["GET"]}}],"collection":[{"href":"https:\/\/www.alivitpharm.com\/fr\/wp-json\/wp\/v2\/pages"}],"about":[{"href":"https:\/\/www.alivitpharm.com\/fr\/wp-json\/wp\/v2\/types\/page"}],"author":[{"embeddable":true,"href":"https:\/\/www.alivitpharm.com\/fr\/wp-json\/wp\/v2\/users\/9"}],"replies":[{"embeddable":true,"href":"https:\/\/www.alivitpharm.com\/fr\/wp-json\/wp\/v2\/comments?post=9934"}],"version-history":[{"count":0,"href":"https:\/\/www.alivitpharm.com\/fr\/wp-json\/wp\/v2\/pages\/9934\/revisions"}],"wp:attachment":[{"href":"https:\/\/www.alivitpharm.com\/fr\/wp-json\/wp\/v2\/media?parent=9934"}],"curies":[{"name":"wp","href":"https:\/\/api.w.org\/{rel}","templated":true}]}}