{"id":9985,"date":"2023-12-22T12:43:13","date_gmt":"2023-12-22T10:43:13","guid":{"rendered":"https:\/\/www.alivitpharm.com\/?page_id=9985"},"modified":"2023-12-22T14:05:37","modified_gmt":"2023-12-22T12:05:37","slug":"cornouiller-male","status":"publish","type":"page","link":"https:\/\/www.alivitpharm.com\/fr\/cornel\/","title":{"rendered":"Cornouiller m\u00e2le"},"content":{"rendered":"<div data-elementor-type=\"wp-page\" data-elementor-id=\"9985\" class=\"elementor elementor-9985\">\n\t\t\t\t\t\t<section class=\"elementor-section elementor-top-section elementor-element elementor-element-9bb58fc elementor-section-content-middle elementor-section-boxed elementor-section-height-default elementor-section-height-default\" data-id=\"9bb58fc\" data-element_type=\"section\" data-e-type=\"section\" data-settings=\"{&quot;background_background&quot;:&quot;classic&quot;}\">\n\t\t\t\t\t\t\t<div class=\"elementor-background-overlay\"><\/div>\n\t\t\t\t\t\t\t<div class=\"elementor-container elementor-column-gap-default\">\n\t\t\t\t\t<div class=\"elementor-column elementor-col-100 elementor-top-column elementor-element elementor-element-d5f69e8\" data-id=\"d5f69e8\" data-element_type=\"column\" data-e-type=\"column\">\n\t\t\t<div class=\"elementor-widget-wrap elementor-element-populated\">\n\t\t\t\t\t\t<div class=\"elementor-element elementor-element-f3e01f7 elementor-widget elementor-widget-heading\" data-id=\"f3e01f7\" data-element_type=\"widget\" data-e-type=\"widget\" data-widget_type=\"heading.default\">\n\t\t\t\t<div class=\"elementor-widget-container\">\n\t\t\t\t\t<h1 class=\"elementor-heading-title elementor-size-default\">Cornouiller m\u00e2le<\/h1>\t\t\t\t<\/div>\n\t\t\t\t<\/div>\n\t\t\t\t<div class=\"elementor-element elementor-element-52ff3ce elementor-widget elementor-widget-image\" data-id=\"52ff3ce\" data-element_type=\"widget\" data-e-type=\"widget\" data-widget_type=\"image.default\">\n\t\t\t\t<div class=\"elementor-widget-container\">\n\t\t\t\t\t\t\t\t\t\t\t\t\t\t\t<img decoding=\"async\" width=\"75\" height=\"33\" src=\"https:\/\/www.alivitpharm.com\/wp-content\/uploads\/2019\/07\/logo-leaf-new.png\" class=\"attachment-large size-large wp-image-2518\" alt=\"\" \/>\t\t\t\t\t\t\t\t\t\t\t\t\t\t\t<\/div>\n\t\t\t\t<\/div>\n\t\t\t\t<div class=\"elementor-element elementor-element-5de7d1f elementor-widget elementor-widget-text-editor\" data-id=\"5de7d1f\" data-element_type=\"widget\" data-e-type=\"widget\" data-widget_type=\"text-editor.default\">\n\t\t\t\t<div class=\"elementor-widget-container\">\n\t\t\t\t\t\t\t\t\t<p><em>Cornus mas, L. &#8211; Cornaceae<\/em><\/p>\t\t\t\t\t\t\t\t<\/div>\n\t\t\t\t<\/div>\n\t\t\t\t\t<\/div>\n\t\t<\/div>\n\t\t\t\t\t<\/div>\n\t\t<\/section>\n\t\t\t\t<section class=\"elementor-section elementor-top-section elementor-element elementor-element-3961a07 elementor-section-boxed elementor-section-height-default elementor-section-height-default\" data-id=\"3961a07\" data-element_type=\"section\" data-e-type=\"section\" data-settings=\"{&quot;background_background&quot;:&quot;classic&quot;}\">\n\t\t\t\t\t\t<div class=\"elementor-container elementor-column-gap-default\">\n\t\t\t\t\t<div class=\"elementor-column elementor-col-100 elementor-top-column elementor-element elementor-element-ab6f399\" data-id=\"ab6f399\" data-element_type=\"column\" data-e-type=\"column\">\n\t\t\t<div class=\"elementor-widget-wrap elementor-element-populated\">\n\t\t\t\t\t\t<div class=\"elementor-element elementor-element-67141de elementor-widget elementor-widget-image\" data-id=\"67141de\" data-element_type=\"widget\" data-e-type=\"widget\" data-widget_type=\"image.default\">\n\t\t\t\t<div class=\"elementor-widget-container\">\n\t\t\t\t\t\t\t\t\t\t\t\t\t\t\t<img decoding=\"async\" src=\"https:\/\/www.alivitpharm.com\/wp-content\/uploads\/2023\/12\/cornel.jpg\" title=\"cornel\" alt=\"Cornouiller m\u00e2le\" loading=\"lazy\" \/>\t\t\t\t\t\t\t\t\t\t\t\t\t\t\t<\/div>\n\t\t\t\t<\/div>\n\t\t\t\t<div class=\"elementor-element elementor-element-1df18da elementor-widget elementor-widget-text-editor\" data-id=\"1df18da\" data-element_type=\"widget\" data-e-type=\"widget\" data-widget_type=\"text-editor.default\">\n\t\t\t\t<div class=\"elementor-widget-container\">\n\t\t\t\t\t\t\t\t\t<p><span class=\"jCAhz ChMk0b\"><span class=\"ryNqvb\"><strong>Cornouiller m\u00e2le<\/strong> est une plante sauvage, largement r\u00e9pandue en Europe et en Asie.<\/span><\/span> <span class=\"jCAhz ChMk0b\"><span class=\"ryNqvb\">Son fruit est un noyau rouge, largement utilis\u00e9 dans l'alimentation.<\/span><\/span> <span class=\"jCAhz ChMk0b\"><span class=\"ryNqvb\">Le fruit peut \u00eatre consomm\u00e9 frais, mais ces derni\u00e8res ann\u00e9es, il est de plus en plus utilis\u00e9 s\u00e9ch\u00e9.<\/span><\/span> <span class=\"jCAhz ChMk0b\"><span class=\"ryNqvb\">Le cornouiller m\u00e2le est tr\u00e8s riche en vitamine C, tanins, sucres et acides organiques.<\/span><\/span> <span class=\"jCAhz ChMk0b\"><span class=\"ryNqvb\">Cette plante contient une concentration beaucoup plus \u00e9lev\u00e9e de vitamine C que les oranges.<\/span><\/span> <span class=\"jCAhz ChMk0b\"><span class=\"ryNqvb\">En raison de sa composition tr\u00e8s complexe et du grand nombre de principes actifs, le fruit du cornouiller m\u00e2le a une large application dans la m\u00e9decine traditionnelle \u00e0 base de plantes.<\/span><\/span><\/p>\t\t\t\t\t\t\t\t<\/div>\n\t\t\t\t<\/div>\n\t\t\t\t<div class=\"elementor-element elementor-element-c52a517 elementor-widget elementor-widget-image\" data-id=\"c52a517\" data-element_type=\"widget\" data-e-type=\"widget\" data-widget_type=\"image.default\">\n\t\t\t\t<div class=\"elementor-widget-container\">\n\t\t\t\t\t\t\t\t\t\t\t\t\t\t\t<img decoding=\"async\" src=\"https:\/\/www.alivitpharm.com\/wp-content\/uploads\/2022\/09\/leaves.png\" title=\"leaves\" alt=\"Leaves\" loading=\"lazy\" \/>\t\t\t\t\t\t\t\t\t\t\t\t\t\t\t<\/div>\n\t\t\t\t<\/div>\n\t\t\t\t<div class=\"elementor-element elementor-element-521de91 elementor-widget elementor-widget-text-editor\" data-id=\"521de91\" data-element_type=\"widget\" data-e-type=\"widget\" data-widget_type=\"text-editor.default\">\n\t\t\t\t<div class=\"elementor-widget-container\">\n\t\t\t\t\t\t\t\t\t<p><span class=\"jCAhz ChMk0b\"><span class=\"ryNqvb\">Un grand nombre de recherches ont \u00e9t\u00e9 men\u00e9es entre 2000<\/span><\/span>\u00a0<span class=\"jCAhz ChMk0b\"><span class=\"ryNqvb\">et 2016,<\/span><\/span> <span class=\"jCAhz ChMk0b\"><span class=\"ryNqvb\">o\u00f9 il a \u00e9t\u00e9 d\u00e9couvert que le cornouiller m\u00e2le a une forte activit\u00e9 antioxydante, anti-inflammatoire (il peut \u00eatre utilis\u00e9 comme adjuvant dans le traitement des maladies inflammatoires de l'intestin), ainsi qu'une activit\u00e9 antimicrobienne (il a montr\u00e9 des effets positifs dans le traitement du paludisme - ce qui montre que le cornouiller m\u00e2le est un antiprotozoaire).<\/span><\/span> <span class=\"jCAhz ChMk0b\"><span class=\"ryNqvb\">Il joue \u00e9galement un r\u00f4le tr\u00e8s important dans le traitement des infections des voies urinaires chez les hommes et les femmes, et peut \u00eatre recommand\u00e9 comme adjuvant dans le traitement des calculs r\u00e9naux.<\/span><\/span> <span class=\"jCAhz ChMk0b\"><span class=\"ryNqvb\">Le fruit du cornouiller m\u00e2le a \u00e9galement des propri\u00e9t\u00e9s anticanc\u00e9reuses.<\/span><\/span> <span class=\"jCAhz ChMk0b\"><span class=\"ryNqvb\">Il a montr\u00e9 un effet positif dans le traitement des troubles gastro-intestinaux, aide \u00e0 la digestion, prot\u00e8ge le foie (effet h\u00e9patoprotecteur), arr\u00eate la diarrh\u00e9e et soutient la fonction du syst\u00e8me cardiovasculaire.<\/span><\/span> <span class=\"jCAhz ChMk0b\"><span class=\"ryNqvb\">En cas de troubles intestinaux et de diarrh\u00e9e accompagn\u00e9s de fi\u00e8vre, il est recommand\u00e9 de boire une infusion d'\u00e9corce de cornouiller, et le fruit du cornouiller m\u00e2le peut \u00eatre recommand\u00e9 dans le traitement de l'an\u00e9mie, de la r\u00e9sistance \u00e0 l'insuline, du diab\u00e8te, ainsi que pour une gu\u00e9rison plus rapide des plaies.<\/span><\/span><\/p>\t\t\t\t\t\t\t\t<\/div>\n\t\t\t\t<\/div>\n\t\t\t\t<div class=\"elementor-element elementor-element-b221124 elementor-widget elementor-widget-heading\" data-id=\"b221124\" data-element_type=\"widget\" data-e-type=\"widget\" data-widget_type=\"heading.default\">\n\t\t\t\t<div class=\"elementor-widget-container\">\n\t\t\t\t\t<h4 class=\"elementor-heading-title elementor-size-default\">R\u00e9f\u00e9rences<\/h4>\t\t\t\t<\/div>\n\t\t\t\t<\/div>\n\t\t\t\t<div class=\"elementor-element elementor-element-c2d24a4 elementor-widget elementor-widget-text-editor\" data-id=\"c2d24a4\" data-element_type=\"widget\" data-e-type=\"widget\" data-widget_type=\"text-editor.default\">\n\t\t\t\t<div class=\"elementor-widget-container\">\n\t\t\t\t\t\t\t\t\t<ul><li><a class=\"reference-link\" href=\"https:\/\/pubmed.ncbi.nlm.nih.gov\/28782352\/\" target=\"_blank\" rel=\"noopener\">Cornus mas: a review on traditional uses and pharmacological properties<\/a><\/li><li><a class=\"reference-link\" href=\"https:\/\/pubmed.ncbi.nlm.nih.gov\/35684107\/\" target=\"_blank\" rel=\"noopener\">Cornus mas L. Increases Glucose Uptake and the Expression of PPARG in Insulin-Resistant Adipocytes<\/a><\/li><li><a class=\"reference-link\" href=\"https:\/\/pubmed.ncbi.nlm.nih.gov\/32986349\/\" target=\"_blank\" rel=\"noopener\">Cornus Mas L improves Antioxidant Status in the Liver, Lung, Kidney, Testis and Brain of Ehrlich Ascites Tumor Bearing Mice<\/a><\/li><li><a class=\"reference-link\" href=\"https:\/\/pubmed.ncbi.nlm.nih.gov\/35204262\/\" target=\"_blank\" rel=\"noopener\">Potential for Prebiotic Stabilized Cornus mas L. Lyophilized Extract in the Prophylaxis of Diabetes Mellitus in Streptozotocin Diabetic Rats<\/a><\/li><\/ul>\t\t\t\t\t\t\t\t<\/div>\n\t\t\t\t<\/div>\n\t\t\t\t\t<\/div>\n\t\t<\/div>\n\t\t\t\t\t<\/div>\n\t\t<\/section>\n\t\t\t\t<\/div>","protected":false},"excerpt":{"rendered":"<p>Cornel Cornus mas, L. &#8211; Cornaceae Cornel is a wild plant, which is widely distributed in Europe and Asia. The fruit is a drupe, red in color, which is widely used in food. The fruit can be eaten fresh, but recently it is increasingly used dried. Cornel fruit is very rich in vitamin C, tannins, &hellip;<\/p>\n<p class=\"read-more\"> <a class=\"\" href=\"https:\/\/www.alivitpharm.com\/fr\/cornel\/\"> <span class=\"screen-reader-text\">Cornouiller m\u00e2le<\/span> Lire la suite\u00a0\u00bb<\/a><\/p>","protected":false},"author":9,"featured_media":0,"parent":0,"menu_order":0,"comment_status":"closed","ping_status":"closed","template":"","meta":{"site-sidebar-layout":"no-sidebar","site-content-layout":"page-builder","ast-global-header-display":"","ast-main-header-display":"","ast-hfb-above-header-display":"","ast-hfb-below-header-display":"","ast-hfb-mobile-header-display":"","site-post-title":"disabled","ast-breadcrumbs-content":"","ast-featured-img":"disabled","footer-sml-layout":"","theme-transparent-header-meta":"","adv-header-id-meta":"","stick-header-meta":"","header-above-stick-meta":"","header-main-stick-meta":"","header-below-stick-meta":"","footnotes":""},"class_list":["post-9985","page","type-page","status-publish","hentry"],"_links":{"self":[{"href":"https:\/\/www.alivitpharm.com\/fr\/wp-json\/wp\/v2\/pages\/9985","targetHints":{"allow":["GET"]}}],"collection":[{"href":"https:\/\/www.alivitpharm.com\/fr\/wp-json\/wp\/v2\/pages"}],"about":[{"href":"https:\/\/www.alivitpharm.com\/fr\/wp-json\/wp\/v2\/types\/page"}],"author":[{"embeddable":true,"href":"https:\/\/www.alivitpharm.com\/fr\/wp-json\/wp\/v2\/users\/9"}],"replies":[{"embeddable":true,"href":"https:\/\/www.alivitpharm.com\/fr\/wp-json\/wp\/v2\/comments?post=9985"}],"version-history":[{"count":0,"href":"https:\/\/www.alivitpharm.com\/fr\/wp-json\/wp\/v2\/pages\/9985\/revisions"}],"wp:attachment":[{"href":"https:\/\/www.alivitpharm.com\/fr\/wp-json\/wp\/v2\/media?parent=9985"}],"curies":[{"name":"wp","href":"https:\/\/api.w.org\/{rel}","templated":true}]}}