{"id":10418,"date":"2024-02-06T13:21:57","date_gmt":"2024-02-06T11:21:57","guid":{"rendered":"https:\/\/www.alivitpharm.com\/?post_type=product&#038;p=10418"},"modified":"2026-02-26T16:22:56","modified_gmt":"2026-02-26T14:22:56","slug":"diabetstop","status":"publish","type":"product","link":"https:\/\/www.alivitpharm.com\/fr\/product\/diabetstop\/","title":{"rendered":"DIABETSTOP"},"content":{"rendered":"<div class=\"product-accordion\">\n<div class=\"btn\">\u00c0 PROPOS DE DIABETSTOP<\/div>\n<div class=\"board\">\n<div>\n      <b>DIABETSTOP\u00ae<\/b> est con\u00e7u pour les personnes atteintes de diab\u00e8te de type I et II, ainsi que pour celles pr\u00e9sentant un m\u00e9tabolisme glucidique alt\u00e9r\u00e9 ou des ant\u00e9c\u00e9dents familiaux de diab\u00e8te.<\/p>\n<p>Cette formule favorise la r\u00e9gulation de la glyc\u00e9mie gr\u00e2ce \u00e0 son association d'ail ferment\u00e9, de cannelle, de chrome et de zinc. L'ail ferment\u00e9 soutient le syst\u00e8me immunitaire et la sant\u00e9 cardiovasculaire en maintenant un taux de cholest\u00e9rol et d'homocyst\u00e9ine sain. La cannelle favorise une glyc\u00e9mie et une lipid\u00e9mie normales, am\u00e9liore la digestion, r\u00e9duit les gaz et augmente la sensibilit\u00e9 \u00e0 l'insuline, ce qui la rend id\u00e9ale en cas d'insulinor\u00e9sistance. Elle ralentit \u00e9galement la d\u00e9gradation des glucides, r\u00e9duisant ainsi la quantit\u00e9 de sucre entrant dans la circulation sanguine apr\u00e8s les repas. La vitamine B6 contribue au m\u00e9tabolisme des prot\u00e9ines et des glucides. Avec les vitamines B1 et B12, elle contribue \u00e0 un m\u00e9tabolisme \u00e9nerg\u00e9tique normal. L'acide folique et la vitamine B12 contribuent \u00e0 la division cellulaire et \u00e0 la r\u00e9duction de la fatigue. Le zinc favorise le m\u00e9tabolisme des lipides et des glucides et facilite le transport du glucose vers les cellules pour produire de l'\u00e9nergie. Le chrome contribue au maintien d'une glyc\u00e9mie normale. L'acide alpha-lipo\u00efque aide \u00e0 pr\u00e9venir et \u00e0 soulager les complications du diab\u00e8te, telles que les l\u00e9sions nerveuses (neuropathie), qui se manifestent par des br\u00fblures, des picotements, des engourdissements ou des douleurs dans les mains et les pieds. Ensemble, ces ingr\u00e9dients agissent en synergie pour r\u00e9duire la glyc\u00e9mie, prot\u00e9ger les nerfs du stress oxydatif (pr\u00e9venant ainsi la neuropathie) et retarder ou r\u00e9duire le risque de complications diab\u00e9tiques.\n    <\/p><\/div>\n<\/p><\/div>\n<div class=\"btn\">INGR\u00c9DIENTS<\/div>\n<div class=\"board\">\n<div>\n      90 capsules molles g\u00e9latineuses<\/p>\n<p>      <b>\u2022<\/b> Poudre de <a class=\"custom-link\" href=\"\/fr\/black-garlic\/\">bulbe d'ail ferment\u00e9 <i>(Allium sativum)<\/i><\/a>;<br \/>\n      <b>\u2022<\/b> Poudre de <a class=\"custom-link\" href=\"\/fr\/canelle-de-ceylan\/\">\u00e9corce de cannelle de Ceylan <i>(Cinnamomum ceylonicum)<\/i><\/a>;<br \/>\n      <b>\u2022<\/b> <a class=\"custom-link\" href=\"\/fr\/acide-alpha-lipoique\/\">Acide alpha-lipo\u00efque<\/a>;<br \/>\n      <b>\u2022<\/b> <a class=\"custom-link\" href=\"\/fr\/zinc\/\">Citrate de zinc trihydrat\u00e9<\/a>;<br \/>\n      <b>\u2022<\/b> <a class=\"custom-link\" href=\"\/fr\/chrome\/\">Chlorure de chrome (III) hexahydrat\u00e9<\/a>;<br \/>\n      <b>\u2022<\/b> <a class=\"custom-link\" href=\"\/fr\/vitamin-b1\/\">Mononitrate de thiamine (vitamine B1)<\/a>;<br \/>\n      <b>\u2022<\/b> <a class=\"custom-link\" href=\"\/fr\/vitamin-b6\/\">Chlorhydrate de pyridoxine (vitamine B6)<\/a>;<br \/>\n      <b>\u2022<\/b> <a class=\"custom-link\" href=\"\/fr\/vitamin-b12\/\">Cyanocobalamine (vitamine B12)<\/a>;<br \/>\n      <b>\u2022<\/b> <a class=\"custom-link\" href=\"\/fr\/acide-folique\/\">Acide folique<\/a>;<br \/>\n      <b>\u2022<\/b> Capsule (g\u00e9latine, eau purifi\u00e9e, colorant: carbonate de calcium), dioxyde de silicium, st\u00e9arate de magn\u00e9sium;\n    <\/div>\n<\/p><\/div>\n<div class=\"btn\">MODE D'EMPLOI<\/div>\n<div class=\"board\">\n<div>\n      Pour les personnes de plus de 14 ans, il est recommand\u00e9 de prendre une capsule trois fois par jour, pendant ou apr\u00e8s un repas. Le produit peut \u00eatre pris pendant une longue p\u00e9riode. Avalez la capsule enti\u00e8re avec un verre d'eau.<\/p>\n<p>      <b>AVERTISSEMENTS:<\/b><br \/>\n      <b>\u2022<\/b> Ne pas d\u00e9passer la dose journali\u00e8re recommand\u00e9e.<br \/>\n      <b>\u2022<\/b> Le produit n'est pas destin\u00e9 aux personnes de moins de 14 ans, aux personnes souffrant d'insuffisance h\u00e9patique, aux femmes enceintes ou allaitantes.<br \/>\n      <b>\u2022<\/b> Ne pas utiliser si vous \u00eates hypersensible \u00e0 l'un des ingr\u00e9dients.<br \/>\n      <b>\u2022<\/b> Consultez votre m\u00e9decin si vous prenez des m\u00e9dicaments.<br \/>\n      <b>\u2022<\/b> Ne pas prendre simultan\u00e9ment avec des m\u00e9dicaments anticoagulants.<br \/>\n      <b>\u2022<\/b> Avant une intervention chirurgicale programm\u00e9e, il est n\u00e9cessaire d'arr\u00eater l'utilisation de ce produit.<br \/>\n      <b>\u2022<\/b> Il est conseill\u00e9 aux diab\u00e9tiques de surveiller leur taux de sucre dans le sang pendant l'utilisation du produit.\n    <\/div>\n<\/p><\/div>\n<\/div>","protected":false},"excerpt":{"rendered":"<div class=\"my-product-info\">\n<div class=\"two-categories\">\n<div>\n            <img decoding=\"async\" src=\"https:\/\/www.alivitpharm.com\/wp-content\/uploads\/2025\/05\/icon-9.png\" alt=\"100% naturel\" width=\"50px\" height=\"50px\" \/><\/p>\n<div>100% naturel<\/div>\n<\/p><\/div>\n<div>\n            <img decoding=\"async\" src=\"https:\/\/www.alivitpharm.com\/wp-content\/uploads\/2025\/05\/icon-10.png\" alt=\"Sans OGM\" width=\"50px\" height=\"50px\" \/><\/p>\n<div>Sans OGM<\/div>\n<\/p><\/div>\n<div>\n            <img decoding=\"async\" src=\"https:\/\/www.alivitpharm.com\/wp-content\/uploads\/2025\/05\/icon-15.png\" alt=\"Sans gluten\" width=\"50px\" height=\"50px\" \/><\/p>\n<div>Sans gluten<\/div>\n<\/p><\/div>\n<\/p><\/div>\n<\/div>\n<ul>\n<li>Recommand\u00e9 en cas d'hyperglyc\u00e9mie.<\/li>\n<li>Aide les patients pr\u00e9sentant une r\u00e9sistance \u00e0 l'insuline.<\/li>\n<li>Pr\u00e9vention de la r\u00e9sistance \u00e0 l'insuline chez les patientes atteintes du syndrome des ovaires polykystiques.<\/li>\n<li>Pr\u00e9vient le d\u00e9veloppement de la polyneuropathie diab\u00e9tique.<\/li>\n<\/ul>\n<p><a class=\"category-pdf-btn\" href=\"https:\/\/www.alivitpharm.com\/wp-content\/uploads\/2025\/07\/phytotherapy_in_managing_the_endocrine_disorders_and_hormonal_balance_en.pdf\" target=\"_blank\" rel=\"noopener\">En savoir plus sur les troubles endocriniens et l'\u00e9quilibre hormonal<\/a><\/p>","protected":false},"featured_media":13126,"comment_status":"open","ping_status":"closed","template":"","meta":{"site-sidebar-layout":"default","site-content-layout":"default","ast-global-header-display":"","ast-main-header-display":"","ast-hfb-above-header-display":"","ast-hfb-below-header-display":"","ast-hfb-mobile-header-display":"","site-post-title":"","ast-breadcrumbs-content":"","ast-featured-img":"","footer-sml-layout":"","theme-transparent-header-meta":"default","adv-header-id-meta":"","stick-header-meta":"","header-above-stick-meta":"","header-main-stick-meta":"","header-below-stick-meta":""},"product_brand":[],"product_cat":[172,183],"product_tag":[],"class_list":{"0":"post-10418","1":"product","2":"type-product","3":"status-publish","4":"has-post-thumbnail","6":"product_cat-hormonal-balance","7":"product_cat-womens-health","8":"desktop-align-center","9":"tablet-align-center","10":"mobile-align-center","12":"first","13":"instock","14":"shipping-taxable","15":"purchasable","16":"product-type-simple"},"_links":{"self":[{"href":"https:\/\/www.alivitpharm.com\/fr\/wp-json\/wp\/v2\/product\/10418","targetHints":{"allow":["GET"]}}],"collection":[{"href":"https:\/\/www.alivitpharm.com\/fr\/wp-json\/wp\/v2\/product"}],"about":[{"href":"https:\/\/www.alivitpharm.com\/fr\/wp-json\/wp\/v2\/types\/product"}],"replies":[{"embeddable":true,"href":"https:\/\/www.alivitpharm.com\/fr\/wp-json\/wp\/v2\/comments?post=10418"}],"wp:featuredmedia":[{"embeddable":true,"href":"https:\/\/www.alivitpharm.com\/fr\/wp-json\/wp\/v2\/media\/13126"}],"wp:attachment":[{"href":"https:\/\/www.alivitpharm.com\/fr\/wp-json\/wp\/v2\/media?parent=10418"}],"wp:term":[{"taxonomy":"product_brand","embeddable":true,"href":"https:\/\/www.alivitpharm.com\/fr\/wp-json\/wp\/v2\/product_brand?post=10418"},{"taxonomy":"product_cat","embeddable":true,"href":"https:\/\/www.alivitpharm.com\/fr\/wp-json\/wp\/v2\/product_cat?post=10418"},{"taxonomy":"product_tag","embeddable":true,"href":"https:\/\/www.alivitpharm.com\/fr\/wp-json\/wp\/v2\/product_tag?post=10418"}],"curies":[{"name":"wp","href":"https:\/\/api.w.org\/{rel}","templated":true}]}}