{"id":11264,"date":"2024-12-20T10:26:38","date_gmt":"2024-12-20T08:26:38","guid":{"rendered":"https:\/\/www.alivitpharm.com\/?post_type=product&#038;p=11264"},"modified":"2026-03-30T08:44:54","modified_gmt":"2026-03-30T06:44:54","slug":"vitamin-d3-4000-iu","status":"publish","type":"product","link":"https:\/\/www.alivitpharm.com\/fr\/product\/vitamin-d3-4000-iu\/","title":{"rendered":"VITAMIN D3 4000 IU"},"content":{"rendered":"<div class=\"product-accordion\">\n<div class=\"btn\">\u00c0 PROPOS DE VITAMIN D3 4000 IU<\/div>\n<div class=\"board\">\n<div>\n      <b>VITAMIN D3 4000 IU\u00ae<\/b> contribue au maintien d'une ossature et d'une fonction musculaire normales. Elle favorise l'absorption et l'utilisation optimales du calcium et du phosphore. La vitamine D3 joue un r\u00f4le dans la division cellulaire et contribue au bon fonctionnement du syst\u00e8me immunitaire. Des \u00e9tudes scientifiques ont montr\u00e9 qu'une carence en vitamine D peut \u00eatre associ\u00e9e au d\u00e9veloppement de maladies auto-immunes, notamment la scl\u00e9rose en plaques, le diab\u00e8te de type 1, la polyarthrite rhumato\u00efde, le psoriasis et les maladies inflammatoires chroniques de l'intestin. La vitamine D joue \u00e9galement un r\u00f4le dans la r\u00e9duction de l'inflammation et la r\u00e9gulation de la croissance des cellules cutan\u00e9es, raison pour laquelle elle est souvent utilis\u00e9e dans le traitement du psoriasis. De plus, la vitamine D a une forte influence sur la sant\u00e9 cardiovasculaire, contribue \u00e0 r\u00e9guler la tension art\u00e9rielle et r\u00e9duit le risque de maladie cardiaque.\n    <\/div>\n<\/p><\/div>\n<div class=\"btn\">INGR\u00c9DIENTS<\/div>\n<div class=\"board\">\n<div>\n      90 capsules molles g\u00e9latineuses<\/p>\n<p>      <b>\u2022<\/b> <a class=\"custom-link\" href=\"\/fr\/vitamin-d3\/\">Chol\u00e9calcif\u00e9rol (vitamine D3)<\/a>;<br \/>\n      <b>\u2022<\/b> <a class=\"custom-link\" href=\"\/fr\/huile-d-olive\/\">L\u2019huile d\u2019olive<\/a>;<br \/>\n      <b>\u2022<\/b> G\u00e9latine bovine, humectant: glyc\u00e9rol, eau purifi\u00e9e, antioxydant: ac\u00e9tate de DL-\u03b1-tocoph\u00e9ryle;\n    <\/div>\n<\/p><\/div>\n<div class=\"btn\">MODE D'EMPLOI<\/div>\n<div class=\"board\">\n<div>\n      Pour les personnes de plus de 18 ans, il est recommand\u00e9 d'en prendre une par jour, pendant ou apr\u00e8s un repas. Avaler la capsule enti\u00e8re avec un liquide. Convient aux personnes diab\u00e9tiques.<\/p>\n<p>      <b>AVERTISSEMENTS:<\/b><br \/>\n      <b>\u2022<\/b> Ce produit n'est pas destin\u00e9 aux personnes de moins de 18 ans.<br \/>\n      <b>\u2022<\/b> Ne pas utiliser si vous \u00eates hypersensible \u00e0 l'un des ingr\u00e9dients.<br \/>\n      <b>\u2022<\/b> Ce produit n'est pas destin\u00e9 aux personnes souffrant d'hypercalc\u00e9mie et d'hyperthyro\u00efdie.<br \/>\n      <b>\u2022<\/b> Des pr\u00e9cautions sont n\u00e9cessaires pour les personnes utilisant des thiazides, des glycosides cardiotoniques, de la rifampicine, de l'isoniazide, de la ph\u00e9nyto\u00efne, des barbituriques et des cortico\u00efdes.<br \/>\n      <b>\u2022<\/b> Les femmes enceintes ou allaitantes doivent consulter leur m\u00e9decin avant d'utiliser ce produit.<br \/>\n      <b>\u2022<\/b> Ce suppl\u00e9ment doit \u00eatre utilis\u00e9 sous la supervision d'un m\u00e9decin!\n    <\/div>\n<\/p><\/div>\n<\/div>","protected":false},"excerpt":{"rendered":"<div class=\"my-product-info\">\n<div class=\"two-categories\">\n<div>\n            <img decoding=\"async\" src=\"https:\/\/www.alivitpharm.com\/wp-content\/uploads\/2025\/05\/icon-9.png\" alt=\"100% naturel\" width=\"50px\" height=\"50px\" \/><\/p>\n<div>100% naturel<\/div>\n<\/p><\/div>\n<div>\n            <img decoding=\"async\" src=\"https:\/\/www.alivitpharm.com\/wp-content\/uploads\/2025\/05\/icon-10.png\" alt=\"Sans OGM\" width=\"50px\" height=\"50px\" \/><\/p>\n<div>Sans OGM<\/div>\n<\/p><\/div>\n<div>\n            <img decoding=\"async\" src=\"https:\/\/www.alivitpharm.com\/wp-content\/uploads\/2025\/05\/icon-15.png\" alt=\"Sans gluten\" width=\"50px\" height=\"50px\" \/><\/p>\n<div>Sans gluten<\/div>\n<\/p><\/div>\n<\/p><\/div>\n<\/div>\n<ul>\n<li>Favorise le fonctionnement normal du syst\u00e8me immunitaire.<\/li>\n<li>Contribue au maintien d'une ossature saine.<\/li>\n<li>Contribue au maintien d'une fonction musculaire normale.<\/li>\n<li>Contribue \u00e0 l'absorption et \u00e0 l'utilisation normales du calcium et du phosphore.<\/li>\n<\/ul>","protected":false},"featured_media":13112,"comment_status":"open","ping_status":"closed","template":"","meta":{"site-sidebar-layout":"default","site-content-layout":"default","ast-global-header-display":"","ast-main-header-display":"","ast-hfb-above-header-display":"","ast-hfb-below-header-display":"","ast-hfb-mobile-header-display":"","site-post-title":"","ast-breadcrumbs-content":"","ast-featured-img":"","footer-sml-layout":"","theme-transparent-header-meta":"default","adv-header-id-meta":"","stick-header-meta":"","header-above-stick-meta":"","header-main-stick-meta":"","header-below-stick-meta":""},"product_brand":[],"product_cat":[172,174],"product_tag":[],"class_list":{"0":"post-11264","1":"product","2":"type-product","3":"status-publish","4":"has-post-thumbnail","6":"product_cat-hormonal-balance","7":"product_cat-immune-system","8":"desktop-align-center","9":"tablet-align-center","10":"mobile-align-center","12":"first","13":"instock","14":"shipping-taxable","15":"purchasable","16":"product-type-simple"},"_links":{"self":[{"href":"https:\/\/www.alivitpharm.com\/fr\/wp-json\/wp\/v2\/product\/11264","targetHints":{"allow":["GET"]}}],"collection":[{"href":"https:\/\/www.alivitpharm.com\/fr\/wp-json\/wp\/v2\/product"}],"about":[{"href":"https:\/\/www.alivitpharm.com\/fr\/wp-json\/wp\/v2\/types\/product"}],"replies":[{"embeddable":true,"href":"https:\/\/www.alivitpharm.com\/fr\/wp-json\/wp\/v2\/comments?post=11264"}],"wp:featuredmedia":[{"embeddable":true,"href":"https:\/\/www.alivitpharm.com\/fr\/wp-json\/wp\/v2\/media\/13112"}],"wp:attachment":[{"href":"https:\/\/www.alivitpharm.com\/fr\/wp-json\/wp\/v2\/media?parent=11264"}],"wp:term":[{"taxonomy":"product_brand","embeddable":true,"href":"https:\/\/www.alivitpharm.com\/fr\/wp-json\/wp\/v2\/product_brand?post=11264"},{"taxonomy":"product_cat","embeddable":true,"href":"https:\/\/www.alivitpharm.com\/fr\/wp-json\/wp\/v2\/product_cat?post=11264"},{"taxonomy":"product_tag","embeddable":true,"href":"https:\/\/www.alivitpharm.com\/fr\/wp-json\/wp\/v2\/product_tag?post=11264"}],"curies":[{"name":"wp","href":"https:\/\/api.w.org\/{rel}","templated":true}]}}