{"id":11790,"date":"2025-03-07T10:20:18","date_gmt":"2025-03-07T08:20:18","guid":{"rendered":"https:\/\/www.alivitpharm.com\/?post_type=product&#038;p=11790"},"modified":"2026-04-01T08:40:54","modified_gmt":"2026-04-01T06:40:54","slug":"parazit-stop-complex","status":"publish","type":"product","link":"https:\/\/www.alivitpharm.com\/fr\/product\/parazit-stop-complex\/","title":{"rendered":"PARAZIT STOP (ANTIPARAZIT) COMPLEX"},"content":{"rendered":"<div class=\"product-accordion\">\n<div class=\"btn\">\u00c0 PROPOS DE PARAZIT STOP (ANTIPARAZIT) COMPLEX<\/div>\n<div class=\"board\">\n<div>\n<p><b>PARAZIT STOP (ANTIPARAZIT) COMPLEX\u00ae<\/b> se compose de deux produits, PARAZIT STOP (ANTIPARAZIT) I et PARAZIT STOP (ANTIPARAZIT) II, qui agissent ensemble en synergie pour aider \u00e0 maintenir un environnement intestinal sain et sans parasites, favorisant ainsi le bon fonctionnement du tube digestif.<\/p>\n<p>Le thym, l'absinthe douce et le clou de girofle contribuent au bon fonctionnement du tube digestif et favorisent son nettoyage. Ces plantes ont un effet antiparasitaire naturel. La figue contient des enzymes qui d\u00e9composent les structures prot\u00e9iques des helminthes. Le gingembre facilite l'expulsion des parasites et r\u00e9duit les r\u00e9actions inflammatoires caus\u00e9es par les parasites pr\u00e9sents. L'ail a des effets antibact\u00e9riens et antioxydants, soutient le syst\u00e8me immunitaire et r\u00e9duit la capacit\u00e9 des parasites \u00e0 survivre et \u00e0 se reproduire. La feuille de papaye am\u00e9liore la digestion et contribue \u00e0 l'\u00e9limination des parasites intestinaux. Le poivre noir poss\u00e8de d'importantes propri\u00e9t\u00e9s antioxydantes, contribue au maintien de l'int\u00e9grit\u00e9 de l'organisme gr\u00e2ce \u00e0 ses effets antimicrobiens et antiparasitaires, et renforce le syst\u00e8me immunitaire. Le curcuma a des effets anti-inflammatoires, tandis que l'origan est traditionnellement utilis\u00e9 pour faciliter la digestion, mais il endommage \u00e9galement la membrane cellulaire du parasite.<\/p>\n<\/div>\n<\/div>\n<div class=\"btn\">INGR\u00c9DIENTS<\/div>\n<div class=\"board\">\n<div>\nPARAZIT STOP (ANTIPARAZIT) I: 28 capsules de g\u00e9latine molle<br \/>\nPARAZIT STOP (ANTIPARAZIT) II: 60 capsules de g\u00e9latine molle<\/p>\n<p><b>PARAZIT STOP (ANTIPARAZIT) I:<\/b><br \/>\n<b>\u2022<\/b> Extrait de <a class=\"custom-link\" href=\"\/fr\/thym\/\">herbe de thym <i>(Thymus vulgaris)<\/i><\/a> dans de <a class=\"custom-link\" href=\"\/fr\/huile-d-olive\/\">l'huile d'olive<\/a>;<br \/>\n<b>\u2022<\/b> Extrait de <a class=\"custom-link\" href=\"\/fr\/armoise-annuelle\/\">herbe d'armoise annuelle <i>(Artemisia annua)<\/i><\/a> dans de <a class=\"custom-link\" href=\"\/fr\/huile-d-olive\/\">l'huile d'olive<\/a>;<br \/>\n<b>\u2022<\/b> Extrait de <a class=\"custom-link\" href=\"\/fr\/gingembre\/\">rhizome de gingembre <i>(Zingiber officinale)<\/i><\/a> dans de <a class=\"custom-link\" href=\"\/fr\/huile-d-olive\/\">l'huile d'olive<\/a>;<br \/>\n<b>\u2022<\/b> Extrait de <a class=\"custom-link\" href=\"\/fr\/figuier\/\">feuille de figuier <i>(Ficus carica)<\/i><\/a> dans de <a class=\"custom-link\" href=\"\/fr\/huile-d-olive\/\">l'huile d'olive<\/a>;<br \/>\n<b>\u2022<\/b> Extrait de <a class=\"custom-link\" href=\"\/fr\/giroflier\/\">fleur de giroflier <i>(Syzygium aromaticum)<\/i><\/a> dans de <a class=\"custom-link\" href=\"\/fr\/huile-d-olive\/\">l'huile d'olive<\/a>;<br \/>\n<b>\u2022<\/b> G\u00e9latine bovine, glyc\u00e9rol (agent de r\u00e9tention d'humidit\u00e9), eau purifi\u00e9e, antioxydant: ac\u00e9tate de DL \u03b1 tocoph\u00e9ryle;<\/p>\n<p><b>PARAZIT STOP (ANTIPARAZIT) II:<\/b><br \/>\n<b>\u2022<\/b> Extrait de <a class=\"custom-link\" href=\"\/fr\/ail\/\">bulbe d'ail frais <i>(Allium sativum)<\/i><\/a> dans de <a class=\"custom-link\" href=\"\/fr\/huile-d-olive\/\">l'huile d'olive<\/a>;<br \/>\n<b>\u2022<\/b> Extrait de <a class=\"custom-link\" href=\"\/fr\/papayer\/\">feuille de papaye <i>(Carica papaya)<\/i><\/a> dans de <a class=\"custom-link\" href=\"\/fr\/huile-d-olive\/\">l'huile d'olive<\/a>;<br \/>\n<b>\u2022<\/b> Extrait de <a class=\"custom-link\" href=\"\/fr\/poivre-noir\/\">fruit de poivre noir <i>(Piper nigrum)<\/i><\/a> dans de <a class=\"custom-link\" href=\"\/fr\/huile-d-olive\/\">l'huile d'olive<\/a>;<br \/>\n<b>\u2022<\/b> Extrait de <a class=\"custom-link\" href=\"\/fr\/noyer-noir\/\">coquille de noix noire <i>(Juglans nigra)<\/i><\/a> dans de <a class=\"custom-link\" href=\"\/fr\/huile-d-olive\/\">l'huile d'olive<\/a>;<br \/>\n<b>\u2022<\/b> Extrait de <a class=\"custom-link\" href=\"\/fr\/curcuma\/\">rhizome de curcuma <i>(Curcuma longa)<\/i><\/a> dans de <a class=\"custom-link\" href=\"\/fr\/huile-d-olive\/\">l'huile d'olive<\/a>;<br \/>\n<b>\u2022<\/b> Extrait de <a class=\"custom-link\" href=\"\/fr\/origan\/\">origan <i>(Origanum vulgare)<\/i><\/a> dans de <a class=\"custom-link\" href=\"\/fr\/huile-d-olive\/\">l'huile d'olive<\/a>;<br \/>\n<b>\u2022<\/b> Extrait de <a class=\"custom-link\" href=\"\/fr\/black-garlic\/\">bulbe d'ail ferment\u00e9 <i>(Allium sativum)<\/i><\/a> dans de <a class=\"custom-link\" href=\"\/fr\/huile-d-olive\/\">l'huile d'olive<\/a>;<br \/>\n<b>\u2022<\/b> G\u00e9latine bovine, glyc\u00e9rol, eau purifi\u00e9e, dioxyde de silicium (antiagglom\u00e9rant), colorant: charbon noir, antioxydant: ac\u00e9tate de DL \u03b1 tocoph\u00e9ryle;<\/div>\n<\/div>\n<div class=\"btn\">MODE D'EMPLOI<\/div>\n<div class=\"board\">\n<div>\n<p>Pour les personnes de plus de 18 ans, il est recommand\u00e9 de prendre deux g\u00e9lules jaunes de PARAZIT STOP (ANTIPARAZIT) I le matin et deux g\u00e9lules noires de PARAZIT STOP (ANTIPARAZIT) II le soir, pendant ou apr\u00e8s les repas, pendant 14 jours. Continuer ensuite \u00e0 prendre seulement deux g\u00e9lules de PARAZIT STOP (ANTIPARAZIT) II le soir. Avaler les g\u00e9lules enti\u00e8res avec un liquide. Ce produit est \u00e9galement destin\u00e9 aux personnes diab\u00e9tiques.<\/p>\n<p><b>AVERTISSEMENTS:<\/b><br \/>\n<b>\u2022<\/b> Ne pas d\u00e9passer la dose journali\u00e8re recommand\u00e9e.<br \/>\n<b>\u2022<\/b> D\u00e9conseill\u00e9 aux personnes souffrant de troubles digestifs, de maladies de la thyro\u00efde, aux femmes enceintes ou allaitantes, ainsi qu'aux personnes de moins de 18 ans.<br \/>\n<b>\u2022<\/b> Ne pas utiliser si vous \u00eates hypersensible \u00e0 l'un des ingr\u00e9dients.<br \/>\n<b>\u2022<\/b> Consultez votre m\u00e9decin si vous prenez des m\u00e9dicaments.<br \/>\n<b>\u2022<\/b> Ne pas prendre simultan\u00e9ment avec des m\u00e9dicaments anticoagulants.<br \/>\n<b>\u2022<\/b> Arr\u00eatez l\u2019utilisation 7 jours avant l\u2019intervention chirurgicale pr\u00e9vue.<br \/>\n<b>\u2022<\/b> Il n'est pas recommand\u00e9 de prendre les capsules PARAZIT STOP (ANTIPARAZIT) I pendant plus de deux semaines cons\u00e9cutives.<\/p>\n<\/div>\n<\/div>\n<\/div>","protected":false},"excerpt":{"rendered":"<div class=\"my-product-info\">\n<div class=\"two-categories\">\n<div>\n            <img decoding=\"async\" src=\"https:\/\/www.alivitpharm.com\/wp-content\/uploads\/2025\/05\/icon-9.png\" alt=\"100% naturel\" width=\"50px\" height=\"50px\" \/><\/p>\n<div>100% naturel<\/div>\n<\/p><\/div>\n<div>\n            <img decoding=\"async\" src=\"https:\/\/www.alivitpharm.com\/wp-content\/uploads\/2025\/05\/icon-10.png\" alt=\"Sans OGM\" width=\"50px\" height=\"50px\" \/><\/p>\n<div>Sans OGM<\/div>\n<\/p><\/div>\n<div>\n            <img decoding=\"async\" src=\"https:\/\/www.alivitpharm.com\/wp-content\/uploads\/2025\/05\/icon-15.png\" alt=\"Sans gluten\" width=\"50px\" height=\"50px\" \/><\/p>\n<div>Sans gluten<\/div>\n<\/p><\/div>\n<\/p><\/div>\n<\/div>\n<ul>\n<li>Contribue \u00e0 la disparition des parasites intestinaux.<\/li>\n<li>Acc\u00e9l\u00e8re la transition de la toxoplasmose de la phase active \u00e0 la phase latente chez les femmes ayant recours \u00e0 la f\u00e9condation in vitro.<\/li>\n<li>Am\u00e9liore la digestion.<\/li>\n<li>Contribue au bon fonctionnement du tube digestif.<\/li>\n<li>Stimule la croissance d'un microbiote intestinal b\u00e9n\u00e9fique.<\/li>\n<\/ul>\n<p><a class=\"category-pdf-btn\" href=\"https:\/\/www.alivitpharm.com\/wp-content\/uploads\/2025\/07\/phytotherapy_in_the_treatment_of_parasitic_infections_en.pdf\" target=\"_blank\" rel=\"noopener\">En savoir plus sur la phytoth\u00e9rapie dans le traitement des infections parasitaires<\/a><\/p>","protected":false},"featured_media":13535,"comment_status":"open","ping_status":"closed","template":"","meta":{"site-sidebar-layout":"default","site-content-layout":"default","ast-global-header-display":"","ast-main-header-display":"","ast-hfb-above-header-display":"","ast-hfb-below-header-display":"","ast-hfb-mobile-header-display":"","site-post-title":"","ast-breadcrumbs-content":"","ast-featured-img":"","footer-sml-layout":"","theme-transparent-header-meta":"default","adv-header-id-meta":"","stick-header-meta":"","header-above-stick-meta":"","header-main-stick-meta":"","header-below-stick-meta":""},"product_brand":[],"product_cat":[171,170,178],"product_tag":[],"class_list":{"0":"post-11790","1":"product","2":"type-product","3":"status-publish","4":"has-post-thumbnail","6":"product_cat-detox-revitalization","7":"product_cat-digestive-system","8":"product_cat-parasitic-infections","9":"desktop-align-center","10":"tablet-align-center","11":"mobile-align-center","13":"first","14":"instock","15":"shipping-taxable","16":"purchasable","17":"product-type-simple"},"_links":{"self":[{"href":"https:\/\/www.alivitpharm.com\/fr\/wp-json\/wp\/v2\/product\/11790","targetHints":{"allow":["GET"]}}],"collection":[{"href":"https:\/\/www.alivitpharm.com\/fr\/wp-json\/wp\/v2\/product"}],"about":[{"href":"https:\/\/www.alivitpharm.com\/fr\/wp-json\/wp\/v2\/types\/product"}],"replies":[{"embeddable":true,"href":"https:\/\/www.alivitpharm.com\/fr\/wp-json\/wp\/v2\/comments?post=11790"}],"wp:featuredmedia":[{"embeddable":true,"href":"https:\/\/www.alivitpharm.com\/fr\/wp-json\/wp\/v2\/media\/13535"}],"wp:attachment":[{"href":"https:\/\/www.alivitpharm.com\/fr\/wp-json\/wp\/v2\/media?parent=11790"}],"wp:term":[{"taxonomy":"product_brand","embeddable":true,"href":"https:\/\/www.alivitpharm.com\/fr\/wp-json\/wp\/v2\/product_brand?post=11790"},{"taxonomy":"product_cat","embeddable":true,"href":"https:\/\/www.alivitpharm.com\/fr\/wp-json\/wp\/v2\/product_cat?post=11790"},{"taxonomy":"product_tag","embeddable":true,"href":"https:\/\/www.alivitpharm.com\/fr\/wp-json\/wp\/v2\/product_tag?post=11790"}],"curies":[{"name":"wp","href":"https:\/\/api.w.org\/{rel}","templated":true}]}}