{"id":13614,"date":"2025-11-12T14:47:31","date_gmt":"2025-11-12T12:47:31","guid":{"rendered":"https:\/\/www.alivitpharm.com\/?post_type=product&#038;p=13614"},"modified":"2026-04-23T09:39:18","modified_gmt":"2026-04-23T07:39:18","slug":"magnezijum-bisglicinat-plus-b6","status":"publish","type":"product","link":"https:\/\/www.alivitpharm.com\/fr\/product\/magnezijum-bisglicinat-plus-b6\/","title":{"rendered":"MAGNEZIJUM BISGLICINAT plus B6"},"content":{"rendered":"<div class=\"product-accordion\">\n<div class=\"btn\">\u00c0 PROPOS DE MAGNEZIJUM BISGLICINAT plus B6<\/div>\n<div class=\"board\">\n<div><b>MAGNEZIJUM BISGLICINAT plus B6\u00ae<\/b> capsules sont un compl\u00e9ment alimentaire recommand\u00e9 en cas de stress, de tension, d'irritabilit\u00e9, d'anxi\u00e9t\u00e9 et de troubles du sommeil. Elles sont \u00e9galement conseill\u00e9es aux personnes pratiquant une activit\u00e9 physique intense et aux sportifs. Cette forme de magn\u00e9sium est aussi recommand\u00e9e pour les probl\u00e8mes f\u00e9minins tels que le syndrome pr\u00e9menstruel, la dysm\u00e9norrh\u00e9e (r\u00e8gles douloureuses) et les sympt\u00f4mes de la m\u00e9nopause.<\/p>\n<p>Le bisglycinate de magn\u00e9sium est une forme ch\u00e9lat\u00e9e de magn\u00e9sium facilement assimilable, car le magn\u00e9sium est li\u00e9 \u00e0 l'acide amin\u00e9 glycine. Consid\u00e9r\u00e9 comme l'une des formes de magn\u00e9sium les mieux utilis\u00e9es, il ne provoque pas de troubles digestifs, ce qui le rend adapt\u00e9 aux personnes ayant un syst\u00e8me gastro-intestinal sensible. Le magn\u00e9sium contribue \u00e0 r\u00e9duire la fatigue, \u00e0 un m\u00e9tabolisme \u00e9nerg\u00e9tique normal, \u00e0 des fonctions psychologiques normales, au fonctionnement normal du syst\u00e8me nerveux, \u00e0 une fonction musculaire normale et au maintien d'une ossature normale.<\/p>\n<p>La vitamine B6 contribue au m\u00e9tabolisme normal des prot\u00e9ines et du glycog\u00e8ne, \u00e0 la synth\u00e8se normale de la cyst\u00e9ine et au m\u00e9tabolisme de l'homocyst\u00e9ine, ainsi qu'\u00e0 un m\u00e9tabolisme \u00e9nerg\u00e9tique normal et \u00e0 la r\u00e9gulation de l'activit\u00e9 hormonale.<\/p><\/div>\n<\/div>\n<div class=\"btn\">INGR\u00c9DIENTS<\/div>\n<div class=\"board\">\n<div>60 g\u00e9lules dures<\/p>\n<p><b>\u2022<\/b> <a class=\"custom-link\" href=\"\/fr\/magnesium\/\">Magn\u00e9sium<\/a>;<br \/>\n<b>\u2022<\/b> <a class=\"custom-link\" href=\"\/fr\/vitamin-b6\/\">Chlorhydrate de pyridoxine (vitamine B6)<\/a>;<br \/>\n<b>\u2022<\/b> Capsule (carbonate de calcium, hydroxypropylm\u00e9thylcellulose), antiagglom\u00e9rant: dioxyde de silicium, st\u00e9arate de magn\u00e9sium;<\/p>\n<\/div>\n<\/div>\n<div class=\"btn\">MODE D'EMPLOI<\/div>\n<div class=\"board\">\n<div>Pour les personnes de plus de 14 ans, il est recommand\u00e9 de prendre une \u00e0 quatre capsules par jour, pendant ou apr\u00e8s un repas. Avaler la capsule enti\u00e8re avec un liquide. Convient aux personnes diab\u00e9tiques.<\/p>\n<p><b>AVERTISSEMENTS:<\/b><br \/>\n<b>\u2022<\/b> Ne pas d\u00e9passer la dose journali\u00e8re recommand\u00e9e.<br \/>\n<b>\u2022<\/b> Le produit n'est pas destin\u00e9 aux personnes de moins de 14 ans.<br \/>\n<b>\u2022<\/b> Ne pas utiliser si vous \u00eates hypersensible \u00e0 l'un des ingr\u00e9dients.<br \/>\n<b>\u2022<\/b> Les femmes enceintes ou allaitantes doivent consulter leur m\u00e9decin avant d'utiliser ce produit.<\/p>\n<\/div>\n<\/div>\n<\/div>","protected":false},"excerpt":{"rendered":"<div class=\"my-product-info\">\n<div class=\"two-categories\">\n<div><img decoding=\"async\" src=\"https:\/\/www.alivitpharm.com\/wp-content\/uploads\/2025\/05\/icon-9.png\" alt=\"100% naturel\" width=\"50px\" height=\"50px\" \/><\/p>\n<div>100% naturel<\/div>\n<\/div>\n<div><img decoding=\"async\" src=\"https:\/\/www.alivitpharm.com\/wp-content\/uploads\/2025\/05\/icon-10.png\" alt=\"Sans OGM\" width=\"50px\" height=\"50px\" \/><\/p>\n<div>Sans OGM<\/div>\n<\/div>\n<div><img decoding=\"async\" src=\"https:\/\/www.alivitpharm.com\/wp-content\/uploads\/2025\/05\/icon-15.png\" alt=\"Sans gluten\" width=\"50px\" height=\"50px\" \/><\/p>\n<div>Sans gluten<\/div>\n<\/div>\n<\/div>\n<\/div>\n<ul>\n<li>Aliment essentiel pour la sant\u00e9 du c\u0153ur et du cerveau.<\/li>\n<li>Poss\u00e8de des propri\u00e9t\u00e9s antioxydantes et a un effet b\u00e9n\u00e9fique sur le profil lipidique.<\/li>\n<li>Contribue \u00e0 r\u00e9duire la fatigue.<\/li>\n<li>Contribue au fonctionnement psychologique normal.<\/li>\n<li>Am\u00e9liore la qualit\u00e9 du sommeil.<\/li>\n<li>Contribue au fonctionnement musculaire normal et au maintien d'une ossature normale.<\/li>\n<\/ul>","protected":false},"featured_media":13616,"comment_status":"open","ping_status":"closed","template":"","meta":{"site-sidebar-layout":"default","site-content-layout":"default","ast-global-header-display":"","ast-main-header-display":"","ast-hfb-above-header-display":"","ast-hfb-below-header-display":"","ast-hfb-mobile-header-display":"","site-post-title":"","ast-breadcrumbs-content":"","ast-featured-img":"","footer-sml-layout":"","theme-transparent-header-meta":"default","adv-header-id-meta":"","stick-header-meta":"","header-above-stick-meta":"","header-main-stick-meta":"","header-below-stick-meta":""},"product_brand":[],"product_cat":[169,179,175],"product_tag":[],"class_list":{"0":"post-13614","1":"product","2":"type-product","3":"status-publish","4":"has-post-thumbnail","6":"product_cat-cardiovascular-health","7":"product_cat-mens-health","8":"product_cat-nervous-system-protection","9":"desktop-align-center","10":"tablet-align-center","11":"mobile-align-center","13":"first","14":"instock","15":"shipping-taxable","16":"purchasable","17":"product-type-simple"},"_links":{"self":[{"href":"https:\/\/www.alivitpharm.com\/fr\/wp-json\/wp\/v2\/product\/13614","targetHints":{"allow":["GET"]}}],"collection":[{"href":"https:\/\/www.alivitpharm.com\/fr\/wp-json\/wp\/v2\/product"}],"about":[{"href":"https:\/\/www.alivitpharm.com\/fr\/wp-json\/wp\/v2\/types\/product"}],"replies":[{"embeddable":true,"href":"https:\/\/www.alivitpharm.com\/fr\/wp-json\/wp\/v2\/comments?post=13614"}],"wp:featuredmedia":[{"embeddable":true,"href":"https:\/\/www.alivitpharm.com\/fr\/wp-json\/wp\/v2\/media\/13616"}],"wp:attachment":[{"href":"https:\/\/www.alivitpharm.com\/fr\/wp-json\/wp\/v2\/media?parent=13614"}],"wp:term":[{"taxonomy":"product_brand","embeddable":true,"href":"https:\/\/www.alivitpharm.com\/fr\/wp-json\/wp\/v2\/product_brand?post=13614"},{"taxonomy":"product_cat","embeddable":true,"href":"https:\/\/www.alivitpharm.com\/fr\/wp-json\/wp\/v2\/product_cat?post=13614"},{"taxonomy":"product_tag","embeddable":true,"href":"https:\/\/www.alivitpharm.com\/fr\/wp-json\/wp\/v2\/product_tag?post=13614"}],"curies":[{"name":"wp","href":"https:\/\/api.w.org\/{rel}","templated":true}]}}