{"id":13620,"date":"2025-11-12T15:21:15","date_gmt":"2025-11-12T13:21:15","guid":{"rendered":"https:\/\/www.alivitpharm.com\/?post_type=product&#038;p=13620"},"modified":"2026-02-19T10:33:41","modified_gmt":"2026-02-19T08:33:41","slug":"koenzim-q10","status":"publish","type":"product","link":"https:\/\/www.alivitpharm.com\/fr\/product\/koenzim-q10\/","title":{"rendered":"KOENZIM Q10"},"content":{"rendered":"<div class=\"product-accordion\">\n<div class=\"btn\">\u00c0 PROPOS DE KOENZIM Q10<\/div>\n<div class=\"board\">\n<div>\n<p><b>Koenzim Q10\u00ae<\/b> capsules sont un compl\u00e9ment alimentaire recommand\u00e9 en cas de maladies cardiovasculaires et peuvent \u00e9galement \u00eatre prescrites en compl\u00e9ment d'un traitement par statines (m\u00e9dicaments destin\u00e9s \u00e0 r\u00e9duire le cholest\u00e9rol et les triglyc\u00e9rides). Avec l'\u00e2ge, la production de coenzyme Q10 par l'organisme diminue, d'o\u00f9 la n\u00e9cessit\u00e9 d'en consommer par l'alimentation ou par des compl\u00e9ments alimentaires. Chaque cellule contient de la coenzyme Q10, notamment dans les mitochondries, et participe ainsi \u00e0 la production d'\u00e9nergie.<\/p>\n<p>La coenzyme Q10 pr\u00e9vient le d\u00e9veloppement de l'ath\u00e9roscl\u00e9rose et prot\u00e8ge les vaisseaux sanguins, am\u00e9liore la fonction cardiaque et les param\u00e8tres m\u00e9taboliques, augmente la production d'antioxydants et att\u00e9nue ainsi le stress oxydatif vasculaire chez les personnes souffrant d'hypertension. Elle contribue \u00e9galement au maintien de la fonction musculaire. Une carence en coenzyme Q10 chez l'\u00eatre humain entra\u00eene fatigue, perte d'\u00e9nergie, baisse des fonctions cognitives et diminution de l'immunit\u00e9.<\/p>\n<\/div>\n<\/div>\n<div class=\"btn\">INGR\u00c9DIENTS<\/div>\n<div class=\"board\">\n<div>60 g\u00e9lules dures<\/p>\n<p><b>\u2022<\/b> <a class=\"custom-link\" href=\"\/fr\/coenzyme-q10\/\">Koenzim Q10<\/a>;<br \/>\n<b>\u2022<\/b> Agent de charge: cellulose microcristalline; antiagglom\u00e9rants: st\u00e9arate de magn\u00e9sium et dioxyde de silicium; capsule: g\u00e9latine; colorant: carbonate de calcium.<\/div>\n<\/div>\n<div class=\"btn\">MODE D'EMPLOI<\/div>\n<div class=\"board\">\n<div>Il est recommand\u00e9 de prendre une capsule par jour, pendant ou apr\u00e8s un repas. Avalez la capsule enti\u00e8re avec un liquide.<\/p>\n<p><b>AVERTISSEMENTS:<\/b><br \/>\n<b>\u2022<\/b> Ne pas d\u00e9passer la dose journali\u00e8re recommand\u00e9e.<br \/>\n<b>\u2022<\/b> Ne pas utiliser si vous \u00eates hypersensible \u00e0 l'un des ingr\u00e9dients.<br \/>\n<b>\u2022<\/b> Les personnes sous warfarine doivent \u00e9viter d'utiliser ce produit.<br \/>\n<b>\u2022<\/b> La coenzyme Q10 doit \u00eatre utilis\u00e9e avec prudence par les personnes diab\u00e9tiques et celles sujettes aux hypoglyc\u00e9mies.<\/div>\n<\/div>\n<\/div>","protected":false},"excerpt":{"rendered":"<div class=\"my-product-info\">\n<div class=\"two-categories\">\n<div>\n            <img decoding=\"async\" src=\"https:\/\/www.alivitpharm.com\/wp-content\/uploads\/2025\/05\/icon-9.png\" alt=\"100% naturel\" width=\"50px\" height=\"50px\" \/><\/p>\n<div>100% naturel<\/div>\n<\/p><\/div>\n<div>\n            <img decoding=\"async\" src=\"https:\/\/www.alivitpharm.com\/wp-content\/uploads\/2025\/05\/icon-10.png\" alt=\"Sans OGM\" width=\"50px\" height=\"50px\" \/><\/p>\n<div>Sans OGM<\/div>\n<\/p><\/div>\n<div>\n            <img decoding=\"async\" src=\"https:\/\/www.alivitpharm.com\/wp-content\/uploads\/2025\/05\/icon-15.png\" alt=\"Sans gluten\" width=\"50px\" height=\"50px\" \/><\/p>\n<div>Sans gluten<\/div>\n<\/p><\/div>\n<\/p><\/div>\n<\/div>\n<ul>\n<li>Pr\u00e9vient le d\u00e9veloppement de l'ath\u00e9roscl\u00e9rose.<\/li>\n<li>Am\u00e9liore la fonction cardiaque et les param\u00e8tres m\u00e9taboliques.<\/li>\n<li>Augmente la production d'antioxydants, att\u00e9nuant ainsi le stress oxydatif vasculaire chez les personnes souffrant d'hypertension.<\/li>\n<li>Prot\u00e8ge les vaisseaux sanguins et contribue \u00e0 la pr\u00e9servation de la fonction musculaire.<\/li>\n<li>Est recommand\u00e9 en compl\u00e9ment d'un traitement par statines.<\/li>\n<\/ul>","protected":false},"featured_media":13618,"comment_status":"open","ping_status":"closed","template":"","meta":{"site-sidebar-layout":"default","site-content-layout":"default","ast-global-header-display":"","ast-main-header-display":"","ast-hfb-above-header-display":"","ast-hfb-below-header-display":"","ast-hfb-mobile-header-display":"","site-post-title":"","ast-breadcrumbs-content":"","ast-featured-img":"","footer-sml-layout":"","theme-transparent-header-meta":"default","adv-header-id-meta":"","stick-header-meta":"","header-above-stick-meta":"","header-main-stick-meta":"","header-below-stick-meta":""},"product_brand":[],"product_cat":[169,174,175],"product_tag":[],"class_list":{"0":"post-13620","1":"product","2":"type-product","3":"status-publish","4":"has-post-thumbnail","6":"product_cat-cardiovascular-health","7":"product_cat-immune-system","8":"product_cat-nervous-system-protection","9":"desktop-align-center","10":"tablet-align-center","11":"mobile-align-center","13":"first","14":"instock","15":"shipping-taxable","16":"purchasable","17":"product-type-simple"},"_links":{"self":[{"href":"https:\/\/www.alivitpharm.com\/fr\/wp-json\/wp\/v2\/product\/13620","targetHints":{"allow":["GET"]}}],"collection":[{"href":"https:\/\/www.alivitpharm.com\/fr\/wp-json\/wp\/v2\/product"}],"about":[{"href":"https:\/\/www.alivitpharm.com\/fr\/wp-json\/wp\/v2\/types\/product"}],"replies":[{"embeddable":true,"href":"https:\/\/www.alivitpharm.com\/fr\/wp-json\/wp\/v2\/comments?post=13620"}],"wp:featuredmedia":[{"embeddable":true,"href":"https:\/\/www.alivitpharm.com\/fr\/wp-json\/wp\/v2\/media\/13618"}],"wp:attachment":[{"href":"https:\/\/www.alivitpharm.com\/fr\/wp-json\/wp\/v2\/media?parent=13620"}],"wp:term":[{"taxonomy":"product_brand","embeddable":true,"href":"https:\/\/www.alivitpharm.com\/fr\/wp-json\/wp\/v2\/product_brand?post=13620"},{"taxonomy":"product_cat","embeddable":true,"href":"https:\/\/www.alivitpharm.com\/fr\/wp-json\/wp\/v2\/product_cat?post=13620"},{"taxonomy":"product_tag","embeddable":true,"href":"https:\/\/www.alivitpharm.com\/fr\/wp-json\/wp\/v2\/product_tag?post=13620"}],"curies":[{"name":"wp","href":"https:\/\/api.w.org\/{rel}","templated":true}]}}