{"id":13763,"date":"2026-01-19T15:20:54","date_gmt":"2026-01-19T13:20:54","guid":{"rendered":"https:\/\/www.alivitpharm.com\/?post_type=product&#038;p=13763"},"modified":"2026-02-26T16:22:38","modified_gmt":"2026-02-26T14:22:38","slug":"ovarinova","status":"publish","type":"product","link":"https:\/\/www.alivitpharm.com\/fr\/product\/ovarinova\/","title":{"rendered":"OVARINOVA"},"content":{"rendered":"<div class=\"product-accordion\">\n<div class=\"btn\">\u00c0 PROPOS D'OVARINOVA<\/div>\n<div class=\"board\">\n<div>\n<p><b>OVARINOVA\u00ae<\/b> g\u00e9lules contiennent de la poudre de fruit de gattilier, du myo-inositol et du D-chiro-inositol.<\/p>\n<p>Le gattilier aide pendant le cycle pr\u00e9menstruel. Il contribue au soulagement des sympt\u00f4mes de la m\u00e9nopause et de l\u2019inconfort pr\u00e9menstruel. Il contribue au maintien de l\u2019\u00e9quilibre hormonal pendant la m\u00e9nopause. Il aide \u00e0 maintenir le bien-\u00eatre physiologique au cours du cycle menstruel.<\/p>\n<\/div>\n<\/div>\n<div class=\"btn\">INGR\u00c9DIENTS<\/div>\n<div class=\"board\">\n<div>\n<p>90 capsules dures<\/p>\n<p><b>\u2022<\/b> Poudre de <a class=\"custom-link\" href=\"\/fr\/gattilier\/\">fruit de gattilier<\/a>;<br \/>\n<b>\u2022<\/b> <a class=\"custom-link\" href=\"\/fr\/myo-inositol-d-chiro-inositol\/\">Myo-inositol<\/a>;<br \/>\n<b>\u2022<\/b> <a class=\"custom-link\" href=\"\/fr\/myo-inositol-d-chiro-inositol\/\">D-chiro-inositol<\/a>;<br \/>\n<b>\u2022<\/b> Capsule (g\u00e9latine, eau purifi\u00e9e, colorant: carbonate de calcium), agents antiagglom\u00e9rants: st\u00e9arate de magn\u00e9sium et dioxyde de silicium;<\/p>\n<\/div>\n<\/div>\n<div class=\"btn\">MODE D'EMPLOI<\/div>\n<div class=\"board\">\n<div>\n<p>Pour les personnes de plus de 18 ans, il est recommand\u00e9 de prendre une capsule deux fois par jour, pendant ou apr\u00e8s un repas. Avaler la capsule enti\u00e8re avec un liquide. Ce produit doit \u00eatre pris sur une longue p\u00e9riode.<\/p>\n<p><b>AVERTISSEMENTS:<\/b><br \/>\n<b>\u2022<\/b> Ne pas utiliser si vous \u00eates hypersensible \u00e0 l'un des ingr\u00e9dients.<br \/>\n<b>\u2022<\/b> Consultez votre m\u00e9decin si vous prenez des m\u00e9dicaments.<br \/>\n<b>\u2022<\/b> Le produit n'est pas destin\u00e9 aux personnes de moins de 18 ans, aux femmes enceintes ou allaitantes.<br \/>\n<b>\u2022<\/b> Ne pas d\u00e9passer la dose journali\u00e8re recommand\u00e9e.<\/p>\n<\/div>\n<\/div>\n<\/div>","protected":false},"excerpt":{"rendered":"<div class=\"my-product-info\">\n<div class=\"two-categories\">\n<div>\n<p><img decoding=\"async\" src=\"https:\/\/www.alivitpharm.com\/wp-content\/uploads\/2025\/05\/icon-9.png\" alt=\"100% naturel\" width=\"50px\" height=\"50px\" \/><\/p>\n<div>100% naturel<\/div>\n<\/div>\n<div>\n<p><img decoding=\"async\" src=\"https:\/\/www.alivitpharm.com\/wp-content\/uploads\/2025\/05\/icon-10.png\" alt=\"Sans OGM\" width=\"50px\" height=\"50px\" \/><\/p>\n<div>Sans OGM<\/div>\n<\/div>\n<div>\n<p><img decoding=\"async\" src=\"https:\/\/www.alivitpharm.com\/wp-content\/uploads\/2025\/05\/icon-15.png\" alt=\"Sans gluten\" width=\"50px\" height=\"50px\" \/><\/p>\n<div>Sans gluten<\/div>\n<\/div>\n<\/div>\n<\/div>\n<ul>\n<li>Contribue au soulagement des sympt\u00f4mes de la m\u00e9nopause.<\/li>\n<li>Aide \u00e0 maintenir l'\u00e9quilibre hormonal.<\/li>\n<li>Contribue au soulagement des sympt\u00f4mes pr\u00e9menstruels et \u00e0 la r\u00e9gulation du cycle menstruel.<\/li>\n<li>Utilis\u00e9 dans le traitement de la r\u00e9sistance \u00e0 l'insuline et du SOPK (syndrome des ovaires polykystiques).<\/li>\n<\/ul>","protected":false},"featured_media":13765,"comment_status":"open","ping_status":"closed","template":"","meta":{"site-sidebar-layout":"default","site-content-layout":"default","ast-global-header-display":"","ast-main-header-display":"","ast-hfb-above-header-display":"","ast-hfb-below-header-display":"","ast-hfb-mobile-header-display":"","site-post-title":"","ast-breadcrumbs-content":"","ast-featured-img":"","footer-sml-layout":"","theme-transparent-header-meta":"default","adv-header-id-meta":"","stick-header-meta":"","header-above-stick-meta":"","header-main-stick-meta":"","header-below-stick-meta":""},"product_brand":[],"product_cat":[172,183],"product_tag":[],"class_list":{"0":"post-13763","1":"product","2":"type-product","3":"status-publish","4":"has-post-thumbnail","6":"product_cat-hormonal-balance","7":"product_cat-womens-health","8":"desktop-align-center","9":"tablet-align-center","10":"mobile-align-center","12":"first","13":"instock","14":"shipping-taxable","15":"purchasable","16":"product-type-simple"},"_links":{"self":[{"href":"https:\/\/www.alivitpharm.com\/fr\/wp-json\/wp\/v2\/product\/13763","targetHints":{"allow":["GET"]}}],"collection":[{"href":"https:\/\/www.alivitpharm.com\/fr\/wp-json\/wp\/v2\/product"}],"about":[{"href":"https:\/\/www.alivitpharm.com\/fr\/wp-json\/wp\/v2\/types\/product"}],"replies":[{"embeddable":true,"href":"https:\/\/www.alivitpharm.com\/fr\/wp-json\/wp\/v2\/comments?post=13763"}],"wp:featuredmedia":[{"embeddable":true,"href":"https:\/\/www.alivitpharm.com\/fr\/wp-json\/wp\/v2\/media\/13765"}],"wp:attachment":[{"href":"https:\/\/www.alivitpharm.com\/fr\/wp-json\/wp\/v2\/media?parent=13763"}],"wp:term":[{"taxonomy":"product_brand","embeddable":true,"href":"https:\/\/www.alivitpharm.com\/fr\/wp-json\/wp\/v2\/product_brand?post=13763"},{"taxonomy":"product_cat","embeddable":true,"href":"https:\/\/www.alivitpharm.com\/fr\/wp-json\/wp\/v2\/product_cat?post=13763"},{"taxonomy":"product_tag","embeddable":true,"href":"https:\/\/www.alivitpharm.com\/fr\/wp-json\/wp\/v2\/product_tag?post=13763"}],"curies":[{"name":"wp","href":"https:\/\/api.w.org\/{rel}","templated":true}]}}