{"id":13771,"date":"2026-01-23T09:41:28","date_gmt":"2026-01-23T07:41:28","guid":{"rendered":"https:\/\/www.alivitpharm.com\/?post_type=product&#038;p=13771"},"modified":"2026-03-03T04:40:53","modified_gmt":"2026-03-03T02:40:53","slug":"omega3-vitamin-e","status":"publish","type":"product","link":"https:\/\/www.alivitpharm.com\/fr\/product\/omega3-vitamin-e\/","title":{"rendered":"OMEGA3 + VITAMIN E"},"content":{"rendered":"<div class=\"product-accordion\">\n<div class=\"btn\">\u00c0 PROPOS D' OMEGA3 + VITAMIN E<\/div>\n<div class=\"board\">\n<div>\n<p><b>OMEGA3 + VITAMIN E\u00ae<\/b> capsules contiennent de l\u2019huile de poisson et de la vitamine E. L\u2019huile de poisson contient des acides gras om\u00e9ga-3: l\u2019acide eicosapenta\u00e9no\u00efque (EPA) et l\u2019acide docosahexa\u00e9no\u00efque (DHA), qui contribuent au fonctionnement normal du c\u0153ur.<\/p>\n<p><b>\u2022<\/b> Le DHA contribue au maintien d'une fonction c\u00e9r\u00e9brale normale et d'une vision normale.<br \/>\n<b>\u2022<\/b> La vitamine E contribue \u00e0 prot\u00e9ger les cellules du stress oxydatif.<br \/>\n<b>\u2022<\/b> L'effet b\u00e9n\u00e9fique est obtenu avec un apport quotidien de 250 mg d'EPA et de DHA.<br \/>\n<b>\u2022<\/b> L'effet b\u00e9n\u00e9fique est obtenu avec un apport quotidien de 250 mg de DHA.<\/p>\n<\/div>\n<\/div>\n<div class=\"btn\">INGR\u00c9DIENTS<\/div>\n<div class=\"board\">\n<div>\n<p>100 capsules de g\u00e9latine molle<\/p>\n<p><b>\u2022<\/b> <a class=\"custom-link\" href=\"\/fr\/huile-de-poisson\/\">Huile de poisson<\/a>;<br \/>\n<b>\u2022<\/b> <a class=\"custom-link\" href=\"\/fr\/vitamin-e\/\">Vitamine E<\/a>;<br \/>\n<b>\u2022<\/b> Capsule (g\u00e9latine bovine, humectant: glyc\u00e9rol, eau purifi\u00e9e);<\/p>\n<\/div>\n<\/div>\n<div class=\"btn\">MODE D'EMPLOI<\/div>\n<div class=\"board\">\n<div>\n<p>Adultis et pueris supra annos duodecim commendatur ut una capsula cum copia liquoris post cibum sumatur. Capsulam totam cum liquore deglutiatur. Idoneum diabete laborantibus.<\/p>\n<p><b>AVERTISSEMENTS:<\/b><br \/>\n<b>\u2022<\/b> Ne pas utiliser si vous \u00eates hypersensible \u00e0 l'un des ingr\u00e9dients.<br \/>\n<b>\u2022<\/b> Medicum consule si medicamenta anticoagulantia sumis.<br \/>\n<b>\u2022<\/b> Les femmes enceintes ou allaitantes doivent consulter leur m\u00e9decin avant d'utiliser ce produit.<br \/>\n<b>\u2022<\/b> Ne pas d\u00e9passer la dose journali\u00e8re recommand\u00e9e.<\/p>\n<\/div>\n<\/div>\n<\/div>","protected":false},"excerpt":{"rendered":"<div class=\"my-product-info\">\n<div class=\"two-categories\">\n<div>\n<p><img decoding=\"async\" src=\"https:\/\/www.alivitpharm.com\/wp-content\/uploads\/2025\/05\/icon-9.png\" alt=\"100% naturel\" width=\"50px\" height=\"50px\" \/><\/p>\n<div>100% naturel<\/div>\n<\/div>\n<div>\n<p><img decoding=\"async\" src=\"https:\/\/www.alivitpharm.com\/wp-content\/uploads\/2025\/05\/icon-10.png\" alt=\"Sans OGM\" width=\"50px\" height=\"50px\" \/><\/p>\n<div>Sans OGM<\/div>\n<\/div>\n<div>\n<p><img decoding=\"async\" src=\"https:\/\/www.alivitpharm.com\/wp-content\/uploads\/2025\/05\/icon-15.png\" alt=\"Sans gluten\" width=\"50px\" height=\"50px\" \/><\/p>\n<div>Sans gluten<\/div>\n<\/div>\n<\/div>\n<\/div>\n<ul>\n<li>Contribue au fonctionnement normal du c\u0153ur.<\/li>\n<li>Diminue la pression art\u00e9rielle.<\/li>\n<li>Contribue au maintien d'une fonction c\u00e9r\u00e9brale et d'une vision normales.<\/li>\n<li>R\u00e9duit le taux de triglyc\u00e9rides.<\/li>\n<li>Pr\u00e9vient l'infarctus du myocarde.<\/li>\n<\/ul>","protected":false},"featured_media":13775,"comment_status":"open","ping_status":"closed","template":"","meta":{"site-sidebar-layout":"default","site-content-layout":"default","ast-global-header-display":"","ast-main-header-display":"","ast-hfb-above-header-display":"","ast-hfb-below-header-display":"","ast-hfb-mobile-header-display":"","site-post-title":"","ast-breadcrumbs-content":"","ast-featured-img":"","footer-sml-layout":"","theme-transparent-header-meta":"default","adv-header-id-meta":"","stick-header-meta":"","header-above-stick-meta":"","header-main-stick-meta":"","header-below-stick-meta":""},"product_brand":[],"product_cat":[169,174,175,183],"product_tag":[],"class_list":{"0":"post-13771","1":"product","2":"type-product","3":"status-publish","4":"has-post-thumbnail","6":"product_cat-cardiovascular-health","7":"product_cat-immune-system","8":"product_cat-nervous-system-protection","9":"product_cat-womens-health","10":"desktop-align-center","11":"tablet-align-center","12":"mobile-align-center","14":"first","15":"onbackorder","16":"shipping-taxable","17":"product-type-simple"},"_links":{"self":[{"href":"https:\/\/www.alivitpharm.com\/fr\/wp-json\/wp\/v2\/product\/13771","targetHints":{"allow":["GET"]}}],"collection":[{"href":"https:\/\/www.alivitpharm.com\/fr\/wp-json\/wp\/v2\/product"}],"about":[{"href":"https:\/\/www.alivitpharm.com\/fr\/wp-json\/wp\/v2\/types\/product"}],"replies":[{"embeddable":true,"href":"https:\/\/www.alivitpharm.com\/fr\/wp-json\/wp\/v2\/comments?post=13771"}],"wp:featuredmedia":[{"embeddable":true,"href":"https:\/\/www.alivitpharm.com\/fr\/wp-json\/wp\/v2\/media\/13775"}],"wp:attachment":[{"href":"https:\/\/www.alivitpharm.com\/fr\/wp-json\/wp\/v2\/media?parent=13771"}],"wp:term":[{"taxonomy":"product_brand","embeddable":true,"href":"https:\/\/www.alivitpharm.com\/fr\/wp-json\/wp\/v2\/product_brand?post=13771"},{"taxonomy":"product_cat","embeddable":true,"href":"https:\/\/www.alivitpharm.com\/fr\/wp-json\/wp\/v2\/product_cat?post=13771"},{"taxonomy":"product_tag","embeddable":true,"href":"https:\/\/www.alivitpharm.com\/fr\/wp-json\/wp\/v2\/product_tag?post=13771"}],"curies":[{"name":"wp","href":"https:\/\/api.w.org\/{rel}","templated":true}]}}