{"id":13777,"date":"2026-01-23T10:16:41","date_gmt":"2026-01-23T08:16:41","guid":{"rendered":"https:\/\/www.alivitpharm.com\/?post_type=product&#038;p=13777"},"modified":"2026-03-04T09:36:52","modified_gmt":"2026-03-04T07:36:52","slug":"anemi-care","status":"publish","type":"product","link":"https:\/\/www.alivitpharm.com\/fr\/product\/anemi-care\/","title":{"rendered":"ANEMI CARE"},"content":{"rendered":"<div class=\"product-accordion\">\n<div class=\"btn\">ABOUT ANEMI CARE<\/div>\n<div class=\"board\">\n<div>\n      <b>ANEMI CARE\u00ae<\/b> capsules contain iron, vitamin C, folic acid, beetroot, nettle herb, collard leaf and acerola fruit.<\/p>\n<p>Iron contributes to the normal formation of red blood cells and haemoglobin, normal oxygen transport in the body, normal cognitive function. Folic acid contributes to normal blood formation and plays a role in the process of cell division. Vitamin C increases the absorption of iron, while iron together with vitamin C and folic acid contributes to the normal function of the immune system and the reduction of tiredness and fatigue. Nettle supports the body&#8217;s vitality, venous circulation and the immune system, and also helps maintain heart health, contains iron and thus reduces iron deficiency anaemia.\n    <\/p><\/div>\n<\/p><\/div>\n<div class=\"btn\">INGR\u00c9DIENTS<\/div>\n<div class=\"board\">\n<div>\n      56 soft gelatin capsules<\/p>\n<p>      <b>\u2022<\/b> <a class=\"custom-link\" href=\"#\">Iron<\/a>;<br \/>\n      <b>\u2022<\/b> <a class=\"custom-link\" href=\"\/fr\/vitamin-c\/\">Vitamine C<\/a>;<br \/>\n      <b>\u2022<\/b> <a class=\"custom-link\" href=\"\/fr\/acide-folique\/\">Acide folique<\/a>;<br \/>\n      <b>\u2022<\/b> Poudre de <a class=\"custom-link\" href=\"#\">beetroot <i>(Beta vulgaris)<\/i><\/a>;<br \/>\n      <b>\u2022<\/b> Poudre de <a class=\"custom-link\" href=\"\/fr\/ortie\/\">nettle herb <i>(Urtica dioca)<\/i><\/a>;<br \/>\n      <b>\u2022<\/b> Poudre de <a class=\"custom-link\" href=\"#\">collard leaf <i>(Brassica oleracea var. Acephala)<\/i><\/a>;<br \/>\n      <b>\u2022<\/b> Poudre de <a class=\"custom-link\" href=\"#\">acerola fruit <i>(Malphigia glabra)<\/i><\/a>;<br \/>\n      <b>\u2022<\/b> Capsule (carbonate de calcium, hydroxypropylm\u00e9thylcellulose), antiagglom\u00e9rant: dioxyde de silicium, st\u00e9arate de magn\u00e9sium;\n    <\/div>\n<\/p><\/div>\n<div class=\"btn\">MODE D'EMPLOI<\/div>\n<div class=\"board\">\n<div>\n      Adults and children over 12 years of age are recommended to take two capsules once a day. Swallow the whole capsule with liquid. Suitable for people with diabetes.<\/p>\n<p>      <b>AVERTISSEMENTS:<\/b><br \/>\n      <b>\u2022<\/b> Consultez votre m\u00e9decin si vous prenez des m\u00e9dicaments.<br \/>\n      <b>\u2022<\/b> Ne pas utiliser si vous \u00eates hypersensible \u00e0 l'un des ingr\u00e9dients.<br \/>\n      <b>\u2022<\/b> It is not recommended to take more than four weeks continuously.<br \/>\n      <b>\u2022<\/b> Le produit n'est pas destin\u00e9 aux personnes de moins de 12 ans, aux femmes enceintes ou allaitantes.<br \/>\n      <b>\u2022<\/b> Ne pas d\u00e9passer la dose journali\u00e8re recommand\u00e9e.\n    <\/div>\n<\/p><\/div>\n<\/div>","protected":false},"excerpt":{"rendered":"<div class=\"my-product-info\">\n<div class=\"two-categories\">\n<div>\n            <img decoding=\"async\" src=\"https:\/\/www.alivitpharm.com\/wp-content\/uploads\/2025\/05\/icon-9.png\" alt=\"100% naturel\" width=\"50px\" height=\"50px\" \/><\/p>\n<div>100% naturel<\/div>\n<\/p><\/div>\n<div>\n            <img decoding=\"async\" src=\"https:\/\/www.alivitpharm.com\/wp-content\/uploads\/2025\/05\/icon-10.png\" alt=\"Sans OGM\" width=\"50px\" height=\"50px\" \/><\/p>\n<div>Sans OGM<\/div>\n<\/p><\/div>\n<div>\n            <img decoding=\"async\" src=\"https:\/\/www.alivitpharm.com\/wp-content\/uploads\/2025\/05\/icon-15.png\" alt=\"Sans gluten\" width=\"50px\" height=\"50px\" \/><\/p>\n<div>Sans gluten<\/div>\n<\/p><\/div>\n<\/p><\/div>\n<\/div>\n<ul>\n<li>Source naturelle de fer et de vitamine C.<\/li>\n<li>Contribue \u00e0 la formation normale des \u00e9rythrocytes.<\/li>\n<li>Contribue au fonctionnement normal du syst\u00e8me immunitaire.<\/li>\n<li>R\u00e9duit la fatigue.<\/li>\n<\/ul>","protected":false},"featured_media":13772,"comment_status":"open","ping_status":"closed","template":"","meta":{"site-sidebar-layout":"default","site-content-layout":"default","ast-global-header-display":"","ast-main-header-display":"","ast-hfb-above-header-display":"","ast-hfb-below-header-display":"","ast-hfb-mobile-header-display":"","site-post-title":"","ast-breadcrumbs-content":"","ast-featured-img":"","footer-sml-layout":"","theme-transparent-header-meta":"default","adv-header-id-meta":"","stick-header-meta":"","header-above-stick-meta":"","header-main-stick-meta":"","header-below-stick-meta":""},"product_brand":[],"product_cat":[169,172,174,183],"product_tag":[],"class_list":{"0":"post-13777","1":"product","2":"type-product","3":"status-publish","4":"has-post-thumbnail","6":"product_cat-cardiovascular-health","7":"product_cat-hormonal-balance","8":"product_cat-immune-system","9":"product_cat-womens-health","10":"desktop-align-center","11":"tablet-align-center","12":"mobile-align-center","14":"first","15":"onbackorder","16":"shipping-taxable","17":"product-type-simple"},"_links":{"self":[{"href":"https:\/\/www.alivitpharm.com\/fr\/wp-json\/wp\/v2\/product\/13777","targetHints":{"allow":["GET"]}}],"collection":[{"href":"https:\/\/www.alivitpharm.com\/fr\/wp-json\/wp\/v2\/product"}],"about":[{"href":"https:\/\/www.alivitpharm.com\/fr\/wp-json\/wp\/v2\/types\/product"}],"replies":[{"embeddable":true,"href":"https:\/\/www.alivitpharm.com\/fr\/wp-json\/wp\/v2\/comments?post=13777"}],"wp:featuredmedia":[{"embeddable":true,"href":"https:\/\/www.alivitpharm.com\/fr\/wp-json\/wp\/v2\/media\/13772"}],"wp:attachment":[{"href":"https:\/\/www.alivitpharm.com\/fr\/wp-json\/wp\/v2\/media?parent=13777"}],"wp:term":[{"taxonomy":"product_brand","embeddable":true,"href":"https:\/\/www.alivitpharm.com\/fr\/wp-json\/wp\/v2\/product_brand?post=13777"},{"taxonomy":"product_cat","embeddable":true,"href":"https:\/\/www.alivitpharm.com\/fr\/wp-json\/wp\/v2\/product_cat?post=13777"},{"taxonomy":"product_tag","embeddable":true,"href":"https:\/\/www.alivitpharm.com\/fr\/wp-json\/wp\/v2\/product_tag?post=13777"}],"curies":[{"name":"wp","href":"https:\/\/api.w.org\/{rel}","templated":true}]}}