{"id":13785,"date":"2026-01-23T11:27:06","date_gmt":"2026-01-23T09:27:06","guid":{"rendered":"https:\/\/www.alivitpharm.com\/?post_type=product&#038;p=13785"},"modified":"2026-03-18T09:37:26","modified_gmt":"2026-03-18T07:37:26","slug":"selen","status":"publish","type":"product","link":"https:\/\/www.alivitpharm.com\/fr\/product\/selen\/","title":{"rendered":"SELEN"},"content":{"rendered":"<div class=\"product-accordion\">\n<div class=\"btn\">ABOUT SELEN<\/div>\n<div class=\"board\">\n<div>\n      <b>SELEN\u00ae<\/b> soft gelatin capsules contribute to the normal functioning of the immune system, maintaining normal hair and nails and protecting cells from oxidative stress. Selenium contributes to the normal function of the thyroid gland and normal spermatogenesis.\n    <\/div>\n<\/p><\/div>\n<div class=\"btn\">INGR\u00c9DIENTS<\/div>\n<div class=\"board\">\n<div>\n      30 soft gelatin capsules<\/p>\n<p>      <b>\u2022<\/b> <a class=\"custom-link\" href=\"\/fr\/selenium\/\">L-s\u00e9l\u00e9nom\u00e9thionine<\/a>;<br \/>\n      <b>\u2022<\/b> Capsule (hydroxypropylmethylcellulose, zinc oxide), anti-caking agent: silicon dioxide, magnesium stearate, microcrystalline cellulose;\n    <\/div>\n<\/p><\/div>\n<div class=\"btn\">MODE D'EMPLOI<\/div>\n<div class=\"board\">\n<div>\n      It is recommended to take one capsule a day, during or after a meal. Swallow the whole capsule with liquid. Suitable for people with diabetes.<\/p>\n<p>      <b>AVERTISSEMENTS:<\/b><br \/>\n      <b>\u2022<\/b> Ne pas utiliser si vous \u00eates hypersensible \u00e0 l'un des ingr\u00e9dients.<br \/>\n      <b>\u2022<\/b> Ne pas d\u00e9passer la dose journali\u00e8re recommand\u00e9e.<br \/>\n      <b>\u2022<\/b> Les femmes enceintes ou allaitantes doivent consulter leur m\u00e9decin avant d'utiliser ce produit.\n    <\/div>\n<\/p><\/div>\n<\/div>","protected":false},"excerpt":{"rendered":"<div class=\"my-product-info\">\n<div class=\"two-categories\">\n<div>\n      <img decoding=\"async\" src=\"https:\/\/www.alivitpharm.com\/wp-content\/uploads\/2025\/05\/icon-9.png\" alt=\"100% naturel\" width=\"50px\" height=\"50px\" \/><\/p>\n<div>100% naturel<\/div>\n<\/p><\/div>\n<div>\n      <img decoding=\"async\" src=\"https:\/\/www.alivitpharm.com\/wp-content\/uploads\/2025\/05\/icon-10.png\" alt=\"Sans OGM\" width=\"50px\" height=\"50px\" \/><\/p>\n<div>Sans OGM<\/div>\n<\/p><\/div>\n<div>\n      <img decoding=\"async\" src=\"https:\/\/www.alivitpharm.com\/wp-content\/uploads\/2025\/05\/icon-15.png\" alt=\"Sans gluten\" width=\"50px\" height=\"50px\" \/><\/p>\n<div>Sans gluten<\/div>\n<\/p><\/div>\n<\/p><\/div>\n<\/div>\n<ul>\n<li>Favorise le fonctionnement normal du syst\u00e8me immunitaire.<\/li>\n<li>Contribue au maintien de cheveux et d'ongles normaux.<\/li>\n<li>Prot\u00e8ge les cellules du stress oxydatif.<\/li>\n<li>Elle contribue au fonctionnement normal de la thyro\u00efde et \u00e0 la spermatogen\u00e8se normale.<\/li>\n<\/ul>","protected":false},"featured_media":13780,"comment_status":"open","ping_status":"closed","template":"","meta":{"site-sidebar-layout":"default","site-content-layout":"default","ast-global-header-display":"","ast-main-header-display":"","ast-hfb-above-header-display":"","ast-hfb-below-header-display":"","ast-hfb-mobile-header-display":"","site-post-title":"","ast-breadcrumbs-content":"","ast-featured-img":"","footer-sml-layout":"","theme-transparent-header-meta":"default","adv-header-id-meta":"","stick-header-meta":"","header-above-stick-meta":"","header-main-stick-meta":"","header-below-stick-meta":""},"product_brand":[],"product_cat":[172,174,179,183],"product_tag":[],"class_list":{"0":"post-13785","1":"product","2":"type-product","3":"status-publish","4":"has-post-thumbnail","6":"product_cat-hormonal-balance","7":"product_cat-immune-system","8":"product_cat-mens-health","9":"product_cat-womens-health","10":"desktop-align-center","11":"tablet-align-center","12":"mobile-align-center","14":"first","15":"onbackorder","16":"shipping-taxable","17":"product-type-simple"},"_links":{"self":[{"href":"https:\/\/www.alivitpharm.com\/fr\/wp-json\/wp\/v2\/product\/13785","targetHints":{"allow":["GET"]}}],"collection":[{"href":"https:\/\/www.alivitpharm.com\/fr\/wp-json\/wp\/v2\/product"}],"about":[{"href":"https:\/\/www.alivitpharm.com\/fr\/wp-json\/wp\/v2\/types\/product"}],"replies":[{"embeddable":true,"href":"https:\/\/www.alivitpharm.com\/fr\/wp-json\/wp\/v2\/comments?post=13785"}],"wp:featuredmedia":[{"embeddable":true,"href":"https:\/\/www.alivitpharm.com\/fr\/wp-json\/wp\/v2\/media\/13780"}],"wp:attachment":[{"href":"https:\/\/www.alivitpharm.com\/fr\/wp-json\/wp\/v2\/media?parent=13785"}],"wp:term":[{"taxonomy":"product_brand","embeddable":true,"href":"https:\/\/www.alivitpharm.com\/fr\/wp-json\/wp\/v2\/product_brand?post=13785"},{"taxonomy":"product_cat","embeddable":true,"href":"https:\/\/www.alivitpharm.com\/fr\/wp-json\/wp\/v2\/product_cat?post=13785"},{"taxonomy":"product_tag","embeddable":true,"href":"https:\/\/www.alivitpharm.com\/fr\/wp-json\/wp\/v2\/product_tag?post=13785"}],"curies":[{"name":"wp","href":"https:\/\/api.w.org\/{rel}","templated":true}]}}