{"id":13788,"date":"2026-01-24T21:11:41","date_gmt":"2026-01-24T19:11:41","guid":{"rendered":"https:\/\/www.alivitpharm.com\/?post_type=product&#038;p=13788"},"modified":"2026-03-26T15:10:48","modified_gmt":"2026-03-26T13:10:48","slug":"cardio-max","status":"publish","type":"product","link":"https:\/\/www.alivitpharm.com\/fr\/product\/cardio-max\/","title":{"rendered":"CARDIO MAX"},"content":{"rendered":"<div class=\"product-accordion\">\n<div class=\"btn\">\u00c0 PROPOS DE CARDIO MAX<\/div>\n<div class=\"board\">\n<div><b>CARDIO MAX\u00ae<\/b> capsules molles sont une riche source d'ingr\u00e9dients actifs provenant de l'extrait huileux d'ail ferment\u00e9, d'aub\u00e9pine blanche et rouge, de l'agripaume, de val\u00e9riane, d'olivier et de laurier.<\/p>\n<p>L'ail ferment\u00e9 contribue \u00e0 la sant\u00e9 cardiaque, maintient des taux normaux de lipides sanguins et d'homocyst\u00e9ine, et favorise ainsi la sant\u00e9 des vaisseaux sanguins. L'aub\u00e9pine soutient la fonction cardiaque, augmente l'apport d'oxyg\u00e8ne, am\u00e9liore la circulation p\u00e9riph\u00e9rique et maintient une tension art\u00e9rielle normale. L'agripaume maintient la sant\u00e9 du syst\u00e8me cardiovasculaire et une tension art\u00e9rielle normale. La val\u00e9riane am\u00e9liore la fonction cardiaque, augmente l'\u00e9lasticit\u00e9 et la r\u00e9sistance des parois des vaisseaux sanguins et normalise la tension art\u00e9rielle. L'olive contribue au maintien d'une tension art\u00e9rielle normale et d'un taux de cholest\u00e9rol sanguin normal. La feuille de laurier favorise une circulation sanguine normale.<\/p>\n<\/div>\n<\/div>\n<div class=\"btn\">INGR\u00c9DIENTS<\/div>\n<div class=\"board\">\n<div>90 capsules molles g\u00e9latineuses<\/p>\n<p><b>\u2022<\/b> Extrait de <a class=\"custom-link\" href=\"\/fr\/black-garlic\/\">bulbe d'ail ferment\u00e9 <i>(Allium sativum)<\/i><\/a> dans l'huile de soja;<br \/>\n<b>\u2022<\/b> Extrait de <a class=\"custom-link\" href=\"\/fr\/aubepine-blanche-rouge\/\">feuille et fleur d'aub\u00e9pine blanche et rouge <i>(Crataegus monogyna, Crataegus oxyacantha)<\/i><\/a> dans l'huile de soja;<br \/>\n<b>\u2022<\/b> Extrait de <a class=\"custom-link\" href=\"\/fr\/agripaume\/\">la partie a\u00e9rienne de l'agripaume <i>(Leonurus cardiaca)<\/i><\/a> dans l'huile de soja;<br \/>\n<b>\u2022<\/b> Extrait de <a class=\"custom-link\" href=\"\/fr\/valerian\/\">racine de val\u00e9riane <i>(Valeriana officinalis)<\/i><\/a> dans l'huile de soja;<br \/>\n<b>\u2022<\/b> Extrait de <a class=\"custom-link\" href=\"\/fr\/olive-leaf\/\">feuille d'olivier <i>(Olea europaea)<\/i><\/a> dans l'huile de soja;<br \/>\n<b>\u2022<\/b> Extrait de <a class=\"custom-link\" href=\"\/fr\/bay-laurel\/\">feuille de laurier <i>(Laurus nobilis)<\/i><\/a> dans l'huile de soja;<br \/>\n<b>\u2022<\/b> G\u00e9latine bovine, humectant: glyc\u00e9rol, eau purifi\u00e9e, antiagglom\u00e9rant: dioxyde de silicium, antioxydant: ac\u00e9tate de DL-alpha-tocoph\u00e9ryle, colorant: charbon v\u00e9g\u00e9tal;<\/p>\n<\/div>\n<\/div>\n<div class=\"btn\">MODE D'EMPLOI<\/div>\n<div class=\"board\">\n<div>Pour les personnes de plus de 18 ans, il est recommand\u00e9 de prendre une capsule trois fois par jour, pendant ou apr\u00e8s un repas. Avaler la capsule enti\u00e8re avec un liquide. Convient aux personnes diab\u00e9tiques.<\/p>\n<p><b>AVERTISSEMENTS:<\/b><br \/>\n<b>\u2022<\/b> Ne pas utiliser si vous \u00eates hypersensible \u00e0 l'un des ingr\u00e9dients.<br \/>\n<b>\u2022<\/b> Consultez votre m\u00e9decin si vous prenez des m\u00e9dicaments, notamment des antihypertenseurs ou des anticoagulants.<br \/>\n<b>\u2022<\/b> Avant une intervention chirurgicale programm\u00e9e, il est n\u00e9cessaire d'arr\u00eater l'utilisation de ce produit.<br \/>\n<b>\u2022<\/b> Apr\u00e8s quatre mois d'utilisation, il est n\u00e9cessaire de faire une pause d'un mois.<br \/>\n<b>\u2022<\/b> Le produit n'est pas destin\u00e9 aux personnes de moins de 18 ans, aux femmes enceintes ou allaitantes.<br \/>\n<b>\u2022<\/b> Ne pas d\u00e9passer la dose journali\u00e8re recommand\u00e9e.<\/p>\n<\/div>\n<\/div>\n<\/div>","protected":false},"excerpt":{"rendered":"<div class=\"my-product-info\">\n<div class=\"two-categories\">\n<div><img decoding=\"async\" src=\"https:\/\/www.alivitpharm.com\/wp-content\/uploads\/2025\/05\/icon-9.png\" alt=\"100% naturel\" width=\"50px\" height=\"50px\" \/><\/p>\n<div>100% naturel<\/div>\n<\/div>\n<div><img decoding=\"async\" src=\"https:\/\/www.alivitpharm.com\/wp-content\/uploads\/2025\/05\/icon-10.png\" alt=\"Sans OGM\" width=\"50px\" height=\"50px\" \/><\/p>\n<div>Sans OGM<\/div>\n<\/div>\n<div><img decoding=\"async\" src=\"https:\/\/www.alivitpharm.com\/wp-content\/uploads\/2025\/05\/icon-15.png\" alt=\"Sans gluten\" width=\"50px\" height=\"50px\" \/><\/p>\n<div>Sans gluten<\/div>\n<\/div>\n<\/div>\n<\/div>\n<ul>\n<li>Contribue \u00e0 la sant\u00e9 cardiovasculaire.<\/li>\n<li>Maintient des taux normaux de lipides sanguins et d'homocyst\u00e9ine.<\/li>\n<li>Am\u00e9liore la fonction cardiaque.<\/li>\n<li>Normalise la tension art\u00e9rielle.<\/li>\n<\/ul>","protected":false},"featured_media":13790,"comment_status":"open","ping_status":"closed","template":"","meta":{"site-sidebar-layout":"default","site-content-layout":"default","ast-global-header-display":"","ast-main-header-display":"","ast-hfb-above-header-display":"","ast-hfb-below-header-display":"","ast-hfb-mobile-header-display":"","site-post-title":"","ast-breadcrumbs-content":"","ast-featured-img":"","footer-sml-layout":"","theme-transparent-header-meta":"default","adv-header-id-meta":"","stick-header-meta":"","header-above-stick-meta":"","header-main-stick-meta":"","header-below-stick-meta":""},"product_brand":[],"product_cat":[169],"product_tag":[],"class_list":{"0":"post-13788","1":"product","2":"type-product","3":"status-publish","4":"has-post-thumbnail","6":"product_cat-cardiovascular-health","7":"desktop-align-center","8":"tablet-align-center","9":"mobile-align-center","11":"first","12":"onbackorder","13":"shipping-taxable","14":"product-type-simple"},"_links":{"self":[{"href":"https:\/\/www.alivitpharm.com\/fr\/wp-json\/wp\/v2\/product\/13788","targetHints":{"allow":["GET"]}}],"collection":[{"href":"https:\/\/www.alivitpharm.com\/fr\/wp-json\/wp\/v2\/product"}],"about":[{"href":"https:\/\/www.alivitpharm.com\/fr\/wp-json\/wp\/v2\/types\/product"}],"replies":[{"embeddable":true,"href":"https:\/\/www.alivitpharm.com\/fr\/wp-json\/wp\/v2\/comments?post=13788"}],"wp:featuredmedia":[{"embeddable":true,"href":"https:\/\/www.alivitpharm.com\/fr\/wp-json\/wp\/v2\/media\/13790"}],"wp:attachment":[{"href":"https:\/\/www.alivitpharm.com\/fr\/wp-json\/wp\/v2\/media?parent=13788"}],"wp:term":[{"taxonomy":"product_brand","embeddable":true,"href":"https:\/\/www.alivitpharm.com\/fr\/wp-json\/wp\/v2\/product_brand?post=13788"},{"taxonomy":"product_cat","embeddable":true,"href":"https:\/\/www.alivitpharm.com\/fr\/wp-json\/wp\/v2\/product_cat?post=13788"},{"taxonomy":"product_tag","embeddable":true,"href":"https:\/\/www.alivitpharm.com\/fr\/wp-json\/wp\/v2\/product_tag?post=13788"}],"curies":[{"name":"wp","href":"https:\/\/api.w.org\/{rel}","templated":true}]}}