{"id":3096,"date":"2022-05-24T08:47:47","date_gmt":"2022-05-24T06:47:47","guid":{"rendered":"https:\/\/www.alivitpharm.com\/?post_type=product&#038;p=3096"},"modified":"2026-02-10T15:49:18","modified_gmt":"2026-02-10T13:49:18","slug":"aterostop","status":"publish","type":"product","link":"https:\/\/www.alivitpharm.com\/fr\/product\/aterostop\/","title":{"rendered":"ATEROSTOP"},"content":{"rendered":"<div class=\"product-accordion\">\n<div class=\"btn\">\u00c0 PROPOS D'ATEROSTOP<\/div>\n<div class=\"board\">\n<div><b>ATEROSTOP\u00ae<\/b> contribue \u00e0 r\u00e9duire l'hypertension art\u00e9rielle, r\u00e9gule le m\u00e9tabolisme du cholest\u00e9rol et normalise les taux de cholest\u00e9rol LDL et HDL. Il est efficace dans la pr\u00e9vention de l'ath\u00e9roscl\u00e9rose. L'ail ferment\u00e9 et l'ail des ours pr\u00e9sentent une forte activit\u00e9 antioxydante et sont de puissants agents de lutte contre le stress oxydatif, facteur majeur de nombreux troubles cardiovasculaires. Les feuilles et les fleurs d'aub\u00e9pine favorisent la dilatation des vaisseaux sanguins coronaires, favorisent l'oxyg\u00e9nation et la perfusion du muscle cardiaque, renforcent les contractions cardiaques, r\u00e9gulent le rythme cardiaque et contribuent \u00e0 normaliser la tension art\u00e9rielle. La feuille de m\u00e9lisse a des effets calmants et s\u00e9datifs et est b\u00e9n\u00e9fique pour la fonction cardiaque.<\/div>\n<\/div>\n<div class=\"btn\">INGR\u00c9DIENTS<\/div>\n<div class=\"board\">\n<div>\n90 capsules dures<\/p>\n<p><b>\u2022<\/b> Poudre de <a class=\"custom-link\" href=\"\/fr\/black-garlic\/\">bulbe d'ail ferment\u00e9 <i>(Allium sativum)<\/i><\/a>;<br \/>\n<b>\u2022<\/b> Poudre de <a class=\"custom-link\" href=\"\/fr\/ail-des-ours\/\">feuilles d'ail des ours <i>(Allium ursinum)<\/i><\/a>;<br \/>\n<b>\u2022<\/b> Poudre de <a class=\"custom-link\" href=\"\/fr\/aubepine-blanche-rouge\/\">feuille et fleur d'aub\u00e9pine blanche et rouge <i>(Crataegus monogyna, Crataegus oxyacantha)<\/i><\/a>;<br \/>\n<b>\u2022<\/b> Poudre de <a class=\"custom-link\" href=\"\/fr\/melisse-officinale\/\">feuilles de m\u00e9lisse <i>(Melissa officinalis)<\/i><\/a>;<br \/>\n<b>\u2022<\/b> Capsule (g\u00e9latine, eau purifi\u00e9e, colorant: carbonate de calcium), antiagglom\u00e9rants: dioxyde de silicium, st\u00e9arate de magn\u00e9sium;<\/div>\n<\/div>\n<div class=\"btn\">MODE D'EMPLOI<\/div>\n<div class=\"board\">\n<div>Pour les personnes de plus de 12 ans, il est recommand\u00e9 de prendre une capsule trois fois par jour, pendant ou apr\u00e8s un repas. Avaler la capsule enti\u00e8re avec un liquide. Convient aux personnes diab\u00e9tiques.<\/p>\n<p><b>AVERTISSEMENTS:<\/b><br \/>\n<b>\u2022<\/b> Ne pas d\u00e9passer la dose journali\u00e8re recommand\u00e9e.<br \/>\n<b>\u2022<\/b> Le produit n'est pas destin\u00e9 aux personnes de moins de 12 ans, aux femmes enceintes ou allaitantes.<br \/>\n<b>\u2022<\/b> Ne pas utiliser si vous \u00eates hypersensible \u00e0 l'un des ingr\u00e9dients.<br \/>\n<b>\u2022<\/b> Consultez votre m\u00e9decin si vous prenez des m\u00e9dicaments, en particulier pour abaisser la tension art\u00e9rielle.<br \/>\n<b>\u2022<\/b> Ne pas prendre simultan\u00e9ment avec des m\u00e9dicaments anticoagulants.<br \/>\n<b>\u2022<\/b> Avant une intervention chirurgicale programm\u00e9e, il est n\u00e9cessaire d'arr\u00eater l'utilisation de ce produit.<br \/>\n<b>\u2022<\/b> Apr\u00e8s quatre mois d'utilisation, il est n\u00e9cessaire de faire une pause d'un mois.\n<\/div>\n<\/div>\n<\/div>","protected":false},"excerpt":{"rendered":"<div class=\"my-product-info\">\n<div class=\"two-categories\">\n<div>\n            <img decoding=\"async\" src=\"https:\/\/www.alivitpharm.com\/wp-content\/uploads\/2025\/05\/icon-9.png\" alt=\"100% naturel\" width=\"50px\" height=\"50px\" \/><\/p>\n<div>100% naturel<\/div>\n<\/p><\/div>\n<div>\n            <img decoding=\"async\" src=\"https:\/\/www.alivitpharm.com\/wp-content\/uploads\/2025\/05\/icon-10.png\" alt=\"Sans OGM\" width=\"50px\" height=\"50px\" \/><\/p>\n<div>Sans OGM<\/div>\n<\/p><\/div>\n<div>\n            <img decoding=\"async\" src=\"https:\/\/www.alivitpharm.com\/wp-content\/uploads\/2025\/05\/icon-15.png\" alt=\"Sans gluten\" width=\"50px\" height=\"50px\" \/><\/p>\n<div>Sans gluten<\/div>\n<\/p><\/div>\n<\/p><\/div>\n<\/div>\n<ul>\n<li>Pr\u00e9vient le d\u00e9veloppement de l'ath\u00e9roscl\u00e9rose.<\/li>\n<li>R\u00e9duit les taux \u00e9lev\u00e9s de graisse dans l'organisme.<\/li>\n<li>Nettoie les vaisseaux sanguins.<\/li>\n<li>R\u00e9duit l'hypertension art\u00e9rielle.<\/li>\n<li>Puissant antioxydant.<\/li>\n<\/ul>\n<p><a class=\"category-pdf-btn\" href=\"https:\/\/www.alivitpharm.com\/wp-content\/uploads\/2025\/06\/cardiovascular_health_en.pdf\" target=\"_blank\" rel=\"noopener\">En savoir plus sur la sant\u00e9 cardiovasculaire<\/a><\/p>","protected":false},"featured_media":13118,"comment_status":"open","ping_status":"closed","template":"","meta":{"site-sidebar-layout":"default","site-content-layout":"default","ast-global-header-display":"","ast-main-header-display":"","ast-hfb-above-header-display":"","ast-hfb-below-header-display":"","ast-hfb-mobile-header-display":"","site-post-title":"","ast-breadcrumbs-content":"","ast-featured-img":"","footer-sml-layout":"","theme-transparent-header-meta":"default","adv-header-id-meta":"","stick-header-meta":"","header-above-stick-meta":"","header-main-stick-meta":"","header-below-stick-meta":""},"product_brand":[],"product_cat":[169],"product_tag":[],"class_list":{"0":"post-3096","1":"product","2":"type-product","3":"status-publish","4":"has-post-thumbnail","6":"product_cat-cardiovascular-health","7":"desktop-align-center","8":"tablet-align-center","9":"mobile-align-center","11":"first","12":"instock","13":"shipping-taxable","14":"purchasable","15":"product-type-simple"},"_links":{"self":[{"href":"https:\/\/www.alivitpharm.com\/fr\/wp-json\/wp\/v2\/product\/3096","targetHints":{"allow":["GET"]}}],"collection":[{"href":"https:\/\/www.alivitpharm.com\/fr\/wp-json\/wp\/v2\/product"}],"about":[{"href":"https:\/\/www.alivitpharm.com\/fr\/wp-json\/wp\/v2\/types\/product"}],"replies":[{"embeddable":true,"href":"https:\/\/www.alivitpharm.com\/fr\/wp-json\/wp\/v2\/comments?post=3096"}],"wp:featuredmedia":[{"embeddable":true,"href":"https:\/\/www.alivitpharm.com\/fr\/wp-json\/wp\/v2\/media\/13118"}],"wp:attachment":[{"href":"https:\/\/www.alivitpharm.com\/fr\/wp-json\/wp\/v2\/media?parent=3096"}],"wp:term":[{"taxonomy":"product_brand","embeddable":true,"href":"https:\/\/www.alivitpharm.com\/fr\/wp-json\/wp\/v2\/product_brand?post=3096"},{"taxonomy":"product_cat","embeddable":true,"href":"https:\/\/www.alivitpharm.com\/fr\/wp-json\/wp\/v2\/product_cat?post=3096"},{"taxonomy":"product_tag","embeddable":true,"href":"https:\/\/www.alivitpharm.com\/fr\/wp-json\/wp\/v2\/product_tag?post=3096"}],"curies":[{"name":"wp","href":"https:\/\/api.w.org\/{rel}","templated":true}]}}