{"id":3108,"date":"2022-05-24T13:15:51","date_gmt":"2022-05-24T11:15:51","guid":{"rendered":"https:\/\/www.alivitpharm.com\/?post_type=product&#038;p=3108"},"modified":"2026-03-06T16:05:20","modified_gmt":"2026-03-06T14:05:20","slug":"hepato-care","status":"publish","type":"product","link":"https:\/\/www.alivitpharm.com\/fr\/product\/hepato-care\/","title":{"rendered":"HEPATO CARE"},"content":{"rendered":"<div class=\"product-accordion\">\n<div class=\"btn\">\u00c0 PROPOS D'HEPATO CARE<\/div>\n<div class=\"board\">\n<div><b>HEPATO CARE\u00ae<\/b> contient des plantes traditionnellement utilis\u00e9es pour r\u00e9g\u00e9n\u00e9rer le foie, notamment en cas de l\u00e9sions h\u00e9patiques caus\u00e9es par l'alcool, les m\u00e9dicaments ou des affections comme l'h\u00e9patite. L'ail ferment\u00e9 poss\u00e8de de puissants effets antioxydants et contribue \u00e0 r\u00e9duire les taux \u00e9lev\u00e9s d'enzymes h\u00e9patiques, souvent associ\u00e9s \u00e0 une insuffisance h\u00e9patique et \u00e0 une st\u00e9atose h\u00e9patique. Le pissenlit, l'immortelle et l'achill\u00e9e millefeuille poss\u00e8dent des propri\u00e9t\u00e9s h\u00e9patoprotectrices, anti-inflammatoires, antimicrobiennes et antioxydantes qui favorisent la sant\u00e9 gastro-intestinale globale, am\u00e9liorent la digestion et soutiennent le fonctionnement du foie et de la v\u00e9sicule biliaire. Le pissenlit, l'ail ferment\u00e9 et l'immortelle contribuent \u00e0 r\u00e9duire les taux \u00e9lev\u00e9s de cholest\u00e9rol et de triglyc\u00e9rides. L'achill\u00e9e millefeuille stimule la production et la circulation de la bile. Le pissenlit est \u00e9galement recommand\u00e9 pour les inflammations de la v\u00e9sicule biliaire, les calculs biliaires et les troubles digestifs, et est largement utilis\u00e9 comme traitement de soutien dans les h\u00e9patites virales.<\/div>\n<\/div>\n<div class=\"btn\">INGR\u00c9DIENTS<\/div>\n<div class=\"board\">\n<div>\n90 capsules molles g\u00e9latineuses<\/p>\n<p><b>\u2022<\/b> Extrait de <a class=\"custom-link\" href=\"\/fr\/black-garlic\/\">bulbe d'ail ferment\u00e9 <i>(Allium sativum)<\/i><\/a> dans l'huile de soja;<br \/>\n<b>\u2022<\/b> Extrait de <a class=\"custom-link\" href=\"\/fr\/pissenlit\/\">racine de pissenlit <i>(Taraxacum officinale)<\/i><\/a> dans l'huile de soja;<br \/>\n<b>\u2022<\/b> Extrait de <a class=\"custom-link\" href=\"\/fr\/achillee-millefeuille\/\">herbe d'achill\u00e9e millefeuille <i>(Achillea millefolium)<\/i><\/a> dans l'huile de soja;<br \/>\n<b>\u2022<\/b> Extrait de <a class=\"custom-link\" href=\"\/fr\/immortelle-des-sables\/\">herbe d'immortelle des sables <i>(Helichrysum italicum)<\/i><\/a> dans l'huile de soja;<br \/>\n<b>\u2022<\/b> <a class=\"custom-link\" href=\"\/fr\/vitamin-e\/\">Ac\u00e9tate de DL-\u03b1-tocoph\u00e9ryle (vitamine E)<\/a>;<br \/>\n<b>\u2022<\/b> <a class=\"custom-link\" href=\"\/fr\/vitamin-b1\/\">Mononitrate de thiamine (vitamine B1)<\/a>;<br \/>\n<b>\u2022<\/b> <a class=\"custom-link\" href=\"\/fr\/vitamin-b2\/\">Riboflavine (vitamine B2)<\/a>;<br \/>\n<b>\u2022<\/b> <a class=\"custom-link\" href=\"\/fr\/vitamin-b6\/\">Chlorhydrate de pyridoxine (vitamine B6)<\/a>;<br \/>\n<b>\u2022<\/b> G\u00e9latine bovine, glyc\u00e9rol, eau purifi\u00e9e, dioxyde de silicium, colorant: charbon v\u00e9g\u00e9tal;<\/div>\n<\/div>\n<div class=\"btn\">MODE D'EMPLOI<\/div>\n<div class=\"board\">\n<div>Pour les personnes de plus de 18 ans, il est recommand\u00e9 de prendre une capsule trois fois par jour, pendant ou apr\u00e8s un repas. Avaler la capsule enti\u00e8re avec un liquide. Ce produit doit \u00eatre pris pendant une longue p\u00e9riode. Convient aux personnes diab\u00e9tiques.<\/p>\n<p><b>AVERTISSEMENTS:<\/b><br \/>\n<b>\u2022<\/b> Ne pas d\u00e9passer la dose journali\u00e8re recommand\u00e9e.<br \/>\n<b>\u2022<\/b> Le produit n'est pas destin\u00e9 aux personnes de moins de 18 ans, aux femmes enceintes ou allaitantes, ainsi qu'aux personnes sujettes \u00e0 diverses allergies.<br \/>\n<b>\u2022<\/b> Ne pas utiliser si vous \u00eates hypersensible \u00e0 l'un des ingr\u00e9dients.<br \/>\n<b>\u2022<\/b> Consultez votre m\u00e9decin si vous prenez des m\u00e9dicaments.<br \/>\n<b>\u2022<\/b> Ne pas prendre simultan\u00e9ment avec des m\u00e9dicaments anticoagulants.<br \/>\n<b>\u2022<\/b> Avant une intervention chirurgicale programm\u00e9e, il est n\u00e9cessaire d'arr\u00eater l'utilisation de ce produit.\n<\/div>\n<\/div>\n<\/div>","protected":false},"excerpt":{"rendered":"<div class=\"my-product-info\">\n<div class=\"two-categories\">\n<div>\n            <img decoding=\"async\" src=\"https:\/\/www.alivitpharm.com\/wp-content\/uploads\/2025\/05\/icon-9.png\" alt=\"100% naturel\" width=\"50px\" height=\"50px\" \/><\/p>\n<div>100% naturel<\/div>\n<\/p><\/div>\n<div>\n            <img decoding=\"async\" src=\"https:\/\/www.alivitpharm.com\/wp-content\/uploads\/2025\/05\/icon-10.png\" alt=\"Sans OGM\" width=\"50px\" height=\"50px\" \/><\/p>\n<div>Sans OGM<\/div>\n<\/p><\/div>\n<div>\n            <img decoding=\"async\" src=\"https:\/\/www.alivitpharm.com\/wp-content\/uploads\/2025\/05\/icon-15.png\" alt=\"Sans gluten\" width=\"50px\" height=\"50px\" \/><\/p>\n<div>Sans gluten<\/div>\n<\/p><\/div>\n<\/p><\/div>\n<\/div>\n<ul>\n<li>R\u00e9duit les taux de graisses et d'enzymes h\u00e9patiques, aide \u00e0 lutter contre la st\u00e9atose h\u00e9patique.<\/li>\n<li>Aide \u00e0 r\u00e9g\u00e9n\u00e9rer le foie.<\/li>\n<li>D\u00e9toxifie l'organisme.<\/li>\n<li>R\u00e9duit les taux \u00e9lev\u00e9s d'enzymes h\u00e9patiques.<\/li>\n<li>R\u00e9gule la s\u00e9cr\u00e9tion biliaire.<\/li>\n<li>Puissant antioxydant.<\/li>\n<\/ul>\n<p><a class=\"category-pdf-btn\" href=\"https:\/\/www.alivitpharm.com\/wp-content\/uploads\/2025\/06\/cardiovascular_health_en.pdf\" target=\"_blank\" rel=\"noopener\">En savoir plus sur la sant\u00e9 cardiovasculaire<\/a><br \/>\n<a class=\"category-pdf-btn\" href=\"https:\/\/www.alivitpharm.com\/wp-content\/uploads\/2025\/06\/gastrointestinal_and_liver_health_en.pdf\" target=\"_blank\" rel=\"noopener\">En savoir plus sur la sant\u00e9 gastro-intestinale et h\u00e9patique<\/a><\/p>","protected":false},"featured_media":13104,"comment_status":"open","ping_status":"closed","template":"","meta":{"site-sidebar-layout":"default","site-content-layout":"default","ast-global-header-display":"","ast-main-header-display":"","ast-hfb-above-header-display":"","ast-hfb-below-header-display":"","ast-hfb-mobile-header-display":"","site-post-title":"","ast-breadcrumbs-content":"","ast-featured-img":"","footer-sml-layout":"","theme-transparent-header-meta":"default","adv-header-id-meta":"","stick-header-meta":"","header-above-stick-meta":"","header-main-stick-meta":"","header-below-stick-meta":""},"product_brand":[],"product_cat":[169,171,170],"product_tag":[],"class_list":{"0":"post-3108","1":"product","2":"type-product","3":"status-publish","4":"has-post-thumbnail","6":"product_cat-cardiovascular-health","7":"product_cat-detox-revitalization","8":"product_cat-digestive-system","9":"desktop-align-center","10":"tablet-align-center","11":"mobile-align-center","13":"first","14":"instock","15":"shipping-taxable","16":"purchasable","17":"product-type-simple"},"_links":{"self":[{"href":"https:\/\/www.alivitpharm.com\/fr\/wp-json\/wp\/v2\/product\/3108","targetHints":{"allow":["GET"]}}],"collection":[{"href":"https:\/\/www.alivitpharm.com\/fr\/wp-json\/wp\/v2\/product"}],"about":[{"href":"https:\/\/www.alivitpharm.com\/fr\/wp-json\/wp\/v2\/types\/product"}],"replies":[{"embeddable":true,"href":"https:\/\/www.alivitpharm.com\/fr\/wp-json\/wp\/v2\/comments?post=3108"}],"wp:featuredmedia":[{"embeddable":true,"href":"https:\/\/www.alivitpharm.com\/fr\/wp-json\/wp\/v2\/media\/13104"}],"wp:attachment":[{"href":"https:\/\/www.alivitpharm.com\/fr\/wp-json\/wp\/v2\/media?parent=3108"}],"wp:term":[{"taxonomy":"product_brand","embeddable":true,"href":"https:\/\/www.alivitpharm.com\/fr\/wp-json\/wp\/v2\/product_brand?post=3108"},{"taxonomy":"product_cat","embeddable":true,"href":"https:\/\/www.alivitpharm.com\/fr\/wp-json\/wp\/v2\/product_cat?post=3108"},{"taxonomy":"product_tag","embeddable":true,"href":"https:\/\/www.alivitpharm.com\/fr\/wp-json\/wp\/v2\/product_tag?post=3108"}],"curies":[{"name":"wp","href":"https:\/\/api.w.org\/{rel}","templated":true}]}}