{"id":3112,"date":"2022-05-24T13:29:38","date_gmt":"2022-05-24T11:29:38","guid":{"rendered":"https:\/\/www.alivitpharm.com\/?post_type=product&#038;p=3112"},"modified":"2026-02-26T15:58:51","modified_gmt":"2026-02-26T13:58:51","slug":"tireoplus","status":"publish","type":"product","link":"https:\/\/www.alivitpharm.com\/fr\/product\/tireoplus\/","title":{"rendered":"TIREOPLUS"},"content":{"rendered":"<div class=\"product-accordion\">\n<div class=\"btn\">\u00c0 PROPOS DE TIREOPLUS<\/div>\n<div class=\"board\">\n<div>\n      <b>TIREOPLUS\u00ae<\/b> contient de la poudre de bulbe d'ail ferment\u00e9 et de la poudre de parties a\u00e9riennes d'agripaume, qui agissent en synergie pour soutenir le fonctionnement normal de la glande thyro\u00efde et prot\u00e9ger les cellules du stress oxydatif. L'ail ferment\u00e9 poss\u00e8de des propri\u00e9t\u00e9s anti-inflammatoires et antioxydantes, ce qui le rend utile en cas de thyro\u00efdite aigu\u00eb. L'agripaume aide \u00e0 soulager les sympt\u00f4mes de l'hyperthyro\u00efdie tels que la tension nerveuse l\u00e9g\u00e8re, l'anxi\u00e9t\u00e9, les palpitations cardiaques, l'hypertension art\u00e9rielle \u00e0 un stade pr\u00e9coce et les arythmies l\u00e9g\u00e8res. L'iode est un composant essentiel des hormones thyro\u00efdiennes et contribue \u00e0 leur production ainsi qu'au bon fonctionnement de la glande thyro\u00efde. Le s\u00e9l\u00e9nium contribue au fonctionnement normal de la thyro\u00efde et du syst\u00e8me immunitaire. La vitamine E et le s\u00e9l\u00e9nium contribuent \u00e0 prot\u00e9ger les cellules des dommages oxydatifs.\n    <\/div>\n<\/p><\/div>\n<div class=\"btn\">INGR\u00c9DIENTS<\/div>\n<div class=\"board\">\n<div>\n      90 capsules dures<\/p>\n<p>      <b>\u2022<\/b> Poudre de <a class=\"custom-link\" href=\"\/fr\/black-garlic\/\">bulbe d'ail ferment\u00e9 <i>(Allium sativum)<\/i><\/a>;<br \/>\n      <b>\u2022<\/b> Poudre de <a class=\"custom-link\" href=\"\/fr\/agripaume\/\">la partie a\u00e9rienne de l'agripaume <i>(Leonurus cardiaca)<\/i><\/a>;<br \/>\n      <b>\u2022<\/b> <a class=\"custom-link\" href=\"\/fr\/selenium\/\">S\u00e9l\u00e9nite de sodium (s\u00e9l\u00e9nium)<\/a>, <a class=\"custom-link\" href=\"\/fr\/iode\/\">iodure de potassium (iode)<\/a>, <a class=\"custom-link\" href=\"\/fr\/vitamin-e\/\">Ac\u00e9tate de DL-\u03b1-tocoph\u00e9ryle (vitamine E)<\/a>;<br \/>\n      <b>\u2022<\/b> Enveloppe de la capsule (g\u00e9latine, eau purifi\u00e9e, colorant: carbonate de calcium), dioxyde de silicium, st\u00e9arate de magn\u00e9sium;\n    <\/div>\n<\/p><\/div>\n<div class=\"btn\">MODE D'EMPLOI<\/div>\n<div class=\"board\">\n<div>\n      Pour les personnes de plus de 18 ans, il est recommand\u00e9 de prendre une capsule deux fois par jour, pendant ou apr\u00e8s un repas. Avaler la capsule enti\u00e8re avec un liquide. Ce produit doit \u00eatre pris pendant une longue p\u00e9riode. Convient aux personnes diab\u00e9tiques.<\/p>\n<p>      <b>AVERTISSEMENTS:<\/b><br \/>\n      <b>\u2022<\/b> Ne pas d\u00e9passer la dose journali\u00e8re recommand\u00e9e.<br \/>\n      <b>\u2022<\/b> Le produit n'est pas destin\u00e9 aux personnes de moins de 18 ans, aux femmes enceintes ou allaitantes.<br \/>\n      <b>\u2022<\/b> Ne pas utiliser si vous \u00eates hypersensible \u00e0 l'un des ingr\u00e9dients.<br \/>\n      <b>\u2022<\/b> Consultez votre m\u00e9decin si vous prenez des m\u00e9dicaments.<br \/>\n      <b>\u2022<\/b> Ne pas prendre simultan\u00e9ment avec des m\u00e9dicaments anticoagulants.<br \/>\n      <b>\u2022<\/b> Avant une intervention chirurgicale programm\u00e9e, il est n\u00e9cessaire d'arr\u00eater l'utilisation de ce produit.\n    <\/div>\n<\/p><\/div>\n<\/div>","protected":false},"excerpt":{"rendered":"<div class=\"my-product-info\">\n<div class=\"two-categories\">\n<div>\n            <img decoding=\"async\" src=\"https:\/\/www.alivitpharm.com\/wp-content\/uploads\/2025\/05\/icon-9.png\" alt=\"100% naturel\" width=\"50px\" height=\"50px\" \/><\/p>\n<div>100% naturel<\/div>\n<\/p><\/div>\n<div><img decoding=\"async\" src=\"https:\/\/www.alivitpharm.com\/wp-content\/uploads\/2025\/05\/icon-10.png\" alt=\"Sans OGM\" width=\"50px\" height=\"50px\" \/><\/p>\n<div>Sans OGM<\/div>\n<\/p><\/div>\n<div><img decoding=\"async\" src=\"https:\/\/www.alivitpharm.com\/wp-content\/uploads\/2025\/05\/icon-15.png\" alt=\"Sans gluten\" width=\"50px\" height=\"50px\" \/><\/p>\n<div>Sans gluten<\/div>\n<\/p><\/div>\n<\/p><\/div>\n<\/div>\n<ul>\n<li>Normalise la fonction thyro\u00efdienne.<\/li>\n<li>R\u00e9duit la tension nerveuse et l'anxi\u00e9t\u00e9.<\/li>\n<li>Normalise le rythme cardiaque en cas d'hyperthyro\u00efdie.<\/li>\n<li>Aide en cas de thyro\u00efdite aigu\u00eb et d'hyperthyro\u00efdie.<\/li>\n<li>Pr\u00e9vention des troubles thyro\u00efdiens chez les patientes atteintes du syndrome des ovaires polykystiques.<\/li>\n<li>Puissant antioxydant.<\/li>\n<\/ul>\n<p><a class=\"category-pdf-btn\" href=\"https:\/\/www.alivitpharm.com\/wp-content\/uploads\/2025\/07\/phytotherapy_in_managing_the_endocrine_disorders_and_hormonal_balance_en.pdf\" target=\"_blank\" rel=\"noopener\">En savoir plus sur les troubles endocriniens et l'\u00e9quilibre hormonal<\/a><\/p>","protected":false},"featured_media":13111,"comment_status":"open","ping_status":"closed","template":"","meta":{"site-sidebar-layout":"default","site-content-layout":"default","ast-global-header-display":"","ast-main-header-display":"","ast-hfb-above-header-display":"","ast-hfb-below-header-display":"","ast-hfb-mobile-header-display":"","site-post-title":"","ast-breadcrumbs-content":"","ast-featured-img":"","footer-sml-layout":"","theme-transparent-header-meta":"default","adv-header-id-meta":"","stick-header-meta":"","header-above-stick-meta":"","header-main-stick-meta":"","header-below-stick-meta":""},"product_brand":[],"product_cat":[172],"product_tag":[],"class_list":{"0":"post-3112","1":"product","2":"type-product","3":"status-publish","4":"has-post-thumbnail","6":"product_cat-hormonal-balance","7":"desktop-align-center","8":"tablet-align-center","9":"mobile-align-center","11":"first","12":"instock","13":"shipping-taxable","14":"purchasable","15":"product-type-simple"},"_links":{"self":[{"href":"https:\/\/www.alivitpharm.com\/fr\/wp-json\/wp\/v2\/product\/3112","targetHints":{"allow":["GET"]}}],"collection":[{"href":"https:\/\/www.alivitpharm.com\/fr\/wp-json\/wp\/v2\/product"}],"about":[{"href":"https:\/\/www.alivitpharm.com\/fr\/wp-json\/wp\/v2\/types\/product"}],"replies":[{"embeddable":true,"href":"https:\/\/www.alivitpharm.com\/fr\/wp-json\/wp\/v2\/comments?post=3112"}],"wp:featuredmedia":[{"embeddable":true,"href":"https:\/\/www.alivitpharm.com\/fr\/wp-json\/wp\/v2\/media\/13111"}],"wp:attachment":[{"href":"https:\/\/www.alivitpharm.com\/fr\/wp-json\/wp\/v2\/media?parent=3112"}],"wp:term":[{"taxonomy":"product_brand","embeddable":true,"href":"https:\/\/www.alivitpharm.com\/fr\/wp-json\/wp\/v2\/product_brand?post=3112"},{"taxonomy":"product_cat","embeddable":true,"href":"https:\/\/www.alivitpharm.com\/fr\/wp-json\/wp\/v2\/product_cat?post=3112"},{"taxonomy":"product_tag","embeddable":true,"href":"https:\/\/www.alivitpharm.com\/fr\/wp-json\/wp\/v2\/product_tag?post=3112"}],"curies":[{"name":"wp","href":"https:\/\/api.w.org\/{rel}","templated":true}]}}