{"id":3114,"date":"2022-05-24T13:33:44","date_gmt":"2022-05-24T11:33:44","guid":{"rendered":"https:\/\/www.alivitpharm.com\/?post_type=product&#038;p=3114"},"modified":"2026-04-17T06:26:49","modified_gmt":"2026-04-17T04:26:49","slug":"potent-max","status":"publish","type":"product","link":"https:\/\/www.alivitpharm.com\/fr\/product\/potent-max\/","title":{"rendered":"POTENT MAX"},"content":{"rendered":"<div class=\"product-accordion\">\n<div class=\"btn\">\u00c0 PROPOS DE POTENT MAX<\/div>\n<div class=\"board\">\n<div><b>POTENT MAX\u00ae<\/b> contient des extraits de plantes qui soutiennent la fonction \u00e9rectile et am\u00e9liorent les performances sexuelles. <i>Tribulus terrestris<\/i> (Croix-de-Malte) stimule la libido et favorise l'activit\u00e9 sexuelle. Gr\u00e2ce \u00e0 son effet positif sur le taux de testost\u00e9rone, il est recommand\u00e9 aux hommes souffrant de dysfonction \u00e9rectile ou d'infertilit\u00e9 d'origine inconnue.<\/p>\n<p>L'ail ferment\u00e9 am\u00e9liore la circulation sanguine, neutralise les radicaux libres et favorise la sant\u00e9 vasculaire. L'extrait de graines de fenugrec augmente la force physique, l'endurance et la vitalit\u00e9, ce qui a un impact positif sur les performances sexuelles masculines. L'ail ferment\u00e9 est riche en polysulfures qui stimulent la production de sulfure d'hydrog\u00e8ne (H\u2082S), ce qui contribue \u00e0 d\u00e9tendre les muscles lisses vasculaires et \u00e0 r\u00e9duire la tension art\u00e9rielle, facteurs qui soutiennent directement la fonction \u00e9rectile. Les maladies cardiovasculaires, en particulier l'hypertension, \u00e9tant des facteurs de risque de dysfonction \u00e9rectile, l'ail ferment\u00e9 b\u00e9n\u00e9ficie de son action cardioprotectrice dans ces cas. De plus, ses compos\u00e9s bioactifs am\u00e9liorent la circulation sanguine et facilitent l'\u00e9rection.<\/p>\n<\/div>\n<\/div>\n<div class=\"btn\">INGR\u00c9DIENTS<\/div>\n<div class=\"board\">\n<div>\n90 capsules molles g\u00e9latineuses<\/p>\n<p><b>\u2022<\/b> Extrait de <a class=\"custom-link\" href=\"\/fr\/black-garlic\/\">bulbe d'ail ferment\u00e9 <i>(Allium sativum)<\/i><\/a> dans l'huile de soja;<br \/>\n<b>\u2022<\/b> Extrait de <a class=\"custom-link\" href=\"\/fr\/croix-de-malte\/\">herbe de Croix-de-Malte <i>(Tribulus terrestris)<\/i><\/a> dans l'huile de soja;<br \/>\n<b>\u2022<\/b> Extrait de <a class=\"custom-link\" href=\"\/fr\/fenugrec\/\">graines de fenugrec <i>(Trigonella foenum-graecum)<\/i><\/a> dans l'huile de soja;<br \/>\n<b>\u2022<\/b> Antioxydant: vitamine E, g\u00e9latine bovine, glyc\u00e9rol, eau purifi\u00e9e, dioxyde de silicium, colorant: charbon v\u00e9g\u00e9tal;<\/div>\n<\/div>\n<div class=\"btn\">MODE D'EMPLOI<\/div>\n<div class=\"board\">\n<div>Pour les personnes de plus de 18 ans, il est recommand\u00e9 de prendre deux g\u00e9lules trois fois par jour, pendant ou apr\u00e8s un repas. Avaler la g\u00e9lule enti\u00e8re avec un verre d'eau. Convient aux personnes diab\u00e9tiques.<\/p>\n<p><b>AVERTISSEMENTS:<\/b><br \/>\n<b>\u2022<\/b> Ne pas d\u00e9passer la dose journali\u00e8re recommand\u00e9e.<br \/>\n<b>\u2022<\/b> Le produit n'est pas destin\u00e9 aux personnes de moins de 18 ans ni \u00e0 celles ayant une fonction h\u00e9patique alt\u00e9r\u00e9e.<br \/>\n<b>\u2022<\/b> Il est d\u00e9conseill\u00e9 de prendre le produit de mani\u00e8re continue pendant plus de deux semaines.<br \/>\n<b>\u2022<\/b> Ne pas utiliser si vous \u00eates hypersensible \u00e0 l'un des ingr\u00e9dients.<br \/>\n<b>\u2022<\/b> Consultez votre m\u00e9decin si vous prenez des m\u00e9dicaments.<br \/>\n<b>\u2022<\/b> Une attention particuli\u00e8re est n\u00e9cessaire chez les patients prenant des inhibiteurs de la MAO, des anticoagulants oraux, des th\u00e9rapies hormonales ou des antihypertenseurs.<br \/>\n<b>\u2022<\/b> Pendant l'utilisation, il est recommand\u00e9 d'\u00e9viter l'exposition au soleil ou d'utiliser des produits avec un facteur de protection \u00e9lev\u00e9.\n<\/div>\n<\/div>\n<\/div>","protected":false},"excerpt":{"rendered":"<div class=\"my-product-info\">\n<div class=\"two-categories\">\n<div><img decoding=\"async\" src=\"https:\/\/www.alivitpharm.com\/wp-content\/uploads\/2025\/05\/icon-9.png\" alt=\"100% naturel\" width=\"50px\" height=\"50px\" \/><\/p>\n<div>100% naturel<\/div>\n<\/p><\/div>\n<div>\n            <img decoding=\"async\" src=\"https:\/\/www.alivitpharm.com\/wp-content\/uploads\/2025\/05\/icon-10.png\" alt=\"Sans OGM\" width=\"50px\" height=\"50px\" \/><\/p>\n<div>Sans OGM<\/div>\n<\/p><\/div>\n<div>\n            <img decoding=\"async\" src=\"https:\/\/www.alivitpharm.com\/wp-content\/uploads\/2025\/05\/icon-15.png\" alt=\"Sans gluten\" width=\"50px\" height=\"50px\" \/><\/p>\n<div>Sans gluten<\/div>\n<\/p><\/div>\n<\/p><\/div>\n<\/div>\n<ul>\n<li>Aide \u00e0 r\u00e9guler la dysfonction \u00e9rectile.<\/li>\n<li>Augmente le taux de testost\u00e9rone.<\/li>\n<li>Augmente la force, l'endurance et la masse musculaire.<\/li>\n<li>Augmente la libido et stimule l'activit\u00e9 sexuelle.<\/li>\n<li>Am\u00e9liore la circulation.<\/li>\n<li>A un effet positif sur la fertilit\u00e9 masculine, augmente la concentration et la vitesse des spermatozo\u00efdes mobiles.<\/li>\n<\/ul>\n<p><a class=\"category-pdf-btn\" href=\"https:\/\/www.alivitpharm.com\/wp-content\/uploads\/2025\/06\/the_urogenital_tract_en.pdf\" target=\"_blank\" rel=\"noopener\">En savoir plus sur le syst\u00e8me urog\u00e9nital<\/a><\/p>","protected":false},"featured_media":13109,"comment_status":"open","ping_status":"closed","template":"","meta":{"site-sidebar-layout":"default","site-content-layout":"default","ast-global-header-display":"","ast-main-header-display":"","ast-hfb-above-header-display":"","ast-hfb-below-header-display":"","ast-hfb-mobile-header-display":"","site-post-title":"","ast-breadcrumbs-content":"","ast-featured-img":"","footer-sml-layout":"","theme-transparent-header-meta":"default","adv-header-id-meta":"","stick-header-meta":"","header-above-stick-meta":"","header-main-stick-meta":"","header-below-stick-meta":""},"product_brand":[],"product_cat":[172,179],"product_tag":[],"class_list":{"0":"post-3114","1":"product","2":"type-product","3":"status-publish","4":"has-post-thumbnail","6":"product_cat-hormonal-balance","7":"product_cat-mens-health","8":"desktop-align-center","9":"tablet-align-center","10":"mobile-align-center","12":"first","13":"instock","14":"shipping-taxable","15":"purchasable","16":"product-type-simple"},"_links":{"self":[{"href":"https:\/\/www.alivitpharm.com\/fr\/wp-json\/wp\/v2\/product\/3114","targetHints":{"allow":["GET"]}}],"collection":[{"href":"https:\/\/www.alivitpharm.com\/fr\/wp-json\/wp\/v2\/product"}],"about":[{"href":"https:\/\/www.alivitpharm.com\/fr\/wp-json\/wp\/v2\/types\/product"}],"replies":[{"embeddable":true,"href":"https:\/\/www.alivitpharm.com\/fr\/wp-json\/wp\/v2\/comments?post=3114"}],"wp:featuredmedia":[{"embeddable":true,"href":"https:\/\/www.alivitpharm.com\/fr\/wp-json\/wp\/v2\/media\/13109"}],"wp:attachment":[{"href":"https:\/\/www.alivitpharm.com\/fr\/wp-json\/wp\/v2\/media?parent=3114"}],"wp:term":[{"taxonomy":"product_brand","embeddable":true,"href":"https:\/\/www.alivitpharm.com\/fr\/wp-json\/wp\/v2\/product_brand?post=3114"},{"taxonomy":"product_cat","embeddable":true,"href":"https:\/\/www.alivitpharm.com\/fr\/wp-json\/wp\/v2\/product_cat?post=3114"},{"taxonomy":"product_tag","embeddable":true,"href":"https:\/\/www.alivitpharm.com\/fr\/wp-json\/wp\/v2\/product_tag?post=3114"}],"curies":[{"name":"wp","href":"https:\/\/api.w.org\/{rel}","templated":true}]}}