{"id":3116,"date":"2022-05-24T13:47:45","date_gmt":"2022-05-24T11:47:45","guid":{"rendered":"https:\/\/www.alivitpharm.com\/?post_type=product&#038;p=3116"},"modified":"2026-02-26T10:51:17","modified_gmt":"2026-02-26T08:51:17","slug":"digestiv","status":"publish","type":"product","link":"https:\/\/www.alivitpharm.com\/fr\/product\/digestiv\/","title":{"rendered":"DIGESTIV"},"content":{"rendered":"<div class=\"product-accordion\">\n<div class=\"btn\">\u00c0 PROPOS DE DIGESTIV<\/div>\n<div class=\"board\">\n<div><b>DIGESTIV\u00ae<\/b> contient six extraits de plantes dont les principes actifs agissent en synergie pour soulager les troubles digestifs. La camomille, la menthe poivr\u00e9e, le carvi, l'ang\u00e9lique et le romarin aident \u00e0 d\u00e9tendre les muscles lisses du tube digestif et \u00e0 r\u00e9duire les gaz. L'ail ferment\u00e9, associ\u00e9 \u00e0 la camomille et au carvi, stimule la motilit\u00e9 intestinale et favorise l'\u00e9limination des gaz, ce qui le rend id\u00e9al en cas de transit intestinal lent (\u00ab intestin paresseux \u00bb), de constipation et d'irr\u00e9gularit\u00e9s intestinales. Gr\u00e2ce \u00e0 l'activit\u00e9 antimicrobienne de l'ail ferment\u00e9 et aux propri\u00e9t\u00e9s gastroprotectrices de l'huile d'olive, cette formule favorise la r\u00e9g\u00e9n\u00e9ration des muqueuses gastriques et intestinales enflamm\u00e9es.<\/p>\n<p>Ces extraits de plantes sont \u00e9galement b\u00e9n\u00e9fiques pour les troubles digestifs tels que la dyspepsie fonctionnelle, le syndrome du c\u00f4lon irritable (SCI) et la gastrite, en aidant \u00e0 soulager les maux d'estomac, les ballonnements, les crampes digestives, les \u00e9ructations, les naus\u00e9es et les br\u00fblures d'estomac.<\/p>\n<\/div>\n<\/div>\n<div class=\"btn\">INGR\u00c9DIENTS<\/div>\n<div class=\"board\">\n<div>\n90 capsules molles g\u00e9latineuses<\/p>\n<p><b>\u2022<\/b> Extrait de <a class=\"custom-link\" href=\"\/fr\/black-garlic\/\">bulbe d'ail ferment\u00e9 <i>(Allium sativum)<\/i><\/a> dans de <a class=\"custom-link\" href=\"\/fr\/huile-d-olive\/\">l'huile d'olive<\/a>;<br \/>\n<b>\u2022<\/b> Extrait de <a class=\"custom-link\" href=\"\/fr\/camomille\/\">fleurs de camomille <i>(Matricaria recutita)<\/i><\/a> dans de <a class=\"custom-link\" href=\"\/fr\/huile-d-olive\/\">l'huile d'olive<\/a>;<br \/>\n<b>\u2022<\/b> Extrait de <a class=\"custom-link\" href=\"\/fr\/menthe\/\">feuilles de menthe <i>(Mentha \u00d7 piperita)<\/i><\/a> dans de <a class=\"custom-link\" href=\"\/fr\/huile-d-olive\/\">l'huile d'olive<\/a>;<br \/>\n<b>\u2022<\/b> Extrait de <a class=\"custom-link\" href=\"\/fr\/cumin\/\">fruits de cumin <i>(Carum carvi)<\/i><\/a> dans de <a class=\"custom-link\" href=\"\/fr\/huile-d-olive\/\">l'huile d'olive<\/a>;<br \/>\n<b>\u2022<\/b> Extrait de <a class=\"custom-link\" href=\"\/fr\/angelique\/\">racine d'ang\u00e9lique <i>(Angelica archangelica)<\/i><\/a> dans de <a class=\"custom-link\" href=\"\/fr\/huile-d-olive\/\">l'huile d'olive<\/a>;<br \/>\n<b>\u2022<\/b> Extrait de <a class=\"custom-link\" href=\"\/fr\/romarin\/\">feuilles de romarin <i>(Rosmarinus officinalis)<\/i><\/a> dans de <a class=\"custom-link\" href=\"\/fr\/huile-d-olive\/\">l'huile d'olive<\/a>;<br \/>\n<b>\u2022<\/b> G\u00e9latine bovine, glyc\u00e9rol, eau purifi\u00e9e, dioxyde de silicium, antioxydant: ac\u00e9tate de DL-\u03b1-tocoph\u00e9ryle, colorant: charbon v\u00e9g\u00e9tal;<\/div>\n<\/div>\n<div class=\"btn\">MODE D'EMPLOI<\/div>\n<div class=\"board\">\n<div>Il est recommand\u00e9 aux adultes de plus de 12 ans de prendre une capsule trois fois par jour, pendant ou apr\u00e8s un repas. Avaler la capsule enti\u00e8re avec un liquide. Le produit doit \u00eatre pris pendant une longue p\u00e9riode.<\/p>\n<p><b>AVERTISSEMENTS:<\/b><br \/>\n<b>\u2022<\/b> Ne pas d\u00e9passer la dose journali\u00e8re recommand\u00e9e.<br \/>\n<b>\u2022<\/b> Le produit n'est pas destin\u00e9 aux personnes de moins de 12 ans, aux femmes enceintes ou allaitantes.<br \/>\n<b>\u2022<\/b> Ne pas utiliser si vous \u00eates hypersensible \u00e0 l'un des ingr\u00e9dients.<br \/>\n<b>\u2022<\/b> Consultez votre m\u00e9decin si vous prenez des m\u00e9dicaments.<br \/>\n<b>\u2022<\/b> Ne pas prendre simultan\u00e9ment avec des m\u00e9dicaments anticoagulants.<br \/>\n<b>\u2022<\/b> Avant une intervention chirurgicale programm\u00e9e, il est n\u00e9cessaire d'arr\u00eater l'utilisation de ce produit.\n<\/div>\n<\/div>\n<\/div>","protected":false},"excerpt":{"rendered":"<div class=\"my-product-info\">\n<div class=\"two-categories\">\n<div>\n            <img decoding=\"async\" src=\"https:\/\/www.alivitpharm.com\/wp-content\/uploads\/2025\/05\/icon-9.png\" alt=\"100% naturel\" width=\"50px\" height=\"50px\" \/><\/p>\n<div>100% naturel<\/div>\n<\/p><\/div>\n<div>\n            <img decoding=\"async\" src=\"https:\/\/www.alivitpharm.com\/wp-content\/uploads\/2025\/05\/icon-10.png\" alt=\"Sans OGM\" width=\"50px\" height=\"50px\" \/><\/p>\n<div>Sans OGM<\/div>\n<\/p><\/div>\n<div>\n            <img decoding=\"async\" src=\"https:\/\/www.alivitpharm.com\/wp-content\/uploads\/2025\/05\/icon-15.png\" alt=\"Sans gluten\" width=\"50px\" height=\"50px\" \/><\/p>\n<div>Sans gluten<\/div>\n<\/p><\/div>\n<\/p><\/div>\n<\/div>\n<ul>\n<li>R\u00e9duit les ballonnements, les crampes, les naus\u00e9es et les br\u00fblures d'estomac.<\/li>\n<li>Acc\u00e9l\u00e8re l'\u00e9limination des gaz.<\/li>\n<li>Apaise l'inflammation de l'estomac et des muqueuses intestinales.<\/li>\n<li>Acc\u00e9l\u00e8re la digestion et r\u00e9gule le transit intestinal.<\/li>\n<li>Pr\u00e9biotique naturel.<\/li>\n<li>Aide au traitement de l' <i>Helicobacter pylori<\/i>.<\/li>\n<\/ul>\n<p><a class=\"category-pdf-btn\" href=\"https:\/\/www.alivitpharm.com\/wp-content\/uploads\/2025\/06\/gastrointestinal_and_liver_health_en.pdf\" target=\"_blank\" rel=\"noopener\">En savoir plus sur la sant\u00e9 gastro-intestinale et h\u00e9patique<\/a><\/p>","protected":false},"featured_media":13103,"comment_status":"open","ping_status":"closed","template":"","meta":{"site-sidebar-layout":"default","site-content-layout":"default","ast-global-header-display":"","ast-main-header-display":"","ast-hfb-above-header-display":"","ast-hfb-below-header-display":"","ast-hfb-mobile-header-display":"","site-post-title":"","ast-breadcrumbs-content":"","ast-featured-img":"","footer-sml-layout":"","theme-transparent-header-meta":"default","adv-header-id-meta":"","stick-header-meta":"","header-above-stick-meta":"","header-main-stick-meta":"","header-below-stick-meta":""},"product_brand":[],"product_cat":[170],"product_tag":[],"class_list":{"0":"post-3116","1":"product","2":"type-product","3":"status-publish","4":"has-post-thumbnail","6":"product_cat-digestive-system","7":"desktop-align-center","8":"tablet-align-center","9":"mobile-align-center","11":"first","12":"instock","13":"shipping-taxable","14":"purchasable","15":"product-type-simple"},"_links":{"self":[{"href":"https:\/\/www.alivitpharm.com\/fr\/wp-json\/wp\/v2\/product\/3116","targetHints":{"allow":["GET"]}}],"collection":[{"href":"https:\/\/www.alivitpharm.com\/fr\/wp-json\/wp\/v2\/product"}],"about":[{"href":"https:\/\/www.alivitpharm.com\/fr\/wp-json\/wp\/v2\/types\/product"}],"replies":[{"embeddable":true,"href":"https:\/\/www.alivitpharm.com\/fr\/wp-json\/wp\/v2\/comments?post=3116"}],"wp:featuredmedia":[{"embeddable":true,"href":"https:\/\/www.alivitpharm.com\/fr\/wp-json\/wp\/v2\/media\/13103"}],"wp:attachment":[{"href":"https:\/\/www.alivitpharm.com\/fr\/wp-json\/wp\/v2\/media?parent=3116"}],"wp:term":[{"taxonomy":"product_brand","embeddable":true,"href":"https:\/\/www.alivitpharm.com\/fr\/wp-json\/wp\/v2\/product_brand?post=3116"},{"taxonomy":"product_cat","embeddable":true,"href":"https:\/\/www.alivitpharm.com\/fr\/wp-json\/wp\/v2\/product_cat?post=3116"},{"taxonomy":"product_tag","embeddable":true,"href":"https:\/\/www.alivitpharm.com\/fr\/wp-json\/wp\/v2\/product_tag?post=3116"}],"curies":[{"name":"wp","href":"https:\/\/api.w.org\/{rel}","templated":true}]}}