{"id":3118,"date":"2022-05-24T13:49:50","date_gmt":"2022-05-24T11:49:50","guid":{"rendered":"https:\/\/www.alivitpharm.com\/?post_type=product&#038;p=3118"},"modified":"2026-02-10T15:41:06","modified_gmt":"2026-02-10T13:41:06","slug":"cardio-plus","status":"publish","type":"product","link":"https:\/\/www.alivitpharm.com\/fr\/product\/cardio-plus\/","title":{"rendered":"CARDIO PLUS"},"content":{"rendered":"<div class=\"product-accordion\">\n<div class=\"btn\">\u00c0 PROPOS DE CARDIO PLUS<\/div>\n<div class=\"board\">\n<div>\n      <b>CARDIO PLUS\u00ae<\/b> contient des ingr\u00e9dients d'origine v\u00e9g\u00e9tale qui contribuent au bon fonctionnement du syst\u00e8me cardiovasculaire et \u00e0 la pr\u00e9vention de l'insuffisance cardiaque. L'ail ferment\u00e9 offre une forte protection antioxydante, prot\u00e8ge les cellules myocardiques du stress oxydatif, contribue au maintien de taux normaux de cholest\u00e9rol total, LDL et HDL, et favorise un taux d'homocyst\u00e9ine sain. Les feuilles et les fleurs d'aub\u00e9pine am\u00e9liorent l'oxyg\u00e9nation et la circulation dans les tissus cardiaques, augmentent la force des contractions cardiaques et contribuent \u00e0 la r\u00e9gulation du rythme cardiaque. Associ\u00e9es au gui, elles contribuent \u00e0 r\u00e9duire l'hypertension art\u00e9rielle.<\/p>\n<p>Ce produit est particuli\u00e8rement recommand\u00e9 aux personnes souffrant d'hypercholest\u00e9rol\u00e9mie, d'insuffisance cardiaque pr\u00e9coce ou d'hypertension, ainsi qu'aux personnes en bonne sant\u00e9 ayant des ant\u00e9c\u00e9dents familiaux de maladies cardiovasculaires.\n    <\/p><\/div>\n<\/p><\/div>\n<div class=\"btn\">INGR\u00c9DIENTS<\/div>\n<div class=\"board\">\n<div>\n      90 capsules molles g\u00e9latineuses<\/p>\n<p>      <b>\u2022<\/b> Extrait de <a class=\"custom-link\" href=\"\/fr\/black-garlic\/\">bulbe d'ail ferment\u00e9 <i>(Allium sativum)<\/i><\/a> dans l'huile de soja;<br \/>\n      <b>\u2022<\/b> Extrait de <a class=\"custom-link\" href=\"\/fr\/aubepine-blanche-rouge\/\">feuille et fleur d'aub\u00e9pine blanche et rouge <i>(Crataegus monogyna, Crataegus oxyacantha)<\/i><\/a> dans l'huile de soja;<br \/>\n      <b>\u2022<\/b> Extrait de <a class=\"custom-link\" href=\"\/fr\/gui-blanc\/\">herbe de gui blanc <i>(Viscum album)<\/i><\/a> dans l'huile de soja;<br \/>\n      <b>\u2022<\/b> Antioxydant: vitamine E, g\u00e9latine bovine, glyc\u00e9rol, eau purifi\u00e9e, dioxyde de silicium, colorant: charbon v\u00e9g\u00e9tal;\n    <\/div>\n<\/p><\/div>\n<div class=\"btn\">MODE D'EMPLOI<\/div>\n<div class=\"board\">\n<div>\n      Pour les personnes de plus de 18 ans, il est recommand\u00e9 de prendre deux g\u00e9lules trois fois par jour, pendant ou apr\u00e8s un repas. Avaler la g\u00e9lule enti\u00e8re avec un verre d'eau. Convient aux personnes diab\u00e9tiques.<\/p>\n<p>      <b>AVERTISSEMENTS:<\/b><br \/>\n      <b>\u2022<\/b> Ne pas d\u00e9passer la dose journali\u00e8re recommand\u00e9e.<br \/>\n      <b>\u2022<\/b> Le produit n'est pas destin\u00e9 aux personnes de moins de 18 ans, aux femmes enceintes ou allaitantes, ainsi qu'aux personnes souffrant d'affections inflammatoires aigu\u00ebs et de tuberculose.<br \/>\n      <b>\u2022<\/b> Ne pas utiliser si vous \u00eates hypersensible \u00e0 l'un des ingr\u00e9dients.<br \/>\n      <b>\u2022<\/b> Consultez votre m\u00e9decin si vous prenez des m\u00e9dicaments.<br \/>\n      <b>\u2022<\/b> Ne pas prendre simultan\u00e9ment avec des m\u00e9dicaments anticoagulants.<br \/>\n      <b>\u2022<\/b> Une attention particuli\u00e8re est n\u00e9cessaire pour les patients prenant de la digoxine, des b\u00eata-bloquants ou des antiarythmiques. Nous conseillons de consulter un m\u00e9decin ou un pharmacien en cas de traitement cardiaque.<br \/>\n      <b>\u2022<\/b> Apr\u00e8s quatre mois d'utilisation, il est n\u00e9cessaire de faire une pause d'un mois.\n    <\/div>\n<\/p><\/div>\n<\/div>","protected":false},"excerpt":{"rendered":"<div class=\"my-product-info\">\n<div class=\"two-categories\">\n<div>\n            <img decoding=\"async\" src=\"https:\/\/www.alivitpharm.com\/wp-content\/uploads\/2025\/05\/icon-9.png\" alt=\"100% naturel\" width=\"50px\" height=\"50px\" \/><\/p>\n<div>100% naturel<\/div>\n<\/p><\/div>\n<div>\n            <img decoding=\"async\" src=\"https:\/\/www.alivitpharm.com\/wp-content\/uploads\/2025\/05\/icon-10.png\" alt=\"Sans OGM\" width=\"50px\" height=\"50px\" \/><\/p>\n<div>Sans OGM<\/div>\n<\/p><\/div>\n<div>\n            <img decoding=\"async\" src=\"https:\/\/www.alivitpharm.com\/wp-content\/uploads\/2025\/05\/icon-15.png\" alt=\"Sans gluten\" width=\"50px\" height=\"50px\" \/><\/p>\n<div>Sans gluten<\/div>\n<\/p><\/div>\n<\/p><\/div>\n<\/div>\n<ul>\n<li>R\u00e9duit l'hypertension art\u00e9rielle.<\/li>\n<li>R\u00e9duit les taux de graisse corporelle.<\/li>\n<li>Renforce le muscle cardiaque, aide en cas d'insuffisance cardiaque et d'angine de poitrine.<\/li>\n<li>Aide \u00e0 la r\u00e9cup\u00e9ration apr\u00e8s une crise cardiaque ou un accident vasculaire c\u00e9r\u00e9bral.<\/li>\n<li>Puissant antioxydant.<\/li>\n<\/ul>\n<p><a class=\"category-pdf-btn\" href=\"https:\/\/www.alivitpharm.com\/wp-content\/uploads\/2025\/06\/cardiovascular_health_en.pdf\" target=\"_blank\" rel=\"noopener\">En savoir plus sur la sant\u00e9 cardiovasculaire<\/a><\/p>","protected":false},"featured_media":13101,"comment_status":"open","ping_status":"closed","template":"","meta":{"site-sidebar-layout":"default","site-content-layout":"default","ast-global-header-display":"","ast-main-header-display":"","ast-hfb-above-header-display":"","ast-hfb-below-header-display":"","ast-hfb-mobile-header-display":"","site-post-title":"","ast-breadcrumbs-content":"","ast-featured-img":"","footer-sml-layout":"","theme-transparent-header-meta":"default","adv-header-id-meta":"","stick-header-meta":"","header-above-stick-meta":"","header-main-stick-meta":"","header-below-stick-meta":""},"product_brand":[],"product_cat":[169],"product_tag":[],"class_list":{"0":"post-3118","1":"product","2":"type-product","3":"status-publish","4":"has-post-thumbnail","6":"product_cat-cardiovascular-health","7":"desktop-align-center","8":"tablet-align-center","9":"mobile-align-center","11":"first","12":"instock","13":"shipping-taxable","14":"purchasable","15":"product-type-simple"},"_links":{"self":[{"href":"https:\/\/www.alivitpharm.com\/fr\/wp-json\/wp\/v2\/product\/3118","targetHints":{"allow":["GET"]}}],"collection":[{"href":"https:\/\/www.alivitpharm.com\/fr\/wp-json\/wp\/v2\/product"}],"about":[{"href":"https:\/\/www.alivitpharm.com\/fr\/wp-json\/wp\/v2\/types\/product"}],"replies":[{"embeddable":true,"href":"https:\/\/www.alivitpharm.com\/fr\/wp-json\/wp\/v2\/comments?post=3118"}],"wp:featuredmedia":[{"embeddable":true,"href":"https:\/\/www.alivitpharm.com\/fr\/wp-json\/wp\/v2\/media\/13101"}],"wp:attachment":[{"href":"https:\/\/www.alivitpharm.com\/fr\/wp-json\/wp\/v2\/media?parent=3118"}],"wp:term":[{"taxonomy":"product_brand","embeddable":true,"href":"https:\/\/www.alivitpharm.com\/fr\/wp-json\/wp\/v2\/product_brand?post=3118"},{"taxonomy":"product_cat","embeddable":true,"href":"https:\/\/www.alivitpharm.com\/fr\/wp-json\/wp\/v2\/product_cat?post=3118"},{"taxonomy":"product_tag","embeddable":true,"href":"https:\/\/www.alivitpharm.com\/fr\/wp-json\/wp\/v2\/product_tag?post=3118"}],"curies":[{"name":"wp","href":"https:\/\/api.w.org\/{rel}","templated":true}]}}