{"id":3120,"date":"2022-05-24T13:51:37","date_gmt":"2022-05-24T11:51:37","guid":{"rendered":"https:\/\/www.alivitpharm.com\/?post_type=product&#038;p=3120"},"modified":"2026-02-26T10:28:54","modified_gmt":"2026-02-26T08:28:54","slug":"neuro","status":"publish","type":"product","link":"https:\/\/www.alivitpharm.com\/fr\/product\/neuro\/","title":{"rendered":"NEURO"},"content":{"rendered":"<div class=\"product-accordion\">\n<div class=\"btn\">\u00c0 PROPOS DE NEURO<\/div>\n<div class=\"board\">\n<div><b>NEURO\u00ae<\/b> contient de l'ail ferment\u00e9, du romarin et du th\u00e9 vert, aux puissants effets antioxydants et neuroprotecteurs. Il est recommand\u00e9 pour la pr\u00e9vention et le soulagement des sympt\u00f4mes associ\u00e9s aux maladies neurod\u00e9g\u00e9n\u00e9ratives. Gr\u00e2ce \u00e0 leurs propri\u00e9t\u00e9s anti-inflammatoires et \u00e0 leur influence positive sur la microcirculation, ces plantes sont utilis\u00e9es pour soutenir les personnes atteintes de polyneuropathie diab\u00e9tique et de diverses radiculopathies, rendant NEURO particuli\u00e8rement efficace dans la pr\u00e9vention des complications diab\u00e9tiques. La lavande contribue \u00e0 l'\u00e9quilibre du syst\u00e8me nerveux, soulage l'\u00e9puisement nerveux et les troubles du sommeil, et renforce les effets calmants du produit.<\/p>\n<p>L'ail ferment\u00e9 poss\u00e8de des effets antioxydants (neutralise les radicaux libres et prot\u00e8ge les cellules du stress oxydatif), une activit\u00e9 anti-inflammatoire (r\u00e9duit le risque de r\u00e9actions inflammatoires) et constitue un traitement de soutien pour les maladies neurod\u00e9g\u00e9n\u00e9ratives telles que la d\u00e9mence, la maladie d'Alzheimer et la maladie de Parkinson. En m\u00e9decine persane, parall\u00e8lement aux traitements pharmacologiques, divers rem\u00e8des \u00e0 base de plantes et d'animaux sont utilis\u00e9s pour freiner la progression de la maladie, l'ail \u00e9tant l'un des ingr\u00e9dients cl\u00e9s gr\u00e2ce \u00e0 son potentiel antioxydant et anti-inflammatoire.<\/p>\n<p>Les vitamines B1 et B6 contribuent au bon fonctionnement psychologique et au bon fonctionnement du syst\u00e8me nerveux. La vitamine B2 soutient le m\u00e9tabolisme \u00e9nerg\u00e9tique et prot\u00e8ge les cellules du stress oxydatif. Le s\u00e9l\u00e9nium contribue \u00e0 r\u00e9duire l'anxi\u00e9t\u00e9, la d\u00e9pression et la fatigue et, associ\u00e9 \u00e0 d'autres antioxydants, peut am\u00e9liorer l'humeur et la circulation sanguine c\u00e9r\u00e9brale. La vitamine E et le s\u00e9l\u00e9nium contribuent \u00e0 la protection des cellules contre les dommages oxydatifs.<\/p>\n<\/div>\n<\/div>\n<div class=\"btn\">INGR\u00c9DIENTS<\/div>\n<div class=\"board\">\n<div>\n90 capsules molles g\u00e9latineuses<\/p>\n<p><b>\u2022<\/b> Extrait de <a class=\"custom-link\" href=\"\/fr\/black-garlic\/\">bulbe d'ail ferment\u00e9 <i>(Allium sativum)<\/i><\/a> dans l'huile de soja;<br \/>\n<b>\u2022<\/b> Extrait de <a class=\"custom-link\" href=\"\/fr\/lavande\/\">fleur de lavande <i>(Lavandula angustifolia)<\/i><\/a> dans l'huile de soja;<br \/>\n<b>\u2022<\/b> Extrait de <a class=\"custom-link\" href=\"\/fr\/romarin\/\">feuilles de romarin <i>(Rosmarinus officinalis)<\/i><\/a> dans l'huile de soja;<br \/>\n<b>\u2022<\/b> Extrait de <a class=\"custom-link\" href=\"\/fr\/the-vert\/\">feuille de th\u00e9 vert <i>(Camellia sinensis)<\/i><\/a> dans l'huile de soja;<br \/>\n<b>\u2022<\/b> <a class=\"custom-link\" href=\"\/fr\/acide-alpha-lipoique\/\">Acide alpha-lipo\u00efque<\/a>;<br \/>\n<b>\u2022<\/b> <a class=\"custom-link\" href=\"\/fr\/vitamin-e\/\">Ac\u00e9tate de DL-\u03b1-tocoph\u00e9ryle (vitamine E)<\/a>;<br \/>\n<b>\u2022<\/b> <a class=\"custom-link\" href=\"\/fr\/vitamin-b6\/\">Chlorhydrate de pyridoxine (vitamine B6)<\/a>;<br \/>\n<b>\u2022<\/b> <a class=\"custom-link\" href=\"\/fr\/vitamin-b2\/\">Riboflavine (vitamine B2)<\/a>;<br \/>\n<b>\u2022<\/b> <a class=\"custom-link\" href=\"\/fr\/vitamin-b1\/\">Mononitrate de thiamine (vitamine B1)<\/a>;<br \/>\n<b>\u2022<\/b> <a class=\"custom-link\" href=\"\/fr\/selenium\/\">S\u00e9l\u00e9nite de sodium (s\u00e9l\u00e9nium)<\/a>;<br \/>\n<b>\u2022<\/b> G\u00e9latine bovine, glyc\u00e9rol, eau purifi\u00e9e, colorant: charbon v\u00e9g\u00e9tal;<\/div>\n<\/div>\n<div class=\"btn\">MODE D'EMPLOI<\/div>\n<div class=\"board\">\n<div>Pour les personnes de plus de 18 ans, il est recommand\u00e9 de prendre une capsule deux fois par jour, pendant ou apr\u00e8s un repas. Avaler la capsule enti\u00e8re avec un liquide. Ce produit doit \u00eatre pris pendant une longue p\u00e9riode. Convient aux personnes diab\u00e9tiques.<\/p>\n<p><b>AVERTISSEMENTS:<\/b><br \/>\n<b>\u2022<\/b> Ne pas d\u00e9passer la dose journali\u00e8re recommand\u00e9e.<br \/>\n<b>\u2022<\/b> Le produit n'est pas destin\u00e9 aux personnes de moins de 18 ans, aux femmes enceintes ou allaitantes.<br \/>\n<b>\u2022<\/b> Ne pas utiliser si vous \u00eates hypersensible \u00e0 l'un des ingr\u00e9dients.<br \/>\n<b>\u2022<\/b> Consultez votre m\u00e9decin si vous prenez des m\u00e9dicaments.<br \/>\n<b>\u2022<\/b> Ne pas prendre simultan\u00e9ment avec des m\u00e9dicaments anticoagulants.<br \/>\n<b>\u2022<\/b> Avant une intervention chirurgicale programm\u00e9e, il est n\u00e9cessaire d'arr\u00eater l'utilisation de ce produit.\n<\/div>\n<\/div>\n<\/div>","protected":false},"excerpt":{"rendered":"<div class=\"my-product-info\">\n<div class=\"two-categories\">\n<div>\n            <img decoding=\"async\" src=\"https:\/\/www.alivitpharm.com\/wp-content\/uploads\/2025\/05\/icon-9.png\" alt=\"100% naturel\" width=\"50px\" height=\"50px\" \/><\/p>\n<div>100% naturel<\/div>\n<\/p><\/div>\n<div>\n            <img decoding=\"async\" src=\"https:\/\/www.alivitpharm.com\/wp-content\/uploads\/2025\/05\/icon-10.png\" alt=\"Sans OGM\" width=\"50px\" height=\"50px\" \/><\/p>\n<div>Sans OGM<\/div>\n<\/p><\/div>\n<div>\n            <img decoding=\"async\" src=\"https:\/\/www.alivitpharm.com\/wp-content\/uploads\/2025\/05\/icon-15.png\" alt=\"Sans gluten\" width=\"50px\" height=\"50px\" \/><\/p>\n<div>Sans gluten<\/div>\n<\/p><\/div>\n<\/p><\/div>\n<\/div>\n<ul>\n<li>A un effet neuroprotecteur.<\/li>\n<li>Aide \u00e0 lutter contre les maladies neurod\u00e9g\u00e9n\u00e9ratives et les troubles du sommeil.<\/li>\n<li>Prot\u00e8ge le syst\u00e8me nerveux des dommages caus\u00e9s par le stress oxydatif.<\/li>\n<li>Am\u00e9liore les fonctions cognitives.<\/li>\n<li>Pr\u00e9vient le d\u00e9veloppement de polyneuropathies chez les diab\u00e9tiques.<\/li>\n<\/ul>\n<p><a class=\"category-pdf-btn\" href=\"https:\/\/www.alivitpharm.com\/wp-content\/uploads\/2025\/07\/phytotherapy_for_neurodegeneration_and_oxidative_stress_en.pdf\" target=\"_blank\" rel=\"noopener\">En savoir plus sur la phytoth\u00e9rapie pour la neurod\u00e9g\u00e9n\u00e9rescence et le stress oxydatif<\/a><\/p>","protected":false},"featured_media":13119,"comment_status":"open","ping_status":"closed","template":"","meta":{"site-sidebar-layout":"default","site-content-layout":"default","ast-global-header-display":"","ast-main-header-display":"","ast-hfb-above-header-display":"","ast-hfb-below-header-display":"","ast-hfb-mobile-header-display":"","site-post-title":"","ast-breadcrumbs-content":"","ast-featured-img":"","footer-sml-layout":"","theme-transparent-header-meta":"default","adv-header-id-meta":"","stick-header-meta":"","header-above-stick-meta":"","header-main-stick-meta":"","header-below-stick-meta":""},"product_brand":[],"product_cat":[175],"product_tag":[],"class_list":{"0":"post-3120","1":"product","2":"type-product","3":"status-publish","4":"has-post-thumbnail","6":"product_cat-nervous-system-protection","7":"desktop-align-center","8":"tablet-align-center","9":"mobile-align-center","11":"first","12":"instock","13":"shipping-taxable","14":"purchasable","15":"product-type-simple"},"_links":{"self":[{"href":"https:\/\/www.alivitpharm.com\/fr\/wp-json\/wp\/v2\/product\/3120","targetHints":{"allow":["GET"]}}],"collection":[{"href":"https:\/\/www.alivitpharm.com\/fr\/wp-json\/wp\/v2\/product"}],"about":[{"href":"https:\/\/www.alivitpharm.com\/fr\/wp-json\/wp\/v2\/types\/product"}],"replies":[{"embeddable":true,"href":"https:\/\/www.alivitpharm.com\/fr\/wp-json\/wp\/v2\/comments?post=3120"}],"wp:featuredmedia":[{"embeddable":true,"href":"https:\/\/www.alivitpharm.com\/fr\/wp-json\/wp\/v2\/media\/13119"}],"wp:attachment":[{"href":"https:\/\/www.alivitpharm.com\/fr\/wp-json\/wp\/v2\/media?parent=3120"}],"wp:term":[{"taxonomy":"product_brand","embeddable":true,"href":"https:\/\/www.alivitpharm.com\/fr\/wp-json\/wp\/v2\/product_brand?post=3120"},{"taxonomy":"product_cat","embeddable":true,"href":"https:\/\/www.alivitpharm.com\/fr\/wp-json\/wp\/v2\/product_cat?post=3120"},{"taxonomy":"product_tag","embeddable":true,"href":"https:\/\/www.alivitpharm.com\/fr\/wp-json\/wp\/v2\/product_tag?post=3120"}],"curies":[{"name":"wp","href":"https:\/\/api.w.org\/{rel}","templated":true}]}}