{"id":3122,"date":"2022-05-24T14:11:03","date_gmt":"2022-05-24T12:11:03","guid":{"rendered":"https:\/\/www.alivitpharm.com\/?post_type=product&#038;p=3122"},"modified":"2026-02-10T15:48:31","modified_gmt":"2026-02-10T13:48:31","slug":"prostat","status":"publish","type":"product","link":"https:\/\/www.alivitpharm.com\/fr\/product\/prostat\/","title":{"rendered":"PROSTAT"},"content":{"rendered":"<div class=\"product-accordion\">\n<div class=\"btn\">\u00c0 PROPOS DE PROSTAT<\/div>\n<div class=\"board\">\n<div><b>PROSTAT\u00ae<\/b> contient des extraits de plantes qui soulagent les sympt\u00f4mes associ\u00e9s \u00e0 l'hyperplasie b\u00e9nigne de la prostate (HBP), tels que les mictions fr\u00e9quentes et difficiles, et sont \u00e9galement b\u00e9n\u00e9fiques en cas de prostatite aigu\u00eb.<\/p>\n<p>Les composants actifs de l'ail frais et ferment\u00e9 exercent des effets antioxydants, antibact\u00e9riens et antifongiques. Ils r\u00e9duisent la synth\u00e8se des cytokines inflammatoires et agissent sur les terminaisons nerveuses de la paroi v\u00e9sicale, am\u00e9liorant ainsi l'\u00e9lasticit\u00e9 et le cycle de contraction-relaxation du muscle lisse de la vessie. En synergie avec l'huile de p\u00e9pins de courge, ces effets contribuent \u00e0 l'efficacit\u00e9 de PROSTAT dans le soulagement des sympt\u00f4mes de l'HBP, de la prostatite aigu\u00eb et des troubles de la fonction v\u00e9sicale.<\/p>\n<\/div>\n<\/div>\n<div class=\"btn\">INGR\u00c9DIENTS<\/div>\n<div class=\"board\">\n<div>\n60 capsules molles g\u00e9latineuses<\/p>\n<p><b>\u2022<\/b> Extrait de <a class=\"custom-link\" href=\"\/fr\/black-garlic\/\">bulbe d'ail ferment\u00e9 <i>(Allium sativum)<\/i><\/a> dans de <a class=\"custom-link\" href=\"\/fr\/graines-de-courge\/\">l'huile de graines de courge<\/a>;<br \/>\n<b>\u2022<\/b> Extrait de <a class=\"custom-link\" href=\"\/fr\/ail\/\">bulbe d'ail frais <i>(Allium sativum)<\/i><\/a> dans de <a class=\"custom-link\" href=\"\/fr\/graines-de-courge\/\">l'huile de graines de courge<\/a>;<br \/>\n<b>\u2022<\/b> G\u00e9latine bovine, glyc\u00e9rol, eau purifi\u00e9e, dioxyde de silicium, antioxydant: vitamine E;<\/div>\n<\/div>\n<div class=\"btn\">MODE D'EMPLOI<\/div>\n<div class=\"board\">\n<div>Pour les personnes de plus de 18 ans, il est recommand\u00e9 de prendre une capsule trois fois par jour, pendant ou apr\u00e8s un repas. Avaler la capsule enti\u00e8re avec un liquide. Convient aux personnes diab\u00e9tiques.<\/p>\n<p><b>AVERTISSEMENTS:<\/b><br \/>\n<b>\u2022<\/b> Ne pas d\u00e9passer la dose journali\u00e8re recommand\u00e9e.<br \/>\n<b>\u2022<\/b> Le produit n'est pas destin\u00e9 aux personnes de moins de 18 ans ni \u00e0 celles ayant une fonction h\u00e9patique alt\u00e9r\u00e9e.<br \/>\n<b>\u2022<\/b> Ce produit doit \u00eatre pris pendant une longue p\u00e9riode.<br \/>\n<b>\u2022<\/b> Ne pas utiliser si vous \u00eates hypersensible \u00e0 l'un des ingr\u00e9dients.<br \/>\n<b>\u2022<\/b> Consultez votre m\u00e9decin si vous prenez des m\u00e9dicaments.<br \/>\n<b>\u2022<\/b> Les capsules ne doivent pas \u00eatre utilis\u00e9es en m\u00eame temps que des m\u00e9dicaments anticoagulants, car cela peut augmenter le risque de saignement.<br \/>\n<b>\u2022<\/b> Avant une intervention chirurgicale programm\u00e9e, il est n\u00e9cessaire d'arr\u00eater d'utiliser le produit, car il peut influencer la prolongation du temps de coagulation du sang.\n<\/div>\n<\/div>\n<\/div>","protected":false},"excerpt":{"rendered":"<div class=\"my-product-info\">\n<div class=\"two-categories\">\n<div>\n            <img decoding=\"async\" src=\"https:\/\/www.alivitpharm.com\/wp-content\/uploads\/2025\/05\/icon-9.png\" alt=\"100% naturel\" width=\"50px\" height=\"50px\" \/><\/p>\n<div>100% naturel<\/div>\n<\/p><\/div>\n<div>\n            <img decoding=\"async\" src=\"https:\/\/www.alivitpharm.com\/wp-content\/uploads\/2025\/05\/icon-10.png\" alt=\"Sans OGM\" width=\"50px\" height=\"50px\" \/><\/p>\n<div>Sans OGM<\/div>\n<\/p><\/div>\n<div>\n            <img decoding=\"async\" src=\"https:\/\/www.alivitpharm.com\/wp-content\/uploads\/2025\/05\/icon-15.png\" alt=\"Sans gluten\" width=\"50px\" height=\"50px\" \/><\/p>\n<div>Sans gluten<\/div>\n<\/p><\/div>\n<\/p><\/div>\n<\/div>\n<ul>\n<li>Aide \u00e0 lutter contre l'hyperplasie b\u00e9nigne de la prostate.<\/li>\n<li>R\u00e9duit les sympt\u00f4mes de la prostatite aigu\u00eb.<\/li>\n<li>Aide \u00e0 lutter contre l'incontinence chez les femmes et les hommes.<\/li>\n<li>Soulage les mictions difficiles et fr\u00e9quentes.<\/li>\n<\/ul>\n<p><a class=\"category-pdf-btn\" href=\"https:\/\/www.alivitpharm.com\/wp-content\/uploads\/2025\/06\/the_urogenital_tract_en.pdf\" target=\"_blank\" rel=\"noopener\">En savoir plus sur le syst\u00e8me urog\u00e9nital<\/a><\/p>","protected":false},"featured_media":13231,"comment_status":"open","ping_status":"closed","template":"","meta":{"site-sidebar-layout":"default","site-content-layout":"default","ast-global-header-display":"","ast-main-header-display":"","ast-hfb-above-header-display":"","ast-hfb-below-header-display":"","ast-hfb-mobile-header-display":"","site-post-title":"","ast-breadcrumbs-content":"","ast-featured-img":"","footer-sml-layout":"","theme-transparent-header-meta":"default","adv-header-id-meta":"","stick-header-meta":"","header-above-stick-meta":"","header-main-stick-meta":"","header-below-stick-meta":""},"product_brand":[],"product_cat":[179],"product_tag":[],"class_list":{"0":"post-3122","1":"product","2":"type-product","3":"status-publish","4":"has-post-thumbnail","6":"product_cat-mens-health","7":"desktop-align-center","8":"tablet-align-center","9":"mobile-align-center","11":"first","12":"instock","13":"shipping-taxable","14":"purchasable","15":"product-type-simple"},"_links":{"self":[{"href":"https:\/\/www.alivitpharm.com\/fr\/wp-json\/wp\/v2\/product\/3122","targetHints":{"allow":["GET"]}}],"collection":[{"href":"https:\/\/www.alivitpharm.com\/fr\/wp-json\/wp\/v2\/product"}],"about":[{"href":"https:\/\/www.alivitpharm.com\/fr\/wp-json\/wp\/v2\/types\/product"}],"replies":[{"embeddable":true,"href":"https:\/\/www.alivitpharm.com\/fr\/wp-json\/wp\/v2\/comments?post=3122"}],"wp:featuredmedia":[{"embeddable":true,"href":"https:\/\/www.alivitpharm.com\/fr\/wp-json\/wp\/v2\/media\/13231"}],"wp:attachment":[{"href":"https:\/\/www.alivitpharm.com\/fr\/wp-json\/wp\/v2\/media?parent=3122"}],"wp:term":[{"taxonomy":"product_brand","embeddable":true,"href":"https:\/\/www.alivitpharm.com\/fr\/wp-json\/wp\/v2\/product_brand?post=3122"},{"taxonomy":"product_cat","embeddable":true,"href":"https:\/\/www.alivitpharm.com\/fr\/wp-json\/wp\/v2\/product_cat?post=3122"},{"taxonomy":"product_tag","embeddable":true,"href":"https:\/\/www.alivitpharm.com\/fr\/wp-json\/wp\/v2\/product_tag?post=3122"}],"curies":[{"name":"wp","href":"https:\/\/api.w.org\/{rel}","templated":true}]}}