{"id":3124,"date":"2022-05-24T14:13:40","date_gmt":"2022-05-24T12:13:40","guid":{"rendered":"https:\/\/www.alivitpharm.com\/?post_type=product&#038;p=3124"},"modified":"2026-02-26T11:15:21","modified_gmt":"2026-02-26T09:15:21","slug":"immuno-active","status":"publish","type":"product","link":"https:\/\/www.alivitpharm.com\/fr\/product\/immuno-active\/","title":{"rendered":"IMMUNO ACTIVE"},"content":{"rendered":"<div class=\"product-accordion\">\n<div class=\"btn\">\u00c0 PROPOS D'IMMUNO ACTIVE<\/div>\n<div class=\"board\">\n<div><b>IMMUNO ACTIVE\u00ae<\/b> contient des ingr\u00e9dients d'origine v\u00e9g\u00e9tale utilis\u00e9s pour renforcer le syst\u00e8me immunitaire, notamment chez les patients immunod\u00e9prim\u00e9s, les personnes souffrant de maladies chroniques, les personnes soumises \u00e0 un stress physique ou psychologique important, ou celles sujettes \u00e0 des infections fr\u00e9quentes. L'ail ferment\u00e9 aide l'organisme \u00e0 r\u00e9agir au stress et soutient la sant\u00e9 immunitaire gr\u00e2ce \u00e0 ses propri\u00e9t\u00e9s antibact\u00e9riennes et antioxydantes. Il est traditionnellement utilis\u00e9 pour soulager les sympt\u00f4mes du rhume et de la grippe. L'ail ferment\u00e9, le sureau, le cynorhodon et le rhizome de gingembre sont de puissants antioxydants dot\u00e9s d'une forte activit\u00e9 antimicrobienne. Ensemble, ils contribuent \u00e0 renforcer l'immunit\u00e9 affaiblie et \u00e0 pr\u00e9venir les infections respiratoires et urinaires, la toux, les maux de gorge et l'inflammation des muqueuses. La vitamine C agit comme antioxydant et joue un r\u00f4le crucial dans le soutien immunitaire. Elle contribue \u00e9galement \u00e0 l'absorption du fer et \u00e0 la formation des globules rouges. La vitamine D3 favorise l'absorption du calcium et du phosphore et contribue au maintien d'une fonction osseuse et musculaire normale, tout en jouant un r\u00f4le dans la division cellulaire. Le zinc et le s\u00e9l\u00e9nium contribuent \u00e0 \u00e9quilibrer l'activit\u00e9 hormonale, am\u00e9liorant ainsi la r\u00e9sistance et la r\u00e9silience immunitaire de l'organisme.<\/div>\n<\/div>\n<div class=\"btn\">INGR\u00c9DIENTS<\/div>\n<div class=\"board\">\n<div>\n90 capsules molles g\u00e9latineuses<\/p>\n<p><b>\u2022<\/b> Extrait de <a class=\"custom-link\" href=\"\/fr\/black-garlic\/\">bulbe d'ail ferment\u00e9 <i>(Allium sativum)<\/i><\/a> dans l'huile de soja;<br \/>\n<b>\u2022<\/b> Extrait de <a class=\"custom-link\" href=\"\/fr\/sureau-noir\/\">fruit de sureau noir <i>(Sambucus nigra)<\/i><\/a> dans l'huile de soja;<br \/>\n<b>\u2022<\/b> Extrait de <a class=\"custom-link\" href=\"\/fr\/gingembre\/\">rhizome de gingembre <i>(Zingiber officinale)<\/i><\/a> dans l'huile de soja;<br \/>\n<b>\u2022<\/b> Extrait de <a class=\"custom-link\" href=\"\/fr\/rosier-des-chiens-cynorrhodon\/\">fruit de rose sauvage <i>(Rosa canina)<\/i><\/a> dans l'huile de soja;<br \/>\n<b>\u2022<\/b> <a class=\"custom-link\" href=\"\/fr\/vitamin-c\/\">Palmitate d'ascorbyle (vitamine C)<\/a>;<br \/>\n<b>\u2022<\/b> <a class=\"custom-link\" href=\"\/fr\/vitamin-d3\/\">Chol\u00e9calcif\u00e9rol (vitamine D3)<\/a>;<br \/>\n<b>\u2022<\/b> <a class=\"custom-link\" href=\"\/fr\/selenium\/\">S\u00e9l\u00e9nite de sodium (s\u00e9l\u00e9nium)<\/a>;<br \/>\n<b>\u2022<\/b> <a class=\"custom-link\" href=\"\/fr\/zinc\/\">Citrate de zinc trihydrat\u00e9 (zinc)<\/a>;<br \/>\n<b>\u2022<\/b> G\u00e9latine bovine, glyc\u00e9rol, eau purifi\u00e9e, dioxyde de silicium, antioxydant: ac\u00e9tate de DL-\u03b1-tocoph\u00e9ryle, colorant: charbon v\u00e9g\u00e9tal;<\/div>\n<\/div>\n<div class=\"btn\">MODE D'EMPLOI<\/div>\n<div class=\"board\">\n<div>Il est recommand\u00e9 aux adultes de prendre une capsule deux fois par jour, pendant ou apr\u00e8s un repas, et aux enfants de plus de 12 ans, une capsule par jour. Avaler la capsule enti\u00e8re avec un liquide. Le produit peut \u00eatre pris pendant une longue p\u00e9riode. Convient aux personnes diab\u00e9tiques.<\/p>\n<p><b>AVERTISSEMENTS:<\/b><br \/>\n<b>\u2022<\/b> Ne pas d\u00e9passer la dose journali\u00e8re recommand\u00e9e.<br \/>\n<b>\u2022<\/b> Le produit n'est pas destin\u00e9 aux personnes de moins de 12 ans, aux femmes enceintes ou allaitantes et aux personnes souffrant d'insuffisance h\u00e9patique.<br \/>\n<b>\u2022<\/b> Ne pas utiliser si vous \u00eates hypersensible \u00e0 l'un des ingr\u00e9dients.<br \/>\n<b>\u2022<\/b> Consultez votre m\u00e9decin si vous prenez des m\u00e9dicaments.<br \/>\n<b>\u2022<\/b> Ne pas prendre simultan\u00e9ment avec des m\u00e9dicaments anticoagulants.<br \/>\n<b>\u2022<\/b> Avant une intervention chirurgicale programm\u00e9e, il est n\u00e9cessaire d'arr\u00eater l'utilisation de ce produit.\n<\/div>\n<\/div>\n<\/div>","protected":false},"excerpt":{"rendered":"<div class=\"my-product-info\">\n<div class=\"two-categories\">\n<div>\n            <img decoding=\"async\" src=\"https:\/\/www.alivitpharm.com\/wp-content\/uploads\/2025\/05\/icon-9.png\" alt=\"100% naturel\" width=\"50px\" height=\"50px\" \/><\/p>\n<div>100% naturel<\/div>\n<\/p><\/div>\n<div>\n            <img decoding=\"async\" src=\"https:\/\/www.alivitpharm.com\/wp-content\/uploads\/2025\/05\/icon-10.png\" alt=\"Sans OGM\" width=\"50px\" height=\"50px\" \/><\/p>\n<div>Sans OGM<\/div>\n<\/p><\/div>\n<div>\n            <img decoding=\"async\" src=\"https:\/\/www.alivitpharm.com\/wp-content\/uploads\/2025\/05\/icon-15.png\" alt=\"Sans gluten\" width=\"50px\" height=\"50px\" \/><\/p>\n<div>Sans gluten<\/div>\n<\/p><\/div>\n<\/p><\/div>\n<\/div>\n<ul>\n<li>Renforce un syst\u00e8me immunitaire affaibli.<\/li>\n<li>Pr\u00e9vient les infections des voies respiratoires sup\u00e9rieures.<\/li>\n<li>Acc\u00e9l\u00e8re la gu\u00e9rison des infections caus\u00e9es par le virus de la grippe et le coronavirus.<\/li>\n<li>Aide \u00e0 lutter contre les allergies saisonni\u00e8res.<\/li>\n<li>Puissant antioxydant.<\/li>\n<\/ul>\n<p><a class=\"category-pdf-btn\" href=\"https:\/\/www.alivitpharm.com\/wp-content\/uploads\/2025\/07\/phytotherapy_for_immune_system_en.pdf\" target=\"_blank\" rel=\"noopener\">Apprenez-en davantage sur le syst\u00e8me immunitaire<\/a><\/p>\n<div class=\"product-packages\">\n<h4>Choisissez votre forfait<\/h4>\n<div class=\"package-item active\">1 paquet (45 jours d'utilisation)<\/div>\n<div class=\"package-item\">2 paquets (90 jours d'utilisation) \u2013 <b>\u00c9conomisez 10%<\/b><\/div>\n<div class=\"package-item\">3 paquets (135 jours d'utilisation) \u2013 <b>\u00c9conomisez 15%<\/b><\/div>\n<\/div>","protected":false},"featured_media":13105,"comment_status":"open","ping_status":"closed","template":"","meta":{"site-sidebar-layout":"default","site-content-layout":"default","ast-global-header-display":"","ast-main-header-display":"","ast-hfb-above-header-display":"","ast-hfb-below-header-display":"","ast-hfb-mobile-header-display":"","site-post-title":"","ast-breadcrumbs-content":"","ast-featured-img":"","footer-sml-layout":"","theme-transparent-header-meta":"default","adv-header-id-meta":"","stick-header-meta":"","header-above-stick-meta":"","header-main-stick-meta":"","header-below-stick-meta":""},"product_brand":[],"product_cat":[174,177],"product_tag":[],"class_list":{"0":"post-3124","1":"product","2":"type-product","3":"status-publish","4":"has-post-thumbnail","6":"product_cat-immune-system","7":"product_cat-urinary-infections","8":"desktop-align-center","9":"tablet-align-center","10":"mobile-align-center","12":"first","13":"instock","14":"shipping-taxable","15":"purchasable","16":"product-type-simple"},"_links":{"self":[{"href":"https:\/\/www.alivitpharm.com\/fr\/wp-json\/wp\/v2\/product\/3124","targetHints":{"allow":["GET"]}}],"collection":[{"href":"https:\/\/www.alivitpharm.com\/fr\/wp-json\/wp\/v2\/product"}],"about":[{"href":"https:\/\/www.alivitpharm.com\/fr\/wp-json\/wp\/v2\/types\/product"}],"replies":[{"embeddable":true,"href":"https:\/\/www.alivitpharm.com\/fr\/wp-json\/wp\/v2\/comments?post=3124"}],"wp:featuredmedia":[{"embeddable":true,"href":"https:\/\/www.alivitpharm.com\/fr\/wp-json\/wp\/v2\/media\/13105"}],"wp:attachment":[{"href":"https:\/\/www.alivitpharm.com\/fr\/wp-json\/wp\/v2\/media?parent=3124"}],"wp:term":[{"taxonomy":"product_brand","embeddable":true,"href":"https:\/\/www.alivitpharm.com\/fr\/wp-json\/wp\/v2\/product_brand?post=3124"},{"taxonomy":"product_cat","embeddable":true,"href":"https:\/\/www.alivitpharm.com\/fr\/wp-json\/wp\/v2\/product_cat?post=3124"},{"taxonomy":"product_tag","embeddable":true,"href":"https:\/\/www.alivitpharm.com\/fr\/wp-json\/wp\/v2\/product_tag?post=3124"}],"curies":[{"name":"wp","href":"https:\/\/api.w.org\/{rel}","templated":true}]}}