{"id":8642,"date":"2023-02-28T14:44:50","date_gmt":"2023-02-28T12:44:50","guid":{"rendered":"https:\/\/www.alivitpharm.com\/?post_type=product&#038;p=8642"},"modified":"2026-03-10T11:26:47","modified_gmt":"2026-03-10T09:26:47","slug":"prostat-plus","status":"publish","type":"product","link":"https:\/\/www.alivitpharm.com\/fr\/product\/prostat-plus\/","title":{"rendered":"PROSTAT PLUS"},"content":{"rendered":"<div class=\"product-accordion\">\n<div class=\"btn\">\u00c0 PROPOS DE PROSTAT PLUS<\/div>\n<div class=\"board\">\n<div><b>PROSTAT PLUS\u00ae<\/b> contient des extraits de plantes utilis\u00e9s pour soulager les sympt\u00f4mes associ\u00e9s \u00e0 l'hyperplasie b\u00e9nigne de la prostate, tels que les mictions fr\u00e9quentes et difficiles, ainsi que la prostatite chronique.<\/p>\n<p>Les ingr\u00e9dients actifs de l'ail frais et ferment\u00e9 agissent comme antioxydants, antibact\u00e9riens et antifongiques. Ils r\u00e9duisent la production de cytokines inflammatoires et am\u00e9liorent la souplesse des muscles lisses de la vessie en agissant sur les terminaisons nerveuses. Le curcuma poss\u00e8de des propri\u00e9t\u00e9s antimicrobiennes, antioxydantes et anti-inflammatoires. Il contribue \u00e0 r\u00e9duire la synth\u00e8se de cytokines et \u00e0 soulager les sympt\u00f4mes de la prostatite chronique. Le poivre noir am\u00e9liore la biodisponibilit\u00e9 de nombreux compos\u00e9s actifs, dont la curcumine. L'\u00e9pilobe est b\u00e9n\u00e9fique non seulement pour la sant\u00e9 de la prostate, mais aussi pour les affections v\u00e9sicales et r\u00e9nales. L'ortie a un effet diur\u00e9tique, favorise le flux urinaire et poss\u00e8de des propri\u00e9t\u00e9s anti-inflammatoires, ce qui la rend utile dans diverses infections urinaires. Associ\u00e9s \u00e0 l'huile de p\u00e9pins de courge, ces extraits de plantes aident \u00e0 soulager les sympt\u00f4mes de l'HBP, de la prostatite chronique et des troubles de la fonction v\u00e9sicale.<\/p>\n<\/div>\n<\/div>\n<div class=\"btn\">INGR\u00c9DIENTS<\/div>\n<div class=\"board\">\n<div>\n90 capsules molles g\u00e9latineuses<\/p>\n<p><b>\u2022<\/b> Extrait de <a class=\"custom-link\" href=\"\/fr\/black-garlic\/\">bulbe d'ail ferment\u00e9 <i>(Allium sativum)<\/i><\/a> dans de <a class=\"custom-link\" href=\"\/fr\/graines-de-courge\/\">l'huile de graines de courge<\/a>;<br \/>\n<b>\u2022<\/b> Extrait de <a class=\"custom-link\" href=\"\/fr\/epilobe\/\">herbe de l'epilobe <i>(Epilobium parviflorum)<\/i><\/a> dans de l'huile de colza;<br \/>\n<b>\u2022<\/b> Extrait de <a class=\"custom-link\" href=\"\/fr\/curcuma\/\">racine de curcuma <i>(Curcuma longa)<\/i><\/a> dans de l'huile de colza;<br \/>\n<b>\u2022<\/b> Extrait de <a class=\"custom-link\" href=\"\/fr\/ortie\/\">feuille et racine d'ortie <i>(Urtica dioica)<\/i><\/a> dans de l'huile de colza;<br \/>\n<b>\u2022<\/b> Extrait de <a class=\"custom-link\" href=\"\/fr\/poivre-noir\/\">fruit de poivre noir <i>(Piper nigrum)<\/i><\/a> dans de l'huile de colza;<br \/>\n<b>\u2022<\/b> <a class=\"custom-link\" href=\"\/fr\/vitamin-e\/\">Ac\u00e9tate de DL-\u03b1-tocoph\u00e9ryle (vitamine E)<\/a>, <a class=\"custom-link\" href=\"\/fr\/zinc\/\">citrate de zinc trihydrat\u00e9<\/a>, <a class=\"custom-link\" href=\"\/fr\/selenium\/\">s\u00e9l\u00e9nite de sodium (s\u00e9l\u00e9nium)<\/a>;<br \/>\n<b>\u2022<\/b> G\u00e9latine bovine, glyc\u00e9rol, eau purifi\u00e9e, dioxyde de silicium, colorant: charbon v\u00e9g\u00e9tal;<\/div>\n<\/div>\n<div class=\"btn\">MODE D'EMPLOI<\/div>\n<div class=\"board\">\n<div>Pour les personnes de plus de 18 ans, il est recommand\u00e9 de prendre une capsule trois fois par jour, pendant ou apr\u00e8s un repas. Avaler la capsule enti\u00e8re avec un liquide. Convient aux personnes diab\u00e9tiques.<\/p>\n<p><b>AVERTISSEMENTS:<\/b><br \/>\n<b>\u2022<\/b> Ne pas d\u00e9passer la dose journali\u00e8re recommand\u00e9e.<br \/>\n<b>\u2022<\/b> Le produit n'est pas destin\u00e9 aux personnes de moins de 18 ans ni \u00e0 celles ayant une fonction h\u00e9patique alt\u00e9r\u00e9e.<br \/>\n<b>\u2022<\/b> Le produit n'est pas recommand\u00e9 aux personnes souffrant de calculs biliaires, de reflux gastro-\u0153sophagien (RGO) et d'autres troubles du syst\u00e8me digestif, ainsi que de troubles thyro\u00efdiens, aux femmes enceintes et allaitantes.<br \/>\n<b>\u2022<\/b> Ne pas utiliser si vous \u00eates hypersensible \u00e0 l'un des ingr\u00e9dients.<br \/>\n<b>\u2022<\/b> Consultez votre m\u00e9decin si vous prenez des m\u00e9dicaments.<br \/>\n<b>\u2022<\/b> Ne pas prendre simultan\u00e9ment avec des m\u00e9dicaments anticoagulants.<br \/>\n<b>\u2022<\/b> Avant une intervention chirurgicale programm\u00e9e, il est n\u00e9cessaire d'arr\u00eater d'utiliser le produit, car il peut influencer la prolongation du temps de coagulation du sang.<br \/>\n<b>\u2022<\/b> Apr\u00e8s une prise continue pendant quatre semaines, une pause de dix jours est recommand\u00e9e.\n<\/div>\n<\/div>\n<\/div>","protected":false},"excerpt":{"rendered":"<div class=\"my-product-info\">\n<div class=\"two-categories\">\n<div>\n            <img decoding=\"async\" src=\"https:\/\/www.alivitpharm.com\/wp-content\/uploads\/2025\/05\/icon-9.png\" alt=\"100% naturel\" width=\"50px\" height=\"50px\" \/><\/p>\n<div>100% naturel<\/div>\n<\/p><\/div>\n<div>\n            <img decoding=\"async\" src=\"https:\/\/www.alivitpharm.com\/wp-content\/uploads\/2025\/05\/icon-10.png\" alt=\"Sans OGM\" width=\"50px\" height=\"50px\" \/><\/p>\n<div>Sans OGM<\/div>\n<\/p><\/div>\n<div>\n            <img decoding=\"async\" src=\"https:\/\/www.alivitpharm.com\/wp-content\/uploads\/2025\/05\/icon-15.png\" alt=\"Sans gluten\" width=\"50px\" height=\"50px\" \/><\/p>\n<div>Sans gluten<\/div>\n<\/p><\/div>\n<\/p><\/div>\n<\/div>\n<ul>\n<li>Soulage les sympt\u00f4mes de la prostatite chronique.<\/li>\n<li>Aide \u00e0 lutter contre l'hyperplasie b\u00e9nigne de la prostate.<\/li>\n<li>Fonction affaiblie de la vessie.<\/li>\n<li>Aide en cas de mictions fr\u00e9quentes (nocturnes).<\/li>\n<\/ul>\n<p><a class=\"category-pdf-btn\" href=\"https:\/\/www.alivitpharm.com\/wp-content\/uploads\/2025\/06\/the_urogenital_tract_en.pdf\" target=\"_blank\" rel=\"noopener\">En savoir plus sur le syst\u00e8me urog\u00e9nital<\/a><\/p>","protected":false},"featured_media":13127,"comment_status":"open","ping_status":"closed","template":"","meta":{"site-sidebar-layout":"default","site-content-layout":"default","ast-global-header-display":"","ast-main-header-display":"","ast-hfb-above-header-display":"","ast-hfb-below-header-display":"","ast-hfb-mobile-header-display":"","site-post-title":"","ast-breadcrumbs-content":"","ast-featured-img":"","footer-sml-layout":"","theme-transparent-header-meta":"default","adv-header-id-meta":"","stick-header-meta":"","header-above-stick-meta":"","header-main-stick-meta":"","header-below-stick-meta":""},"product_brand":[],"product_cat":[179],"product_tag":[],"class_list":{"0":"post-8642","1":"product","2":"type-product","3":"status-publish","4":"has-post-thumbnail","6":"product_cat-mens-health","7":"desktop-align-center","8":"tablet-align-center","9":"mobile-align-center","11":"first","12":"instock","13":"shipping-taxable","14":"purchasable","15":"product-type-simple"},"_links":{"self":[{"href":"https:\/\/www.alivitpharm.com\/fr\/wp-json\/wp\/v2\/product\/8642","targetHints":{"allow":["GET"]}}],"collection":[{"href":"https:\/\/www.alivitpharm.com\/fr\/wp-json\/wp\/v2\/product"}],"about":[{"href":"https:\/\/www.alivitpharm.com\/fr\/wp-json\/wp\/v2\/types\/product"}],"replies":[{"embeddable":true,"href":"https:\/\/www.alivitpharm.com\/fr\/wp-json\/wp\/v2\/comments?post=8642"}],"wp:featuredmedia":[{"embeddable":true,"href":"https:\/\/www.alivitpharm.com\/fr\/wp-json\/wp\/v2\/media\/13127"}],"wp:attachment":[{"href":"https:\/\/www.alivitpharm.com\/fr\/wp-json\/wp\/v2\/media?parent=8642"}],"wp:term":[{"taxonomy":"product_brand","embeddable":true,"href":"https:\/\/www.alivitpharm.com\/fr\/wp-json\/wp\/v2\/product_brand?post=8642"},{"taxonomy":"product_cat","embeddable":true,"href":"https:\/\/www.alivitpharm.com\/fr\/wp-json\/wp\/v2\/product_cat?post=8642"},{"taxonomy":"product_tag","embeddable":true,"href":"https:\/\/www.alivitpharm.com\/fr\/wp-json\/wp\/v2\/product_tag?post=8642"}],"curies":[{"name":"wp","href":"https:\/\/api.w.org\/{rel}","templated":true}]}}