{"id":8644,"date":"2023-03-01T09:30:55","date_gmt":"2023-03-01T07:30:55","guid":{"rendered":"https:\/\/www.alivitpharm.com\/?post_type=product&#038;p=8644"},"modified":"2026-02-10T15:50:00","modified_gmt":"2026-02-10T13:50:00","slug":"alisept","status":"publish","type":"product","link":"https:\/\/www.alivitpharm.com\/fr\/product\/alisept\/","title":{"rendered":"ALISEPT"},"content":{"rendered":"<div class=\"product-accordion\">\n<div class=\"btn\">\u00c0 PROPOS D'ALISEPT<\/div>\n<div class=\"board\">\n<div>\n      <b>ALISEPT\u00ae<\/b> contient des plantes recommand\u00e9es pour soulager les sympt\u00f4mes des infections et inflammations urinaires. Il peut \u00e9galement \u00eatre utilis\u00e9 \u00e0 titre pr\u00e9ventif par les personnes sujettes aux infections urinaires r\u00e9currentes. Les extraits huileux de bulbe d'ail, d'origan, de cornouiller et de canneberge pr\u00e9sentent une activit\u00e9 antimicrobienne, anti-inflammatoire et antiseptique \u00e0 large spectre, aidant \u00e0 combattre les infections caus\u00e9es par divers micro-organismes, notamment <i>Escherichia coli<\/i>. La richesse en acides naturels de la canneberge contribue \u00e0 abaisser le pH urinaire, emp\u00eachant ainsi la prolif\u00e9ration bact\u00e9rienne et l'adh\u00e9sion aux parois des voies urinaires. L'origan est particuli\u00e8rement efficace contre les infections fongiques caus\u00e9es par <i>Candida spp<\/i>. Les feuilles de persil et la racine de raifort ont des effets diur\u00e9tiques, facilitent la miction, aident \u00e0 pr\u00e9venir la formation de calculs r\u00e9naux et soutiennent la fonction urinaire. La feuille de menthe poivr\u00e9e, gr\u00e2ce \u00e0 son action antispasmodique, soulage les crampes et les douleurs caus\u00e9es par l'inflammation de la vessie et des voies urinaires.\n    <\/div>\n<\/p><\/div>\n<div class=\"btn\">INGR\u00c9DIENTS<\/div>\n<div class=\"board\">\n<div>\n      90 capsules molles g\u00e9latineuses<\/p>\n<p>      <b>\u2022<\/b> Extrait de <a class=\"custom-link\" href=\"\/fr\/ail\/\">bulbe d'ail frais <i>(Allium sativum)<\/i><\/a> dans de l'huile de colza;<br \/>\n      <b>\u2022<\/b> Extrait de <a class=\"custom-link\" href=\"\/fr\/persil\/\">feuilles de persil <i>(Petroselinum crispum)<\/i><\/a> dans de l'huile de colza;<br \/>\n      <b>\u2022<\/b> Extrait de <a class=\"custom-link\" href=\"\/fr\/origan\/\">origan <i>(Origanum vulgare)<\/i><\/a> dans de l'huile de colza;<br \/>\n      <b>\u2022<\/b> Extrait de <a class=\"custom-link\" href=\"\/fr\/cornouiller-male\/\">fruit de cornouiller m\u00e2le <i>(Cornus mas)<\/i><\/a> dans de l'huile de colza;<br \/>\n      <b>\u2022<\/b> Extrait de <a class=\"custom-link\" href=\"\/fr\/raifort\/\">racine de raifort <i>(Armoracia rusticana)<\/i><\/a> dans de l'huile de colza;<br \/>\n      <b>\u2022<\/b> Extrait de <a class=\"custom-link\" href=\"\/fr\/canneberge\/\">fruit de canneberge <i>(Vaccinium vitis-idaea)<\/i><\/a> dans de l'huile de colza;<br \/>\n      <b>\u2022<\/b> Extrait de <a class=\"custom-link\" href=\"\/fr\/menthe\/\">feuilles de menthe <i>(Mentha \u00d7 piperita)<\/i><\/a> dans de l'huile de colza;<br \/>\n      <b>\u2022<\/b> G\u00e9latine bovine, glyc\u00e9rol, eau purifi\u00e9e, antioxydant: ac\u00e9tate de DL-\u03b1-tocoph\u00e9ryle;\n    <\/div>\n<\/p><\/div>\n<div class=\"btn\">MODE D'EMPLOI<\/div>\n<div class=\"board\">\n<div>\n      Pour les personnes de plus de 18 ans, il est recommand\u00e9 de prendre une capsule trois fois par jour, pendant ou apr\u00e8s un repas. Avaler la capsule enti\u00e8re avec un liquide. Convient aux personnes diab\u00e9tiques.<\/p>\n<p>      <b>AVERTISSEMENTS:<\/b><br \/>\n      <b>\u2022<\/b> Ne pas d\u00e9passer la dose journali\u00e8re recommand\u00e9e.<br \/>\n      <b>\u2022<\/b> Ce produit n\u2019est pas destin\u00e9 aux femmes enceintes ou allaitantes.<br \/>\n      <b>\u2022<\/b> Ne pas utiliser si vous \u00eates hypersensible \u00e0 l'un des ingr\u00e9dients.<br \/>\n      <b>\u2022<\/b> Consultez votre m\u00e9decin si vous prenez des m\u00e9dicaments.<br \/>\n      <b>\u2022<\/b> Ne pas prendre simultan\u00e9ment avec des m\u00e9dicaments anticoagulants.<br \/>\n      <b>\u2022<\/b> Avant une intervention chirurgicale programm\u00e9e, il est n\u00e9cessaire d'arr\u00eater l'utilisation de ce produit.\n    <\/div>\n<\/p><\/div>\n<\/div>","protected":false},"excerpt":{"rendered":"<div class=\"my-product-info\">\n<div class=\"two-categories\">\n<div>\n            <img decoding=\"async\" src=\"https:\/\/www.alivitpharm.com\/wp-content\/uploads\/2025\/05\/icon-9.png\" alt=\"100% naturel\" width=\"50px\" height=\"50px\" \/><\/p>\n<div>100% naturel<\/div>\n<\/p><\/div>\n<div>\n            <img decoding=\"async\" src=\"https:\/\/www.alivitpharm.com\/wp-content\/uploads\/2025\/05\/icon-10.png\" alt=\"Sans OGM\" width=\"50px\" height=\"50px\" \/><\/p>\n<div>Sans OGM<\/div>\n<\/p><\/div>\n<div>\n            <img decoding=\"async\" src=\"https:\/\/www.alivitpharm.com\/wp-content\/uploads\/2025\/05\/icon-15.png\" alt=\"Sans gluten\" width=\"50px\" height=\"50px\" \/><\/p>\n<div>Sans gluten<\/div>\n<\/p><\/div>\n<\/p><\/div>\n<\/div>\n<ul>\n<li>Aide au traitement de l' <i>Candida<\/i> et <i>Escherichia coli<\/i>.<\/li>\n<li>Am\u00e9liore l'effet des antibiotiques et des antifongiques, permettant d'obtenir plus rapidement les r\u00e9sultats souhait\u00e9s.<\/li>\n<li>Solution naturelle contre les infections urinaires.<\/li>\n<li>Soulage les sympt\u00f4mes urinaires.<\/li>\n<li>Pr\u00e9vient les r\u00e9cidives d'infections urinaires.<\/li>\n<\/ul>\n<p><a class=\"category-pdf-btn\" href=\"https:\/\/www.alivitpharm.com\/wp-content\/uploads\/2025\/06\/the_urogenital_tract_en.pdf\" target=\"_blank\" rel=\"noopener\">En savoir plus sur le syst\u00e8me urog\u00e9nital<\/a><\/p>","protected":false},"featured_media":13099,"comment_status":"open","ping_status":"closed","template":"","meta":{"site-sidebar-layout":"default","site-content-layout":"default","ast-global-header-display":"","ast-main-header-display":"","ast-hfb-above-header-display":"","ast-hfb-below-header-display":"","ast-hfb-mobile-header-display":"","site-post-title":"","ast-breadcrumbs-content":"","ast-featured-img":"","footer-sml-layout":"","theme-transparent-header-meta":"default","adv-header-id-meta":"","stick-header-meta":"","header-above-stick-meta":"","header-main-stick-meta":"","header-below-stick-meta":""},"product_brand":[],"product_cat":[177],"product_tag":[],"class_list":{"0":"post-8644","1":"product","2":"type-product","3":"status-publish","4":"has-post-thumbnail","6":"product_cat-urinary-infections","7":"desktop-align-center","8":"tablet-align-center","9":"mobile-align-center","11":"first","12":"instock","13":"shipping-taxable","14":"purchasable","15":"product-type-simple"},"_links":{"self":[{"href":"https:\/\/www.alivitpharm.com\/fr\/wp-json\/wp\/v2\/product\/8644","targetHints":{"allow":["GET"]}}],"collection":[{"href":"https:\/\/www.alivitpharm.com\/fr\/wp-json\/wp\/v2\/product"}],"about":[{"href":"https:\/\/www.alivitpharm.com\/fr\/wp-json\/wp\/v2\/types\/product"}],"replies":[{"embeddable":true,"href":"https:\/\/www.alivitpharm.com\/fr\/wp-json\/wp\/v2\/comments?post=8644"}],"wp:featuredmedia":[{"embeddable":true,"href":"https:\/\/www.alivitpharm.com\/fr\/wp-json\/wp\/v2\/media\/13099"}],"wp:attachment":[{"href":"https:\/\/www.alivitpharm.com\/fr\/wp-json\/wp\/v2\/media?parent=8644"}],"wp:term":[{"taxonomy":"product_brand","embeddable":true,"href":"https:\/\/www.alivitpharm.com\/fr\/wp-json\/wp\/v2\/product_brand?post=8644"},{"taxonomy":"product_cat","embeddable":true,"href":"https:\/\/www.alivitpharm.com\/fr\/wp-json\/wp\/v2\/product_cat?post=8644"},{"taxonomy":"product_tag","embeddable":true,"href":"https:\/\/www.alivitpharm.com\/fr\/wp-json\/wp\/v2\/product_tag?post=8644"}],"curies":[{"name":"wp","href":"https:\/\/api.w.org\/{rel}","templated":true}]}}