{"id":10042,"date":"2023-12-22T16:26:59","date_gmt":"2023-12-22T14:26:59","guid":{"rendered":"https:\/\/www.alivitpharm.com\/?page_id=10042"},"modified":"2023-12-22T16:45:38","modified_gmt":"2023-12-22T14:45:38","slug":"horseradish","status":"publish","type":"page","link":"https:\/\/www.alivitpharm.com\/pt\/horseradish\/","title":{"rendered":"Raiz-forte"},"content":{"rendered":"<div data-elementor-type=\"wp-page\" data-elementor-id=\"10042\" class=\"elementor elementor-10042\">\n\t\t\t\t\t\t<section class=\"elementor-section elementor-top-section elementor-element elementor-element-43092dd elementor-section-content-middle elementor-section-boxed elementor-section-height-default elementor-section-height-default\" data-id=\"43092dd\" data-element_type=\"section\" data-e-type=\"section\" data-settings=\"{&quot;background_background&quot;:&quot;classic&quot;}\">\n\t\t\t\t\t\t\t<div class=\"elementor-background-overlay\"><\/div>\n\t\t\t\t\t\t\t<div class=\"elementor-container elementor-column-gap-default\">\n\t\t\t\t\t<div class=\"elementor-column elementor-col-100 elementor-top-column elementor-element elementor-element-9510784\" data-id=\"9510784\" data-element_type=\"column\" data-e-type=\"column\">\n\t\t\t<div class=\"elementor-widget-wrap elementor-element-populated\">\n\t\t\t\t\t\t<div class=\"elementor-element elementor-element-d13f000 elementor-widget elementor-widget-heading\" data-id=\"d13f000\" data-element_type=\"widget\" data-e-type=\"widget\" data-widget_type=\"heading.default\">\n\t\t\t\t<div class=\"elementor-widget-container\">\n\t\t\t\t\t<h1 class=\"elementor-heading-title elementor-size-default\">Raiz-forte<\/h1>\t\t\t\t<\/div>\n\t\t\t\t<\/div>\n\t\t\t\t<div class=\"elementor-element elementor-element-6c1fe25 elementor-widget elementor-widget-image\" data-id=\"6c1fe25\" data-element_type=\"widget\" data-e-type=\"widget\" data-widget_type=\"image.default\">\n\t\t\t\t<div class=\"elementor-widget-container\">\n\t\t\t\t\t\t\t\t\t\t\t\t\t\t\t<img decoding=\"async\" width=\"75\" height=\"33\" src=\"https:\/\/www.alivitpharm.com\/wp-content\/uploads\/2019\/07\/logo-leaf-new.png\" class=\"attachment-large size-large wp-image-2518\" alt=\"\" \/>\t\t\t\t\t\t\t\t\t\t\t\t\t\t\t<\/div>\n\t\t\t\t<\/div>\n\t\t\t\t<div class=\"elementor-element elementor-element-1b34334 elementor-widget elementor-widget-text-editor\" data-id=\"1b34334\" data-element_type=\"widget\" data-e-type=\"widget\" data-widget_type=\"text-editor.default\">\n\t\t\t\t<div class=\"elementor-widget-container\">\n\t\t\t\t\t\t\t\t\t<p><em>Armoracia rusticana, sinonim Cochlearia armoracia L. &#8211; Brassicaceae<\/em><\/p>\t\t\t\t\t\t\t\t<\/div>\n\t\t\t\t<\/div>\n\t\t\t\t\t<\/div>\n\t\t<\/div>\n\t\t\t\t\t<\/div>\n\t\t<\/section>\n\t\t\t\t<section class=\"elementor-section elementor-top-section elementor-element elementor-element-3b32c20 elementor-section-boxed elementor-section-height-default elementor-section-height-default\" data-id=\"3b32c20\" data-element_type=\"section\" data-e-type=\"section\" data-settings=\"{&quot;background_background&quot;:&quot;classic&quot;}\">\n\t\t\t\t\t\t<div class=\"elementor-container elementor-column-gap-default\">\n\t\t\t\t\t<div class=\"elementor-column elementor-col-100 elementor-top-column elementor-element elementor-element-641d08e\" data-id=\"641d08e\" data-element_type=\"column\" data-e-type=\"column\">\n\t\t\t<div class=\"elementor-widget-wrap elementor-element-populated\">\n\t\t\t\t\t\t<div class=\"elementor-element elementor-element-c8b3a12 elementor-widget elementor-widget-image\" data-id=\"c8b3a12\" data-element_type=\"widget\" data-e-type=\"widget\" data-widget_type=\"image.default\">\n\t\t\t\t<div class=\"elementor-widget-container\">\n\t\t\t\t\t\t\t\t\t\t\t\t\t\t\t<img decoding=\"async\" src=\"https:\/\/www.alivitpharm.com\/wp-content\/uploads\/2023\/12\/horseradish.png\" title=\"horseradish\" alt=\"Raiz-forte\" loading=\"lazy\" \/>\t\t\t\t\t\t\t\t\t\t\t\t\t\t\t<\/div>\n\t\t\t\t<\/div>\n\t\t\t\t<div class=\"elementor-element elementor-element-5a265be elementor-widget elementor-widget-text-editor\" data-id=\"5a265be\" data-element_type=\"widget\" data-e-type=\"widget\" data-widget_type=\"text-editor.default\">\n\t\t\t\t<div class=\"elementor-widget-container\">\n\t\t\t\t\t\t\t\t\t<p><span class=\"jCAhz ChMk0b\"><span class=\"ryNqvb\"><strong>Raiz-forte<\/strong> \u00e9 uma planta perene, herb\u00e1cea e arom\u00e1tica da fam\u00edlia das cruc\u00edferas.<\/span><\/span> <span class=\"jCAhz ChMk0b\"><span class=\"ryNqvb\">A parte medicinal da planta \u00e9 a raiz, que tem um sabor caracteristicamente picante.<\/span><\/span> <span class=\"jCAhz ChMk0b\"><span class=\"ryNqvb\">Esta planta cont\u00e9m sinigrina, que se decomp\u00f5e em alil-isotiocianato, glicose e hidrogenossulfato de pot\u00e1ssio.<\/span><\/span> <span class=\"jCAhz ChMk0b\"><span class=\"ryNqvb\">Cont\u00e9m tamb\u00e9m a\u00e7\u00facares, asparagina, glutamina, entre outros compostos... \u00c9 uma boa fonte de vitamina C, B1, B6, pot\u00e1ssio, c\u00e1lcio e ferro.<\/span><\/span> <span class=\"jCAhz ChMk0b\"><span class=\"ryNqvb\">Teve uma ampla utiliza\u00e7\u00e3o como rem\u00e9dio popular, sendo usada pelos Gregos e pelos Eg\u00edpcios j\u00e1 cerca de 1.500 anos antes da nossa era.<\/span><\/span><\/p>\t\t\t\t\t\t\t\t<\/div>\n\t\t\t\t<\/div>\n\t\t\t\t<div class=\"elementor-element elementor-element-2d9dff7 elementor-widget elementor-widget-image\" data-id=\"2d9dff7\" data-element_type=\"widget\" data-e-type=\"widget\" data-widget_type=\"image.default\">\n\t\t\t\t<div class=\"elementor-widget-container\">\n\t\t\t\t\t\t\t\t\t\t\t\t\t\t\t<img decoding=\"async\" src=\"https:\/\/www.alivitpharm.com\/wp-content\/uploads\/2022\/09\/leaves.png\" title=\"leaves\" alt=\"Leaves\" loading=\"lazy\" \/>\t\t\t\t\t\t\t\t\t\t\t\t\t\t\t<\/div>\n\t\t\t\t<\/div>\n\t\t\t\t<div class=\"elementor-element elementor-element-c35ad96 elementor-widget elementor-widget-text-editor\" data-id=\"c35ad96\" data-element_type=\"widget\" data-e-type=\"widget\" data-widget_type=\"text-editor.default\">\n\t\t\t\t<div class=\"elementor-widget-container\">\n\t\t\t\t\t\t\t\t\t<p><span class=\"jCAhz ChMk0b\"><span class=\"ryNqvb\">Devido \u00e0 sua composi\u00e7\u00e3o qu\u00edmica muito complexa, \u00e9 extremamente medicinal. \u00c9 utilizada para fortalecer o sistema imunit\u00e1rio, proteger o organismo contra constipa\u00e7\u00f5es, limpar as vias respirat\u00f3rias e inibir o desenvolvimento de microrganismos (a atividade antimicrobiana demonstrou maior efic\u00e1cia no tratamento de infe\u00e7\u00f5es bacterianas do trato respirat\u00f3rio e da bexiga urin\u00e1ria). Melhora tamb\u00e9m a circula\u00e7\u00e3o sangu\u00ednea, sendo todos estes efeitos atribu\u00eddos ao elevado potencial antioxidante e anti-inflamat\u00f3rio da raiz-forte. Al\u00e9m disso, estudos demonstraram que a raiz-forte pode ser utilizada como auxiliar no tratamento ou na preven\u00e7\u00e3o da diabetes mellitus tipo II.<\/span><\/span><\/p>\t\t\t\t\t\t\t\t<\/div>\n\t\t\t\t<\/div>\n\t\t\t\t<div class=\"elementor-element elementor-element-298c118 elementor-widget elementor-widget-heading\" data-id=\"298c118\" data-element_type=\"widget\" data-e-type=\"widget\" data-widget_type=\"heading.default\">\n\t\t\t\t<div class=\"elementor-widget-container\">\n\t\t\t\t\t<h4 class=\"elementor-heading-title elementor-size-default\">Refer\u00eancias<\/h4>\t\t\t\t<\/div>\n\t\t\t\t<\/div>\n\t\t\t\t<div class=\"elementor-element elementor-element-8f1ad8c elementor-widget elementor-widget-text-editor\" data-id=\"8f1ad8c\" data-element_type=\"widget\" data-e-type=\"widget\" data-widget_type=\"text-editor.default\">\n\t\t\t\t<div class=\"elementor-widget-container\">\n\t\t\t\t\t\t\t\t\t<ul><li><a class=\"reference-link\" href=\"https:\/\/pubmed.ncbi.nlm.nih.gov\/32452324\/\" target=\"_blank\" rel=\"noopener\">Phytochemical Analysis and Antidiabetic Potential of Armoracia Rusticana: Pharmacological and Computational Approach<\/a><\/li><li><a class=\"reference-link\" href=\"https:\/\/pubmed.ncbi.nlm.nih.gov\/30461310\/\" target=\"_blank\" rel=\"noopener\">The antioxidant power of horseradish, Armoracia rusticana, underlies antimicrobial and antiradical effects, exerted in vitro<\/a><\/li><li><a class=\"reference-link\" href=\"https:\/\/pubmed.ncbi.nlm.nih.gov\/37167822\/\" target=\"_blank\" rel=\"noopener\">A combination of Tropaeolum majus herb and Armoracia rusticana root for the treatment of acute bronchitis<\/a><\/li><li><a class=\"reference-link\" href=\"https:\/\/pubmed.ncbi.nlm.nih.gov\/28182113\/\" target=\"_blank\" rel=\"noopener\">Evaluation of an Aqueous Extract from Horseradish Root ( Armoracia rusticana Radix) against Lipopolysaccharide-Induced Cellular Inflammation Reaction<\/a><\/li><\/ul>\t\t\t\t\t\t\t\t<\/div>\n\t\t\t\t<\/div>\n\t\t\t\t\t<\/div>\n\t\t<\/div>\n\t\t\t\t\t<\/div>\n\t\t<\/section>\n\t\t\t\t<\/div>","protected":false},"excerpt":{"rendered":"<p>Horseradish Armoracia rusticana, sinonim Cochlearia armoracia L. &#8211; Brassicaceae Horseradish is a perennial, herbaceous, spicy plant from the cabbage family. The medicinal part of the plant is the root, which has a characteristic hot taste. This plant contains sinigrin which decomposes into allyl-iso-sulfocyanide, glucose and potassium hydrogen sulfate. It also contains sugar, asparagine, glutamine&#8230; It &hellip;<\/p>\n<p class=\"read-more\"> <a class=\"\" href=\"https:\/\/www.alivitpharm.com\/pt\/horseradish\/\"> <span class=\"screen-reader-text\">Raiz-forte<\/span> Read More &raquo;<\/a><\/p>","protected":false},"author":9,"featured_media":0,"parent":0,"menu_order":0,"comment_status":"closed","ping_status":"closed","template":"","meta":{"site-sidebar-layout":"no-sidebar","site-content-layout":"page-builder","ast-global-header-display":"","ast-main-header-display":"","ast-hfb-above-header-display":"","ast-hfb-below-header-display":"","ast-hfb-mobile-header-display":"","site-post-title":"disabled","ast-breadcrumbs-content":"","ast-featured-img":"disabled","footer-sml-layout":"","theme-transparent-header-meta":"","adv-header-id-meta":"","stick-header-meta":"","header-above-stick-meta":"","header-main-stick-meta":"","header-below-stick-meta":"","footnotes":""},"class_list":["post-10042","page","type-page","status-publish","hentry"],"_links":{"self":[{"href":"https:\/\/www.alivitpharm.com\/pt\/wp-json\/wp\/v2\/pages\/10042","targetHints":{"allow":["GET"]}}],"collection":[{"href":"https:\/\/www.alivitpharm.com\/pt\/wp-json\/wp\/v2\/pages"}],"about":[{"href":"https:\/\/www.alivitpharm.com\/pt\/wp-json\/wp\/v2\/types\/page"}],"author":[{"embeddable":true,"href":"https:\/\/www.alivitpharm.com\/pt\/wp-json\/wp\/v2\/users\/9"}],"replies":[{"embeddable":true,"href":"https:\/\/www.alivitpharm.com\/pt\/wp-json\/wp\/v2\/comments?post=10042"}],"version-history":[{"count":0,"href":"https:\/\/www.alivitpharm.com\/pt\/wp-json\/wp\/v2\/pages\/10042\/revisions"}],"wp:attachment":[{"href":"https:\/\/www.alivitpharm.com\/pt\/wp-json\/wp\/v2\/media?parent=10042"}],"curies":[{"name":"wp","href":"https:\/\/api.w.org\/{rel}","templated":true}]}}