{"id":12451,"date":"2025-06-06T08:27:45","date_gmt":"2025-06-06T06:27:45","guid":{"rendered":"https:\/\/www.alivitpharm.com\/?page_id=12451"},"modified":"2025-06-06T14:31:39","modified_gmt":"2025-06-06T12:31:39","slug":"papaya","status":"publish","type":"page","link":"https:\/\/www.alivitpharm.com\/pt\/papaya\/","title":{"rendered":"Mam\u00e3o"},"content":{"rendered":"<div data-elementor-type=\"wp-page\" data-elementor-id=\"12451\" class=\"elementor elementor-12451\">\n\t\t\t\t\t\t<section class=\"elementor-section elementor-top-section elementor-element elementor-element-62c913b elementor-section-content-middle elementor-section-boxed elementor-section-height-default elementor-section-height-default\" data-id=\"62c913b\" data-element_type=\"section\" data-e-type=\"section\" data-settings=\"{&quot;background_background&quot;:&quot;classic&quot;}\">\n\t\t\t\t\t\t\t<div class=\"elementor-background-overlay\"><\/div>\n\t\t\t\t\t\t\t<div class=\"elementor-container elementor-column-gap-default\">\n\t\t\t\t\t<div class=\"elementor-column elementor-col-100 elementor-top-column elementor-element elementor-element-27db566\" data-id=\"27db566\" data-element_type=\"column\" data-e-type=\"column\">\n\t\t\t<div class=\"elementor-widget-wrap elementor-element-populated\">\n\t\t\t\t\t\t<div class=\"elementor-element elementor-element-7703366 elementor-widget elementor-widget-heading\" data-id=\"7703366\" data-element_type=\"widget\" data-e-type=\"widget\" data-widget_type=\"heading.default\">\n\t\t\t\t<div class=\"elementor-widget-container\">\n\t\t\t\t\t<h1 class=\"elementor-heading-title elementor-size-default\">Mam\u00e3o<\/h1>\t\t\t\t<\/div>\n\t\t\t\t<\/div>\n\t\t\t\t<div class=\"elementor-element elementor-element-d3ea850 elementor-widget elementor-widget-image\" data-id=\"d3ea850\" data-element_type=\"widget\" data-e-type=\"widget\" data-widget_type=\"image.default\">\n\t\t\t\t<div class=\"elementor-widget-container\">\n\t\t\t\t\t\t\t\t\t\t\t\t\t\t\t<img decoding=\"async\" width=\"75\" height=\"33\" src=\"https:\/\/www.alivitpharm.com\/wp-content\/uploads\/2019\/07\/logo-leaf-new.png\" class=\"attachment-large size-large wp-image-2518\" alt=\"\" \/>\t\t\t\t\t\t\t\t\t\t\t\t\t\t\t<\/div>\n\t\t\t\t<\/div>\n\t\t\t\t<div class=\"elementor-element elementor-element-0c7f255 elementor-widget elementor-widget-text-editor\" data-id=\"0c7f255\" data-element_type=\"widget\" data-e-type=\"widget\" data-widget_type=\"text-editor.default\">\n\t\t\t\t<div class=\"elementor-widget-container\">\n\t\t\t\t\t\t\t\t\t<p><em>Carica papaya L. &#8211; Caricaceae<\/em><\/p>\t\t\t\t\t\t\t\t<\/div>\n\t\t\t\t<\/div>\n\t\t\t\t\t<\/div>\n\t\t<\/div>\n\t\t\t\t\t<\/div>\n\t\t<\/section>\n\t\t\t\t<section class=\"elementor-section elementor-top-section elementor-element elementor-element-fcce5a0 elementor-section-boxed elementor-section-height-default elementor-section-height-default\" data-id=\"fcce5a0\" data-element_type=\"section\" data-e-type=\"section\" data-settings=\"{&quot;background_background&quot;:&quot;classic&quot;}\">\n\t\t\t\t\t\t<div class=\"elementor-container elementor-column-gap-default\">\n\t\t\t\t\t<div class=\"elementor-column elementor-col-100 elementor-top-column elementor-element elementor-element-ba621e9\" data-id=\"ba621e9\" data-element_type=\"column\" data-e-type=\"column\">\n\t\t\t<div class=\"elementor-widget-wrap elementor-element-populated\">\n\t\t\t\t\t\t<div class=\"elementor-element elementor-element-87be778 elementor-widget elementor-widget-image\" data-id=\"87be778\" data-element_type=\"widget\" data-e-type=\"widget\" data-widget_type=\"image.default\">\n\t\t\t\t<div class=\"elementor-widget-container\">\n\t\t\t\t\t\t\t\t\t\t\t\t\t\t\t<img decoding=\"async\" src=\"https:\/\/www.alivitpharm.com\/wp-content\/uploads\/2025\/06\/papaya.png\" title=\"papaya\" alt=\"Mam\u00e3o\" loading=\"lazy\" \/>\t\t\t\t\t\t\t\t\t\t\t\t\t\t\t<\/div>\n\t\t\t\t<\/div>\n\t\t\t\t<div class=\"elementor-element elementor-element-3da9b40 elementor-widget elementor-widget-text-editor\" data-id=\"3da9b40\" data-element_type=\"widget\" data-e-type=\"widget\" data-widget_type=\"text-editor.default\">\n\t\t\t\t<div class=\"elementor-widget-container\">\n\t\t\t\t\t\t\t\t\t<p><span class=\"jCAhz ChMk0b\"><span class=\"ryNqvb\"><strong>Mam\u00e3o<\/strong> \u00e9 uma fruta popular cultivada em pa\u00edses tropicais e subtropicais.<\/span><\/span> <span class=\"jCAhz ChMk0b\"><span class=\"ryNqvb\">As qualidades nutricionais e terap\u00eauticas do mam\u00e3o s\u00e3o amplamente conhecidas.<\/span><\/span> <span class=\"jCAhz ChMk0b\"><span class=\"ryNqvb\">As folhas, entre outros componentes da planta, t\u00eam sido utilizadas como rem\u00e9dio terap\u00eautico para diversas doen\u00e7as.<\/span><\/span> <span class=\"jCAhz ChMk0b\"><span class=\"ryNqvb\">As folhas de mam\u00e3o cont\u00eam diferentes compostos bioativos, incluindo compostos fen\u00f3licos, flavonoides e alcaloides.<\/span><\/span> <span class=\"jCAhz ChMk0b\"><span class=\"ryNqvb\">Estas subst\u00e2ncias ajudam a aumentar a capacidade antioxidante.<\/span><\/span> <span class=\"jCAhz ChMk0b\"><span class=\"ryNqvb\">O mam\u00e3o possui propriedades anticancer\u00edgenas, anti-inflamat\u00f3rias, antimicrobianas e hipoglicemiantes.<\/span><\/span> <span class=\"jCAhz ChMk0b\"><span class=\"ryNqvb\">Cont\u00e9m tamb\u00e9m a enzima papa\u00edna, que auxilia no tratamento de traumas, alergias e les\u00f5es desportivas, ao melhorar a mobilidade digestiva e o tempo de tr\u00e2nsito intestinal.<\/span><\/span> <span class=\"jCAhz ChMk0b\"><span class=\"ryNqvb\">V\u00e1rios relat\u00f3rios demonstraram ainda que as folhas cont\u00eam muitos agentes bioativos, como carpaina e \u00e1cido nicot\u00ednico.<\/span><\/span> <span class=\"jCAhz ChMk0b\"><span class=\"ryNqvb\">Estudos mostraram que o extrato etan\u00f3lico cont\u00e9m saponinas, glicos\u00eddeos card\u00edacos, antraquinonas e a\u00e7\u00facares redutores, al\u00e9m de flavonoides, alcaloides e taninos.<\/span><\/span><\/p>\t\t\t\t\t\t\t\t<\/div>\n\t\t\t\t<\/div>\n\t\t\t\t<div class=\"elementor-element elementor-element-aab35a2 elementor-widget elementor-widget-image\" data-id=\"aab35a2\" data-element_type=\"widget\" data-e-type=\"widget\" data-widget_type=\"image.default\">\n\t\t\t\t<div class=\"elementor-widget-container\">\n\t\t\t\t\t\t\t\t\t\t\t\t\t\t\t<img decoding=\"async\" src=\"https:\/\/www.alivitpharm.com\/wp-content\/uploads\/2022\/09\/leaves.png\" title=\"leaves\" alt=\"Leaves\" loading=\"lazy\" \/>\t\t\t\t\t\t\t\t\t\t\t\t\t\t\t<\/div>\n\t\t\t\t<\/div>\n\t\t\t\t<div class=\"elementor-element elementor-element-8579282 elementor-widget elementor-widget-text-editor\" data-id=\"8579282\" data-element_type=\"widget\" data-e-type=\"widget\" data-widget_type=\"text-editor.default\">\n\t\t\t\t<div class=\"elementor-widget-container\">\n\t\t\t\t\t\t\t\t\t<p><span class=\"jCAhz ChMk0b\"><span class=\"ryNqvb\">Os efeitos ben\u00e9ficos da planta devem-se principalmente a alcaloides, flavonoides, saponinas, taninos e glicos\u00eddeos, que possuem propriedades anti-inflamat\u00f3rias.<\/span><\/span> <span class=\"jCAhz ChMk0b\"><span class=\"ryNqvb\">Foi constatado que as folhas de mam\u00e3o cont\u00eam quantidades significativas de prote\u00ednas, alcaloides, amino\u00e1cidos, hidratos de carbono, esteroides e glicos\u00eddeos.<\/span><\/span> <span class=\"jCAhz ChMk0b\"><span class=\"ryNqvb\">Tamb\u00e9m foi relatada a presen\u00e7a de a\u00e7\u00facares, glicos\u00eddeos, saponinas, prote\u00ednas, amino\u00e1cidos, esteroides e terpenoides em quantidades mensur\u00e1veis.<\/span><\/span> <span class=\"jCAhz ChMk0b\"><span class=\"ryNqvb\">Pesquisas demonstraram a efic\u00e1cia antimicrobiana das folhas frescas e secas de <em>C. papaya<\/em> contra bact\u00e9rias e fungos.<\/span><\/span> <span class=\"jCAhz ChMk0b\"><span class=\"ryNqvb\">Amostras secas da planta mostraram efic\u00e1cia significativa contra bact\u00e9rias Gram-negativas e Gram-positivas.<\/span><\/span> <span class=\"jCAhz ChMk0b\"><span class=\"ryNqvb\">No entanto, a amostra fresca foi eficaz apenas contra bact\u00e9rias Gram-positivas.<\/span><\/span> <span class=\"jCAhz ChMk0b\"><span class=\"ryNqvb\">No mesmo estudo, extratos metan\u00f3licos e aquosos de <em>C. papaya<\/em> inibiram a atividade de <em>Escherichia coli<\/em>, <em>Staphylococcus aureus<\/em> e <em>Candida albicans<\/em>.<\/span><\/span> <span class=\"jCAhz ChMk0b\"><span class=\"ryNqvb\">Com base nas pesquisas, descobriu-se que o extrato das folhas de <em>C. papaya<\/em> possui a\u00e7\u00e3o antibacteriana e citot\u00f3xica.<\/span><\/span><\/p><p><span class=\"jCAhz ChMk0b\"><span class=\"ryNqvb\">Demonstrou-se que nanopart\u00edculas sintetizadas a partir das folhas de <em>C. papaya<\/em> inibem a atividade do v\u00edrus da dengue tipo 2. Tamb\u00e9m foi avaliada a atividade antiparasit\u00e1ria de <em>C. papaya<\/em> against <em>Trypanosoma cruzi<\/em> (organismo parasit\u00e1rio).<\/span><\/span> <span class=\"jCAhz ChMk0b\"><span class=\"ryNqvb\">O extrato mostrou maior atividade antimicrobiana contra <em>S. aureus<\/em> e <em>B. cereus<\/em>.<\/span><\/span> <span class=\"jCAhz ChMk0b\"><span class=\"ryNqvb\">Com base nos estudos, a atividade antiparasit\u00e1ria dos compostos isolados do extrato clorof\u00f3rmico de <em>C. papaya<\/em> foi avaliada.<\/span><\/span><\/p>\t\t\t\t\t\t\t\t<\/div>\n\t\t\t\t<\/div>\n\t\t\t\t<div class=\"elementor-element elementor-element-f3ec39b elementor-widget elementor-widget-heading\" data-id=\"f3ec39b\" data-element_type=\"widget\" data-e-type=\"widget\" data-widget_type=\"heading.default\">\n\t\t\t\t<div class=\"elementor-widget-container\">\n\t\t\t\t\t<h4 class=\"elementor-heading-title elementor-size-default\">Refer\u00eancias<\/h4>\t\t\t\t<\/div>\n\t\t\t\t<\/div>\n\t\t\t\t<div class=\"elementor-element elementor-element-2942c6b elementor-widget elementor-widget-text-editor\" data-id=\"2942c6b\" data-element_type=\"widget\" data-e-type=\"widget\" data-widget_type=\"text-editor.default\">\n\t\t\t\t<div class=\"elementor-widget-container\">\n\t\t\t\t\t\t\t\t\t<ul><li style=\"list-style-type: none;\"><ul><li><a class=\"reference-link\" href=\"https:\/\/www.sciencedirect.com\/science\/article\/pii\/S2667142523000520\" target=\"_blank\" rel=\"noopener\">Ethnomedicinal uses, nutritional composition, phytochemistry and potential health benefits of Carica papaya<\/a><\/li><\/ul><\/li><\/ul>\t\t\t\t\t\t\t\t<\/div>\n\t\t\t\t<\/div>\n\t\t\t\t\t<\/div>\n\t\t<\/div>\n\t\t\t\t\t<\/div>\n\t\t<\/section>\n\t\t\t\t<\/div>","protected":false},"excerpt":{"rendered":"<p>Papaya Carica papaya L. &#8211; Caricaceae Papaya is a popular fruit grown in tropical and subtropical countries. The nutritional and therapeutic qualities of papaya are widely known. The leaves, among other plant components, have been used as therapeutic drugs for several diseases. Papaya leaves contain various bioactive components, including phenolic compounds, flavonoids, alkaloids. These substances &hellip;<\/p>\n<p class=\"read-more\"> <a class=\"\" href=\"https:\/\/www.alivitpharm.com\/pt\/papaya\/\"> <span class=\"screen-reader-text\">Mam\u00e3o<\/span> Read More &raquo;<\/a><\/p>","protected":false},"author":9,"featured_media":0,"parent":0,"menu_order":0,"comment_status":"closed","ping_status":"closed","template":"","meta":{"site-sidebar-layout":"no-sidebar","site-content-layout":"page-builder","ast-global-header-display":"","ast-main-header-display":"","ast-hfb-above-header-display":"","ast-hfb-below-header-display":"","ast-hfb-mobile-header-display":"","site-post-title":"disabled","ast-breadcrumbs-content":"","ast-featured-img":"disabled","footer-sml-layout":"","theme-transparent-header-meta":"","adv-header-id-meta":"","stick-header-meta":"","header-above-stick-meta":"","header-main-stick-meta":"","header-below-stick-meta":"","footnotes":""},"class_list":["post-12451","page","type-page","status-publish","hentry"],"_links":{"self":[{"href":"https:\/\/www.alivitpharm.com\/pt\/wp-json\/wp\/v2\/pages\/12451","targetHints":{"allow":["GET"]}}],"collection":[{"href":"https:\/\/www.alivitpharm.com\/pt\/wp-json\/wp\/v2\/pages"}],"about":[{"href":"https:\/\/www.alivitpharm.com\/pt\/wp-json\/wp\/v2\/types\/page"}],"author":[{"embeddable":true,"href":"https:\/\/www.alivitpharm.com\/pt\/wp-json\/wp\/v2\/users\/9"}],"replies":[{"embeddable":true,"href":"https:\/\/www.alivitpharm.com\/pt\/wp-json\/wp\/v2\/comments?post=12451"}],"version-history":[{"count":13,"href":"https:\/\/www.alivitpharm.com\/pt\/wp-json\/wp\/v2\/pages\/12451\/revisions"}],"predecessor-version":[{"id":12468,"href":"https:\/\/www.alivitpharm.com\/pt\/wp-json\/wp\/v2\/pages\/12451\/revisions\/12468"}],"wp:attachment":[{"href":"https:\/\/www.alivitpharm.com\/pt\/wp-json\/wp\/v2\/media?parent=12451"}],"curies":[{"name":"wp","href":"https:\/\/api.w.org\/{rel}","templated":true}]}}