{"id":14030,"date":"2026-03-25T12:16:41","date_gmt":"2026-03-25T10:16:41","guid":{"rendered":"https:\/\/www.alivitpharm.com\/?page_id=14030"},"modified":"2026-03-25T13:10:42","modified_gmt":"2026-03-25T11:10:42","slug":"olive-leaf","status":"publish","type":"page","link":"https:\/\/www.alivitpharm.com\/pt\/olive-leaf\/","title":{"rendered":"Folha de oliveira"},"content":{"rendered":"<div data-elementor-type=\"wp-page\" data-elementor-id=\"14030\" class=\"elementor elementor-14030\">\n\t\t\t\t\t\t<section class=\"elementor-section elementor-top-section elementor-element elementor-element-f282579 elementor-section-content-middle elementor-section-boxed elementor-section-height-default elementor-section-height-default\" data-id=\"f282579\" data-element_type=\"section\" data-e-type=\"section\" data-settings=\"{&quot;background_background&quot;:&quot;classic&quot;}\">\n\t\t\t\t\t\t\t<div class=\"elementor-background-overlay\"><\/div>\n\t\t\t\t\t\t\t<div class=\"elementor-container elementor-column-gap-default\">\n\t\t\t\t\t<div class=\"elementor-column elementor-col-100 elementor-top-column elementor-element elementor-element-c1fa4cf\" data-id=\"c1fa4cf\" data-element_type=\"column\" data-e-type=\"column\">\n\t\t\t<div class=\"elementor-widget-wrap elementor-element-populated\">\n\t\t\t\t\t\t<div class=\"elementor-element elementor-element-6c65cbc elementor-widget elementor-widget-heading\" data-id=\"6c65cbc\" data-element_type=\"widget\" data-e-type=\"widget\" data-widget_type=\"heading.default\">\n\t\t\t\t<div class=\"elementor-widget-container\">\n\t\t\t\t\t<h1 class=\"elementor-heading-title elementor-size-default\">Folha de oliveira<\/h1>\t\t\t\t<\/div>\n\t\t\t\t<\/div>\n\t\t\t\t<div class=\"elementor-element elementor-element-3a589b2 elementor-widget elementor-widget-image\" data-id=\"3a589b2\" data-element_type=\"widget\" data-e-type=\"widget\" data-widget_type=\"image.default\">\n\t\t\t\t<div class=\"elementor-widget-container\">\n\t\t\t\t\t\t\t\t\t\t\t\t\t\t\t<img decoding=\"async\" width=\"75\" height=\"33\" src=\"https:\/\/www.alivitpharm.com\/wp-content\/uploads\/2019\/07\/logo-leaf-new.png\" class=\"attachment-large size-large wp-image-2518\" alt=\"\" \/>\t\t\t\t\t\t\t\t\t\t\t\t\t\t\t<\/div>\n\t\t\t\t<\/div>\n\t\t\t\t<div class=\"elementor-element elementor-element-6d345eb elementor-widget elementor-widget-text-editor\" data-id=\"6d345eb\" data-element_type=\"widget\" data-e-type=\"widget\" data-widget_type=\"text-editor.default\">\n\t\t\t\t<div class=\"elementor-widget-container\">\n\t\t\t\t\t\t\t\t\t<p><em>Olea europea L.<\/em><\/p>\t\t\t\t\t\t\t\t<\/div>\n\t\t\t\t<\/div>\n\t\t\t\t\t<\/div>\n\t\t<\/div>\n\t\t\t\t\t<\/div>\n\t\t<\/section>\n\t\t\t\t<section class=\"elementor-section elementor-top-section elementor-element elementor-element-53ecdc7 elementor-section-boxed elementor-section-height-default elementor-section-height-default\" data-id=\"53ecdc7\" data-element_type=\"section\" data-e-type=\"section\" data-settings=\"{&quot;background_background&quot;:&quot;classic&quot;}\">\n\t\t\t\t\t\t<div class=\"elementor-container elementor-column-gap-default\">\n\t\t\t\t\t<div class=\"elementor-column elementor-col-100 elementor-top-column elementor-element elementor-element-6c8e5f5\" data-id=\"6c8e5f5\" data-element_type=\"column\" data-e-type=\"column\">\n\t\t\t<div class=\"elementor-widget-wrap elementor-element-populated\">\n\t\t\t\t\t\t<div class=\"elementor-element elementor-element-906d58c elementor-widget elementor-widget-image\" data-id=\"906d58c\" data-element_type=\"widget\" data-e-type=\"widget\" data-widget_type=\"image.default\">\n\t\t\t\t<div class=\"elementor-widget-container\">\n\t\t\t\t\t\t\t\t\t\t\t\t\t\t\t<img decoding=\"async\" src=\"https:\/\/www.alivitpharm.com\/wp-content\/uploads\/2026\/03\/olive-leaf.jpg\" title=\"olive-leaf\" alt=\"Folha de oliveira\" loading=\"lazy\" \/>\t\t\t\t\t\t\t\t\t\t\t\t\t\t\t<\/div>\n\t\t\t\t<\/div>\n\t\t\t\t<div class=\"elementor-element elementor-element-e95dc06 elementor-widget elementor-widget-text-editor\" data-id=\"e95dc06\" data-element_type=\"widget\" data-e-type=\"widget\" data-widget_type=\"text-editor.default\">\n\t\t\t\t<div class=\"elementor-widget-container\">\n\t\t\t\t\t\t\t\t\t<p><span class=\"jCAhz ChMk0b\"><span class=\"ryNqvb\"><em><strong>Olea europea L.<\/strong><\/em> is an evergreen tree that can reach a height of 3-13 m.<\/span><\/span> <span class=\"jCAhz ChMk0b\"><span class=\"ryNqvb\">A oliveira desenvolve um tronco irregular, nodoso e ramificado.<\/span><\/span> <span class=\"jCAhz ChMk0b\"><span class=\"ryNqvb\">As folhas s\u00e3o ovadas, com a p\u00e1gina superior verde-escura e a p\u00e1gina inferior branco-prateada.<\/span><\/span> <span class=\"jCAhz ChMk0b\"><span class=\"ryNqvb\">O fruto \u00e9 oval e varia entre o verde-escuro e o preto.<\/span><\/span><\/p><p><span class=\"jCAhz ChMk0b\"><span class=\"ryNqvb\">Na medicina convencional e na fitoterapia, os extratos de folhas de oliveira s\u00e3o utilizados para tratar e prevenir a hipertens\u00e3o arterial.<\/span><\/span> <span class=\"jCAhz ChMk0b\"><span class=\"ryNqvb\">Diversos estudos demonstraram que as folhas de oliveira podem reduzir a press\u00e3o arterial, aumentar o fluxo sangu\u00edneo nas art\u00e9rias coron\u00e1rias e normalizar a frequ\u00eancia card\u00edaca.<\/span><\/span><\/p>\t\t\t\t\t\t\t\t<\/div>\n\t\t\t\t<\/div>\n\t\t\t\t<div class=\"elementor-element elementor-element-612b2c5 elementor-widget elementor-widget-image\" data-id=\"612b2c5\" data-element_type=\"widget\" data-e-type=\"widget\" data-widget_type=\"image.default\">\n\t\t\t\t<div class=\"elementor-widget-container\">\n\t\t\t\t\t\t\t\t\t\t\t\t\t\t\t<img decoding=\"async\" src=\"https:\/\/www.alivitpharm.com\/wp-content\/uploads\/2022\/09\/leaves.png\" title=\"leaves\" alt=\"Leaves\" loading=\"lazy\" \/>\t\t\t\t\t\t\t\t\t\t\t\t\t\t\t<\/div>\n\t\t\t\t<\/div>\n\t\t\t\t<div class=\"elementor-element elementor-element-4ab5b7e elementor-widget elementor-widget-text-editor\" data-id=\"4ab5b7e\" data-element_type=\"widget\" data-e-type=\"widget\" data-widget_type=\"text-editor.default\">\n\t\t\t\t<div class=\"elementor-widget-container\">\n\t\t\t\t\t\t\t\t\t<p><span class=\"jCAhz ChMk0b\"><span class=\"ryNqvb\">A oleurope\u00edna, o tirosol, o hidroxitirosol, o verboscos\u00eddeo e a dimetileurope\u00edna demonstraram proteger contra as doen\u00e7as coron\u00e1rias, al\u00e9m de apresentarem efeitos antimicrobianos e antivirais.<\/span><\/span> <span class=\"jCAhz ChMk0b\"><span class=\"ryNqvb\">Estudos epidemiol\u00f3gicos mostram que as pessoas da regi\u00e3o mediterr\u00e2nica t\u00eam uma menor incid\u00eancia de diversos tipos de cancro (cancro colorretal, cancro da mama e cancro da pele) em compara\u00e7\u00e3o com outras popula\u00e7\u00f5es.<\/span><\/span> <span class=\"jCAhz ChMk0b\"><span class=\"ryNqvb\">O consumo de azeite tem diversos benef\u00edcios para a sa\u00fade humana.<\/span><\/span> <span class=\"jCAhz ChMk0b\"><span class=\"ryNqvb\">O mecanismo de a\u00e7\u00e3o dos polifen\u00f3is est\u00e1 fortemente relacionado com a sua atividade antioxidante.<\/span><\/span> <span class=\"jCAhz ChMk0b\"><span class=\"ryNqvb\">Sabe-se que os polifen\u00f3is reduzem os n\u00edveis de radicais livres, atuando tamb\u00e9m como anti-inflamat\u00f3rios, antial\u00e9rgicos e antitromb\u00f3ticos.<\/span><\/span> <span class=\"jCAhz ChMk0b\"><span class=\"ryNqvb\">Existem v\u00e1rios estudos que demonstram a sua capacidade de modular o sistema imunit\u00e1rio, afetando a prolifera\u00e7\u00e3o e a atividade dos gl\u00f3bulos brancos, bem como a produ\u00e7\u00e3o de citocinas.<\/span><\/span><\/p>\t\t\t\t\t\t\t\t<\/div>\n\t\t\t\t<\/div>\n\t\t\t\t<div class=\"elementor-element elementor-element-669cb10 elementor-widget elementor-widget-heading\" data-id=\"669cb10\" data-element_type=\"widget\" data-e-type=\"widget\" data-widget_type=\"heading.default\">\n\t\t\t\t<div class=\"elementor-widget-container\">\n\t\t\t\t\t<h4 class=\"elementor-heading-title elementor-size-default\">Refer\u00eancias<\/h4>\t\t\t\t<\/div>\n\t\t\t\t<\/div>\n\t\t\t\t<div class=\"elementor-element elementor-element-dc1a4e7 elementor-widget elementor-widget-text-editor\" data-id=\"dc1a4e7\" data-element_type=\"widget\" data-e-type=\"widget\" data-widget_type=\"text-editor.default\">\n\t\t\t\t<div class=\"elementor-widget-container\">\n\t\t\t\t\t\t\t\t\t<ul><li><a class=\"reference-link\" href=\"https:\/\/www.sciencedirect.com\/science\/article\/pii\/S0925443923002703?via%3Dihub\" target=\"_blank\" rel=\"noopener\">Wild and cultivated olive trees: Nutraceutical insights of extra virgin olive oils in cardiovascular and ocular diseases<\/a><\/li><li><a class=\"reference-link\" href=\"https:\/\/pmc.ncbi.nlm.nih.gov\/articles\/PMC5877547\/\" target=\"_blank\" rel=\"noopener\">Potential Health Benefits of Olive Oil and Plant Polyphenols<\/a><\/li><li><a class=\"reference-link\" href=\"https:\/\/www.alivitpharm.com\/pt\/olive-oil\/\" target=\"_blank\" rel=\"noopener\">Azeite<\/a><\/li><\/ul>\t\t\t\t\t\t\t\t<\/div>\n\t\t\t\t<\/div>\n\t\t\t\t\t<\/div>\n\t\t<\/div>\n\t\t\t\t\t<\/div>\n\t\t<\/section>\n\t\t\t\t<\/div>","protected":false},"excerpt":{"rendered":"<p>Olive Leaf Olea europea L. Olea europea L. is an evergreen tree that can reach a height of 3-13 m. The olive tree develops an irregular, gnarled and branched trunk. The leaves are oval, while the color of the leaves on the back is dark green, while the underside is whitish silver. The fruit is &hellip;<\/p>\n<p class=\"read-more\"> <a class=\"\" href=\"https:\/\/www.alivitpharm.com\/pt\/olive-leaf\/\"> <span class=\"screen-reader-text\">Folha de oliveira<\/span> Read More &raquo;<\/a><\/p>","protected":false},"author":9,"featured_media":0,"parent":0,"menu_order":0,"comment_status":"closed","ping_status":"closed","template":"","meta":{"site-sidebar-layout":"no-sidebar","site-content-layout":"page-builder","ast-global-header-display":"","ast-main-header-display":"","ast-hfb-above-header-display":"","ast-hfb-below-header-display":"","ast-hfb-mobile-header-display":"","site-post-title":"disabled","ast-breadcrumbs-content":"","ast-featured-img":"disabled","footer-sml-layout":"","theme-transparent-header-meta":"","adv-header-id-meta":"","stick-header-meta":"","header-above-stick-meta":"","header-main-stick-meta":"","header-below-stick-meta":"","footnotes":""},"class_list":["post-14030","page","type-page","status-publish","hentry"],"_links":{"self":[{"href":"https:\/\/www.alivitpharm.com\/pt\/wp-json\/wp\/v2\/pages\/14030","targetHints":{"allow":["GET"]}}],"collection":[{"href":"https:\/\/www.alivitpharm.com\/pt\/wp-json\/wp\/v2\/pages"}],"about":[{"href":"https:\/\/www.alivitpharm.com\/pt\/wp-json\/wp\/v2\/types\/page"}],"author":[{"embeddable":true,"href":"https:\/\/www.alivitpharm.com\/pt\/wp-json\/wp\/v2\/users\/9"}],"replies":[{"embeddable":true,"href":"https:\/\/www.alivitpharm.com\/pt\/wp-json\/wp\/v2\/comments?post=14030"}],"version-history":[{"count":13,"href":"https:\/\/www.alivitpharm.com\/pt\/wp-json\/wp\/v2\/pages\/14030\/revisions"}],"predecessor-version":[{"id":14045,"href":"https:\/\/www.alivitpharm.com\/pt\/wp-json\/wp\/v2\/pages\/14030\/revisions\/14045"}],"wp:attachment":[{"href":"https:\/\/www.alivitpharm.com\/pt\/wp-json\/wp\/v2\/media?parent=14030"}],"curies":[{"name":"wp","href":"https:\/\/api.w.org\/{rel}","templated":true}]}}