{"id":14209,"date":"2026-04-28T09:26:26","date_gmt":"2026-04-28T07:26:26","guid":{"rendered":"https:\/\/www.alivitpharm.com\/?page_id=14209"},"modified":"2026-04-28T09:49:49","modified_gmt":"2026-04-28T07:49:49","slug":"acerola","status":"publish","type":"page","link":"https:\/\/www.alivitpharm.com\/pt\/acerola\/","title":{"rendered":"Acerola"},"content":{"rendered":"<div data-elementor-type=\"wp-page\" data-elementor-id=\"14209\" class=\"elementor elementor-14209\">\n\t\t\t\t\t\t<section class=\"elementor-section elementor-top-section elementor-element elementor-element-8adc56b elementor-section-content-middle elementor-section-boxed elementor-section-height-default elementor-section-height-default\" data-id=\"8adc56b\" data-element_type=\"section\" data-e-type=\"section\" data-settings=\"{&quot;background_background&quot;:&quot;classic&quot;}\">\n\t\t\t\t\t\t\t<div class=\"elementor-background-overlay\"><\/div>\n\t\t\t\t\t\t\t<div class=\"elementor-container elementor-column-gap-default\">\n\t\t\t\t\t<div class=\"elementor-column elementor-col-100 elementor-top-column elementor-element elementor-element-6d93fd5\" data-id=\"6d93fd5\" data-element_type=\"column\" data-e-type=\"column\">\n\t\t\t<div class=\"elementor-widget-wrap elementor-element-populated\">\n\t\t\t\t\t\t<div class=\"elementor-element elementor-element-32ae3c9 elementor-widget elementor-widget-heading\" data-id=\"32ae3c9\" data-element_type=\"widget\" data-e-type=\"widget\" data-widget_type=\"heading.default\">\n\t\t\t\t<div class=\"elementor-widget-container\">\n\t\t\t\t\t<h1 class=\"elementor-heading-title elementor-size-default\">Acerola<\/h1>\t\t\t\t<\/div>\n\t\t\t\t<\/div>\n\t\t\t\t<div class=\"elementor-element elementor-element-20cf3db elementor-widget elementor-widget-image\" data-id=\"20cf3db\" data-element_type=\"widget\" data-e-type=\"widget\" data-widget_type=\"image.default\">\n\t\t\t\t<div class=\"elementor-widget-container\">\n\t\t\t\t\t\t\t\t\t\t\t\t\t\t\t<img decoding=\"async\" width=\"75\" height=\"33\" src=\"https:\/\/www.alivitpharm.com\/wp-content\/uploads\/2019\/07\/logo-leaf-new.png\" class=\"attachment-large size-large wp-image-2518\" alt=\"\" \/>\t\t\t\t\t\t\t\t\t\t\t\t\t\t\t<\/div>\n\t\t\t\t<\/div>\n\t\t\t\t<div class=\"elementor-element elementor-element-8d51913 elementor-widget elementor-widget-text-editor\" data-id=\"8d51913\" data-element_type=\"widget\" data-e-type=\"widget\" data-widget_type=\"text-editor.default\">\n\t\t\t\t<div class=\"elementor-widget-container\">\n\t\t\t\t\t\t\t\t\t<p><em>Malpighia glabra &#8211; Malpighiaceae<\/em><\/p>\t\t\t\t\t\t\t\t<\/div>\n\t\t\t\t<\/div>\n\t\t\t\t\t<\/div>\n\t\t<\/div>\n\t\t\t\t\t<\/div>\n\t\t<\/section>\n\t\t\t\t<section class=\"elementor-section elementor-top-section elementor-element elementor-element-f325803 elementor-section-boxed elementor-section-height-default elementor-section-height-default\" data-id=\"f325803\" data-element_type=\"section\" data-e-type=\"section\" data-settings=\"{&quot;background_background&quot;:&quot;classic&quot;}\">\n\t\t\t\t\t\t<div class=\"elementor-container elementor-column-gap-default\">\n\t\t\t\t\t<div class=\"elementor-column elementor-col-100 elementor-top-column elementor-element elementor-element-4282e75\" data-id=\"4282e75\" data-element_type=\"column\" data-e-type=\"column\">\n\t\t\t<div class=\"elementor-widget-wrap elementor-element-populated\">\n\t\t\t\t\t\t<div class=\"elementor-element elementor-element-665cfac elementor-widget elementor-widget-image\" data-id=\"665cfac\" data-element_type=\"widget\" data-e-type=\"widget\" data-widget_type=\"image.default\">\n\t\t\t\t<div class=\"elementor-widget-container\">\n\t\t\t\t\t\t\t\t\t\t\t\t\t\t\t<img decoding=\"async\" src=\"https:\/\/www.alivitpharm.com\/wp-content\/uploads\/2026\/04\/acerola.png\" title=\"acerola\" alt=\"Acerola\" loading=\"lazy\" \/>\t\t\t\t\t\t\t\t\t\t\t\t\t\t\t<\/div>\n\t\t\t\t<\/div>\n\t\t\t\t<div class=\"elementor-element elementor-element-0b1a98c elementor-widget elementor-widget-text-editor\" data-id=\"0b1a98c\" data-element_type=\"widget\" data-e-type=\"widget\" data-widget_type=\"text-editor.default\">\n\t\t\t\t<div class=\"elementor-widget-container\">\n\t\t\t\t\t\t\t\t\t<p data-start=\"52\" data-end=\"181\"><strong>Acerola<\/strong> \u00e9 um arbusto ou uma pequena \u00e1rvore. O seu fruto \u00e9 semelhante a uma cereja e torna-se vermelho quando maduro. \u00c9 uma fonte rica de vitamina C. A acerola tamb\u00e9m cont\u00e9m muitos minerais e outras vitaminas, incluindo beta-caroteno, lute\u00edna, tiamina (vitamina B1), riboflavina (vitamina B2), niacina (vitamina B3), piridoxina (vitamina B6), \u00e1cido f\u00f3lico e \u00e1cido pantot\u00e9nico (vitamina B5). \u00c9 origin\u00e1ria da Am\u00e9rica Central, Am\u00e9rica do Sul, M\u00e9xico e Cara\u00edbas.<\/p><p data-start=\"497\" data-end=\"682\">A acerola \u00e9 frequentemente utilizada para prevenir a defici\u00eancia de vitamina C. Tamb\u00e9m \u00e9 utilizada para constipa\u00e7\u00f5es, diarreia e outras condi\u00e7\u00f5es, mas n\u00e3o existem provas cient\u00edficas suficientes que apoiem estas outras utiliza\u00e7\u00f5es. A acerola \u00e9 uma fonte rica de vitamina C. A ingest\u00e3o oral de acerola pode ajudar a prevenir ou tratar a defici\u00eancia de vitamina C. Quando tomada por via oral, o fruto da acerola \u00e9 provavelmente seguro para a maioria dos adultos. O fruto cont\u00e9m uma grande quantidade de vitamina C. Deve ser consumido em quantidades que n\u00e3o excedam 2000 mg de vitamina C por dia. Doses mais elevadas podem aumentar o risco de efeitos secund\u00e1rios, como diarreia grave.<\/p>\t\t\t\t\t\t\t\t<\/div>\n\t\t\t\t<\/div>\n\t\t\t\t<div class=\"elementor-element elementor-element-c5fc9fb elementor-widget elementor-widget-image\" data-id=\"c5fc9fb\" data-element_type=\"widget\" data-e-type=\"widget\" data-widget_type=\"image.default\">\n\t\t\t\t<div class=\"elementor-widget-container\">\n\t\t\t\t\t\t\t\t\t\t\t\t\t\t\t<img decoding=\"async\" src=\"https:\/\/www.alivitpharm.com\/wp-content\/uploads\/2022\/09\/leaves.png\" title=\"leaves\" alt=\"Leaves\" loading=\"lazy\" \/>\t\t\t\t\t\t\t\t\t\t\t\t\t\t\t<\/div>\n\t\t\t\t<\/div>\n\t\t\t\t<div class=\"elementor-element elementor-element-6fc9cf6 elementor-widget elementor-widget-text-editor\" data-id=\"6fc9cf6\" data-element_type=\"widget\" data-e-type=\"widget\" data-widget_type=\"text-editor.default\">\n\t\t\t\t<div class=\"elementor-widget-container\">\n\t\t\t\t\t\t\t\t\t<p data-start=\"1069\" data-end=\"1278\"><strong>Gravidez e amamenta\u00e7\u00e3o:<\/strong> N\u00e3o existe informa\u00e7\u00e3o suficiente e fi\u00e1vel para saber se a acerola \u00e9 segura durante a gravidez ou amamenta\u00e7\u00e3o. Recomenda-se precau\u00e7\u00e3o e evitar quantidades superiores \u00e0s presentes nos alimentos.<\/p><p data-start=\"1280\" data-end=\"1438\"><strong>C\u00e1lculos renais (nefrolit\u00edase):<\/strong> Em doses elevadas, a acerola pode aumentar o risco de forma\u00e7\u00e3o de c\u00e1lculos renais. Isto deve-se ao seu teor em vitamina C.<\/p><p data-start=\"1440\" data-end=\"1762\"><strong>Intera\u00e7\u00f5es da acerola com medicamentos: <\/strong>A varfarina interage com a acerola, uma vez que esta cont\u00e9m vitamina C. Grandes quantidades de vitamina C podem reduzir o efeito da varfarina. Isto pode aumentar o risco de forma\u00e7\u00e3o de co\u00e1gulos sangu\u00edneos. Deve-se monitorizar regularmente o sangue. Pode ser necess\u00e1rio ajustar a dose de varfarina.<\/p><p data-start=\"1764\" data-end=\"2061\">Os medicamentos anticancer\u00edgenos (agentes alquilantes) interagem com a acerola, que cont\u00e9m vitamina C, um antioxidante. Existe alguma preocupa\u00e7\u00e3o de que os antioxidantes possam reduzir a efic\u00e1cia de certos medicamentos utilizados no tratamento do cancro. Se estiver a tomar estes medicamentos, consulte o seu m\u00e9dico antes de usar acerola.<\/p><p data-start=\"2063\" data-end=\"2370\">A acerola \u00e9 utilizada para fortalecer o sistema imunit\u00e1rio, combater o envelhecimento e potencialmente reduzir a press\u00e3o arterial. Estudos demonstraram que, para al\u00e9m do seu efeito antioxidante, a acerola tamb\u00e9m apresenta propriedades anti-inflamat\u00f3rias e \u00e9 utilizada na preven\u00e7\u00e3o de doen\u00e7as como diabetes, dislipidemia, obesidade e cancro.<\/p>\t\t\t\t\t\t\t\t<\/div>\n\t\t\t\t<\/div>\n\t\t\t\t<div class=\"elementor-element elementor-element-5d61fad elementor-widget elementor-widget-heading\" data-id=\"5d61fad\" data-element_type=\"widget\" data-e-type=\"widget\" data-widget_type=\"heading.default\">\n\t\t\t\t<div class=\"elementor-widget-container\">\n\t\t\t\t\t<h4 class=\"elementor-heading-title elementor-size-default\">Refer\u00eancias<\/h4>\t\t\t\t<\/div>\n\t\t\t\t<\/div>\n\t\t\t\t<div class=\"elementor-element elementor-element-8584d95 elementor-widget elementor-widget-text-editor\" data-id=\"8584d95\" data-element_type=\"widget\" data-e-type=\"widget\" data-widget_type=\"text-editor.default\">\n\t\t\t\t<div class=\"elementor-widget-container\">\n\t\t\t\t\t\t\t\t\t<ul><li><a class=\"reference-link\" href=\"https:\/\/www.webmd.com\/vitamins\/ai\/ingredientmono-608\/acerola\" target=\"_blank\" rel=\"noopener\">Acerola &#8211; Uses, Side Effects, And More<\/a><\/li><li><a class=\"reference-link\" href=\"https:\/\/pmc.ncbi.nlm.nih.gov\/articles\/PMC10889565\/\" target=\"_blank\" rel=\"noopener\">Acerola (Malpighia emarginata) Anti-Inflammatory Activity \u2014 A Review<\/a><\/li><li><a class=\"reference-link\" href=\"https:\/\/www.sciencedirect.com\/science\/article\/pii\/S2212429224018534\" target=\"_blank\" rel=\"noopener\">Health benefits of acerola (Malpighia spp) and its by-products: A comprehensive review of nutrient-rich composition, pharmacological potential, and industrial applications<\/a><\/li><\/ul>\t\t\t\t\t\t\t\t<\/div>\n\t\t\t\t<\/div>\n\t\t\t\t\t<\/div>\n\t\t<\/div>\n\t\t\t\t\t<\/div>\n\t\t<\/section>\n\t\t\t\t<\/div>","protected":false},"excerpt":{"rendered":"<p>Acerola Malpighia glabra &#8211; Malpighiaceae Acerola is a shrub or a small tree. Its fruit is similar to a cherry and turns red when ripe. It is a rich source of vitamin C. Acerola also contains many minerals and other vitamins, including beta-carotene, lutein, thiamine (vitamin B1), riboflavin (vitamin B2), niacin (vitamin B3), pyridoxine (vitamin &hellip;<\/p>\n<p class=\"read-more\"> <a class=\"\" href=\"https:\/\/www.alivitpharm.com\/pt\/acerola\/\"> <span class=\"screen-reader-text\">Acerola<\/span> Read More &raquo;<\/a><\/p>","protected":false},"author":9,"featured_media":0,"parent":0,"menu_order":0,"comment_status":"closed","ping_status":"closed","template":"","meta":{"site-sidebar-layout":"no-sidebar","site-content-layout":"page-builder","ast-global-header-display":"","ast-main-header-display":"","ast-hfb-above-header-display":"","ast-hfb-below-header-display":"","ast-hfb-mobile-header-display":"","site-post-title":"disabled","ast-breadcrumbs-content":"","ast-featured-img":"disabled","footer-sml-layout":"","theme-transparent-header-meta":"","adv-header-id-meta":"","stick-header-meta":"","header-above-stick-meta":"","header-main-stick-meta":"","header-below-stick-meta":"","footnotes":""},"class_list":["post-14209","page","type-page","status-publish","hentry"],"_links":{"self":[{"href":"https:\/\/www.alivitpharm.com\/pt\/wp-json\/wp\/v2\/pages\/14209","targetHints":{"allow":["GET"]}}],"collection":[{"href":"https:\/\/www.alivitpharm.com\/pt\/wp-json\/wp\/v2\/pages"}],"about":[{"href":"https:\/\/www.alivitpharm.com\/pt\/wp-json\/wp\/v2\/types\/page"}],"author":[{"embeddable":true,"href":"https:\/\/www.alivitpharm.com\/pt\/wp-json\/wp\/v2\/users\/9"}],"replies":[{"embeddable":true,"href":"https:\/\/www.alivitpharm.com\/pt\/wp-json\/wp\/v2\/comments?post=14209"}],"version-history":[{"count":16,"href":"https:\/\/www.alivitpharm.com\/pt\/wp-json\/wp\/v2\/pages\/14209\/revisions"}],"predecessor-version":[{"id":14234,"href":"https:\/\/www.alivitpharm.com\/pt\/wp-json\/wp\/v2\/pages\/14209\/revisions\/14234"}],"wp:attachment":[{"href":"https:\/\/www.alivitpharm.com\/pt\/wp-json\/wp\/v2\/media?parent=14209"}],"curies":[{"name":"wp","href":"https:\/\/api.w.org\/{rel}","templated":true}]}}