{"id":6851,"date":"2022-09-21T14:16:59","date_gmt":"2022-09-21T12:16:59","guid":{"rendered":"https:\/\/www.alivitpharm.com\/?page_id=6851"},"modified":"2022-10-05T11:37:27","modified_gmt":"2022-10-05T09:37:27","slug":"goats-head","status":"publish","type":"page","link":"https:\/\/www.alivitpharm.com\/pt\/goats-head\/","title":{"rendered":"Goat&#8217;s-Head"},"content":{"rendered":"<div data-elementor-type=\"wp-page\" data-elementor-id=\"6851\" class=\"elementor elementor-6851\">\n\t\t\t\t\t\t<section class=\"elementor-section elementor-top-section elementor-element elementor-element-5328dd6 elementor-section-content-middle elementor-section-boxed elementor-section-height-default elementor-section-height-default\" data-id=\"5328dd6\" data-element_type=\"section\" data-e-type=\"section\" data-settings=\"{&quot;background_background&quot;:&quot;classic&quot;}\">\n\t\t\t\t\t\t\t<div class=\"elementor-background-overlay\"><\/div>\n\t\t\t\t\t\t\t<div class=\"elementor-container elementor-column-gap-default\">\n\t\t\t\t\t<div class=\"elementor-column elementor-col-100 elementor-top-column elementor-element elementor-element-515fa75\" data-id=\"515fa75\" data-element_type=\"column\" data-e-type=\"column\">\n\t\t\t<div class=\"elementor-widget-wrap elementor-element-populated\">\n\t\t\t\t\t\t<div class=\"elementor-element elementor-element-f17b8be elementor-widget elementor-widget-heading\" data-id=\"f17b8be\" data-element_type=\"widget\" data-e-type=\"widget\" data-widget_type=\"heading.default\">\n\t\t\t\t<div class=\"elementor-widget-container\">\n\t\t\t\t\t<h1 class=\"elementor-heading-title elementor-size-default\">Abrolhos<\/h1>\t\t\t\t<\/div>\n\t\t\t\t<\/div>\n\t\t\t\t<div class=\"elementor-element elementor-element-9557726 elementor-widget elementor-widget-image\" data-id=\"9557726\" data-element_type=\"widget\" data-e-type=\"widget\" data-widget_type=\"image.default\">\n\t\t\t\t<div class=\"elementor-widget-container\">\n\t\t\t\t\t\t\t\t\t\t\t\t\t\t\t<img decoding=\"async\" width=\"75\" height=\"33\" src=\"https:\/\/www.alivitpharm.com\/wp-content\/uploads\/2019\/07\/logo-leaf-new.png\" class=\"attachment-large size-large wp-image-2518\" alt=\"\" \/>\t\t\t\t\t\t\t\t\t\t\t\t\t\t\t<\/div>\n\t\t\t\t<\/div>\n\t\t\t\t<div class=\"elementor-element elementor-element-63ab340 elementor-widget elementor-widget-text-editor\" data-id=\"63ab340\" data-element_type=\"widget\" data-e-type=\"widget\" data-widget_type=\"text-editor.default\">\n\t\t\t\t<div class=\"elementor-widget-container\">\n\t\t\t\t\t\t\t\t\t<p><em>Tribulus terrestris L. &#8211; Zygophyllaceae<\/em><\/p>\t\t\t\t\t\t\t\t<\/div>\n\t\t\t\t<\/div>\n\t\t\t\t\t<\/div>\n\t\t<\/div>\n\t\t\t\t\t<\/div>\n\t\t<\/section>\n\t\t\t\t<section class=\"elementor-section elementor-top-section elementor-element elementor-element-231c6fc elementor-section-boxed elementor-section-height-default elementor-section-height-default\" data-id=\"231c6fc\" data-element_type=\"section\" data-e-type=\"section\" data-settings=\"{&quot;background_background&quot;:&quot;classic&quot;}\">\n\t\t\t\t\t\t<div class=\"elementor-container elementor-column-gap-default\">\n\t\t\t\t\t<div class=\"elementor-column elementor-col-100 elementor-top-column elementor-element elementor-element-503eb9b\" data-id=\"503eb9b\" data-element_type=\"column\" data-e-type=\"column\">\n\t\t\t<div class=\"elementor-widget-wrap elementor-element-populated\">\n\t\t\t\t\t\t<div class=\"elementor-element elementor-element-c6c7496 elementor-widget elementor-widget-image\" data-id=\"c6c7496\" data-element_type=\"widget\" data-e-type=\"widget\" data-widget_type=\"image.default\">\n\t\t\t\t<div class=\"elementor-widget-container\">\n\t\t\t\t\t\t\t\t\t\t\t\t\t\t\t<img decoding=\"async\" src=\"https:\/\/www.alivitpharm.com\/wp-content\/uploads\/2022\/09\/goats-head.jpg\" title=\"goat&#8217;s-head\" alt=\"Goat&#039;s-head\" loading=\"lazy\" \/>\t\t\t\t\t\t\t\t\t\t\t\t\t\t\t<\/div>\n\t\t\t\t<\/div>\n\t\t\t\t<div class=\"elementor-element elementor-element-11e2b50 elementor-widget elementor-widget-text-editor\" data-id=\"11e2b50\" data-element_type=\"widget\" data-e-type=\"widget\" data-widget_type=\"text-editor.default\">\n\t\t\t\t<div class=\"elementor-widget-container\">\n\t\t\t\t\t\t\t\t\t<p><span class=\"JLqJ4b ChMk0b\"><span class=\"Q4iAWc\"><strong><em>Tribulus terrestris L.<\/em><\/strong> (Abrolhos) pertence \u00e0 fam\u00edlia <em>Zygophyllaceae<\/em> e \u00e9 uma planta conhecida na medicina tradicional de muitos pa\u00edses.<\/span><\/span> <span class=\"JLqJ4b ChMk0b\"><span class=\"Q4iAWc\">\u00c9 utilizada na medicina tradicional chinesa e na pr\u00e1tica ayurv\u00e9dica indiana.<\/span><\/span> <span class=\"JLqJ4b ChMk0b\"><span class=\"Q4iAWc\">Esta planta \u00e9 origin\u00e1ria do sul da Europa, sul da \u00c1sia, \u00c1frica e norte da Austr\u00e1lia.<\/span><\/span><\/p><p><em>Tribulus terrestris L.<\/em> \u00e9 uma esp\u00e9cie vegetal que tem sido usada h\u00e1 muito tempo como estimulante sexual e no tratamento da infertilidade masculina.<\/p>\t\t\t\t\t\t\t\t<\/div>\n\t\t\t\t<\/div>\n\t\t\t\t<div class=\"elementor-element elementor-element-161cd58 elementor-widget elementor-widget-image\" data-id=\"161cd58\" data-element_type=\"widget\" data-e-type=\"widget\" data-widget_type=\"image.default\">\n\t\t\t\t<div class=\"elementor-widget-container\">\n\t\t\t\t\t\t\t\t\t\t\t\t\t\t\t<img decoding=\"async\" src=\"https:\/\/www.alivitpharm.com\/wp-content\/uploads\/2022\/09\/leaves.png\" title=\"leaves\" alt=\"Leaves\" loading=\"lazy\" \/>\t\t\t\t\t\t\t\t\t\t\t\t\t\t\t<\/div>\n\t\t\t\t<\/div>\n\t\t\t\t<div class=\"elementor-element elementor-element-4b63e89 elementor-widget elementor-widget-text-editor\" data-id=\"4b63e89\" data-element_type=\"widget\" data-e-type=\"widget\" data-widget_type=\"text-editor.default\">\n\t\t\t\t<div class=\"elementor-widget-container\">\n\t\t\t\t\t\t\t\t\t<p><span class=\"JLqJ4b ChMk0b\"><span class=\"Q4iAWc\">De acordo com dados da Organiza\u00e7\u00e3o Mundial da Sa\u00fade, um em cada quatro casais sofre de infertilidade.<\/span><\/span> <span class=\"JLqJ4b ChMk0b\"><span class=\"Q4iAWc\">A infertilidade \u00e9 um problema m\u00e9dico, mas tamb\u00e9m um problema social que pode ter grandes consequ\u00eancias na vida social e nas rela\u00e7\u00f5es conjugais.<\/span><\/span> <span class=\"JLqJ4b ChMk0b\"><span class=\"Q4iAWc\">Em cerca de 50% dos casos de infertilidade conjugal, a causa \u00e9 a infertilidade masculina.<\/span><\/span> <span class=\"JLqJ4b ChMk0b\"><span class=\"Q4iAWc\">Estudos demonstraram que um fator determinante em 30-80% dos casos de infertilidade masculina \u00e9 o efeito destrutivo das esp\u00e9cies reativas de oxig\u00e9nio (ROS).<\/span><\/span> <span class=\"JLqJ4b ChMk0b\"><span class=\"Q4iAWc\">Estas podem causar danos \u00e0s membranas dos espermatoz\u00f3ides (reduzindo a sua motilidade e a capacidade de se ligarem ao o\u00f3cito) ou destruir diretamente o material gen\u00e9tico dos espermatoz\u00f3ides.<\/span><\/span> <span class=\"JLqJ4b ChMk0b\"><span class=\"Q4iAWc\">A efic\u00e1cia da aplica\u00e7\u00e3o do Tribulus terrestris no tratamento da disfun\u00e7\u00e3o er\u00e9til e da infertilidade masculina pode ser atribu\u00edda ao seu forte efeito antioxidante e \u00e0 sua influ\u00eancia nos n\u00edveis de testosterona.<\/span><\/span><\/p><p><span class=\"JLqJ4b ChMk0b\"><span class=\"Q4iAWc\">Numerosos estudos em animais e em humanos investigaram o impacto do <em>Tribulus terrestris L.<\/em> na infertilidade masculina, na motilidade dos espermatoz\u00f3ides e na disfun\u00e7\u00e3o sexual em homens e mulheres.<\/span><\/span> <span class=\"JLqJ4b ChMk0b\"><span class=\"Q4iAWc\">Os resultados destes estudos confirmam a valida\u00e7\u00e3o do uso desta planta no tratamento destas condi\u00e7\u00f5es.<\/span><\/span><\/p>\t\t\t\t\t\t\t\t<\/div>\n\t\t\t\t<\/div>\n\t\t\t\t<div class=\"elementor-element elementor-element-038c4ab elementor-widget elementor-widget-heading\" data-id=\"038c4ab\" data-element_type=\"widget\" data-e-type=\"widget\" data-widget_type=\"heading.default\">\n\t\t\t\t<div class=\"elementor-widget-container\">\n\t\t\t\t\t<h4 class=\"elementor-heading-title elementor-size-default\">Refer\u00eancias<\/h4>\t\t\t\t<\/div>\n\t\t\t\t<\/div>\n\t\t\t\t<div class=\"elementor-element elementor-element-c767491 elementor-widget elementor-widget-text-editor\" data-id=\"c767491\" data-element_type=\"widget\" data-e-type=\"widget\" data-widget_type=\"text-editor.default\">\n\t\t\t\t<div class=\"elementor-widget-container\">\n\t\t\t\t\t\t\t\t\t<ul>\n \t<li><a class=\"reference-link\" href=\"https:\/\/www.reliasmedia.com\/articles\/141517-tribulus-an-rct-supporting-its-use-for-erectile-dysfunction\" target=\"_blank\" rel=\"noopener\">Tribulus: An RCT Supporting Its Use for Erectile Dysfunction<\/a><\/li>\n \t<li><a class=\"reference-link\" href=\"https:\/\/www.sciencedirect.com\/science\/article\/abs\/pii\/S0944711307002838\" target=\"_blank\" rel=\"noopener\">The hormonal effects of Tribulus terrestris and its role in the management of male erectile dysfunction \u2013 an evaluation using primates, rabbit and rat<\/a><\/li>\n \t<li><a class=\"reference-link\" href=\"https:\/\/www.dovepress.com\/gross-saponin-of-tribulus-terrestris-improves-erectile-dysfunction-in--peer-reviewed-fulltext-article-DMSO\" target=\"_blank\" rel=\"noopener\">Gross saponin of Tribulus terrestris improves erectile dysfunction in type 2 diabetic rats by repairing the endothelial function of the penile corpus cavernosum<\/a><\/li>\n<\/ul>\t\t\t\t\t\t\t\t<\/div>\n\t\t\t\t<\/div>\n\t\t\t\t\t<\/div>\n\t\t<\/div>\n\t\t\t\t\t<\/div>\n\t\t<\/section>\n\t\t\t\t<\/div>","protected":false},"excerpt":{"rendered":"<p>Goat&#8217;s-Head Tribulus terrestris L. &#8211; Zygophyllaceae Tribulus terrestris L. (goat\u2019s-head, devil\u2019s-thorn) belongs to the family Zygophyllaceae and\u00a0is a well-known plant in traditional medicine in many countries. It is used in traditional Chinese medicine and Indian Ayurvedic practice. This plant is native to southern Europe, southern Asia, Africa and northern Australia. Tribulus terrestris L. is a &hellip;<\/p>\n<p class=\"read-more\"> <a class=\"\" href=\"https:\/\/www.alivitpharm.com\/pt\/goats-head\/\"> <span class=\"screen-reader-text\">Goat&#8217;s-Head<\/span> Read More &raquo;<\/a><\/p>","protected":false},"author":9,"featured_media":0,"parent":0,"menu_order":0,"comment_status":"closed","ping_status":"closed","template":"","meta":{"site-sidebar-layout":"no-sidebar","site-content-layout":"page-builder","ast-global-header-display":"","ast-main-header-display":"","ast-hfb-above-header-display":"","ast-hfb-below-header-display":"","ast-hfb-mobile-header-display":"","site-post-title":"disabled","ast-breadcrumbs-content":"","ast-featured-img":"disabled","footer-sml-layout":"","theme-transparent-header-meta":"","adv-header-id-meta":"","stick-header-meta":"","header-above-stick-meta":"","header-main-stick-meta":"","header-below-stick-meta":"","footnotes":""},"class_list":["post-6851","page","type-page","status-publish","hentry"],"_links":{"self":[{"href":"https:\/\/www.alivitpharm.com\/pt\/wp-json\/wp\/v2\/pages\/6851","targetHints":{"allow":["GET"]}}],"collection":[{"href":"https:\/\/www.alivitpharm.com\/pt\/wp-json\/wp\/v2\/pages"}],"about":[{"href":"https:\/\/www.alivitpharm.com\/pt\/wp-json\/wp\/v2\/types\/page"}],"author":[{"embeddable":true,"href":"https:\/\/www.alivitpharm.com\/pt\/wp-json\/wp\/v2\/users\/9"}],"replies":[{"embeddable":true,"href":"https:\/\/www.alivitpharm.com\/pt\/wp-json\/wp\/v2\/comments?post=6851"}],"version-history":[{"count":0,"href":"https:\/\/www.alivitpharm.com\/pt\/wp-json\/wp\/v2\/pages\/6851\/revisions"}],"wp:attachment":[{"href":"https:\/\/www.alivitpharm.com\/pt\/wp-json\/wp\/v2\/media?parent=6851"}],"curies":[{"name":"wp","href":"https:\/\/api.w.org\/{rel}","templated":true}]}}