{"id":7399,"date":"2022-10-13T10:56:47","date_gmt":"2022-10-13T08:56:47","guid":{"rendered":"https:\/\/www.alivitpharm.com\/?page_id=7399"},"modified":"2022-10-13T13:56:55","modified_gmt":"2022-10-13T11:56:55","slug":"ginger","status":"publish","type":"page","link":"https:\/\/www.alivitpharm.com\/pt\/ginger\/","title":{"rendered":"Gengibre"},"content":{"rendered":"<div data-elementor-type=\"wp-page\" data-elementor-id=\"7399\" class=\"elementor elementor-7399\">\n\t\t\t\t\t\t<section class=\"elementor-section elementor-top-section elementor-element elementor-element-41e044f elementor-section-content-middle elementor-section-boxed elementor-section-height-default elementor-section-height-default\" data-id=\"41e044f\" data-element_type=\"section\" data-e-type=\"section\" data-settings=\"{&quot;background_background&quot;:&quot;classic&quot;}\">\n\t\t\t\t\t\t\t<div class=\"elementor-background-overlay\"><\/div>\n\t\t\t\t\t\t\t<div class=\"elementor-container elementor-column-gap-default\">\n\t\t\t\t\t<div class=\"elementor-column elementor-col-100 elementor-top-column elementor-element elementor-element-e7f2b06\" data-id=\"e7f2b06\" data-element_type=\"column\" data-e-type=\"column\">\n\t\t\t<div class=\"elementor-widget-wrap elementor-element-populated\">\n\t\t\t\t\t\t<div class=\"elementor-element elementor-element-fd5baab elementor-widget elementor-widget-heading\" data-id=\"fd5baab\" data-element_type=\"widget\" data-e-type=\"widget\" data-widget_type=\"heading.default\">\n\t\t\t\t<div class=\"elementor-widget-container\">\n\t\t\t\t\t<h1 class=\"elementor-heading-title elementor-size-default\">Gengibre<\/h1>\t\t\t\t<\/div>\n\t\t\t\t<\/div>\n\t\t\t\t<div class=\"elementor-element elementor-element-db56678 elementor-widget elementor-widget-image\" data-id=\"db56678\" data-element_type=\"widget\" data-e-type=\"widget\" data-widget_type=\"image.default\">\n\t\t\t\t<div class=\"elementor-widget-container\">\n\t\t\t\t\t\t\t\t\t\t\t\t\t\t\t<img decoding=\"async\" width=\"75\" height=\"33\" src=\"https:\/\/www.alivitpharm.com\/wp-content\/uploads\/2019\/07\/logo-leaf-new.png\" class=\"attachment-large size-large wp-image-2518\" alt=\"\" \/>\t\t\t\t\t\t\t\t\t\t\t\t\t\t\t<\/div>\n\t\t\t\t<\/div>\n\t\t\t\t<div class=\"elementor-element elementor-element-66976e8 elementor-widget elementor-widget-text-editor\" data-id=\"66976e8\" data-element_type=\"widget\" data-e-type=\"widget\" data-widget_type=\"text-editor.default\">\n\t\t\t\t<div class=\"elementor-widget-container\">\n\t\t\t\t\t\t\t\t\t<p><em>Zingiber officinale L. &#8211; Zingiberaceae<\/em><\/p>\t\t\t\t\t\t\t\t<\/div>\n\t\t\t\t<\/div>\n\t\t\t\t\t<\/div>\n\t\t<\/div>\n\t\t\t\t\t<\/div>\n\t\t<\/section>\n\t\t\t\t<section class=\"elementor-section elementor-top-section elementor-element elementor-element-926f13c elementor-section-boxed elementor-section-height-default elementor-section-height-default\" data-id=\"926f13c\" data-element_type=\"section\" data-e-type=\"section\" data-settings=\"{&quot;background_background&quot;:&quot;classic&quot;}\">\n\t\t\t\t\t\t<div class=\"elementor-container elementor-column-gap-default\">\n\t\t\t\t\t<div class=\"elementor-column elementor-col-100 elementor-top-column elementor-element elementor-element-caaedbd\" data-id=\"caaedbd\" data-element_type=\"column\" data-e-type=\"column\">\n\t\t\t<div class=\"elementor-widget-wrap elementor-element-populated\">\n\t\t\t\t\t\t<div class=\"elementor-element elementor-element-27ad26f elementor-widget elementor-widget-image\" data-id=\"27ad26f\" data-element_type=\"widget\" data-e-type=\"widget\" data-widget_type=\"image.default\">\n\t\t\t\t<div class=\"elementor-widget-container\">\n\t\t\t\t\t\t\t\t\t\t\t\t\t\t\t<img decoding=\"async\" src=\"https:\/\/www.alivitpharm.com\/wp-content\/uploads\/2022\/10\/ginger.png\" title=\"ginger\" alt=\"Gengibre\" loading=\"lazy\" \/>\t\t\t\t\t\t\t\t\t\t\t\t\t\t\t<\/div>\n\t\t\t\t<\/div>\n\t\t\t\t<div class=\"elementor-element elementor-element-23ed6b9 elementor-widget elementor-widget-text-editor\" data-id=\"23ed6b9\" data-element_type=\"widget\" data-e-type=\"widget\" data-widget_type=\"text-editor.default\">\n\t\t\t\t<div class=\"elementor-widget-container\">\n\t\t\t\t\t\t\t\t\t<p><span class=\"jCAhz ChMk0b\"><span class=\"ryNqvb\"><strong>Gengibre<\/strong> \u00e9 uma planta herb\u00e1cea perene cultivada em regi\u00f5es tropicais e subtropicais.<\/span><\/span> <span class=\"jCAhz ChMk0b\"><span class=\"ryNqvb\">A sua origem \u00e9 o sudeste asi\u00e1tico, tendo depois o seu uso-se expandido para todo o mundo. Inicialmente, era usado como especiaria, devido ao seu sabor caracter\u00edstico, mas posteriormente encontrou aplica\u00e7\u00e3o na medicina tradicional devido \u00e0s suas propriedades terap\u00eauticas.<\/span><\/span><\/p><p><span class=\"jCAhz ChMk0b\"><span class=\"ryNqvb\">A parte medicinal da planta \u00e9 o rizoma.<\/span><\/span> <span class=\"jCAhz ChMk0b\"><span class=\"ryNqvb\">No rizoma est\u00e3o presentes compostos fen\u00f3licos (fenilalcan\u00f3is \u2013 ginger\u00f3is, fenilalcanenos \u2013 shoga\u00f3is, diarilheptanoides \u2013 gingeronas).<\/span><\/span> <span class=\"jCAhz ChMk0b\"><span class=\"ryNqvb\">O rizoma cont\u00e9m tamb\u00e9m \u00f3leo essencial, no qual se encontram derivados sesquiterp\u00e9nicos (zingibereno, zingiberol, curcumeno, bisabolona, farneseno) e monoterpenos (c\u00e2nfora, \u03b2-felandreno, geranial, neral).<\/span><\/span> <span class=\"jCAhz ChMk0b\"><span class=\"ryNqvb\">Os maiores produtores de \u00f3leo essencial de gengibre s\u00e3o Austr\u00e1lia, Vietname, Jap\u00e3o e Ceil\u00e3o.<\/span><\/span><\/p><p>As propriedades terap\u00eauticas do gengibre s\u00e3o atribu\u00eddas aos compostos acima mencionados. Gra\u00e7as \u00e0 sua a\u00e7\u00e3o anti-inflamat\u00f3ria (reduz a resposta inflamat\u00f3ria) e antioxidante (neutraliza os radicais livres), o extrato oleoso do rizoma de gengibre desempenha um papel importante no fortalecimento das defesas do organismo. V\u00e1rios estudos tamb\u00e9m comprovaram a sua a\u00e7\u00e3o antimicrobiana, pelo que se recomenda a sua utiliza\u00e7\u00e3o em diversas infec\u00e7\u00f5es virais e bacterianas.<\/p>\t\t\t\t\t\t\t\t<\/div>\n\t\t\t\t<\/div>\n\t\t\t\t<div class=\"elementor-element elementor-element-2165524 elementor-widget elementor-widget-image\" data-id=\"2165524\" data-element_type=\"widget\" data-e-type=\"widget\" data-widget_type=\"image.default\">\n\t\t\t\t<div class=\"elementor-widget-container\">\n\t\t\t\t\t\t\t\t\t\t\t\t\t\t\t<img decoding=\"async\" src=\"https:\/\/www.alivitpharm.com\/wp-content\/uploads\/2022\/09\/leaves.png\" title=\"leaves\" alt=\"Leaves\" loading=\"lazy\" \/>\t\t\t\t\t\t\t\t\t\t\t\t\t\t\t<\/div>\n\t\t\t\t<\/div>\n\t\t\t\t<div class=\"elementor-element elementor-element-8c6ac91 elementor-widget elementor-widget-text-editor\" data-id=\"8c6ac91\" data-element_type=\"widget\" data-e-type=\"widget\" data-widget_type=\"text-editor.default\">\n\t\t\t\t<div class=\"elementor-widget-container\">\n\t\t\t\t\t\t\t\t\t<p><span class=\"jCAhz ChMk0b\"><span class=\"ryNqvb\">Esta planta possui um excelente potencial no tratamento de doen\u00e7as degenerativas, como a artrite reumatoide, devido \u00e0 sua a\u00e7\u00e3o anti-inflamat\u00f3ria.<\/span><\/span> <span class=\"jCAhz ChMk0b\"><span class=\"ryNqvb\">O \u00f3leo essencial e os componentes n\u00e3o vol\u00e1teis do gengibre aumentam o t\u00f4nus e a peristalse do trato digestivo.<\/span><\/span> <span class=\"jCAhz ChMk0b\"><span class=\"ryNqvb\">Promovendo a saliva\u00e7\u00e3o e a secre\u00e7\u00e3o de sucos e enzimas g\u00e1stricas, desempenhando assim um papel importante no processo de digest\u00e3o.<\/span><\/span> <span class=\"jCAhz ChMk0b\"><span class=\"ryNqvb\">Devido \u00e0 presen\u00e7a de compostos picantes, tamb\u00e9m \u00e9 utilizado como antiem\u00e9tico (subst\u00e2ncia contra n\u00e1useas e v\u00f3mitos), especialmente em casos de doen\u00e7a de movimento (cinetose).<\/span><\/span> <span class=\"jCAhz ChMk0b\"><span class=\"ryNqvb\">O gengibre tamb\u00e9m apresenta efeitos inotr\u00f3picos positivos sobre o cora\u00e7\u00e3o, ajuda a reduzir a hipertens\u00e3o e exerce um efeito ben\u00e9fico na preven\u00e7\u00e3o e tratamento da aterosclerose.<\/span><\/span> <span class=\"jCAhz ChMk0b\"><span class=\"ryNqvb\">O consumo de gengibre antes do exerc\u00edcio f\u00edsico pode reduzir dores musculares, resultado da sua a\u00e7\u00e3o anti-inflamat\u00f3ria.<\/span><\/span><\/p><p><span class=\"jCAhz ChMk0b\"><span class=\"ryNqvb\">Apesar de muitos avan\u00e7os m\u00e9dicos, o cancro continua a ser a segunda causa de morte no mundo.<\/span><\/span> <span class=\"jCAhz ChMk0b\"><span class=\"ryNqvb\">O tratamento do cancro depende do est\u00e1gio e do tipo da doen\u00e7a, incluindo cirurgia, radioterapia e terapias sist\u00e9micas (quimioterapia e terapias hormonais).<\/span><\/span> <span class=\"jCAhz ChMk0b\"><span class=\"ryNqvb\">A radioterapia e as terapias sist\u00e9micas apresentam diversos efeitos secund\u00e1rios, como n\u00e1useas, v\u00f3mitos e enfraquecimento do sistema imunit\u00e1rio.<\/span><\/span> <span class=\"jCAhz ChMk0b\"><span class=\"ryNqvb\">O uso da medicina tradicional \u00e0 base de plantas entre estes pacientes tem-se tornado cada vez mais frequente, e o gengibre ocupa aqui um lugar importante.<\/span><\/span> <span class=\"jCAhz ChMk0b\"><span class=\"ryNqvb\">Estudos pr\u00e9-cl\u00ednicos demonstraram que o rizoma de gengibre possui propriedades antineopl\u00e1sicas (anticancer\u00edgenas), sendo tamb\u00e9m eficaz na redu\u00e7\u00e3o de n\u00e1useas e v\u00f3mitos ap\u00f3s radioterapia e quimioterapia.<\/span><\/span><\/p><p>A utiliza\u00e7\u00e3o do gengibre \u00e9 contraindicada em casos de obstru\u00e7\u00e3o das vias biliares e durante a n\u00e1usea matinal no primeiro trimestre de gravidez.<\/p>\t\t\t\t\t\t\t\t<\/div>\n\t\t\t\t<\/div>\n\t\t\t\t<div class=\"elementor-element elementor-element-e8dac48 elementor-widget elementor-widget-heading\" data-id=\"e8dac48\" data-element_type=\"widget\" data-e-type=\"widget\" data-widget_type=\"heading.default\">\n\t\t\t\t<div class=\"elementor-widget-container\">\n\t\t\t\t\t<h4 class=\"elementor-heading-title elementor-size-default\">Refer\u00eancias<\/h4>\t\t\t\t<\/div>\n\t\t\t\t<\/div>\n\t\t\t\t<div class=\"elementor-element elementor-element-2199e28 elementor-widget elementor-widget-text-editor\" data-id=\"2199e28\" data-element_type=\"widget\" data-e-type=\"widget\" data-widget_type=\"text-editor.default\">\n\t\t\t\t<div class=\"elementor-widget-container\">\n\t\t\t\t\t\t\t\t\t<ul><li><a class=\"reference-link\" href=\"https:\/\/www.ncbi.nlm.nih.gov\/pmc\/articles\/PMC3665023\/\" target=\"_blank\" rel=\"noopener\">Anti-Oxidative and Anti-Inflammatory Effects of Ginger in Health and Physical Activity: Review of Current Evidence<\/a><\/li><li><a class=\"reference-link\" href=\"https:\/\/pubmed.ncbi.nlm.nih.gov\/22540232\/\" target=\"_blank\" rel=\"noopener\">Inhibitory effect of Allium sativum and Zingiber officinale extracts on clinically important drug resistant pathogenic bacteria<\/a><\/li><li><a class=\"reference-link\" href=\"https:\/\/pubmed.ncbi.nlm.nih.gov\/22006742\/\" target=\"_blank\" rel=\"noopener\">Zingiber officinale Roscoe (ginger) as an adjuvant in cancer treatment: a review<\/a><\/li><\/ul>\t\t\t\t\t\t\t\t<\/div>\n\t\t\t\t<\/div>\n\t\t\t\t\t<\/div>\n\t\t<\/div>\n\t\t\t\t\t<\/div>\n\t\t<\/section>\n\t\t\t\t<\/div>","protected":false},"excerpt":{"rendered":"<p>Ginger Zingiber officinale L. &#8211; Zingiberaceae Ginger is a perennial, herbaceous plant that is grown in tropical and subtropical regions. Its origin is Southeast Asia, and then its application spread to the whole world. It was primarily used as a spice, due to its specific taste, and later found application in traditional medicine due to &hellip;<\/p>\n<p class=\"read-more\"> <a class=\"\" href=\"https:\/\/www.alivitpharm.com\/pt\/ginger\/\"> <span class=\"screen-reader-text\">Gengibre<\/span> Read More &raquo;<\/a><\/p>","protected":false},"author":9,"featured_media":0,"parent":0,"menu_order":0,"comment_status":"closed","ping_status":"closed","template":"","meta":{"site-sidebar-layout":"no-sidebar","site-content-layout":"page-builder","ast-global-header-display":"","ast-main-header-display":"","ast-hfb-above-header-display":"","ast-hfb-below-header-display":"","ast-hfb-mobile-header-display":"","site-post-title":"disabled","ast-breadcrumbs-content":"","ast-featured-img":"disabled","footer-sml-layout":"","theme-transparent-header-meta":"","adv-header-id-meta":"","stick-header-meta":"","header-above-stick-meta":"","header-main-stick-meta":"","header-below-stick-meta":"","footnotes":""},"class_list":["post-7399","page","type-page","status-publish","hentry"],"_links":{"self":[{"href":"https:\/\/www.alivitpharm.com\/pt\/wp-json\/wp\/v2\/pages\/7399","targetHints":{"allow":["GET"]}}],"collection":[{"href":"https:\/\/www.alivitpharm.com\/pt\/wp-json\/wp\/v2\/pages"}],"about":[{"href":"https:\/\/www.alivitpharm.com\/pt\/wp-json\/wp\/v2\/types\/page"}],"author":[{"embeddable":true,"href":"https:\/\/www.alivitpharm.com\/pt\/wp-json\/wp\/v2\/users\/9"}],"replies":[{"embeddable":true,"href":"https:\/\/www.alivitpharm.com\/pt\/wp-json\/wp\/v2\/comments?post=7399"}],"version-history":[{"count":0,"href":"https:\/\/www.alivitpharm.com\/pt\/wp-json\/wp\/v2\/pages\/7399\/revisions"}],"wp:attachment":[{"href":"https:\/\/www.alivitpharm.com\/pt\/wp-json\/wp\/v2\/media?parent=7399"}],"curies":[{"name":"wp","href":"https:\/\/api.w.org\/{rel}","templated":true}]}}