{"id":8179,"date":"2023-01-30T09:45:44","date_gmt":"2023-01-30T07:45:44","guid":{"rendered":"https:\/\/www.alivitpharm.com\/?page_id=8179"},"modified":"2023-01-30T10:05:46","modified_gmt":"2023-01-30T08:05:46","slug":"dandelion","status":"publish","type":"page","link":"https:\/\/www.alivitpharm.com\/pt\/dandelion\/","title":{"rendered":"Dente-de-le\u00e3o"},"content":{"rendered":"<div data-elementor-type=\"wp-page\" data-elementor-id=\"8179\" class=\"elementor elementor-8179\">\n\t\t\t\t\t\t<section class=\"elementor-section elementor-top-section elementor-element elementor-element-bdd4c77 elementor-section-content-middle elementor-section-boxed elementor-section-height-default elementor-section-height-default\" data-id=\"bdd4c77\" data-element_type=\"section\" data-e-type=\"section\" data-settings=\"{&quot;background_background&quot;:&quot;classic&quot;}\">\n\t\t\t\t\t\t\t<div class=\"elementor-background-overlay\"><\/div>\n\t\t\t\t\t\t\t<div class=\"elementor-container elementor-column-gap-default\">\n\t\t\t\t\t<div class=\"elementor-column elementor-col-100 elementor-top-column elementor-element elementor-element-af3cb4a\" data-id=\"af3cb4a\" data-element_type=\"column\" data-e-type=\"column\">\n\t\t\t<div class=\"elementor-widget-wrap elementor-element-populated\">\n\t\t\t\t\t\t<div class=\"elementor-element elementor-element-c902a7b elementor-widget elementor-widget-heading\" data-id=\"c902a7b\" data-element_type=\"widget\" data-e-type=\"widget\" data-widget_type=\"heading.default\">\n\t\t\t\t<div class=\"elementor-widget-container\">\n\t\t\t\t\t<h1 class=\"elementor-heading-title elementor-size-default\">Dente-de-le\u00e3o<\/h1>\t\t\t\t<\/div>\n\t\t\t\t<\/div>\n\t\t\t\t<div class=\"elementor-element elementor-element-0fe6aad elementor-widget elementor-widget-image\" data-id=\"0fe6aad\" data-element_type=\"widget\" data-e-type=\"widget\" data-widget_type=\"image.default\">\n\t\t\t\t<div class=\"elementor-widget-container\">\n\t\t\t\t\t\t\t\t\t\t\t\t\t\t\t<img decoding=\"async\" width=\"75\" height=\"33\" src=\"https:\/\/www.alivitpharm.com\/wp-content\/uploads\/2019\/07\/logo-leaf-new.png\" class=\"attachment-large size-large wp-image-2518\" alt=\"\" \/>\t\t\t\t\t\t\t\t\t\t\t\t\t\t\t<\/div>\n\t\t\t\t<\/div>\n\t\t\t\t<div class=\"elementor-element elementor-element-3c3ba9f elementor-widget elementor-widget-text-editor\" data-id=\"3c3ba9f\" data-element_type=\"widget\" data-e-type=\"widget\" data-widget_type=\"text-editor.default\">\n\t\t\t\t<div class=\"elementor-widget-container\">\n\t\t\t\t\t\t\t\t\t<p><em>Taraxacum officinale L. &#8211; Asteraceae<\/em><\/p>\t\t\t\t\t\t\t\t<\/div>\n\t\t\t\t<\/div>\n\t\t\t\t\t<\/div>\n\t\t<\/div>\n\t\t\t\t\t<\/div>\n\t\t<\/section>\n\t\t\t\t<section class=\"elementor-section elementor-top-section elementor-element elementor-element-0a991b1 elementor-section-boxed elementor-section-height-default elementor-section-height-default\" data-id=\"0a991b1\" data-element_type=\"section\" data-e-type=\"section\" data-settings=\"{&quot;background_background&quot;:&quot;classic&quot;}\">\n\t\t\t\t\t\t<div class=\"elementor-container elementor-column-gap-default\">\n\t\t\t\t\t<div class=\"elementor-column elementor-col-100 elementor-top-column elementor-element elementor-element-f160128\" data-id=\"f160128\" data-element_type=\"column\" data-e-type=\"column\">\n\t\t\t<div class=\"elementor-widget-wrap elementor-element-populated\">\n\t\t\t\t\t\t<div class=\"elementor-element elementor-element-b502009 elementor-widget elementor-widget-image\" data-id=\"b502009\" data-element_type=\"widget\" data-e-type=\"widget\" data-widget_type=\"image.default\">\n\t\t\t\t<div class=\"elementor-widget-container\">\n\t\t\t\t\t\t\t\t\t\t\t\t\t\t\t<img decoding=\"async\" src=\"https:\/\/www.alivitpharm.com\/wp-content\/uploads\/2023\/01\/dandelion.webp\" title=\"dandelion\" alt=\"Dente-de-le\u00e3o\" loading=\"lazy\" \/>\t\t\t\t\t\t\t\t\t\t\t\t\t\t\t<\/div>\n\t\t\t\t<\/div>\n\t\t\t\t<div class=\"elementor-element elementor-element-075e468 elementor-widget elementor-widget-text-editor\" data-id=\"075e468\" data-element_type=\"widget\" data-e-type=\"widget\" data-widget_type=\"text-editor.default\">\n\t\t\t\t<div class=\"elementor-widget-container\">\n\t\t\t\t\t\t\t\t\t<p><span class=\"jCAhz ChMk0b\"><span class=\"ryNqvb\"><strong>Dente-de-le\u00e3o<\/strong> \u00e9 uma planta herb\u00e1cea perene com seiva leitosa.<\/span><\/span> <span class=\"jCAhz ChMk0b\"><span class=\"ryNqvb\">A apar\u00eancia da planta varia consoante o habitat e as condi\u00e7\u00f5es ecol\u00f3gicas.<\/span><\/span> <span class=\"jCAhz ChMk0b\"><span class=\"ryNqvb\">Est\u00e1 disseminada por toda a Europa e \u00c1sia, cresce em altas montanhas e reproduz-se por sementes.<\/span><\/span><\/p><p><span class=\"jCAhz ChMk0b\"><span class=\"ryNqvb\">A raiz \u00e9 fusiforme e engrossada, podendo atingir at\u00e9 140 cm de comprimento, absorvendo nutrientes do solo.<\/span><\/span> <span class=\"jCAhz ChMk0b\"><span class=\"ryNqvb\">As folhas s\u00e3o compostas, lanceoladas ou lineares, podendo ser inteiras ou dentadas.<\/span><\/span> <span class=\"jCAhz ChMk0b\"><span class=\"ryNqvb\">O caule \u00e9 ereto, cil\u00edndrico, oco e sem folhas, suportando uma \u00fanica infloresc\u00eancia por caule.<\/span><\/span> <span class=\"jCAhz ChMk0b\"><span class=\"ryNqvb\">As flores est\u00e3o agrupadas em cap\u00edtulos de cor amarelo-dourado.<\/span><\/span> <span class=\"jCAhz ChMk0b\"><span class=\"ryNqvb\">Floresce na primavera.<\/span><\/span> <span class=\"jCAhz ChMk0b\"><span class=\"ryNqvb\">Ap\u00f3s a flora\u00e7\u00e3o, a flor transforma-se em pequenas bolinhas.<\/span><\/span><\/p><p><span class=\"jCAhz ChMk0b\"><span class=\"ryNqvb\">O dente-de-le\u00e3o tem sido utilizado como planta medicinal desde tempos antigos.<\/span><\/span> <span class=\"jCAhz ChMk0b\"><span class=\"ryNqvb\">As partes medicinais da planta s\u00e3o: folhas, raiz, flores e caule.<\/span><\/span><\/p>\t\t\t\t\t\t\t\t<\/div>\n\t\t\t\t<\/div>\n\t\t\t\t<div class=\"elementor-element elementor-element-efce98b elementor-widget elementor-widget-image\" data-id=\"efce98b\" data-element_type=\"widget\" data-e-type=\"widget\" data-widget_type=\"image.default\">\n\t\t\t\t<div class=\"elementor-widget-container\">\n\t\t\t\t\t\t\t\t\t\t\t\t\t\t\t<img decoding=\"async\" src=\"https:\/\/www.alivitpharm.com\/wp-content\/uploads\/2022\/09\/leaves.png\" title=\"leaves\" alt=\"Leaves\" loading=\"lazy\" \/>\t\t\t\t\t\t\t\t\t\t\t\t\t\t\t<\/div>\n\t\t\t\t<\/div>\n\t\t\t\t<div class=\"elementor-element elementor-element-1a449be elementor-widget elementor-widget-text-editor\" data-id=\"1a449be\" data-element_type=\"widget\" data-e-type=\"widget\" data-widget_type=\"text-editor.default\">\n\t\t\t\t<div class=\"elementor-widget-container\">\n\t\t\t\t\t\t\t\t\t<p><span class=\"jCAhz ChMk0b\"><span class=\"ryNqvb\">As folhas de dente-de-le\u00e3o s\u00e3o ricas em vitamina C, ferro, vitamina A, carotenoides, prote\u00ednas, gorduras e hidratos de carbono, sendo mais frequentemente utilizadas em forma de ch\u00e1 para eliminar o excesso de l\u00edquidos do organismo (efeito diur\u00e9tico).<\/span><\/span> <span class=\"jCAhz ChMk0b\"><span class=\"ryNqvb\">No nosso produto <strong>Black Garlic Hepato Care<\/strong> utiliz\u00e1mos a raiz do dente-de-le\u00e3o para preparar o extrato, que tamb\u00e9m apresenta um elevado potencial bioativo.<\/span><\/span> <span class=\"jCAhz ChMk0b\"><span class=\"ryNqvb\">A raiz \u00e9 colhida na primavera ou no outono (segundo algumas recomenda\u00e7\u00f5es, o outono \u00e9 prefer\u00edvel, pois cont\u00e9m muito mais inulina do que na primavera).<\/span><\/span> <span class=\"jCAhz ChMk0b\"><span class=\"ryNqvb\">Considera-se que a raiz \u00e9 a parte mais medicinal do dente-de-le\u00e3o, sendo muito rica em pot\u00e1ssio, e cont\u00e9m tamb\u00e9m subst\u00e2ncias amargas, triterpenos, glic\u00f3sidos flav\u00f3nicos, inulina, fitoster\u00f3is, vitamina A e carotenoides.<\/span><\/span><\/p><p><span class=\"jCAhz ChMk0b\"><span class=\"ryNqvb\">Como agente amargo, \u00e9 utilizada para estimular o apetite e a produ\u00e7\u00e3o de b\u00edlis.<\/span><\/span> <span class=\"jCAhz ChMk0b\"><span class=\"ryNqvb\">Tem um papel significativo no tratamento de diversas doen\u00e7as gastrointestinais, como azia e dispepsia.<\/span><\/span><\/p><p><span class=\"jCAhz ChMk0b\"><span class=\"ryNqvb\">Al\u00e9m disso, o efeito diur\u00e9tico do dente-de-le\u00e3o promove a elimina\u00e7\u00e3o da urina, sendo tamb\u00e9m utilizado como laxante, facilitando a evacua\u00e7\u00e3o intestinal.<\/span><\/span> <span class=\"jCAhz ChMk0b\"><span class=\"ryNqvb\">O dente-de-le\u00e3o apresenta um forte potencial antioxidante, anti-inflamat\u00f3rio, anticancer\u00edgeno e hepatoprotetor (recomendado em casos de les\u00e3o hep\u00e1tica causada por \u00e1lcool ou medicamentos) e, devido \u00e0 elevada concentra\u00e7\u00e3o de inulina, \u00e9 considerado um excelente prebi\u00f3tico.<\/span><\/span> <span class=\"jCAhz ChMk0b\"><span class=\"ryNqvb\">Pode ser recomendado em casos de inflama\u00e7\u00e3o da ves\u00edcula biliar, c\u00e1lculos biliares, dist\u00farbios digestivos, e tem sido amplamente utilizado como auxiliar no tratamento da hepatite viral.<\/span><\/span> <span class=\"jCAhz ChMk0b\"><span class=\"ryNqvb\">O dente-de-le\u00e3o pode ser utilizado por pessoas com diabetes, pois apresenta um efeito hipoglic\u00e9mico significativo.<\/span><\/span> <span class=\"jCAhz ChMk0b\"><span class=\"ryNqvb\">Al\u00e9m de influenciar os n\u00edveis de glicose no sangue, reduz tamb\u00e9m os n\u00edveis de colesterol total e triglicer\u00eddeos, sendo recomendado para pessoas com obesidade como aux\u00edlio no tratamento desta condi\u00e7\u00e3o.<\/span><\/span><\/p><p>\u00c9 muito importante salientar que pessoas propensas a alergias devem utilizar o dente-de-le\u00e3o e produtos \u00e0 base desta planta com precau\u00e7\u00e3o.<\/p>\t\t\t\t\t\t\t\t<\/div>\n\t\t\t\t<\/div>\n\t\t\t\t<div class=\"elementor-element elementor-element-33403b8 elementor-widget elementor-widget-heading\" data-id=\"33403b8\" data-element_type=\"widget\" data-e-type=\"widget\" data-widget_type=\"heading.default\">\n\t\t\t\t<div class=\"elementor-widget-container\">\n\t\t\t\t\t<h4 class=\"elementor-heading-title elementor-size-default\">Refer\u00eancias<\/h4>\t\t\t\t<\/div>\n\t\t\t\t<\/div>\n\t\t\t\t<div class=\"elementor-element elementor-element-e9a6798 elementor-widget elementor-widget-text-editor\" data-id=\"e9a6798\" data-element_type=\"widget\" data-e-type=\"widget\" data-widget_type=\"text-editor.default\">\n\t\t\t\t<div class=\"elementor-widget-container\">\n\t\t\t\t\t\t\t\t\t<ul><li><a class=\"reference-link\" href=\"https:\/\/pubmed.ncbi.nlm.nih.gov\/16950583\/\" target=\"_blank\" rel=\"noopener\">Taraxacum &#8211; a review on its phytochemical and pharmacological profile<\/a><\/li><li><a class=\"reference-link\" href=\"https:\/\/pubmed.ncbi.nlm.nih.gov\/35405251\/\" target=\"_blank\" rel=\"noopener\">The potential of dandelion in the fight against gastrointestinal diseases: A review<\/a><\/li><li><a class=\"reference-link\" href=\"https:\/\/pubmed.ncbi.nlm.nih.gov\/28012278\/\" target=\"_blank\" rel=\"noopener\">The Physiological Effects of Dandelion (Taraxacum Officinale) in Type 2 Diabetes<\/a><\/li><li><a class=\"reference-link\" href=\"https:\/\/pubmed.ncbi.nlm.nih.gov\/33498684\/\" target=\"_blank\" rel=\"noopener\">Plants of the Spontaneous Flora with Beneficial Action in the Management of Diabetes, Hepatic Disorders, and Cardiovascular Disease<\/a><\/li><\/ul>\t\t\t\t\t\t\t\t<\/div>\n\t\t\t\t<\/div>\n\t\t\t\t\t<\/div>\n\t\t<\/div>\n\t\t\t\t\t<\/div>\n\t\t<\/section>\n\t\t\t\t<\/div>","protected":false},"excerpt":{"rendered":"<p>Dandelion Taraxacum officinale L. &#8211; Asteraceae Dandelion is a perennial herbaceous, milky plant. The appearance of the plant is different depending on the habitat and environmental conditions. It is widespread throughout Europe and Asia, thrives even on high mountains, and is propagated by seeds. The root is spindly and thickened and can be up to &hellip;<\/p>\n<p class=\"read-more\"> <a class=\"\" href=\"https:\/\/www.alivitpharm.com\/pt\/dandelion\/\"> <span class=\"screen-reader-text\">Dente-de-le\u00e3o<\/span> Read More &raquo;<\/a><\/p>","protected":false},"author":9,"featured_media":0,"parent":0,"menu_order":0,"comment_status":"closed","ping_status":"closed","template":"","meta":{"site-sidebar-layout":"no-sidebar","site-content-layout":"page-builder","ast-global-header-display":"","ast-main-header-display":"","ast-hfb-above-header-display":"","ast-hfb-below-header-display":"","ast-hfb-mobile-header-display":"","site-post-title":"disabled","ast-breadcrumbs-content":"","ast-featured-img":"disabled","footer-sml-layout":"","theme-transparent-header-meta":"","adv-header-id-meta":"","stick-header-meta":"","header-above-stick-meta":"","header-main-stick-meta":"","header-below-stick-meta":"","footnotes":""},"class_list":["post-8179","page","type-page","status-publish","hentry"],"_links":{"self":[{"href":"https:\/\/www.alivitpharm.com\/pt\/wp-json\/wp\/v2\/pages\/8179","targetHints":{"allow":["GET"]}}],"collection":[{"href":"https:\/\/www.alivitpharm.com\/pt\/wp-json\/wp\/v2\/pages"}],"about":[{"href":"https:\/\/www.alivitpharm.com\/pt\/wp-json\/wp\/v2\/types\/page"}],"author":[{"embeddable":true,"href":"https:\/\/www.alivitpharm.com\/pt\/wp-json\/wp\/v2\/users\/9"}],"replies":[{"embeddable":true,"href":"https:\/\/www.alivitpharm.com\/pt\/wp-json\/wp\/v2\/comments?post=8179"}],"version-history":[{"count":0,"href":"https:\/\/www.alivitpharm.com\/pt\/wp-json\/wp\/v2\/pages\/8179\/revisions"}],"wp:attachment":[{"href":"https:\/\/www.alivitpharm.com\/pt\/wp-json\/wp\/v2\/media?parent=8179"}],"curies":[{"name":"wp","href":"https:\/\/api.w.org\/{rel}","templated":true}]}}