{"id":8231,"date":"2023-01-30T13:00:38","date_gmt":"2023-01-30T11:00:38","guid":{"rendered":"https:\/\/www.alivitpharm.com\/?page_id=8231"},"modified":"2023-01-31T10:12:20","modified_gmt":"2023-01-31T08:12:20","slug":"immortelle","status":"publish","type":"page","link":"https:\/\/www.alivitpharm.com\/pt\/immortelle\/","title":{"rendered":"Sempre-viva"},"content":{"rendered":"<div data-elementor-type=\"wp-page\" data-elementor-id=\"8231\" class=\"elementor elementor-8231\">\n\t\t\t\t\t\t<section class=\"elementor-section elementor-top-section elementor-element elementor-element-d9dd501 elementor-section-content-middle elementor-section-boxed elementor-section-height-default elementor-section-height-default\" data-id=\"d9dd501\" data-element_type=\"section\" data-e-type=\"section\" data-settings=\"{&quot;background_background&quot;:&quot;classic&quot;}\">\n\t\t\t\t\t\t\t<div class=\"elementor-background-overlay\"><\/div>\n\t\t\t\t\t\t\t<div class=\"elementor-container elementor-column-gap-default\">\n\t\t\t\t\t<div class=\"elementor-column elementor-col-100 elementor-top-column elementor-element elementor-element-5482e0b\" data-id=\"5482e0b\" data-element_type=\"column\" data-e-type=\"column\">\n\t\t\t<div class=\"elementor-widget-wrap elementor-element-populated\">\n\t\t\t\t\t\t<div class=\"elementor-element elementor-element-95c4263 elementor-widget elementor-widget-heading\" data-id=\"95c4263\" data-element_type=\"widget\" data-e-type=\"widget\" data-widget_type=\"heading.default\">\n\t\t\t\t<div class=\"elementor-widget-container\">\n\t\t\t\t\t<h1 class=\"elementor-heading-title elementor-size-default\">Sempre-viva<\/h1>\t\t\t\t<\/div>\n\t\t\t\t<\/div>\n\t\t\t\t<div class=\"elementor-element elementor-element-6f89795 elementor-widget elementor-widget-image\" data-id=\"6f89795\" data-element_type=\"widget\" data-e-type=\"widget\" data-widget_type=\"image.default\">\n\t\t\t\t<div class=\"elementor-widget-container\">\n\t\t\t\t\t\t\t\t\t\t\t\t\t\t\t<img decoding=\"async\" width=\"75\" height=\"33\" src=\"https:\/\/www.alivitpharm.com\/wp-content\/uploads\/2019\/07\/logo-leaf-new.png\" class=\"attachment-large size-large wp-image-2518\" alt=\"\" \/>\t\t\t\t\t\t\t\t\t\t\t\t\t\t\t<\/div>\n\t\t\t\t<\/div>\n\t\t\t\t<div class=\"elementor-element elementor-element-c012567 elementor-widget elementor-widget-text-editor\" data-id=\"c012567\" data-element_type=\"widget\" data-e-type=\"widget\" data-widget_type=\"text-editor.default\">\n\t\t\t\t<div class=\"elementor-widget-container\">\n\t\t\t\t\t\t\t\t\t<p><em>Helichrysum italicum L. &#8211; Asteraceae<\/em><\/p>\t\t\t\t\t\t\t\t<\/div>\n\t\t\t\t<\/div>\n\t\t\t\t\t<\/div>\n\t\t<\/div>\n\t\t\t\t\t<\/div>\n\t\t<\/section>\n\t\t\t\t<section class=\"elementor-section elementor-top-section elementor-element elementor-element-0c04425 elementor-section-boxed elementor-section-height-default elementor-section-height-default\" data-id=\"0c04425\" data-element_type=\"section\" data-e-type=\"section\" data-settings=\"{&quot;background_background&quot;:&quot;classic&quot;}\">\n\t\t\t\t\t\t<div class=\"elementor-container elementor-column-gap-default\">\n\t\t\t\t\t<div class=\"elementor-column elementor-col-100 elementor-top-column elementor-element elementor-element-768ad82\" data-id=\"768ad82\" data-element_type=\"column\" data-e-type=\"column\">\n\t\t\t<div class=\"elementor-widget-wrap elementor-element-populated\">\n\t\t\t\t\t\t<div class=\"elementor-element elementor-element-0468bcf elementor-widget elementor-widget-image\" data-id=\"0468bcf\" data-element_type=\"widget\" data-e-type=\"widget\" data-widget_type=\"image.default\">\n\t\t\t\t<div class=\"elementor-widget-container\">\n\t\t\t\t\t\t\t\t\t\t\t\t\t\t\t<img decoding=\"async\" src=\"https:\/\/www.alivitpharm.com\/wp-content\/uploads\/2023\/01\/immortelle.jpg\" title=\"immortelle\" alt=\"Sempre-viva\" loading=\"lazy\" \/>\t\t\t\t\t\t\t\t\t\t\t\t\t\t\t<\/div>\n\t\t\t\t<\/div>\n\t\t\t\t<div class=\"elementor-element elementor-element-cafced7 elementor-widget elementor-widget-text-editor\" data-id=\"cafced7\" data-element_type=\"widget\" data-e-type=\"widget\" data-widget_type=\"text-editor.default\">\n\t\t\t\t<div class=\"elementor-widget-container\">\n\t\t\t\t\t\t\t\t\t<p><span class=\"jCAhz ChMk0b\"><span class=\"ryNqvb\"><strong>Sempre-viva<\/strong> \u00e9 uma planta perene, herb\u00e1cea, caracter\u00edstica da regi\u00e3o mediterr\u00e2nica.<\/span><\/span> <span class=\"jCAhz ChMk0b\"><span class=\"ryNqvb\">\u00c9 um subarbusto com caule ramificado, que atinge at\u00e9 60 cm de altura.<\/span><\/span> <span class=\"jCAhz ChMk0b\"><span class=\"ryNqvb\">As folhas s\u00e3o s\u00e9sseis, alongadas e estreitas, de cor verde-clara.<\/span><\/span> <span class=\"jCAhz ChMk0b\"><span class=\"ryNqvb\">As flores s\u00e3o hermafroditas, amarelas, reunidas em cap\u00edtulos florais, que por sua vez se agrupam numa infloresc\u00eancia corimbosa no topo do caule.<\/span><\/span> <span class=\"jCAhz ChMk0b\"><span class=\"ryNqvb\">O fruto \u00e9 uma pequena aqu\u00e9nio.<\/span><\/span><\/p><p><span class=\"jCAhz ChMk0b\"><span class=\"ryNqvb\">A sempre-viva cresce espontaneamente no sul da Europa, no noroeste de \u00c1frica e na \u00c1sia Menor, em solos secos, rochosos ou arenosos.<\/span><\/span> <span class=\"jCAhz ChMk0b\"><span class=\"ryNqvb\">Na nossa regi\u00e3o, a sempre-viva cresce espontaneamente na zona costeira, mas atualmente \u00e9 muito mais comum encontrar o cultivo de determinadas esp\u00e9cies de sempre-viva.<\/span><\/span><\/p>\t\t\t\t\t\t\t\t<\/div>\n\t\t\t\t<\/div>\n\t\t\t\t<div class=\"elementor-element elementor-element-4b86bd0 elementor-widget elementor-widget-image\" data-id=\"4b86bd0\" data-element_type=\"widget\" data-e-type=\"widget\" data-widget_type=\"image.default\">\n\t\t\t\t<div class=\"elementor-widget-container\">\n\t\t\t\t\t\t\t\t\t\t\t\t\t\t\t<img decoding=\"async\" src=\"https:\/\/www.alivitpharm.com\/wp-content\/uploads\/2022\/09\/leaves.png\" title=\"leaves\" alt=\"Leaves\" loading=\"lazy\" \/>\t\t\t\t\t\t\t\t\t\t\t\t\t\t\t<\/div>\n\t\t\t\t<\/div>\n\t\t\t\t<div class=\"elementor-element elementor-element-1065092 elementor-widget elementor-widget-text-editor\" data-id=\"1065092\" data-element_type=\"widget\" data-e-type=\"widget\" data-widget_type=\"text-editor.default\">\n\t\t\t\t<div class=\"elementor-widget-container\">\n\t\t\t\t\t\t\t\t\t<p>A esp\u00e9cie <em>Heliccrysum italicum<\/em> n\u00e3o \u00e9 oficial em nenhuma farmacopeia, mas \u00e9 amplamente utilizada na medicina tradicional de v\u00e1rios pa\u00edses (It\u00e1lia, Espanha, Portugal, B\u00f3snia e Herzegovina).<\/p><p><span class=\"jCAhz ChMk0b\"><span class=\"ryNqvb\">Os compostos ativos da sempre-viva s\u00e3o: acetofenonas, flavonoides e derivados do floroglucinol.<\/span><\/span> <span class=\"jCAhz ChMk0b\"><span class=\"ryNqvb\">Deve-se prestar especial aten\u00e7\u00e3o \u00e0 presen\u00e7a de acetofenona, 4-hidroxi-3-(3-metil-2-butenil) acetofenona e 4-hidroxi-3-(2-hidroxi-3-isopentenil) acetofenona, tiliros\u00eddeo, gnafalina, apigenina, luteolina e<\/span><\/span> <span class=\"jCAhz ChMk0b\"><span class=\"ryNqvb\">o heterod\u00edmero prenilado alfa-pirona-floroglucinol arzanol, devido \u00e0s suas propriedades diversas e importantes.<\/span><\/span><\/p><p><span class=\"jCAhz ChMk0b\"><span class=\"ryNqvb\">As flores e folhas da sempre-viva s\u00e3o utilizadas como partes medicinais da planta, sendo mais frequentemente empregadas no tratamento de doen\u00e7as de pele. <\/span><\/span><span class=\"jCAhz ChMk0b\"><span class=\"ryNqvb\">Na literatura, menciona-se o uso tradicional da sempre-viva em dist\u00farbios do trato respirat\u00f3rio e digestivo, bem como em diversas condi\u00e7\u00f5es inflamat\u00f3rias da pele.<\/span><\/span> <span class=\"jCAhz ChMk0b\"><span class=\"ryNqvb\">Outras aplica\u00e7\u00f5es terap\u00eauticas incluem atividade antimicrobiana e analg\u00e9sica (dor de dentes, cefaleia, dores abdominais), promo\u00e7\u00e3o da cicatriza\u00e7\u00e3o de feridas e tratamento de dist\u00farbios do trato biliar. <\/span><\/span><span class=\"jCAhz ChMk0b\"><span class=\"ryNqvb\">A sempre-viva tamb\u00e9m tem ampla utiliza\u00e7\u00e3o como auxiliar no tratamento do funcionamento do f\u00edgado e da ves\u00edcula biliar, inflama\u00e7\u00f5es e infe\u00e7\u00f5es (atividade antimicrobiana).<\/span><\/span> <span class=\"jCAhz ChMk0b\"><span class=\"ryNqvb\">Aplica-se ainda em casos de ins\u00f4nia, alopecia e infe\u00e7\u00f5es helm\u00ednticas.<\/span><\/span> <span class=\"jCAhz ChMk0b\"><span class=\"ryNqvb\">Al\u00e9m da a\u00e7\u00e3o anti-inflamat\u00f3ria e antimicrobiana, a sempre-viva apresenta tamb\u00e9m efeito antioxidante, neutralizando radicais livres e protegendo contra o stress oxidativo.<\/span><\/span><\/p>\t\t\t\t\t\t\t\t<\/div>\n\t\t\t\t<\/div>\n\t\t\t\t<div class=\"elementor-element elementor-element-9aa9dd8 elementor-widget elementor-widget-heading\" data-id=\"9aa9dd8\" data-element_type=\"widget\" data-e-type=\"widget\" data-widget_type=\"heading.default\">\n\t\t\t\t<div class=\"elementor-widget-container\">\n\t\t\t\t\t<h4 class=\"elementor-heading-title elementor-size-default\">Refer\u00eancias<\/h4>\t\t\t\t<\/div>\n\t\t\t\t<\/div>\n\t\t\t\t<div class=\"elementor-element elementor-element-7f8c8fe elementor-widget elementor-widget-text-editor\" data-id=\"7f8c8fe\" data-element_type=\"widget\" data-e-type=\"widget\" data-widget_type=\"text-editor.default\">\n\t\t\t\t<div class=\"elementor-widget-container\">\n\t\t\t\t\t\t\t\t\t<ul><li><a class=\"reference-link\" href=\"https:\/\/pubmed.ncbi.nlm.nih.gov\/24239849\/\" target=\"_blank\" rel=\"noopener\">Helichrysum italicum: from traditional use to scientific data<\/a><\/li><li><a class=\"reference-link\" href=\"https:\/\/pubmed.ncbi.nlm.nih.gov\/24140587\/\" target=\"_blank\" rel=\"noopener\">Intestinal antispasmodic effects of Helichrysum italicum (Roth) Don ssp. italicum and chemical identification of the active ingredients<\/a><\/li><\/ul>\t\t\t\t\t\t\t\t<\/div>\n\t\t\t\t<\/div>\n\t\t\t\t\t<\/div>\n\t\t<\/div>\n\t\t\t\t\t<\/div>\n\t\t<\/section>\n\t\t\t\t<\/div>","protected":false},"excerpt":{"rendered":"<p>Immortelle Helichrysum italicum L. &#8211; Asteraceae Immortelle is a perennial, herbaceous plant, characteristic of the Mediterranean area. It is a semi-shrub whose stem is branched, up to 60 cm high. The leaves are sessile, oblong and narrow, light green. The flowers are bisexual, yellow, collected in flower heads, and those heads are collected in a &hellip;<\/p>\n<p class=\"read-more\"> <a class=\"\" href=\"https:\/\/www.alivitpharm.com\/pt\/immortelle\/\"> <span class=\"screen-reader-text\">Sempre-viva<\/span> Read More &raquo;<\/a><\/p>","protected":false},"author":9,"featured_media":0,"parent":0,"menu_order":0,"comment_status":"closed","ping_status":"closed","template":"","meta":{"site-sidebar-layout":"no-sidebar","site-content-layout":"page-builder","ast-global-header-display":"","ast-main-header-display":"","ast-hfb-above-header-display":"","ast-hfb-below-header-display":"","ast-hfb-mobile-header-display":"","site-post-title":"disabled","ast-breadcrumbs-content":"","ast-featured-img":"disabled","footer-sml-layout":"","theme-transparent-header-meta":"","adv-header-id-meta":"","stick-header-meta":"","header-above-stick-meta":"","header-main-stick-meta":"","header-below-stick-meta":"","footnotes":""},"class_list":["post-8231","page","type-page","status-publish","hentry"],"_links":{"self":[{"href":"https:\/\/www.alivitpharm.com\/pt\/wp-json\/wp\/v2\/pages\/8231","targetHints":{"allow":["GET"]}}],"collection":[{"href":"https:\/\/www.alivitpharm.com\/pt\/wp-json\/wp\/v2\/pages"}],"about":[{"href":"https:\/\/www.alivitpharm.com\/pt\/wp-json\/wp\/v2\/types\/page"}],"author":[{"embeddable":true,"href":"https:\/\/www.alivitpharm.com\/pt\/wp-json\/wp\/v2\/users\/9"}],"replies":[{"embeddable":true,"href":"https:\/\/www.alivitpharm.com\/pt\/wp-json\/wp\/v2\/comments?post=8231"}],"version-history":[{"count":0,"href":"https:\/\/www.alivitpharm.com\/pt\/wp-json\/wp\/v2\/pages\/8231\/revisions"}],"wp:attachment":[{"href":"https:\/\/www.alivitpharm.com\/pt\/wp-json\/wp\/v2\/media?parent=8231"}],"curies":[{"name":"wp","href":"https:\/\/api.w.org\/{rel}","templated":true}]}}