{"id":8465,"date":"2023-02-20T09:40:25","date_gmt":"2023-02-20T07:40:25","guid":{"rendered":"https:\/\/www.alivitpharm.com\/?page_id=8465"},"modified":"2023-06-01T09:37:53","modified_gmt":"2023-06-01T07:37:53","slug":"lavender","status":"publish","type":"page","link":"https:\/\/www.alivitpharm.com\/pt\/lavender\/","title":{"rendered":"Lavanda"},"content":{"rendered":"<div data-elementor-type=\"wp-page\" data-elementor-id=\"8465\" class=\"elementor elementor-8465\">\n\t\t\t\t\t\t<section class=\"elementor-section elementor-top-section elementor-element elementor-element-01f54fe elementor-section-content-middle elementor-section-boxed elementor-section-height-default elementor-section-height-default\" data-id=\"01f54fe\" data-element_type=\"section\" data-e-type=\"section\" data-settings=\"{&quot;background_background&quot;:&quot;classic&quot;}\">\n\t\t\t\t\t\t\t<div class=\"elementor-background-overlay\"><\/div>\n\t\t\t\t\t\t\t<div class=\"elementor-container elementor-column-gap-default\">\n\t\t\t\t\t<div class=\"elementor-column elementor-col-100 elementor-top-column elementor-element elementor-element-9d91219\" data-id=\"9d91219\" data-element_type=\"column\" data-e-type=\"column\">\n\t\t\t<div class=\"elementor-widget-wrap elementor-element-populated\">\n\t\t\t\t\t\t<div class=\"elementor-element elementor-element-53c89f9 elementor-widget elementor-widget-heading\" data-id=\"53c89f9\" data-element_type=\"widget\" data-e-type=\"widget\" data-widget_type=\"heading.default\">\n\t\t\t\t<div class=\"elementor-widget-container\">\n\t\t\t\t\t<h1 class=\"elementor-heading-title elementor-size-default\">Lavanda<\/h1>\t\t\t\t<\/div>\n\t\t\t\t<\/div>\n\t\t\t\t<div class=\"elementor-element elementor-element-237afdd elementor-widget elementor-widget-image\" data-id=\"237afdd\" data-element_type=\"widget\" data-e-type=\"widget\" data-widget_type=\"image.default\">\n\t\t\t\t<div class=\"elementor-widget-container\">\n\t\t\t\t\t\t\t\t\t\t\t\t\t\t\t<img decoding=\"async\" width=\"75\" height=\"33\" src=\"https:\/\/www.alivitpharm.com\/wp-content\/uploads\/2019\/07\/logo-leaf-new.png\" class=\"attachment-large size-large wp-image-2518\" alt=\"\" \/>\t\t\t\t\t\t\t\t\t\t\t\t\t\t\t<\/div>\n\t\t\t\t<\/div>\n\t\t\t\t<div class=\"elementor-element elementor-element-b0471b8 elementor-widget elementor-widget-text-editor\" data-id=\"b0471b8\" data-element_type=\"widget\" data-e-type=\"widget\" data-widget_type=\"text-editor.default\">\n\t\t\t\t<div class=\"elementor-widget-container\">\n\t\t\t\t\t\t\t\t\t<p><em>Lavandula angustifolia &#8211; Lamiaceae<\/em><\/p>\t\t\t\t\t\t\t\t<\/div>\n\t\t\t\t<\/div>\n\t\t\t\t\t<\/div>\n\t\t<\/div>\n\t\t\t\t\t<\/div>\n\t\t<\/section>\n\t\t\t\t<section class=\"elementor-section elementor-top-section elementor-element elementor-element-72d585c elementor-section-boxed elementor-section-height-default elementor-section-height-default\" data-id=\"72d585c\" data-element_type=\"section\" data-e-type=\"section\" data-settings=\"{&quot;background_background&quot;:&quot;classic&quot;}\">\n\t\t\t\t\t\t<div class=\"elementor-container elementor-column-gap-default\">\n\t\t\t\t\t<div class=\"elementor-column elementor-col-100 elementor-top-column elementor-element elementor-element-7f041e8\" data-id=\"7f041e8\" data-element_type=\"column\" data-e-type=\"column\">\n\t\t\t<div class=\"elementor-widget-wrap elementor-element-populated\">\n\t\t\t\t\t\t<div class=\"elementor-element elementor-element-2678765 elementor-widget elementor-widget-image\" data-id=\"2678765\" data-element_type=\"widget\" data-e-type=\"widget\" data-widget_type=\"image.default\">\n\t\t\t\t<div class=\"elementor-widget-container\">\n\t\t\t\t\t\t\t\t\t\t\t\t\t\t\t<img decoding=\"async\" src=\"https:\/\/www.alivitpharm.com\/wp-content\/uploads\/2023\/02\/lavender.png\" title=\"lavender\" alt=\"Lavanda\" loading=\"lazy\" \/>\t\t\t\t\t\t\t\t\t\t\t\t\t\t\t<\/div>\n\t\t\t\t<\/div>\n\t\t\t\t<div class=\"elementor-element elementor-element-46c8523 elementor-widget elementor-widget-text-editor\" data-id=\"46c8523\" data-element_type=\"widget\" data-e-type=\"widget\" data-widget_type=\"text-editor.default\">\n\t\t\t\t<div class=\"elementor-widget-container\">\n\t\t\t\t\t\t\t\t\t<p><span class=\"jCAhz ChMk0b\"><span class=\"ryNqvb\"><strong>Lavanda<\/strong> \u00e9 uma planta perene, herb\u00e1cea.<\/span><\/span> <span class=\"jCAhz ChMk0b\"><span class=\"ryNqvb\">O caule \u00e9 ramificado, as folhas s\u00e3o simples, lineares, cobertas por pelos mec\u00e2nicos, de cor verde-acizentada.<\/span><\/span> <span class=\"jCAhz ChMk0b\"><span class=\"ryNqvb\">As flores est\u00e3o reunidas em diqu\u00e9cios, e todas as partes da flor est\u00e3o cobertas por gl\u00e2ndulas escamosas.<\/span><\/span> <span class=\"jCAhz ChMk0b\"><span class=\"ryNqvb\">O fruto \u00e9 um mericarpo, composto por quatro n\u00faculas.<\/span><\/span> <span class=\"jCAhz ChMk0b\"><span class=\"ryNqvb\">A planta \u00e9 comum na regi\u00e3o mediterr\u00e2nica, em solos pedregosos e calc\u00e1rios.<\/span><\/span><\/p><p><span class=\"jCAhz ChMk0b\"><span class=\"ryNqvb\">Como parte medicinal da planta, utiliza-se a flor seca, ainda n\u00e3o totalmente desenvolvida, de lavanda selvagem ou cultivada.<\/span><\/span> <span class=\"jCAhz ChMk0b\"><span class=\"ryNqvb\">A flor de lavanda cont\u00e9m 1,5\u20133% de \u00f3leo essencial.<\/span><\/span> <span class=\"jCAhz ChMk0b\"><span class=\"ryNqvb\">Os componentes mais importantes s\u00e3o linalol, acetato de linalilo, limoneno, cineol e c\u00e2nfora.<\/span><\/span> <span class=\"jCAhz ChMk0b\"><span class=\"ryNqvb\">A lavanda \u00e9 tamb\u00e9m uma planta rica em taninos.<\/span><\/span><\/p>\t\t\t\t\t\t\t\t<\/div>\n\t\t\t\t<\/div>\n\t\t\t\t<div class=\"elementor-element elementor-element-b8176bb elementor-widget elementor-widget-image\" data-id=\"b8176bb\" data-element_type=\"widget\" data-e-type=\"widget\" data-widget_type=\"image.default\">\n\t\t\t\t<div class=\"elementor-widget-container\">\n\t\t\t\t\t\t\t\t\t\t\t\t\t\t\t<img decoding=\"async\" src=\"https:\/\/www.alivitpharm.com\/wp-content\/uploads\/2022\/09\/leaves.png\" title=\"leaves\" alt=\"Leaves\" loading=\"lazy\" \/>\t\t\t\t\t\t\t\t\t\t\t\t\t\t\t<\/div>\n\t\t\t\t<\/div>\n\t\t\t\t<div class=\"elementor-element elementor-element-3578b19 elementor-widget elementor-widget-text-editor\" data-id=\"3578b19\" data-element_type=\"widget\" data-e-type=\"widget\" data-widget_type=\"text-editor.default\">\n\t\t\t\t<div class=\"elementor-widget-container\">\n\t\t\t\t\t\t\t\t\t<p>O \u00f3leo essencial de lavanda \u00e9 obtido por destila\u00e7\u00e3o a vapor a partir das flores frescas ou da infloresc\u00eancia completa. O \u00f3leo essencial de lavanda \u00e9 respons\u00e1vel pelo efeito sedativo da planta. <span class=\"jCAhz ChMk0b\"><span class=\"ryNqvb\">A lavanda tamb\u00e9m pode ser utilizada para neutralizar gases e reduzir a distens\u00e3o abdominal.<\/span><\/span> <span class=\"jCAhz ChMk0b\"><span class=\"ryNqvb\">O uso desta planta \u00e9 recomendado em casos de dist\u00farbios do humor, fadiga e ins\u00f4nia.<\/span><\/span> <span class=\"jCAhz ChMk0b\"><span class=\"ryNqvb\">Est\u00e1 comprovado que \u00e9 especialmente \u00fatil no tratamento da ins\u00f4nia em mulheres ap\u00f3s o parto.<\/span><\/span> <span class=\"jCAhz ChMk0b\"><span class=\"ryNqvb\">Al\u00e9m disso, efeitos ben\u00e9ficos foram observados em diversos problemas digestivos, como m\u00e1 digest\u00e3o, c\u00f3licas e incha\u00e7o. A lavanda pode ser utilizada na prepara\u00e7\u00e3o de produtos para aplica\u00e7\u00e3o t\u00f3pica, como produtos para dist\u00farbios da circula\u00e7\u00e3o perif\u00e9rica, uma vez que a lavanda \u00e9 considerada um rubefaciente suave. O \u00f3leo essencial de lavanda tamb\u00e9m teve grande aplica\u00e7\u00e3o na ind\u00fastria cosm\u00e9tica, na produ\u00e7\u00e3o de diversos cosm\u00e9ticos, como s\u00e9runs, perfumes e cremes.<\/span><\/span><\/p><p><span class=\"jCAhz ChMk0b\"><span class=\"ryNqvb\">O uso de \u00f3leos essenciais e seus componentes \u00e9 conhecido desde a antiguidade na medicina tradicional e na aromaterapia.<\/span><\/span> <span class=\"jCAhz ChMk0b\"><span class=\"ryNqvb\">Os potenciais neuroprotetor e anti-envelhecimento dos \u00f3leos essenciais foram alvo de v\u00e1rias pesquisas cient\u00edficas, incluindo o \u00f3leo essencial de lavanda, cujos efeitos mencionados foram comprovados.<\/span><\/span> <span class=\"jCAhz ChMk0b\"><span class=\"ryNqvb\">Est\u00e1 demonstrado que a lavanda tem um efeito muito significativo na preven\u00e7\u00e3o e como auxiliar no tratamento da doen\u00e7a de Alzheimer e da dem\u00eancia, bem como em outros estados patofisiol\u00f3gicos, como dist\u00farbios psiqui\u00e1tricos (ansiedade e depress\u00e3o) e hipofun\u00e7\u00f5es cognitivas.<\/span><\/span><\/p>\t\t\t\t\t\t\t\t<\/div>\n\t\t\t\t<\/div>\n\t\t\t\t<div class=\"elementor-element elementor-element-2c7ce54 elementor-widget elementor-widget-heading\" data-id=\"2c7ce54\" data-element_type=\"widget\" data-e-type=\"widget\" data-widget_type=\"heading.default\">\n\t\t\t\t<div class=\"elementor-widget-container\">\n\t\t\t\t\t<h4 class=\"elementor-heading-title elementor-size-default\">Refer\u00eancias<\/h4>\t\t\t\t<\/div>\n\t\t\t\t<\/div>\n\t\t\t\t<div class=\"elementor-element elementor-element-ab765d6 elementor-widget elementor-widget-text-editor\" data-id=\"ab765d6\" data-element_type=\"widget\" data-e-type=\"widget\" data-widget_type=\"text-editor.default\">\n\t\t\t\t<div class=\"elementor-widget-container\">\n\t\t\t\t\t\t\t\t\t<ul><li><a class=\"reference-link\" href=\"https:\/\/pubmed.ncbi.nlm.nih.gov\/28611658\/\" target=\"_blank\" rel=\"noopener\">Neuroprotective and Anti-Aging Potentials of Essential Oils from Aromatic and Medicinal Plants<\/a><\/li><li><a class=\"reference-link\" href=\"https:\/\/pubmed.ncbi.nlm.nih.gov\/30360002\/\" target=\"_blank\" rel=\"noopener\">Essential Oils as Treatment Strategy for Alzheimer&#8217;s Disease: Current and Future Perspectives<\/a><\/li><li><a class=\"reference-link\" href=\"https:\/\/pubmed.ncbi.nlm.nih.gov\/26092515\/\" target=\"_blank\" rel=\"noopener\">Phytopharmaceutical treatment of anxiety, depression, and dementia in the elderly: evidence from randomized, controlled clinical trials<\/a><\/li><\/ul>\t\t\t\t\t\t\t\t<\/div>\n\t\t\t\t<\/div>\n\t\t\t\t\t<\/div>\n\t\t<\/div>\n\t\t\t\t\t<\/div>\n\t\t<\/section>\n\t\t\t\t<\/div>","protected":false},"excerpt":{"rendered":"<p>Lavender Lavandula angustifolia &#8211; Lamiaceae Lavender is a perennial, herbaceous plant. The tree is branched, the leaves are simple, linear, covered with mechanical hairs, gray-green in color. The flowers are collected in dichasium, all parts of the flower are covered with glandular scales. The fruit is a mericarp, composed of four nutlets. It is widespread &hellip;<\/p>\n<p class=\"read-more\"> <a class=\"\" href=\"https:\/\/www.alivitpharm.com\/pt\/lavender\/\"> <span class=\"screen-reader-text\">Lavanda<\/span> Read More &raquo;<\/a><\/p>","protected":false},"author":9,"featured_media":0,"parent":0,"menu_order":0,"comment_status":"closed","ping_status":"closed","template":"","meta":{"site-sidebar-layout":"no-sidebar","site-content-layout":"page-builder","ast-global-header-display":"","ast-main-header-display":"","ast-hfb-above-header-display":"","ast-hfb-below-header-display":"","ast-hfb-mobile-header-display":"","site-post-title":"disabled","ast-breadcrumbs-content":"","ast-featured-img":"disabled","footer-sml-layout":"","theme-transparent-header-meta":"","adv-header-id-meta":"","stick-header-meta":"","header-above-stick-meta":"","header-main-stick-meta":"","header-below-stick-meta":"","footnotes":""},"class_list":["post-8465","page","type-page","status-publish","hentry"],"_links":{"self":[{"href":"https:\/\/www.alivitpharm.com\/pt\/wp-json\/wp\/v2\/pages\/8465","targetHints":{"allow":["GET"]}}],"collection":[{"href":"https:\/\/www.alivitpharm.com\/pt\/wp-json\/wp\/v2\/pages"}],"about":[{"href":"https:\/\/www.alivitpharm.com\/pt\/wp-json\/wp\/v2\/types\/page"}],"author":[{"embeddable":true,"href":"https:\/\/www.alivitpharm.com\/pt\/wp-json\/wp\/v2\/users\/9"}],"replies":[{"embeddable":true,"href":"https:\/\/www.alivitpharm.com\/pt\/wp-json\/wp\/v2\/comments?post=8465"}],"version-history":[{"count":0,"href":"https:\/\/www.alivitpharm.com\/pt\/wp-json\/wp\/v2\/pages\/8465\/revisions"}],"wp:attachment":[{"href":"https:\/\/www.alivitpharm.com\/pt\/wp-json\/wp\/v2\/media?parent=8465"}],"curies":[{"name":"wp","href":"https:\/\/api.w.org\/{rel}","templated":true}]}}