{"id":8491,"date":"2023-02-20T12:43:31","date_gmt":"2023-02-20T10:43:31","guid":{"rendered":"https:\/\/www.alivitpharm.com\/?page_id=8491"},"modified":"2023-05-18T08:44:01","modified_gmt":"2023-05-18T06:44:01","slug":"green-tea","status":"publish","type":"page","link":"https:\/\/www.alivitpharm.com\/pt\/green-tea\/","title":{"rendered":"Ch\u00e1 verde"},"content":{"rendered":"<div data-elementor-type=\"wp-page\" data-elementor-id=\"8491\" class=\"elementor elementor-8491\">\n\t\t\t\t\t\t<section class=\"elementor-section elementor-top-section elementor-element elementor-element-0fae71d elementor-section-content-middle elementor-section-boxed elementor-section-height-default elementor-section-height-default\" data-id=\"0fae71d\" data-element_type=\"section\" data-e-type=\"section\" data-settings=\"{&quot;background_background&quot;:&quot;classic&quot;}\">\n\t\t\t\t\t\t\t<div class=\"elementor-background-overlay\"><\/div>\n\t\t\t\t\t\t\t<div class=\"elementor-container elementor-column-gap-default\">\n\t\t\t\t\t<div class=\"elementor-column elementor-col-100 elementor-top-column elementor-element elementor-element-00a75b2\" data-id=\"00a75b2\" data-element_type=\"column\" data-e-type=\"column\">\n\t\t\t<div class=\"elementor-widget-wrap elementor-element-populated\">\n\t\t\t\t\t\t<div class=\"elementor-element elementor-element-4ee1808 elementor-widget elementor-widget-heading\" data-id=\"4ee1808\" data-element_type=\"widget\" data-e-type=\"widget\" data-widget_type=\"heading.default\">\n\t\t\t\t<div class=\"elementor-widget-container\">\n\t\t\t\t\t<h1 class=\"elementor-heading-title elementor-size-default\">Ch\u00e1 verde<\/h1>\t\t\t\t<\/div>\n\t\t\t\t<\/div>\n\t\t\t\t<div class=\"elementor-element elementor-element-79518a6 elementor-widget elementor-widget-image\" data-id=\"79518a6\" data-element_type=\"widget\" data-e-type=\"widget\" data-widget_type=\"image.default\">\n\t\t\t\t<div class=\"elementor-widget-container\">\n\t\t\t\t\t\t\t\t\t\t\t\t\t\t\t<img decoding=\"async\" width=\"75\" height=\"33\" src=\"https:\/\/www.alivitpharm.com\/wp-content\/uploads\/2019\/07\/logo-leaf-new.png\" class=\"attachment-large size-large wp-image-2518\" alt=\"\" \/>\t\t\t\t\t\t\t\t\t\t\t\t\t\t\t<\/div>\n\t\t\t\t<\/div>\n\t\t\t\t<div class=\"elementor-element elementor-element-f17cb18 elementor-widget elementor-widget-text-editor\" data-id=\"f17cb18\" data-element_type=\"widget\" data-e-type=\"widget\" data-widget_type=\"text-editor.default\">\n\t\t\t\t<div class=\"elementor-widget-container\">\n\t\t\t\t\t\t\t\t\t<p><em>Thea sinensis, L. &#8211; Theaceae<\/em><\/p>\t\t\t\t\t\t\t\t<\/div>\n\t\t\t\t<\/div>\n\t\t\t\t\t<\/div>\n\t\t<\/div>\n\t\t\t\t\t<\/div>\n\t\t<\/section>\n\t\t\t\t<section class=\"elementor-section elementor-top-section elementor-element elementor-element-c5c076a elementor-section-boxed elementor-section-height-default elementor-section-height-default\" data-id=\"c5c076a\" data-element_type=\"section\" data-e-type=\"section\" data-settings=\"{&quot;background_background&quot;:&quot;classic&quot;}\">\n\t\t\t\t\t\t<div class=\"elementor-container elementor-column-gap-default\">\n\t\t\t\t\t<div class=\"elementor-column elementor-col-100 elementor-top-column elementor-element elementor-element-dff8061\" data-id=\"dff8061\" data-element_type=\"column\" data-e-type=\"column\">\n\t\t\t<div class=\"elementor-widget-wrap elementor-element-populated\">\n\t\t\t\t\t\t<div class=\"elementor-element elementor-element-fb0c07c elementor-widget elementor-widget-image\" data-id=\"fb0c07c\" data-element_type=\"widget\" data-e-type=\"widget\" data-widget_type=\"image.default\">\n\t\t\t\t<div class=\"elementor-widget-container\">\n\t\t\t\t\t\t\t\t\t\t\t\t\t\t\t<img decoding=\"async\" src=\"https:\/\/www.alivitpharm.com\/wp-content\/uploads\/2023\/02\/green-tea.png\" title=\"green-tea\" alt=\"Ch\u00e1 verde\" loading=\"lazy\" \/>\t\t\t\t\t\t\t\t\t\t\t\t\t\t\t<\/div>\n\t\t\t\t<\/div>\n\t\t\t\t<div class=\"elementor-element elementor-element-1e85b87 elementor-widget elementor-widget-text-editor\" data-id=\"1e85b87\" data-element_type=\"widget\" data-e-type=\"widget\" data-widget_type=\"text-editor.default\">\n\t\t\t\t<div class=\"elementor-widget-container\">\n\t\t\t\t\t\t\t\t\t<p><span class=\"jCAhz ChMk0b\"><span class=\"ryNqvb\">A planta \u00e9 um arbusto alto, com folhas cori\u00e1ceas, el\u00edpticas e dispostas de forma oposta.<\/span><\/span> <span class=\"jCAhz ChMk0b\"><span class=\"ryNqvb\">No ciclo axilar das folhas desenvolvem-se algumas flores brancas.<\/span><\/span> <span class=\"jCAhz ChMk0b\"><span class=\"ryNqvb\">O fruto \u00e9 uma c\u00e1psula com tr\u00eas sementes.<\/span><\/span> <span class=\"jCAhz ChMk0b\"><span class=\"ryNqvb\">O ch\u00e1 verde cresce naturalmente em regi\u00f5es montanhosas e h\u00famidas da China, mas atualmente esta planta \u00e9 cultivada em regi\u00f5es tropicais e subtropicais da \u00c1sia, Europa e \u00c1frica.<\/span><\/span> <span class=\"jCAhz ChMk0b\"><span class=\"ryNqvb\">A parte medicinal da planta \u00e9 a folha seca.<\/span><\/span><\/p><p><span class=\"jCAhz ChMk0b\"><span class=\"ryNqvb\">A folha do ch\u00e1 verde cont\u00e9m 2-4% de cafe\u00edna e pequenas quantidades de outros derivados pur\u00ednicos.<\/span><\/span> <span class=\"jCAhz ChMk0b\"><span class=\"ryNqvb\">Al\u00e9m da cafe\u00edna, a planta cont\u00e9m diversos compostos polifen\u00f3licos, incluindo \u00e1cidos fen\u00f3licos (\u00e1cido f\u00f3rmico, \u00e1cido cafeico e \u00e1cido g\u00e1lico), galotaninos e flavonoides (O- e C-heteros\u00eddeos de flavon\u00f3is), assim como compostos do tipo flavona, tais (taninos catequ\u00ednicos<\/span><\/span> <span class=\"jCAhz ChMk0b\"><span class=\"ryNqvb\">, proantocianidinas, epicatequina-galato).<\/span><\/span> <span class=\"jCAhz ChMk0b\"><span class=\"ryNqvb\">As folhas cont\u00eam ainda heteros\u00eddeos de \u00e1lcoois terp\u00e9nicos arom\u00e1ticos e alif\u00e1ticos, que contribuem para o aroma caracter\u00edstico do ch\u00e1.<\/span><\/span> <span class=\"jCAhz ChMk0b\"><span class=\"ryNqvb\">As folhas n\u00e3o secas apresentam tamb\u00e9m um alto teor de prote\u00ednas, a\u00e7\u00facares, vitamina C e vitaminas do complexo B.<\/span><\/span><\/p>\t\t\t\t\t\t\t\t<\/div>\n\t\t\t\t<\/div>\n\t\t\t\t<div class=\"elementor-element elementor-element-bcbc36b elementor-widget elementor-widget-image\" data-id=\"bcbc36b\" data-element_type=\"widget\" data-e-type=\"widget\" data-widget_type=\"image.default\">\n\t\t\t\t<div class=\"elementor-widget-container\">\n\t\t\t\t\t\t\t\t\t\t\t\t\t\t\t<img decoding=\"async\" src=\"https:\/\/www.alivitpharm.com\/wp-content\/uploads\/2022\/09\/leaves.png\" title=\"leaves\" alt=\"Leaves\" loading=\"lazy\" \/>\t\t\t\t\t\t\t\t\t\t\t\t\t\t\t<\/div>\n\t\t\t\t<\/div>\n\t\t\t\t<div class=\"elementor-element elementor-element-89fff45 elementor-widget elementor-widget-text-editor\" data-id=\"89fff45\" data-element_type=\"widget\" data-e-type=\"widget\" data-widget_type=\"text-editor.default\">\n\t\t\t\t<div class=\"elementor-widget-container\">\n\t\t\t\t\t\t\t\t\t<p><span class=\"jCAhz ChMk0b\"><span class=\"ryNqvb\">O ch\u00e1 verde \u00e9 amplamente consumido como bebida no dia a dia.<\/span><\/span> <span class=\"jCAhz ChMk0b\"><span class=\"ryNqvb\">Muitos estudos demonstraram que o ch\u00e1 verde tem efeitos ben\u00e9ficos na circula\u00e7\u00e3o coron\u00e1ria (efeito angioprotetor).<\/span><\/span> <span class=\"jCAhz ChMk0b\"><span class=\"ryNqvb\">Al\u00e9m disso, esta planta apresenta um elevado potencial antioxidante, ligando os radicais livres de oxig\u00e9nio e inibindo a peroxida\u00e7\u00e3o lip\u00eddica.<\/span><\/span> <span class=\"jCAhz ChMk0b\"><span class=\"ryNqvb\">Devido \u00e0s suas propriedades antioxidantes, o ch\u00e1 verde tamb\u00e9m apresenta efeitos antimutag\u00e9nicos e antitumorais.<\/span><\/span> <span class=\"jCAhz ChMk0b\"><span class=\"ryNqvb\">Acredita-se que o ch\u00e1 verde tem a capacidade de ligar o colesterol e inibir a sua absor\u00e7\u00e3o no trato gastrointestinal, embora isso ainda n\u00e3o tenha sido completamente confirmado.<\/span><\/span> <span class=\"jCAhz ChMk0b\"><span class=\"ryNqvb\">A Farmacopeia Francesa recomenda o uso do ch\u00e1 verde em casos de diarreia leve, para perda de peso e como diur\u00e9tico suave (subst\u00e2ncia que ajuda na elimina\u00e7\u00e3o de l\u00edquidos do organismo).<\/span><\/span><\/p><p><span class=\"jCAhz ChMk0b\"><span class=\"ryNqvb\">Os dist\u00farbios neurol\u00f3gicos representam um grande problema socioecon\u00f3mico em todo o mundo.<\/span><\/span> <span class=\"jCAhz ChMk0b\"><span class=\"ryNqvb\">Estes dist\u00farbios t\u00eam sido amplamente estudados nas \u00faltimas d\u00e9cadas, na esperan\u00e7a de desenvolver terapias eficazes.<\/span><\/span> <span class=\"jCAhz ChMk0b\"><span class=\"ryNqvb\">O ch\u00e1 \u00e9 uma das bebidas mais populares no mundo, e o ch\u00e1 verde <em>(Camellia Sinensis)<\/em> \u00e9 o mais estudado devido ao seu vasto potencial para a sa\u00fade.<\/span><\/span> <span class=\"jCAhz ChMk0b\"><span class=\"ryNqvb\">Muitos estudos cient\u00edficos demonstraram que os polifen\u00f3is presentes nas folhas de ch\u00e1 verde t\u00eam efeito neuroprotetor, sendo utilizados na preven\u00e7\u00e3o ou como coadjuvante no tratamento de doen\u00e7as neurodegenerativas, como a doen\u00e7a de Alzheimer e a doen\u00e7a de Parkinson.<\/span><\/span> <span class=\"jCAhz ChMk0b\"><span class=\"ryNqvb\">Os catequinas tamb\u00e9m s\u00e3o eficazes na luta contra estas doen\u00e7as devido \u00e0s suas propriedades antioxidantes e anti-inflamat\u00f3rias.<\/span><\/span><\/p><p><span class=\"jCAhz ChMk0b\"><span class=\"ryNqvb\">Numerosos estudos continuam a investigar os efeitos do ch\u00e1 verde, e os resultados indicam que esta planta possui benef\u00edcios em doen\u00e7as como o cancro, obesidade, diabetes mellitus, bem como em v\u00e1rios dist\u00farbios neurol\u00f3gicos, incluindo disfun\u00e7\u00f5es cognitivas e perda de mem\u00f3ria.<\/span><\/span><\/p>\t\t\t\t\t\t\t\t<\/div>\n\t\t\t\t<\/div>\n\t\t\t\t<div class=\"elementor-element elementor-element-bf3d2f1 elementor-widget elementor-widget-heading\" data-id=\"bf3d2f1\" data-element_type=\"widget\" data-e-type=\"widget\" data-widget_type=\"heading.default\">\n\t\t\t\t<div class=\"elementor-widget-container\">\n\t\t\t\t\t<h4 class=\"elementor-heading-title elementor-size-default\">Refer\u00eancias<\/h4>\t\t\t\t<\/div>\n\t\t\t\t<\/div>\n\t\t\t\t<div class=\"elementor-element elementor-element-129a3a4 elementor-widget elementor-widget-text-editor\" data-id=\"129a3a4\" data-element_type=\"widget\" data-e-type=\"widget\" data-widget_type=\"text-editor.default\">\n\t\t\t\t<div class=\"elementor-widget-container\">\n\t\t\t\t\t\t\t\t\t<ul><li><a class=\"reference-link\" href=\"https:\/\/pubmed.ncbi.nlm.nih.gov\/20364607\/\" target=\"_blank\" rel=\"noopener\">Review on the neuroprotective effects of green tea polyphenols for the treatment of neurodegenerative diseases<\/a><\/li><li><a class=\"reference-link\" href=\"https:\/\/pubmed.ncbi.nlm.nih.gov\/29468975\/\" target=\"_blank\" rel=\"noopener\">The Protective Effects of Green Tea Catechins in the Management of Neurodegenerative Diseases: A Review<\/a><\/li><li><a class=\"reference-link\" href=\"https:\/\/pubmed.ncbi.nlm.nih.gov\/29843466\/\" target=\"_blank\" rel=\"noopener\">Beneficial Effects of Green Tea Catechins on Neurodegenerative Diseases<\/a><\/li><li><a class=\"reference-link\" href=\"https:\/\/pubmed.ncbi.nlm.nih.gov\/36364431\/\" target=\"_blank\" rel=\"noopener\">Green Tea Catechins Attenuate Neurodegenerative Diseases and Cognitive Deficits<\/a><\/li><\/ul>\t\t\t\t\t\t\t\t<\/div>\n\t\t\t\t<\/div>\n\t\t\t\t\t<\/div>\n\t\t<\/div>\n\t\t\t\t\t<\/div>\n\t\t<\/section>\n\t\t\t\t<\/div>","protected":false},"excerpt":{"rendered":"<p>Green Tea Thea sinensis, L. &#8211; Theaceae The plant is a tall bush, the leaves are leathery, elliptical, oppositely arranged. There are several white flowers in the axils of the leaves. The fruit is a capsule with three seeds. Green tea grows in the hilly, humid regions of China, and today this plant is cultivated &hellip;<\/p>\n<p class=\"read-more\"> <a class=\"\" href=\"https:\/\/www.alivitpharm.com\/pt\/green-tea\/\"> <span class=\"screen-reader-text\">Ch\u00e1 verde<\/span> Read More &raquo;<\/a><\/p>","protected":false},"author":9,"featured_media":0,"parent":0,"menu_order":0,"comment_status":"closed","ping_status":"closed","template":"","meta":{"site-sidebar-layout":"no-sidebar","site-content-layout":"page-builder","ast-global-header-display":"","ast-main-header-display":"","ast-hfb-above-header-display":"","ast-hfb-below-header-display":"","ast-hfb-mobile-header-display":"","site-post-title":"disabled","ast-breadcrumbs-content":"","ast-featured-img":"disabled","footer-sml-layout":"","theme-transparent-header-meta":"","adv-header-id-meta":"","stick-header-meta":"","header-above-stick-meta":"","header-main-stick-meta":"","header-below-stick-meta":"","footnotes":""},"class_list":["post-8491","page","type-page","status-publish","hentry"],"_links":{"self":[{"href":"https:\/\/www.alivitpharm.com\/pt\/wp-json\/wp\/v2\/pages\/8491","targetHints":{"allow":["GET"]}}],"collection":[{"href":"https:\/\/www.alivitpharm.com\/pt\/wp-json\/wp\/v2\/pages"}],"about":[{"href":"https:\/\/www.alivitpharm.com\/pt\/wp-json\/wp\/v2\/types\/page"}],"author":[{"embeddable":true,"href":"https:\/\/www.alivitpharm.com\/pt\/wp-json\/wp\/v2\/users\/9"}],"replies":[{"embeddable":true,"href":"https:\/\/www.alivitpharm.com\/pt\/wp-json\/wp\/v2\/comments?post=8491"}],"version-history":[{"count":0,"href":"https:\/\/www.alivitpharm.com\/pt\/wp-json\/wp\/v2\/pages\/8491\/revisions"}],"wp:attachment":[{"href":"https:\/\/www.alivitpharm.com\/pt\/wp-json\/wp\/v2\/media?parent=8491"}],"curies":[{"name":"wp","href":"https:\/\/api.w.org\/{rel}","templated":true}]}}